{"id":9684,"date":"2025-10-21T22:55:41","date_gmt":"2025-10-21T20:55:41","guid":{"rendered":"https:\/\/sandrovanini.ch\/?post_type=product&#038;p=9684"},"modified":"2026-04-24T16:38:53","modified_gmt":"2026-04-24T14:38:53","slug":"marrons-confits-les-assortis","status":"publish","type":"product","link":"https:\/\/sandrovanini.ch\/fr\/produit\/marrons-confits-les-assortis\/","title":{"rendered":"Marrons Confits Les Assortis"},"content":{"rendered":"<p data-start=\"1379\" data-end=\"1935\"><strong data-start=\"1379\" data-end=\"1411\">Marrons Confits Les Assortis<\/strong> repr\u00e9sentent l\u2019\u00e9l\u00e9gance et la vari\u00e9t\u00e9 dans un coffret raffin\u00e9. Cette d\u00e9licieuse s\u00e9lection comprend deux pi\u00e8ces de chacune des trois sp\u00e9cialit\u00e9s : <em data-start=\"1558\" data-end=\"1585\">Marrons Confits Non Glac\u00e9<\/em>, <em data-start=\"1587\" data-end=\"1609\">Marrons Confits Caf\u00e9<\/em> et <em data-start=\"1613\" data-end=\"1639\">Marrons Confits Chocolat<\/em>. Chaque marron est d\u00e9licatement confit afin de pr\u00e9server sa tendresse naturelle et sa douceur authentique, tandis que les diff\u00e9rentes variantes offrent une harmonie de saveurs allant de la puret\u00e9 du marron classique, aux notes aromatiques du caf\u00e9, jusqu\u2019\u00e0 la richesse enveloppante du chocolat.<\/p>\n<p data-start=\"1937\" data-end=\"2155\">Parfaits comme cadeau gourmand ou pour s\u2019offrir un moment de pur plaisir, les <em data-start=\"2015\" data-end=\"2045\">Marrons Confits Les Assortis<\/em> offrent une exp\u00e9rience gustative raffin\u00e9e et compl\u00e8te, capable de satisfaire les palais les plus exigeants.<\/p>\n<p data-start=\"2157\" data-end=\"2443\"><strong data-start=\"2157\" data-end=\"2174\">Ingr\u00e9dients :<\/strong> marrons (Turquie), sucre, sirop de glucose, agent humectant : sorbitol, eau, chocolat noir (sucre, p\u00e2te de cacao, beurre de cacao, \u00e9mulsifiant : l\u00e9cithine de SOJA, ar\u00f4me naturel), conservateur : sorbate de potassium, ar\u00f4me naturel de caf\u00e9 (0,07%), ar\u00f4mes de marrons.<\/p>\n<p data-start=\"2445\" data-end=\"2566\">Pour toute information compl\u00e9mentaire sur les produits et les allerg\u00e8nes, contactez-nous \u00e0 : <strong data-start=\"2538\" data-end=\"2564\"><a class=\"decorated-link cursor-pointer\" rel=\"noopener\" data-start=\"2540\" data-end=\"2562\">vanini@sandrovanini.ch<\/a><\/strong><\/p>\n","protected":false},"excerpt":{"rendered":"<p>Marrons Confits Les Assortis repr\u00e9sentent l\u2019\u00e9l\u00e9gance et la vari\u00e9t\u00e9 dans un coffret raffin\u00e9. Cette d\u00e9licieuse s\u00e9lection comprend deux pi\u00e8ces de chacune des trois&#8230;<\/p>\n","protected":false},"featured_media":9681,"comment_status":"closed","ping_status":"closed","template":"","meta":{"_acf_changed":false},"product_brand":[],"product_cat":[123],"product_tag":[],"class_list":{"0":"post-9684","1":"product","2":"type-product","3":"status-publish","4":"has-post-thumbnail","6":"product_cat-produits-a-base-de-chataignes","8":"first","9":"instock","10":"taxable","11":"shipping-taxable","12":"purchasable","13":"product-type-simple"},"acf":[],"yoast_head":"<!-- This site is optimized with the Yoast SEO plugin v27.3 - https:\/\/yoast.com\/product\/yoast-seo-wordpress\/ -->\n<title>Marrons Confits Les Assortis - Sandro Vanini SA<\/title>\n<meta name=\"robots\" content=\"index, follow, max-snippet:-1, max-image-preview:large, max-video-preview:-1\" \/>\n<link rel=\"canonical\" href=\"https:\/\/sandrovanini.ch\/fr\/produit\/marrons-confits-les-assortis\/\" \/>\n<meta property=\"og:locale\" content=\"fr_FR\" \/>\n<meta property=\"og:type\" content=\"article\" \/>\n<meta property=\"og:title\" content=\"Marrons Confits Les Assortis - Sandro Vanini SA\" \/>\n<meta property=\"og:description\" content=\"Marrons Confits Les Assortis repr\u00e9sentent l\u2019\u00e9l\u00e9gance et la vari\u00e9t\u00e9 dans un coffret raffin\u00e9. Cette d\u00e9licieuse s\u00e9lection comprend deux pi\u00e8ces de chacune des trois...\" \/>\n<meta property=\"og:url\" content=\"https:\/\/sandrovanini.ch\/fr\/produit\/marrons-confits-les-assortis\/\" \/>\n<meta property=\"og:site_name\" content=\"Sandro Vanini SA\" \/>\n<meta property=\"article:modified_time\" content=\"2026-04-24T14:38:53+00:00\" \/>\n<meta property=\"og:image\" content=\"https:\/\/sandrovanini.ch\/vaniniwpsite\/wp-content\/uploads\/Screenshot-2025-10-21-224227.png\" \/>\n\t<meta property=\"og:image:width\" content=\"834\" \/>\n\t<meta property=\"og:image:height\" content=\"922\" \/>\n\t<meta property=\"og:image:type\" content=\"image\/png\" \/>\n<meta name=\"twitter:card\" content=\"summary_large_image\" \/>\n<meta name=\"twitter:label1\" content=\"Dur\u00e9e de lecture estim\u00e9e\" \/>\n\t<meta name=\"twitter:data1\" content=\"1 minute\" \/>\n<script type=\"application\/ld+json\" class=\"yoast-schema-graph\">{\"@context\":\"https:\\\/\\\/schema.org\",\"@graph\":[{\"@type\":\"WebPage\",\"@id\":\"https:\\\/\\\/sandrovanini.ch\\\/fr\\\/produit\\\/marrons-confits-les-assortis\\\/\",\"url\":\"https:\\\/\\\/sandrovanini.ch\\\/fr\\\/produit\\\/marrons-confits-les-assortis\\\/\",\"name\":\"Marrons Confits Les Assortis - Sandro Vanini SA\",\"isPartOf\":{\"@id\":\"https:\\\/\\\/sandrovanini.ch\\\/#website\"},\"primaryImageOfPage\":{\"@id\":\"https:\\\/\\\/sandrovanini.ch\\\/fr\\\/produit\\\/marrons-confits-les-assortis\\\/#primaryimage\"},\"image\":{\"@id\":\"https:\\\/\\\/sandrovanini.ch\\\/fr\\\/produit\\\/marrons-confits-les-assortis\\\/#primaryimage\"},\"thumbnailUrl\":\"https:\\\/\\\/sandrovanini.ch\\\/vaniniwpsite\\\/wp-content\\\/uploads\\\/Screenshot-2025-10-21-224227.png\",\"datePublished\":\"2025-10-21T20:55:41+00:00\",\"dateModified\":\"2026-04-24T14:38:53+00:00\",\"breadcrumb\":{\"@id\":\"https:\\\/\\\/sandrovanini.ch\\\/fr\\\/produit\\\/marrons-confits-les-assortis\\\/#breadcrumb\"},\"inLanguage\":\"fr-FR\",\"potentialAction\":[{\"@type\":\"ReadAction\",\"target\":[\"https:\\\/\\\/sandrovanini.ch\\\/fr\\\/produit\\\/marrons-confits-les-assortis\\\/\"]}]},{\"@type\":\"ImageObject\",\"inLanguage\":\"fr-FR\",\"@id\":\"https:\\\/\\\/sandrovanini.ch\\\/fr\\\/produit\\\/marrons-confits-les-assortis\\\/#primaryimage\",\"url\":\"https:\\\/\\\/sandrovanini.ch\\\/vaniniwpsite\\\/wp-content\\\/uploads\\\/Screenshot-2025-10-21-224227.png\",\"contentUrl\":\"https:\\\/\\\/sandrovanini.ch\\\/vaniniwpsite\\\/wp-content\\\/uploads\\\/Screenshot-2025-10-21-224227.png\",\"width\":834,\"height\":922},{\"@type\":\"BreadcrumbList\",\"@id\":\"https:\\\/\\\/sandrovanini.ch\\\/fr\\\/produit\\\/marrons-confits-les-assortis\\\/#breadcrumb\",\"itemListElement\":[{\"@type\":\"ListItem\",\"position\":1,\"name\":\"Home\",\"item\":\"https:\\\/\\\/sandrovanini.ch\\\/fr\\\/\"},{\"@type\":\"ListItem\",\"position\":2,\"name\":\"Prodotti\",\"item\":\"https:\\\/\\\/sandrovanini.ch\\\/shop\\\/\"},{\"@type\":\"ListItem\",\"position\":3,\"name\":\"Marrons Confits Les Assortis\"}]},{\"@type\":\"WebSite\",\"@id\":\"https:\\\/\\\/sandrovanini.ch\\\/#website\",\"url\":\"https:\\\/\\\/sandrovanini.ch\\\/\",\"name\":\"Sandro Vanini SA\",\"description\":\"Delizie da vivere\",\"publisher\":{\"@id\":\"https:\\\/\\\/sandrovanini.ch\\\/#organization\"},\"potentialAction\":[{\"@type\":\"SearchAction\",\"target\":{\"@type\":\"EntryPoint\",\"urlTemplate\":\"https:\\\/\\\/sandrovanini.ch\\\/?s={search_term_string}\"},\"query-input\":{\"@type\":\"PropertyValueSpecification\",\"valueRequired\":true,\"valueName\":\"search_term_string\"}}],\"inLanguage\":\"fr-FR\"},{\"@type\":\"Organization\",\"@id\":\"https:\\\/\\\/sandrovanini.ch\\\/#organization\",\"name\":\"Sandro Vanini SA\",\"url\":\"https:\\\/\\\/sandrovanini.ch\\\/\",\"logo\":{\"@type\":\"ImageObject\",\"inLanguage\":\"fr-FR\",\"@id\":\"https:\\\/\\\/sandrovanini.ch\\\/#\\\/schema\\\/logo\\\/image\\\/\",\"url\":\"https:\\\/\\\/sandrovanini.ch\\\/vaniniwpsite\\\/wp-content\\\/uploads\\\/SANDRO-VANINI-LOGO-2021.png\",\"contentUrl\":\"https:\\\/\\\/sandrovanini.ch\\\/vaniniwpsite\\\/wp-content\\\/uploads\\\/SANDRO-VANINI-LOGO-2021.png\",\"width\":300,\"height\":129,\"caption\":\"Sandro Vanini SA\"},\"image\":{\"@id\":\"https:\\\/\\\/sandrovanini.ch\\\/#\\\/schema\\\/logo\\\/image\\\/\"}}]}<\/script>\n<!-- \/ Yoast SEO plugin. -->","yoast_head_json":{"title":"Marrons Confits Les Assortis - Sandro Vanini SA","robots":{"index":"index","follow":"follow","max-snippet":"max-snippet:-1","max-image-preview":"max-image-preview:large","max-video-preview":"max-video-preview:-1"},"canonical":"https:\/\/sandrovanini.ch\/fr\/produit\/marrons-confits-les-assortis\/","og_locale":"fr_FR","og_type":"article","og_title":"Marrons Confits Les Assortis - Sandro Vanini SA","og_description":"Marrons Confits Les Assortis repr\u00e9sentent l\u2019\u00e9l\u00e9gance et la vari\u00e9t\u00e9 dans un coffret raffin\u00e9. Cette d\u00e9licieuse s\u00e9lection comprend deux pi\u00e8ces de chacune des trois...","og_url":"https:\/\/sandrovanini.ch\/fr\/produit\/marrons-confits-les-assortis\/","og_site_name":"Sandro Vanini SA","article_modified_time":"2026-04-24T14:38:53+00:00","og_image":[{"width":834,"height":922,"url":"https:\/\/sandrovanini.ch\/vaniniwpsite\/wp-content\/uploads\/Screenshot-2025-10-21-224227.png","type":"image\/png"}],"twitter_card":"summary_large_image","twitter_misc":{"Dur\u00e9e de lecture estim\u00e9e":"1 minute"},"schema":{"@context":"https:\/\/schema.org","@graph":[{"@type":"WebPage","@id":"https:\/\/sandrovanini.ch\/fr\/produit\/marrons-confits-les-assortis\/","url":"https:\/\/sandrovanini.ch\/fr\/produit\/marrons-confits-les-assortis\/","name":"Marrons Confits Les Assortis - Sandro Vanini SA","isPartOf":{"@id":"https:\/\/sandrovanini.ch\/#website"},"primaryImageOfPage":{"@id":"https:\/\/sandrovanini.ch\/fr\/produit\/marrons-confits-les-assortis\/#primaryimage"},"image":{"@id":"https:\/\/sandrovanini.ch\/fr\/produit\/marrons-confits-les-assortis\/#primaryimage"},"thumbnailUrl":"https:\/\/sandrovanini.ch\/vaniniwpsite\/wp-content\/uploads\/Screenshot-2025-10-21-224227.png","datePublished":"2025-10-21T20:55:41+00:00","dateModified":"2026-04-24T14:38:53+00:00","breadcrumb":{"@id":"https:\/\/sandrovanini.ch\/fr\/produit\/marrons-confits-les-assortis\/#breadcrumb"},"inLanguage":"fr-FR","potentialAction":[{"@type":"ReadAction","target":["https:\/\/sandrovanini.ch\/fr\/produit\/marrons-confits-les-assortis\/"]}]},{"@type":"ImageObject","inLanguage":"fr-FR","@id":"https:\/\/sandrovanini.ch\/fr\/produit\/marrons-confits-les-assortis\/#primaryimage","url":"https:\/\/sandrovanini.ch\/vaniniwpsite\/wp-content\/uploads\/Screenshot-2025-10-21-224227.png","contentUrl":"https:\/\/sandrovanini.ch\/vaniniwpsite\/wp-content\/uploads\/Screenshot-2025-10-21-224227.png","width":834,"height":922},{"@type":"BreadcrumbList","@id":"https:\/\/sandrovanini.ch\/fr\/produit\/marrons-confits-les-assortis\/#breadcrumb","itemListElement":[{"@type":"ListItem","position":1,"name":"Home","item":"https:\/\/sandrovanini.ch\/fr\/"},{"@type":"ListItem","position":2,"name":"Prodotti","item":"https:\/\/sandrovanini.ch\/shop\/"},{"@type":"ListItem","position":3,"name":"Marrons Confits Les Assortis"}]},{"@type":"WebSite","@id":"https:\/\/sandrovanini.ch\/#website","url":"https:\/\/sandrovanini.ch\/","name":"Sandro Vanini SA","description":"Delizie da vivere","publisher":{"@id":"https:\/\/sandrovanini.ch\/#organization"},"potentialAction":[{"@type":"SearchAction","target":{"@type":"EntryPoint","urlTemplate":"https:\/\/sandrovanini.ch\/?s={search_term_string}"},"query-input":{"@type":"PropertyValueSpecification","valueRequired":true,"valueName":"search_term_string"}}],"inLanguage":"fr-FR"},{"@type":"Organization","@id":"https:\/\/sandrovanini.ch\/#organization","name":"Sandro Vanini SA","url":"https:\/\/sandrovanini.ch\/","logo":{"@type":"ImageObject","inLanguage":"fr-FR","@id":"https:\/\/sandrovanini.ch\/#\/schema\/logo\/image\/","url":"https:\/\/sandrovanini.ch\/vaniniwpsite\/wp-content\/uploads\/SANDRO-VANINI-LOGO-2021.png","contentUrl":"https:\/\/sandrovanini.ch\/vaniniwpsite\/wp-content\/uploads\/SANDRO-VANINI-LOGO-2021.png","width":300,"height":129,"caption":"Sandro Vanini SA"},"image":{"@id":"https:\/\/sandrovanini.ch\/#\/schema\/logo\/image\/"}}]}},"_links":{"self":[{"href":"https:\/\/sandrovanini.ch\/fr\/wp-json\/wp\/v2\/product\/9684","targetHints":{"allow":["GET"]}}],"collection":[{"href":"https:\/\/sandrovanini.ch\/fr\/wp-json\/wp\/v2\/product"}],"about":[{"href":"https:\/\/sandrovanini.ch\/fr\/wp-json\/wp\/v2\/types\/product"}],"replies":[{"embeddable":true,"href":"https:\/\/sandrovanini.ch\/fr\/wp-json\/wp\/v2\/comments?post=9684"}],"wp:featuredmedia":[{"embeddable":true,"href":"https:\/\/sandrovanini.ch\/fr\/wp-json\/wp\/v2\/media\/9681"}],"wp:attachment":[{"href":"https:\/\/sandrovanini.ch\/fr\/wp-json\/wp\/v2\/media?parent=9684"}],"wp:term":[{"taxonomy":"product_brand","embeddable":true,"href":"https:\/\/sandrovanini.ch\/fr\/wp-json\/wp\/v2\/product_brand?post=9684"},{"taxonomy":"product_cat","embeddable":true,"href":"https:\/\/sandrovanini.ch\/fr\/wp-json\/wp\/v2\/product_cat?post=9684"},{"taxonomy":"product_tag","embeddable":true,"href":"https:\/\/sandrovanini.ch\/fr\/wp-json\/wp\/v2\/product_tag?post=9684"}],"curies":[{"name":"wp","href":"https:\/\/api.w.org\/{rel}","templated":true}]}}