{"id":8486,"date":"2024-12-03T01:02:07","date_gmt":"2024-12-03T00:02:07","guid":{"rendered":"https:\/\/sandrovanini.ch\/?post_type=product&#038;p=8486"},"modified":"2025-01-14T16:07:00","modified_gmt":"2025-01-14T15:07:00","slug":"panettone-artigianale-con-marroni-canditi-del-ticino","status":"publish","type":"product","link":"https:\/\/sandrovanini.ch\/fr\/produit\/panettone-artigianale-con-marroni-canditi-del-ticino\/","title":{"rendered":"Panettone Artisanal aux Marrons Glac\u00e9s du Tessin"},"content":{"rendered":"<p style=\"text-align: justify;\">Le panettone artisanal aux marrons glac\u00e9s du Tessin est un dessert qui incarne la tradition et la qualit\u00e9 de notre r\u00e9gion. \u00c9labor\u00e9 avec soin par la Confiserie Al Porto, ce panettone se distingue par l&rsquo;utilisation d&rsquo;ingr\u00e9dients s\u00e9lectionn\u00e9s et un savoir-faire artisanal qui respecte les anciennes recettes.<\/p>\n<p>&nbsp;<\/p>\n<p style=\"text-align: justify;\">Les marrons glac\u00e9s, fournis par Sandro Vanini SA, sont r\u00e9colt\u00e9s \u00e0 la main dans les for\u00eats du Tessin. Cette m\u00e9thode de r\u00e9colte, r\u00e9alis\u00e9e avec attention et respect de l&rsquo;environnement, garantit que seuls les meilleurs marrons sont choisis pour enrichir le panettone. Ces fruits, avec leur saveur douce et aromatique, apportent au dessert une note distinctive qui s&rsquo;harmonise parfaitement avec la p\u00e2te moelleuse et parfum\u00e9e.<\/p>\n<p>&nbsp;<\/p>\n<p style=\"text-align: justify;\">Le r\u00e9sultat est un panettone qui raconte une histoire de passion et de d\u00e9vouement, parfait pour les c\u00e9l\u00e9brations festives. Chaque bouch\u00e9e offre une exp\u00e9rience gustative unique, capable d&rsquo;\u00e9voquer les saveurs authentiques de la tradition p\u00e2tissi\u00e8re.<\/p>\n<p>&nbsp;<\/p>\n<p style=\"text-align: justify;\"><strong>Ingr\u00e9dients: <\/strong>voir photographie<\/p>\n<p>&nbsp;<\/p>\n<p style=\"text-align: justify;\"><em>Pour plus d&rsquo;informations sur les produits et les allerg\u00e8nes, contactez-nous: vanini@sandrovanini.ch<\/em><\/p>\n<p>&nbsp;<\/p>\n<p>&nbsp;<\/p>\n<p>&nbsp;<\/p>\n<p>&nbsp;<\/p>\n<p>&nbsp;<\/p>\n","protected":false},"excerpt":{"rendered":"<p>450 gr.<\/p>\n","protected":false},"featured_media":8483,"comment_status":"closed","ping_status":"closed","template":"","meta":{"_acf_changed":false},"product_brand":[],"product_cat":[240],"product_tag":[],"class_list":{"0":"post-8486","1":"product","2":"type-product","3":"status-publish","4":"has-post-thumbnail","6":"product_cat-les-excellences-du-territoire","8":"first","9":"outofstock","10":"taxable","11":"shipping-taxable","12":"purchasable","13":"product-type-simple"},"acf":[],"yoast_head":"<!-- This site is optimized with the Yoast SEO plugin v27.3 - https:\/\/yoast.com\/product\/yoast-seo-wordpress\/ -->\n<title>Panettone Artisanal aux Marrons Glac\u00e9s du Tessin - Sandro Vanini SA<\/title>\n<meta name=\"robots\" content=\"index, follow, max-snippet:-1, max-image-preview:large, max-video-preview:-1\" \/>\n<link rel=\"canonical\" href=\"https:\/\/sandrovanini.ch\/fr\/produit\/panettone-artigianale-con-marroni-canditi-del-ticino\/\" \/>\n<meta property=\"og:locale\" content=\"fr_FR\" \/>\n<meta property=\"og:type\" content=\"article\" \/>\n<meta property=\"og:title\" content=\"Panettone Artisanal aux Marrons Glac\u00e9s du Tessin - Sandro Vanini SA\" \/>\n<meta property=\"og:description\" content=\"450 gr.\" \/>\n<meta property=\"og:url\" content=\"https:\/\/sandrovanini.ch\/fr\/produit\/panettone-artigianale-con-marroni-canditi-del-ticino\/\" \/>\n<meta property=\"og:site_name\" content=\"Sandro Vanini SA\" \/>\n<meta property=\"article:modified_time\" content=\"2025-01-14T15:07:00+00:00\" \/>\n<meta property=\"og:image\" content=\"https:\/\/sandrovanini.ch\/vaniniwpsite\/wp-content\/uploads\/T_29478_VAN_PANETTONE.jpg\" \/>\n\t<meta property=\"og:image:width\" content=\"600\" \/>\n\t<meta property=\"og:image:height\" content=\"600\" \/>\n\t<meta property=\"og:image:type\" content=\"image\/jpeg\" \/>\n<meta name=\"twitter:card\" content=\"summary_large_image\" \/>\n<meta name=\"twitter:label1\" content=\"Dur\u00e9e de lecture estim\u00e9e\" \/>\n\t<meta name=\"twitter:data1\" content=\"1 minute\" \/>\n<script type=\"application\/ld+json\" class=\"yoast-schema-graph\">{\"@context\":\"https:\\\/\\\/schema.org\",\"@graph\":[{\"@type\":\"WebPage\",\"@id\":\"https:\\\/\\\/sandrovanini.ch\\\/fr\\\/produit\\\/panettone-artigianale-con-marroni-canditi-del-ticino\\\/\",\"url\":\"https:\\\/\\\/sandrovanini.ch\\\/fr\\\/produit\\\/panettone-artigianale-con-marroni-canditi-del-ticino\\\/\",\"name\":\"Panettone Artisanal aux Marrons Glac\u00e9s du Tessin - Sandro Vanini SA\",\"isPartOf\":{\"@id\":\"https:\\\/\\\/sandrovanini.ch\\\/#website\"},\"primaryImageOfPage\":{\"@id\":\"https:\\\/\\\/sandrovanini.ch\\\/fr\\\/produit\\\/panettone-artigianale-con-marroni-canditi-del-ticino\\\/#primaryimage\"},\"image\":{\"@id\":\"https:\\\/\\\/sandrovanini.ch\\\/fr\\\/produit\\\/panettone-artigianale-con-marroni-canditi-del-ticino\\\/#primaryimage\"},\"thumbnailUrl\":\"https:\\\/\\\/sandrovanini.ch\\\/vaniniwpsite\\\/wp-content\\\/uploads\\\/T_29478_VAN_PANETTONE.jpg\",\"datePublished\":\"2024-12-03T00:02:07+00:00\",\"dateModified\":\"2025-01-14T15:07:00+00:00\",\"breadcrumb\":{\"@id\":\"https:\\\/\\\/sandrovanini.ch\\\/fr\\\/produit\\\/panettone-artigianale-con-marroni-canditi-del-ticino\\\/#breadcrumb\"},\"inLanguage\":\"fr-FR\",\"potentialAction\":[{\"@type\":\"ReadAction\",\"target\":[\"https:\\\/\\\/sandrovanini.ch\\\/fr\\\/produit\\\/panettone-artigianale-con-marroni-canditi-del-ticino\\\/\"]}]},{\"@type\":\"ImageObject\",\"inLanguage\":\"fr-FR\",\"@id\":\"https:\\\/\\\/sandrovanini.ch\\\/fr\\\/produit\\\/panettone-artigianale-con-marroni-canditi-del-ticino\\\/#primaryimage\",\"url\":\"https:\\\/\\\/sandrovanini.ch\\\/vaniniwpsite\\\/wp-content\\\/uploads\\\/T_29478_VAN_PANETTONE.jpg\",\"contentUrl\":\"https:\\\/\\\/sandrovanini.ch\\\/vaniniwpsite\\\/wp-content\\\/uploads\\\/T_29478_VAN_PANETTONE.jpg\",\"width\":600,\"height\":600},{\"@type\":\"BreadcrumbList\",\"@id\":\"https:\\\/\\\/sandrovanini.ch\\\/fr\\\/produit\\\/panettone-artigianale-con-marroni-canditi-del-ticino\\\/#breadcrumb\",\"itemListElement\":[{\"@type\":\"ListItem\",\"position\":1,\"name\":\"Home\",\"item\":\"https:\\\/\\\/sandrovanini.ch\\\/fr\\\/\"},{\"@type\":\"ListItem\",\"position\":2,\"name\":\"Prodotti\",\"item\":\"https:\\\/\\\/sandrovanini.ch\\\/shop\\\/\"},{\"@type\":\"ListItem\",\"position\":3,\"name\":\"Panettone Artisanal aux Marrons Glac\u00e9s du Tessin\"}]},{\"@type\":\"WebSite\",\"@id\":\"https:\\\/\\\/sandrovanini.ch\\\/#website\",\"url\":\"https:\\\/\\\/sandrovanini.ch\\\/\",\"name\":\"Sandro Vanini SA\",\"description\":\"Delizie da vivere\",\"publisher\":{\"@id\":\"https:\\\/\\\/sandrovanini.ch\\\/#organization\"},\"potentialAction\":[{\"@type\":\"SearchAction\",\"target\":{\"@type\":\"EntryPoint\",\"urlTemplate\":\"https:\\\/\\\/sandrovanini.ch\\\/?s={search_term_string}\"},\"query-input\":{\"@type\":\"PropertyValueSpecification\",\"valueRequired\":true,\"valueName\":\"search_term_string\"}}],\"inLanguage\":\"fr-FR\"},{\"@type\":\"Organization\",\"@id\":\"https:\\\/\\\/sandrovanini.ch\\\/#organization\",\"name\":\"Sandro Vanini SA\",\"url\":\"https:\\\/\\\/sandrovanini.ch\\\/\",\"logo\":{\"@type\":\"ImageObject\",\"inLanguage\":\"fr-FR\",\"@id\":\"https:\\\/\\\/sandrovanini.ch\\\/#\\\/schema\\\/logo\\\/image\\\/\",\"url\":\"https:\\\/\\\/sandrovanini.ch\\\/vaniniwpsite\\\/wp-content\\\/uploads\\\/SANDRO-VANINI-LOGO-2021.png\",\"contentUrl\":\"https:\\\/\\\/sandrovanini.ch\\\/vaniniwpsite\\\/wp-content\\\/uploads\\\/SANDRO-VANINI-LOGO-2021.png\",\"width\":300,\"height\":129,\"caption\":\"Sandro Vanini SA\"},\"image\":{\"@id\":\"https:\\\/\\\/sandrovanini.ch\\\/#\\\/schema\\\/logo\\\/image\\\/\"}}]}<\/script>\n<!-- \/ Yoast SEO plugin. -->","yoast_head_json":{"title":"Panettone Artisanal aux Marrons Glac\u00e9s du Tessin - Sandro Vanini SA","robots":{"index":"index","follow":"follow","max-snippet":"max-snippet:-1","max-image-preview":"max-image-preview:large","max-video-preview":"max-video-preview:-1"},"canonical":"https:\/\/sandrovanini.ch\/fr\/produit\/panettone-artigianale-con-marroni-canditi-del-ticino\/","og_locale":"fr_FR","og_type":"article","og_title":"Panettone Artisanal aux Marrons Glac\u00e9s du Tessin - Sandro Vanini SA","og_description":"450 gr.","og_url":"https:\/\/sandrovanini.ch\/fr\/produit\/panettone-artigianale-con-marroni-canditi-del-ticino\/","og_site_name":"Sandro Vanini SA","article_modified_time":"2025-01-14T15:07:00+00:00","og_image":[{"width":600,"height":600,"url":"https:\/\/sandrovanini.ch\/vaniniwpsite\/wp-content\/uploads\/T_29478_VAN_PANETTONE.jpg","type":"image\/jpeg"}],"twitter_card":"summary_large_image","twitter_misc":{"Dur\u00e9e de lecture estim\u00e9e":"1 minute"},"schema":{"@context":"https:\/\/schema.org","@graph":[{"@type":"WebPage","@id":"https:\/\/sandrovanini.ch\/fr\/produit\/panettone-artigianale-con-marroni-canditi-del-ticino\/","url":"https:\/\/sandrovanini.ch\/fr\/produit\/panettone-artigianale-con-marroni-canditi-del-ticino\/","name":"Panettone Artisanal aux Marrons Glac\u00e9s du Tessin - Sandro Vanini SA","isPartOf":{"@id":"https:\/\/sandrovanini.ch\/#website"},"primaryImageOfPage":{"@id":"https:\/\/sandrovanini.ch\/fr\/produit\/panettone-artigianale-con-marroni-canditi-del-ticino\/#primaryimage"},"image":{"@id":"https:\/\/sandrovanini.ch\/fr\/produit\/panettone-artigianale-con-marroni-canditi-del-ticino\/#primaryimage"},"thumbnailUrl":"https:\/\/sandrovanini.ch\/vaniniwpsite\/wp-content\/uploads\/T_29478_VAN_PANETTONE.jpg","datePublished":"2024-12-03T00:02:07+00:00","dateModified":"2025-01-14T15:07:00+00:00","breadcrumb":{"@id":"https:\/\/sandrovanini.ch\/fr\/produit\/panettone-artigianale-con-marroni-canditi-del-ticino\/#breadcrumb"},"inLanguage":"fr-FR","potentialAction":[{"@type":"ReadAction","target":["https:\/\/sandrovanini.ch\/fr\/produit\/panettone-artigianale-con-marroni-canditi-del-ticino\/"]}]},{"@type":"ImageObject","inLanguage":"fr-FR","@id":"https:\/\/sandrovanini.ch\/fr\/produit\/panettone-artigianale-con-marroni-canditi-del-ticino\/#primaryimage","url":"https:\/\/sandrovanini.ch\/vaniniwpsite\/wp-content\/uploads\/T_29478_VAN_PANETTONE.jpg","contentUrl":"https:\/\/sandrovanini.ch\/vaniniwpsite\/wp-content\/uploads\/T_29478_VAN_PANETTONE.jpg","width":600,"height":600},{"@type":"BreadcrumbList","@id":"https:\/\/sandrovanini.ch\/fr\/produit\/panettone-artigianale-con-marroni-canditi-del-ticino\/#breadcrumb","itemListElement":[{"@type":"ListItem","position":1,"name":"Home","item":"https:\/\/sandrovanini.ch\/fr\/"},{"@type":"ListItem","position":2,"name":"Prodotti","item":"https:\/\/sandrovanini.ch\/shop\/"},{"@type":"ListItem","position":3,"name":"Panettone Artisanal aux Marrons Glac\u00e9s du Tessin"}]},{"@type":"WebSite","@id":"https:\/\/sandrovanini.ch\/#website","url":"https:\/\/sandrovanini.ch\/","name":"Sandro Vanini SA","description":"Delizie da vivere","publisher":{"@id":"https:\/\/sandrovanini.ch\/#organization"},"potentialAction":[{"@type":"SearchAction","target":{"@type":"EntryPoint","urlTemplate":"https:\/\/sandrovanini.ch\/?s={search_term_string}"},"query-input":{"@type":"PropertyValueSpecification","valueRequired":true,"valueName":"search_term_string"}}],"inLanguage":"fr-FR"},{"@type":"Organization","@id":"https:\/\/sandrovanini.ch\/#organization","name":"Sandro Vanini SA","url":"https:\/\/sandrovanini.ch\/","logo":{"@type":"ImageObject","inLanguage":"fr-FR","@id":"https:\/\/sandrovanini.ch\/#\/schema\/logo\/image\/","url":"https:\/\/sandrovanini.ch\/vaniniwpsite\/wp-content\/uploads\/SANDRO-VANINI-LOGO-2021.png","contentUrl":"https:\/\/sandrovanini.ch\/vaniniwpsite\/wp-content\/uploads\/SANDRO-VANINI-LOGO-2021.png","width":300,"height":129,"caption":"Sandro Vanini SA"},"image":{"@id":"https:\/\/sandrovanini.ch\/#\/schema\/logo\/image\/"}}]}},"_links":{"self":[{"href":"https:\/\/sandrovanini.ch\/fr\/wp-json\/wp\/v2\/product\/8486","targetHints":{"allow":["GET"]}}],"collection":[{"href":"https:\/\/sandrovanini.ch\/fr\/wp-json\/wp\/v2\/product"}],"about":[{"href":"https:\/\/sandrovanini.ch\/fr\/wp-json\/wp\/v2\/types\/product"}],"replies":[{"embeddable":true,"href":"https:\/\/sandrovanini.ch\/fr\/wp-json\/wp\/v2\/comments?post=8486"}],"wp:featuredmedia":[{"embeddable":true,"href":"https:\/\/sandrovanini.ch\/fr\/wp-json\/wp\/v2\/media\/8483"}],"wp:attachment":[{"href":"https:\/\/sandrovanini.ch\/fr\/wp-json\/wp\/v2\/media?parent=8486"}],"wp:term":[{"taxonomy":"product_brand","embeddable":true,"href":"https:\/\/sandrovanini.ch\/fr\/wp-json\/wp\/v2\/product_brand?post=8486"},{"taxonomy":"product_cat","embeddable":true,"href":"https:\/\/sandrovanini.ch\/fr\/wp-json\/wp\/v2\/product_cat?post=8486"},{"taxonomy":"product_tag","embeddable":true,"href":"https:\/\/sandrovanini.ch\/fr\/wp-json\/wp\/v2\/product_tag?post=8486"}],"curies":[{"name":"wp","href":"https:\/\/api.w.org\/{rel}","templated":true}]}}