{"id":8129,"date":"2024-07-25T10:37:42","date_gmt":"2024-07-25T08:38:19","guid":{"rendered":"https:\/\/sandrovanini.ch\/?post_type=product&#038;p=8129"},"modified":"2024-07-25T10:38:19","modified_gmt":"2024-07-25T08:38:19","slug":"farine-complete-pour-polenta-rosso-del-ticino","status":"publish","type":"product","link":"https:\/\/sandrovanini.ch\/fr\/produit\/farine-complete-pour-polenta-rosso-del-ticino\/","title":{"rendered":"Farine compl\u00e8te pour polenta \u201eRosso del Ticino\u201c"},"content":{"rendered":"<p style=\"text-align: justify;\">Le ma\u00efs \u201eRosso del Ticino\u201c est une ancienne vari\u00e9t\u00e9 locale tessinoise, red\u00e9couverte et pr\u00e9serv\u00e9e par Pro Specie Rara. R\u00e9introduite en 2002 pour la production de farine \u00e0 polenta, cette vari\u00e9t\u00e9 n\u2019est pas un hybride, mais une population avec une diversit\u00e9 g\u00e9n\u00e9tique naturelle. Cultiv\u00e9 biologiquement dans des exploitations tessinoises, le ma\u00efs est r\u00e9colt\u00e9 en \u00e9pis et moulu int\u00e9gralement pour pr\u00e9server la valeur nutritive et la tradition locale. Le produit met en avant la production et la transformation locale, respectant les caract\u00e9ristiques historiques et culturelles.<\/p>\n<p>&nbsp;<\/p>\n<p style=\"text-align: justify;\"><strong>Ingr\u00e9dients:<\/strong> Farine compl\u00e8te de ma\u00efs cultiv\u00e9 au Tessin, vari\u00e9t\u00e9 \u201eRosso del Ticino\u201c.<\/p>\n<p>&nbsp;<\/p>\n<p style=\"text-align: justify;\"><em>Pour plus d\u2019informations sur les produits et les allerg\u00e8nes, contactez-nous : <a href=\"mailto:vanini@sandrovanini.ch\">vanini@sandrovanini.ch<\/a><\/em><\/p>\n<p>&nbsp;<\/p>\n<p>&nbsp;<\/p>\n","protected":false},"excerpt":{"rendered":"<p>500 gr<\/p>\n","protected":false},"featured_media":8297,"comment_status":"closed","ping_status":"closed","template":"","meta":{"_acf_changed":false},"product_brand":[],"product_cat":[240],"product_tag":[],"class_list":{"0":"post-8129","1":"product","2":"type-product","3":"status-publish","4":"has-post-thumbnail","6":"product_cat-les-excellences-du-territoire","8":"first","9":"instock","10":"taxable","11":"shipping-taxable","12":"purchasable","13":"product-type-simple"},"acf":[],"yoast_head":"<!-- This site is optimized with the Yoast SEO plugin v27.3 - https:\/\/yoast.com\/product\/yoast-seo-wordpress\/ -->\n<title>Farine compl\u00e8te pour polenta \u201eRosso del Ticino\u201c - Sandro Vanini SA<\/title>\n<meta name=\"robots\" content=\"index, follow, max-snippet:-1, max-image-preview:large, max-video-preview:-1\" \/>\n<link rel=\"canonical\" href=\"https:\/\/sandrovanini.ch\/fr\/produit\/farine-complete-pour-polenta-rosso-del-ticino\/\" \/>\n<meta property=\"og:locale\" content=\"fr_FR\" \/>\n<meta property=\"og:type\" content=\"article\" \/>\n<meta property=\"og:title\" content=\"Farine compl\u00e8te pour polenta \u201eRosso del Ticino\u201c - Sandro Vanini SA\" \/>\n<meta property=\"og:description\" content=\"500 gr\" \/>\n<meta property=\"og:url\" content=\"https:\/\/sandrovanini.ch\/fr\/produit\/farine-complete-pour-polenta-rosso-del-ticino\/\" \/>\n<meta property=\"og:site_name\" content=\"Sandro Vanini SA\" \/>\n<meta property=\"og:image\" content=\"https:\/\/sandrovanini.ch\/vaniniwpsite\/wp-content\/uploads\/Rosso-del-ticino.png\" \/>\n\t<meta property=\"og:image:width\" content=\"570\" \/>\n\t<meta property=\"og:image:height\" content=\"1074\" \/>\n\t<meta property=\"og:image:type\" content=\"image\/png\" \/>\n<meta name=\"twitter:card\" content=\"summary_large_image\" \/>\n<meta name=\"twitter:label1\" content=\"Dur\u00e9e de lecture estim\u00e9e\" \/>\n\t<meta name=\"twitter:data1\" content=\"1 minute\" \/>\n<script type=\"application\/ld+json\" class=\"yoast-schema-graph\">{\"@context\":\"https:\\\/\\\/schema.org\",\"@graph\":[{\"@type\":\"WebPage\",\"@id\":\"https:\\\/\\\/sandrovanini.ch\\\/fr\\\/produit\\\/farine-complete-pour-polenta-rosso-del-ticino\\\/\",\"url\":\"https:\\\/\\\/sandrovanini.ch\\\/fr\\\/produit\\\/farine-complete-pour-polenta-rosso-del-ticino\\\/\",\"name\":\"Farine compl\u00e8te pour polenta \u201eRosso del Ticino\u201c - Sandro Vanini SA\",\"isPartOf\":{\"@id\":\"https:\\\/\\\/sandrovanini.ch\\\/#website\"},\"primaryImageOfPage\":{\"@id\":\"https:\\\/\\\/sandrovanini.ch\\\/fr\\\/produit\\\/farine-complete-pour-polenta-rosso-del-ticino\\\/#primaryimage\"},\"image\":{\"@id\":\"https:\\\/\\\/sandrovanini.ch\\\/fr\\\/produit\\\/farine-complete-pour-polenta-rosso-del-ticino\\\/#primaryimage\"},\"thumbnailUrl\":\"https:\\\/\\\/sandrovanini.ch\\\/vaniniwpsite\\\/wp-content\\\/uploads\\\/ROSSO-DEL-TICINO_600X600.jpg\",\"datePublished\":\"2024-07-25T08:38:19+00:00\",\"breadcrumb\":{\"@id\":\"https:\\\/\\\/sandrovanini.ch\\\/fr\\\/produit\\\/farine-complete-pour-polenta-rosso-del-ticino\\\/#breadcrumb\"},\"inLanguage\":\"fr-FR\",\"potentialAction\":[{\"@type\":\"ReadAction\",\"target\":[\"https:\\\/\\\/sandrovanini.ch\\\/fr\\\/produit\\\/farine-complete-pour-polenta-rosso-del-ticino\\\/\"]}]},{\"@type\":\"ImageObject\",\"inLanguage\":\"fr-FR\",\"@id\":\"https:\\\/\\\/sandrovanini.ch\\\/fr\\\/produit\\\/farine-complete-pour-polenta-rosso-del-ticino\\\/#primaryimage\",\"url\":\"https:\\\/\\\/sandrovanini.ch\\\/vaniniwpsite\\\/wp-content\\\/uploads\\\/ROSSO-DEL-TICINO_600X600.jpg\",\"contentUrl\":\"https:\\\/\\\/sandrovanini.ch\\\/vaniniwpsite\\\/wp-content\\\/uploads\\\/ROSSO-DEL-TICINO_600X600.jpg\",\"width\":600,\"height\":600},{\"@type\":\"BreadcrumbList\",\"@id\":\"https:\\\/\\\/sandrovanini.ch\\\/fr\\\/produit\\\/farine-complete-pour-polenta-rosso-del-ticino\\\/#breadcrumb\",\"itemListElement\":[{\"@type\":\"ListItem\",\"position\":1,\"name\":\"Home\",\"item\":\"https:\\\/\\\/sandrovanini.ch\\\/fr\\\/\"},{\"@type\":\"ListItem\",\"position\":2,\"name\":\"Prodotti\",\"item\":\"https:\\\/\\\/sandrovanini.ch\\\/shop\\\/\"},{\"@type\":\"ListItem\",\"position\":3,\"name\":\"Farine compl\u00e8te pour polenta \u201eRosso del Ticino\u201c\"}]},{\"@type\":\"WebSite\",\"@id\":\"https:\\\/\\\/sandrovanini.ch\\\/#website\",\"url\":\"https:\\\/\\\/sandrovanini.ch\\\/\",\"name\":\"Sandro Vanini SA\",\"description\":\"Delizie da vivere\",\"publisher\":{\"@id\":\"https:\\\/\\\/sandrovanini.ch\\\/#organization\"},\"potentialAction\":[{\"@type\":\"SearchAction\",\"target\":{\"@type\":\"EntryPoint\",\"urlTemplate\":\"https:\\\/\\\/sandrovanini.ch\\\/?s={search_term_string}\"},\"query-input\":{\"@type\":\"PropertyValueSpecification\",\"valueRequired\":true,\"valueName\":\"search_term_string\"}}],\"inLanguage\":\"fr-FR\"},{\"@type\":\"Organization\",\"@id\":\"https:\\\/\\\/sandrovanini.ch\\\/#organization\",\"name\":\"Sandro Vanini SA\",\"url\":\"https:\\\/\\\/sandrovanini.ch\\\/\",\"logo\":{\"@type\":\"ImageObject\",\"inLanguage\":\"fr-FR\",\"@id\":\"https:\\\/\\\/sandrovanini.ch\\\/#\\\/schema\\\/logo\\\/image\\\/\",\"url\":\"https:\\\/\\\/sandrovanini.ch\\\/vaniniwpsite\\\/wp-content\\\/uploads\\\/SANDRO-VANINI-LOGO-2021.png\",\"contentUrl\":\"https:\\\/\\\/sandrovanini.ch\\\/vaniniwpsite\\\/wp-content\\\/uploads\\\/SANDRO-VANINI-LOGO-2021.png\",\"width\":300,\"height\":129,\"caption\":\"Sandro Vanini SA\"},\"image\":{\"@id\":\"https:\\\/\\\/sandrovanini.ch\\\/#\\\/schema\\\/logo\\\/image\\\/\"}}]}<\/script>\n<!-- \/ Yoast SEO plugin. -->","yoast_head_json":{"title":"Farine compl\u00e8te pour polenta \u201eRosso del Ticino\u201c - Sandro Vanini SA","robots":{"index":"index","follow":"follow","max-snippet":"max-snippet:-1","max-image-preview":"max-image-preview:large","max-video-preview":"max-video-preview:-1"},"canonical":"https:\/\/sandrovanini.ch\/fr\/produit\/farine-complete-pour-polenta-rosso-del-ticino\/","og_locale":"fr_FR","og_type":"article","og_title":"Farine compl\u00e8te pour polenta \u201eRosso del Ticino\u201c - Sandro Vanini SA","og_description":"500 gr","og_url":"https:\/\/sandrovanini.ch\/fr\/produit\/farine-complete-pour-polenta-rosso-del-ticino\/","og_site_name":"Sandro Vanini SA","og_image":[{"width":570,"height":1074,"url":"https:\/\/sandrovanini.ch\/vaniniwpsite\/wp-content\/uploads\/Rosso-del-ticino.png","type":"image\/png"}],"twitter_card":"summary_large_image","twitter_misc":{"Dur\u00e9e de lecture estim\u00e9e":"1 minute"},"schema":{"@context":"https:\/\/schema.org","@graph":[{"@type":"WebPage","@id":"https:\/\/sandrovanini.ch\/fr\/produit\/farine-complete-pour-polenta-rosso-del-ticino\/","url":"https:\/\/sandrovanini.ch\/fr\/produit\/farine-complete-pour-polenta-rosso-del-ticino\/","name":"Farine compl\u00e8te pour polenta \u201eRosso del Ticino\u201c - Sandro Vanini SA","isPartOf":{"@id":"https:\/\/sandrovanini.ch\/#website"},"primaryImageOfPage":{"@id":"https:\/\/sandrovanini.ch\/fr\/produit\/farine-complete-pour-polenta-rosso-del-ticino\/#primaryimage"},"image":{"@id":"https:\/\/sandrovanini.ch\/fr\/produit\/farine-complete-pour-polenta-rosso-del-ticino\/#primaryimage"},"thumbnailUrl":"https:\/\/sandrovanini.ch\/vaniniwpsite\/wp-content\/uploads\/ROSSO-DEL-TICINO_600X600.jpg","datePublished":"2024-07-25T08:38:19+00:00","breadcrumb":{"@id":"https:\/\/sandrovanini.ch\/fr\/produit\/farine-complete-pour-polenta-rosso-del-ticino\/#breadcrumb"},"inLanguage":"fr-FR","potentialAction":[{"@type":"ReadAction","target":["https:\/\/sandrovanini.ch\/fr\/produit\/farine-complete-pour-polenta-rosso-del-ticino\/"]}]},{"@type":"ImageObject","inLanguage":"fr-FR","@id":"https:\/\/sandrovanini.ch\/fr\/produit\/farine-complete-pour-polenta-rosso-del-ticino\/#primaryimage","url":"https:\/\/sandrovanini.ch\/vaniniwpsite\/wp-content\/uploads\/ROSSO-DEL-TICINO_600X600.jpg","contentUrl":"https:\/\/sandrovanini.ch\/vaniniwpsite\/wp-content\/uploads\/ROSSO-DEL-TICINO_600X600.jpg","width":600,"height":600},{"@type":"BreadcrumbList","@id":"https:\/\/sandrovanini.ch\/fr\/produit\/farine-complete-pour-polenta-rosso-del-ticino\/#breadcrumb","itemListElement":[{"@type":"ListItem","position":1,"name":"Home","item":"https:\/\/sandrovanini.ch\/fr\/"},{"@type":"ListItem","position":2,"name":"Prodotti","item":"https:\/\/sandrovanini.ch\/shop\/"},{"@type":"ListItem","position":3,"name":"Farine compl\u00e8te pour polenta \u201eRosso del Ticino\u201c"}]},{"@type":"WebSite","@id":"https:\/\/sandrovanini.ch\/#website","url":"https:\/\/sandrovanini.ch\/","name":"Sandro Vanini SA","description":"Delizie da vivere","publisher":{"@id":"https:\/\/sandrovanini.ch\/#organization"},"potentialAction":[{"@type":"SearchAction","target":{"@type":"EntryPoint","urlTemplate":"https:\/\/sandrovanini.ch\/?s={search_term_string}"},"query-input":{"@type":"PropertyValueSpecification","valueRequired":true,"valueName":"search_term_string"}}],"inLanguage":"fr-FR"},{"@type":"Organization","@id":"https:\/\/sandrovanini.ch\/#organization","name":"Sandro Vanini SA","url":"https:\/\/sandrovanini.ch\/","logo":{"@type":"ImageObject","inLanguage":"fr-FR","@id":"https:\/\/sandrovanini.ch\/#\/schema\/logo\/image\/","url":"https:\/\/sandrovanini.ch\/vaniniwpsite\/wp-content\/uploads\/SANDRO-VANINI-LOGO-2021.png","contentUrl":"https:\/\/sandrovanini.ch\/vaniniwpsite\/wp-content\/uploads\/SANDRO-VANINI-LOGO-2021.png","width":300,"height":129,"caption":"Sandro Vanini SA"},"image":{"@id":"https:\/\/sandrovanini.ch\/#\/schema\/logo\/image\/"}}]}},"_links":{"self":[{"href":"https:\/\/sandrovanini.ch\/fr\/wp-json\/wp\/v2\/product\/8129","targetHints":{"allow":["GET"]}}],"collection":[{"href":"https:\/\/sandrovanini.ch\/fr\/wp-json\/wp\/v2\/product"}],"about":[{"href":"https:\/\/sandrovanini.ch\/fr\/wp-json\/wp\/v2\/types\/product"}],"replies":[{"embeddable":true,"href":"https:\/\/sandrovanini.ch\/fr\/wp-json\/wp\/v2\/comments?post=8129"}],"wp:featuredmedia":[{"embeddable":true,"href":"https:\/\/sandrovanini.ch\/fr\/wp-json\/wp\/v2\/media\/8297"}],"wp:attachment":[{"href":"https:\/\/sandrovanini.ch\/fr\/wp-json\/wp\/v2\/media?parent=8129"}],"wp:term":[{"taxonomy":"product_brand","embeddable":true,"href":"https:\/\/sandrovanini.ch\/fr\/wp-json\/wp\/v2\/product_brand?post=8129"},{"taxonomy":"product_cat","embeddable":true,"href":"https:\/\/sandrovanini.ch\/fr\/wp-json\/wp\/v2\/product_cat?post=8129"},{"taxonomy":"product_tag","embeddable":true,"href":"https:\/\/sandrovanini.ch\/fr\/wp-json\/wp\/v2\/product_tag?post=8129"}],"curies":[{"name":"wp","href":"https:\/\/api.w.org\/{rel}","templated":true}]}}