{"id":7408,"date":"2023-10-31T16:33:22","date_gmt":"2023-10-31T15:36:44","guid":{"rendered":"https:\/\/sandrovanini.ch\/?post_type=product&#038;p=7408"},"modified":"2024-09-30T13:41:52","modified_gmt":"2024-09-30T11:41:52","slug":"de-lalpage","status":"publish","type":"product","link":"https:\/\/sandrovanini.ch\/fr\/produit\/de-lalpage\/","title":{"rendered":"De l&rsquo;alpage"},"content":{"rendered":"<p style=\"text-align: justify;\">Un panier qui refl\u00e8te la tradition et la culture gastronomique du Tessin. De d\u00e9licieux produits Sandro Vanini pour accompagner le pr\u00e9cieux fromage d\u2019alpage Tessinoise AOP (Val Leventina 2 050 m d&rsquo;altitude). Un fromage doux et riche en ar\u00f4mes intenses, qui doit son caract\u00e8re unique aux herbes de montagne et \u00e0 une longue p\u00e9riode d&rsquo;affinage. Un panier capable d&rsquo;unir deux ma\u00eetres du go\u00fbt tessinois.<\/p>\n<p>&nbsp;<\/p>\n<p><strong>Contient\u00a0:<\/strong><\/p>\n<p>Fromage d\u2019alpage tessinoise AOP (approx 200\/250 gr)<\/p>\n<p>Bo\u00eete de Marrons Glac\u00e9s (12 pz, 216 gr)<\/p>\n<p>Mostarda pur\u00e9e de coings (200 ml)<\/p>\n<p>Mostarda de fruits (500 gr)<\/p>\n<p>Mostarda pur\u00e9e Trio (3&#215;60 ml, figues vertes\/ananas-curry\/poires)<\/p>\n<p>Sandro Vanini Boccalino<\/p>\n<p>&nbsp;<\/p>\n<p>&nbsp;<\/p>\n","protected":false},"excerpt":{"rendered":"<p><strong>Plateau en carton recyclable 300x220x120h<\/strong><\/p>\n","protected":false},"featured_media":8411,"comment_status":"closed","ping_status":"closed","template":"","meta":{"_acf_changed":false},"product_brand":[],"product_cat":[211],"product_tag":[],"class_list":{"0":"post-7408","1":"product","2":"type-product","3":"status-publish","4":"has-post-thumbnail","6":"product_cat-cadeaux","8":"first","9":"outofstock","10":"taxable","11":"shipping-taxable","12":"purchasable","13":"product-type-simple"},"acf":[],"yoast_head":"<!-- This site is optimized with the Yoast SEO plugin v27.3 - https:\/\/yoast.com\/product\/yoast-seo-wordpress\/ -->\n<title>De l&#039;alpage - Sandro Vanini SA<\/title>\n<meta name=\"description\" content=\"Un panier qui refl\u00e8te la tradition et la culture gastronomique du Tessin. De d\u00e9licieux produits Sandro Vanini pour accompagner le pr\u00e9cieux fromage d\u2019alpage Tessinoise AOP (Val Leventina 2 050 m d&#039;altitude).\" \/>\n<meta name=\"robots\" content=\"index, follow, max-snippet:-1, max-image-preview:large, max-video-preview:-1\" \/>\n<link rel=\"canonical\" href=\"https:\/\/sandrovanini.ch\/fr\/produit\/de-lalpage\/\" \/>\n<meta property=\"og:locale\" content=\"fr_FR\" \/>\n<meta property=\"og:type\" content=\"article\" \/>\n<meta property=\"og:title\" content=\"De l&#039;alpage - Sandro Vanini SA\" \/>\n<meta property=\"og:description\" content=\"Un panier qui refl\u00e8te la tradition et la culture gastronomique du Tessin. De d\u00e9licieux produits Sandro Vanini pour accompagner le pr\u00e9cieux fromage d\u2019alpage Tessinoise AOP (Val Leventina 2 050 m d&#039;altitude).\" \/>\n<meta property=\"og:url\" content=\"https:\/\/sandrovanini.ch\/fr\/produit\/de-lalpage\/\" \/>\n<meta property=\"og:site_name\" content=\"Sandro Vanini SA\" \/>\n<meta property=\"article:modified_time\" content=\"2024-09-30T11:41:52+00:00\" \/>\n<meta property=\"og:image\" content=\"https:\/\/sandrovanini.ch\/vaniniwpsite\/wp-content\/uploads\/T_29478_VAN_CESTO_1.png\" \/>\n\t<meta property=\"og:image:width\" content=\"600\" \/>\n\t<meta property=\"og:image:height\" content=\"600\" \/>\n\t<meta property=\"og:image:type\" content=\"image\/png\" \/>\n<meta name=\"twitter:card\" content=\"summary_large_image\" \/>\n<meta name=\"twitter:label1\" content=\"Dur\u00e9e de lecture estim\u00e9e\" \/>\n\t<meta name=\"twitter:data1\" content=\"1 minute\" \/>\n<script type=\"application\/ld+json\" class=\"yoast-schema-graph\">{\"@context\":\"https:\\\/\\\/schema.org\",\"@graph\":[{\"@type\":\"WebPage\",\"@id\":\"https:\\\/\\\/sandrovanini.ch\\\/fr\\\/produit\\\/de-lalpage\\\/\",\"url\":\"https:\\\/\\\/sandrovanini.ch\\\/fr\\\/produit\\\/de-lalpage\\\/\",\"name\":\"De l'alpage - Sandro Vanini SA\",\"isPartOf\":{\"@id\":\"https:\\\/\\\/sandrovanini.ch\\\/#website\"},\"primaryImageOfPage\":{\"@id\":\"https:\\\/\\\/sandrovanini.ch\\\/fr\\\/produit\\\/de-lalpage\\\/#primaryimage\"},\"image\":{\"@id\":\"https:\\\/\\\/sandrovanini.ch\\\/fr\\\/produit\\\/de-lalpage\\\/#primaryimage\"},\"thumbnailUrl\":\"https:\\\/\\\/sandrovanini.ch\\\/vaniniwpsite\\\/wp-content\\\/uploads\\\/T_29478_VAN_CESTO_1.png\",\"datePublished\":\"2023-10-31T15:36:44+00:00\",\"dateModified\":\"2024-09-30T11:41:52+00:00\",\"description\":\"Un panier qui refl\u00e8te la tradition et la culture gastronomique du Tessin. De d\u00e9licieux produits Sandro Vanini pour accompagner le pr\u00e9cieux fromage d\u2019alpage Tessinoise AOP (Val Leventina 2 050 m d'altitude).\",\"breadcrumb\":{\"@id\":\"https:\\\/\\\/sandrovanini.ch\\\/fr\\\/produit\\\/de-lalpage\\\/#breadcrumb\"},\"inLanguage\":\"fr-FR\",\"potentialAction\":[{\"@type\":\"ReadAction\",\"target\":[\"https:\\\/\\\/sandrovanini.ch\\\/fr\\\/produit\\\/de-lalpage\\\/\"]}]},{\"@type\":\"ImageObject\",\"inLanguage\":\"fr-FR\",\"@id\":\"https:\\\/\\\/sandrovanini.ch\\\/fr\\\/produit\\\/de-lalpage\\\/#primaryimage\",\"url\":\"https:\\\/\\\/sandrovanini.ch\\\/vaniniwpsite\\\/wp-content\\\/uploads\\\/T_29478_VAN_CESTO_1.png\",\"contentUrl\":\"https:\\\/\\\/sandrovanini.ch\\\/vaniniwpsite\\\/wp-content\\\/uploads\\\/T_29478_VAN_CESTO_1.png\",\"width\":600,\"height\":600},{\"@type\":\"BreadcrumbList\",\"@id\":\"https:\\\/\\\/sandrovanini.ch\\\/fr\\\/produit\\\/de-lalpage\\\/#breadcrumb\",\"itemListElement\":[{\"@type\":\"ListItem\",\"position\":1,\"name\":\"Home\",\"item\":\"https:\\\/\\\/sandrovanini.ch\\\/fr\\\/\"},{\"@type\":\"ListItem\",\"position\":2,\"name\":\"Prodotti\",\"item\":\"https:\\\/\\\/sandrovanini.ch\\\/shop\\\/\"},{\"@type\":\"ListItem\",\"position\":3,\"name\":\"De l&#8217;alpage\"}]},{\"@type\":\"WebSite\",\"@id\":\"https:\\\/\\\/sandrovanini.ch\\\/#website\",\"url\":\"https:\\\/\\\/sandrovanini.ch\\\/\",\"name\":\"Sandro Vanini SA\",\"description\":\"Delizie da vivere\",\"publisher\":{\"@id\":\"https:\\\/\\\/sandrovanini.ch\\\/#organization\"},\"potentialAction\":[{\"@type\":\"SearchAction\",\"target\":{\"@type\":\"EntryPoint\",\"urlTemplate\":\"https:\\\/\\\/sandrovanini.ch\\\/?s={search_term_string}\"},\"query-input\":{\"@type\":\"PropertyValueSpecification\",\"valueRequired\":true,\"valueName\":\"search_term_string\"}}],\"inLanguage\":\"fr-FR\"},{\"@type\":\"Organization\",\"@id\":\"https:\\\/\\\/sandrovanini.ch\\\/#organization\",\"name\":\"Sandro Vanini SA\",\"url\":\"https:\\\/\\\/sandrovanini.ch\\\/\",\"logo\":{\"@type\":\"ImageObject\",\"inLanguage\":\"fr-FR\",\"@id\":\"https:\\\/\\\/sandrovanini.ch\\\/#\\\/schema\\\/logo\\\/image\\\/\",\"url\":\"https:\\\/\\\/sandrovanini.ch\\\/vaniniwpsite\\\/wp-content\\\/uploads\\\/SANDRO-VANINI-LOGO-2021.png\",\"contentUrl\":\"https:\\\/\\\/sandrovanini.ch\\\/vaniniwpsite\\\/wp-content\\\/uploads\\\/SANDRO-VANINI-LOGO-2021.png\",\"width\":300,\"height\":129,\"caption\":\"Sandro Vanini SA\"},\"image\":{\"@id\":\"https:\\\/\\\/sandrovanini.ch\\\/#\\\/schema\\\/logo\\\/image\\\/\"}}]}<\/script>\n<!-- \/ Yoast SEO plugin. -->","yoast_head_json":{"title":"De l'alpage - Sandro Vanini SA","description":"Un panier qui refl\u00e8te la tradition et la culture gastronomique du Tessin. De d\u00e9licieux produits Sandro Vanini pour accompagner le pr\u00e9cieux fromage d\u2019alpage Tessinoise AOP (Val Leventina 2 050 m d'altitude).","robots":{"index":"index","follow":"follow","max-snippet":"max-snippet:-1","max-image-preview":"max-image-preview:large","max-video-preview":"max-video-preview:-1"},"canonical":"https:\/\/sandrovanini.ch\/fr\/produit\/de-lalpage\/","og_locale":"fr_FR","og_type":"article","og_title":"De l'alpage - Sandro Vanini SA","og_description":"Un panier qui refl\u00e8te la tradition et la culture gastronomique du Tessin. De d\u00e9licieux produits Sandro Vanini pour accompagner le pr\u00e9cieux fromage d\u2019alpage Tessinoise AOP (Val Leventina 2 050 m d'altitude).","og_url":"https:\/\/sandrovanini.ch\/fr\/produit\/de-lalpage\/","og_site_name":"Sandro Vanini SA","article_modified_time":"2024-09-30T11:41:52+00:00","og_image":[{"width":600,"height":600,"url":"https:\/\/sandrovanini.ch\/vaniniwpsite\/wp-content\/uploads\/T_29478_VAN_CESTO_1.png","type":"image\/png"}],"twitter_card":"summary_large_image","twitter_misc":{"Dur\u00e9e de lecture estim\u00e9e":"1 minute"},"schema":{"@context":"https:\/\/schema.org","@graph":[{"@type":"WebPage","@id":"https:\/\/sandrovanini.ch\/fr\/produit\/de-lalpage\/","url":"https:\/\/sandrovanini.ch\/fr\/produit\/de-lalpage\/","name":"De l'alpage - Sandro Vanini SA","isPartOf":{"@id":"https:\/\/sandrovanini.ch\/#website"},"primaryImageOfPage":{"@id":"https:\/\/sandrovanini.ch\/fr\/produit\/de-lalpage\/#primaryimage"},"image":{"@id":"https:\/\/sandrovanini.ch\/fr\/produit\/de-lalpage\/#primaryimage"},"thumbnailUrl":"https:\/\/sandrovanini.ch\/vaniniwpsite\/wp-content\/uploads\/T_29478_VAN_CESTO_1.png","datePublished":"2023-10-31T15:36:44+00:00","dateModified":"2024-09-30T11:41:52+00:00","description":"Un panier qui refl\u00e8te la tradition et la culture gastronomique du Tessin. De d\u00e9licieux produits Sandro Vanini pour accompagner le pr\u00e9cieux fromage d\u2019alpage Tessinoise AOP (Val Leventina 2 050 m d'altitude).","breadcrumb":{"@id":"https:\/\/sandrovanini.ch\/fr\/produit\/de-lalpage\/#breadcrumb"},"inLanguage":"fr-FR","potentialAction":[{"@type":"ReadAction","target":["https:\/\/sandrovanini.ch\/fr\/produit\/de-lalpage\/"]}]},{"@type":"ImageObject","inLanguage":"fr-FR","@id":"https:\/\/sandrovanini.ch\/fr\/produit\/de-lalpage\/#primaryimage","url":"https:\/\/sandrovanini.ch\/vaniniwpsite\/wp-content\/uploads\/T_29478_VAN_CESTO_1.png","contentUrl":"https:\/\/sandrovanini.ch\/vaniniwpsite\/wp-content\/uploads\/T_29478_VAN_CESTO_1.png","width":600,"height":600},{"@type":"BreadcrumbList","@id":"https:\/\/sandrovanini.ch\/fr\/produit\/de-lalpage\/#breadcrumb","itemListElement":[{"@type":"ListItem","position":1,"name":"Home","item":"https:\/\/sandrovanini.ch\/fr\/"},{"@type":"ListItem","position":2,"name":"Prodotti","item":"https:\/\/sandrovanini.ch\/shop\/"},{"@type":"ListItem","position":3,"name":"De l&#8217;alpage"}]},{"@type":"WebSite","@id":"https:\/\/sandrovanini.ch\/#website","url":"https:\/\/sandrovanini.ch\/","name":"Sandro Vanini SA","description":"Delizie da vivere","publisher":{"@id":"https:\/\/sandrovanini.ch\/#organization"},"potentialAction":[{"@type":"SearchAction","target":{"@type":"EntryPoint","urlTemplate":"https:\/\/sandrovanini.ch\/?s={search_term_string}"},"query-input":{"@type":"PropertyValueSpecification","valueRequired":true,"valueName":"search_term_string"}}],"inLanguage":"fr-FR"},{"@type":"Organization","@id":"https:\/\/sandrovanini.ch\/#organization","name":"Sandro Vanini SA","url":"https:\/\/sandrovanini.ch\/","logo":{"@type":"ImageObject","inLanguage":"fr-FR","@id":"https:\/\/sandrovanini.ch\/#\/schema\/logo\/image\/","url":"https:\/\/sandrovanini.ch\/vaniniwpsite\/wp-content\/uploads\/SANDRO-VANINI-LOGO-2021.png","contentUrl":"https:\/\/sandrovanini.ch\/vaniniwpsite\/wp-content\/uploads\/SANDRO-VANINI-LOGO-2021.png","width":300,"height":129,"caption":"Sandro Vanini SA"},"image":{"@id":"https:\/\/sandrovanini.ch\/#\/schema\/logo\/image\/"}}]}},"_links":{"self":[{"href":"https:\/\/sandrovanini.ch\/fr\/wp-json\/wp\/v2\/product\/7408","targetHints":{"allow":["GET"]}}],"collection":[{"href":"https:\/\/sandrovanini.ch\/fr\/wp-json\/wp\/v2\/product"}],"about":[{"href":"https:\/\/sandrovanini.ch\/fr\/wp-json\/wp\/v2\/types\/product"}],"replies":[{"embeddable":true,"href":"https:\/\/sandrovanini.ch\/fr\/wp-json\/wp\/v2\/comments?post=7408"}],"wp:featuredmedia":[{"embeddable":true,"href":"https:\/\/sandrovanini.ch\/fr\/wp-json\/wp\/v2\/media\/8411"}],"wp:attachment":[{"href":"https:\/\/sandrovanini.ch\/fr\/wp-json\/wp\/v2\/media?parent=7408"}],"wp:term":[{"taxonomy":"product_brand","embeddable":true,"href":"https:\/\/sandrovanini.ch\/fr\/wp-json\/wp\/v2\/product_brand?post=7408"},{"taxonomy":"product_cat","embeddable":true,"href":"https:\/\/sandrovanini.ch\/fr\/wp-json\/wp\/v2\/product_cat?post=7408"},{"taxonomy":"product_tag","embeddable":true,"href":"https:\/\/sandrovanini.ch\/fr\/wp-json\/wp\/v2\/product_tag?post=7408"}],"curies":[{"name":"wp","href":"https:\/\/api.w.org\/{rel}","templated":true}]}}