{"id":6915,"date":"2023-05-10T15:43:01","date_gmt":"2023-05-10T13:43:01","guid":{"rendered":"https:\/\/sandrovanini.ch\/?post_type=product&#038;p=6915"},"modified":"2024-09-30T15:37:39","modified_gmt":"2024-09-30T13:37:39","slug":"tradition-du-tessin","status":"publish","type":"product","link":"https:\/\/sandrovanini.ch\/fr\/produit\/tradition-du-tessin\/","title":{"rendered":"Tradition du Tessin"},"content":{"rendered":"<p>Un panier original compos\u00e9 d&rsquo;une s\u00e9lection exclusive de sp\u00e9cialit\u00e9s tessinoises. Un cadeau traditionnel et gourmand avec des produits Sandro Vanini.<\/p>\n<p>&nbsp;<\/p>\n<p><strong>Contient:<\/strong><\/p>\n<p>Bo\u00eete de Marrons Glac\u00e9s (18 pz, 324 gr)<\/p>\n<p>Amarenata (480 gr)<\/p>\n<p>Cerises cocktail au marasquin (250 gr)<\/p>\n<p>Ch\u00e2taignes au naturel (280 gr)<\/p>\n<p>Mostarda de fruits (500 gr)<\/p>\n<p>Marrons glac\u00e9s en morceaux (300 gr)<\/p>\n<p>Mostarda Pur\u00e9e de figues rouge (200 ml)<\/p>\n<p>Mostarda Pur\u00e9e au gingembre (200ml)<\/p>\n<p>Mostarda Pur\u00e9e de poires (200 ml)<\/p>\n<p>Mostarda Pur\u00e9e de coings (200 ml)<\/p>\n<p>Mostarda Pur\u00e9e de figues vertes (200 ml)<\/p>\n<p>&nbsp;<\/p>\n<p><em>Pour obtenir plus d&rsquo;informations sur les produits et les allerg\u00e8nes, veuillez nous contacter \u00e0 l\u2019adresse suivante : <a href=\"mailto:vanini@sandrovanini.ch\">vanini@sandrovanini.ch<\/a><\/em><\/p>\n","protected":false},"excerpt":{"rendered":"<p><strong>Plateau en carton recyclable 400x290x115h<\/strong><\/p>\n","protected":false},"featured_media":8417,"comment_status":"closed","ping_status":"closed","template":"","meta":{"_acf_changed":false},"product_brand":[],"product_cat":[211],"product_tag":[],"class_list":{"0":"post-6915","1":"product","2":"type-product","3":"status-publish","4":"has-post-thumbnail","6":"product_cat-cadeaux","8":"first","9":"instock","10":"taxable","11":"shipping-taxable","12":"purchasable","13":"product-type-simple"},"acf":[],"yoast_head":"<!-- This site is optimized with the Yoast SEO plugin v27.3 - https:\/\/yoast.com\/product\/yoast-seo-wordpress\/ -->\n<title>Tradition du Tessin - Sandro Vanini SA<\/title>\n<meta name=\"description\" content=\"Un panier original avec une s\u00e9lection exclusive de sp\u00e9cialit\u00e9s tessinoises. Un cadeau traditionnel et savoureux avec les produits Sandro Vanini.\" \/>\n<meta name=\"robots\" content=\"index, follow, max-snippet:-1, max-image-preview:large, max-video-preview:-1\" \/>\n<link rel=\"canonical\" href=\"https:\/\/sandrovanini.ch\/fr\/produit\/tradition-du-tessin\/\" \/>\n<meta property=\"og:locale\" content=\"fr_FR\" \/>\n<meta property=\"og:type\" content=\"article\" \/>\n<meta property=\"og:title\" content=\"Tradition du Tessin - Sandro Vanini SA\" \/>\n<meta property=\"og:description\" content=\"Un panier original avec une s\u00e9lection exclusive de sp\u00e9cialit\u00e9s tessinoises. Un cadeau traditionnel et savoureux avec les produits Sandro Vanini.\" \/>\n<meta property=\"og:url\" content=\"https:\/\/sandrovanini.ch\/fr\/produit\/tradition-du-tessin\/\" \/>\n<meta property=\"og:site_name\" content=\"Sandro Vanini SA\" \/>\n<meta property=\"article:modified_time\" content=\"2024-09-30T13:37:39+00:00\" \/>\n<meta property=\"og:image\" content=\"https:\/\/sandrovanini.ch\/vaniniwpsite\/wp-content\/uploads\/T_29478_VAN_CESTO_2.png\" \/>\n\t<meta property=\"og:image:width\" content=\"600\" \/>\n\t<meta property=\"og:image:height\" content=\"600\" \/>\n\t<meta property=\"og:image:type\" content=\"image\/png\" \/>\n<meta name=\"twitter:card\" content=\"summary_large_image\" \/>\n<meta name=\"twitter:label1\" content=\"Dur\u00e9e de lecture estim\u00e9e\" \/>\n\t<meta name=\"twitter:data1\" content=\"1 minute\" \/>\n<script type=\"application\/ld+json\" class=\"yoast-schema-graph\">{\"@context\":\"https:\\\/\\\/schema.org\",\"@graph\":[{\"@type\":\"WebPage\",\"@id\":\"https:\\\/\\\/sandrovanini.ch\\\/fr\\\/produit\\\/tradition-du-tessin\\\/\",\"url\":\"https:\\\/\\\/sandrovanini.ch\\\/fr\\\/produit\\\/tradition-du-tessin\\\/\",\"name\":\"Tradition du Tessin - Sandro Vanini SA\",\"isPartOf\":{\"@id\":\"https:\\\/\\\/sandrovanini.ch\\\/#website\"},\"primaryImageOfPage\":{\"@id\":\"https:\\\/\\\/sandrovanini.ch\\\/fr\\\/produit\\\/tradition-du-tessin\\\/#primaryimage\"},\"image\":{\"@id\":\"https:\\\/\\\/sandrovanini.ch\\\/fr\\\/produit\\\/tradition-du-tessin\\\/#primaryimage\"},\"thumbnailUrl\":\"https:\\\/\\\/sandrovanini.ch\\\/vaniniwpsite\\\/wp-content\\\/uploads\\\/T_29478_VAN_CESTO_2.png\",\"datePublished\":\"2023-05-10T13:43:01+00:00\",\"dateModified\":\"2024-09-30T13:37:39+00:00\",\"description\":\"Un panier original avec une s\u00e9lection exclusive de sp\u00e9cialit\u00e9s tessinoises. Un cadeau traditionnel et savoureux avec les produits Sandro Vanini.\",\"breadcrumb\":{\"@id\":\"https:\\\/\\\/sandrovanini.ch\\\/fr\\\/produit\\\/tradition-du-tessin\\\/#breadcrumb\"},\"inLanguage\":\"fr-FR\",\"potentialAction\":[{\"@type\":\"ReadAction\",\"target\":[\"https:\\\/\\\/sandrovanini.ch\\\/fr\\\/produit\\\/tradition-du-tessin\\\/\"]}]},{\"@type\":\"ImageObject\",\"inLanguage\":\"fr-FR\",\"@id\":\"https:\\\/\\\/sandrovanini.ch\\\/fr\\\/produit\\\/tradition-du-tessin\\\/#primaryimage\",\"url\":\"https:\\\/\\\/sandrovanini.ch\\\/vaniniwpsite\\\/wp-content\\\/uploads\\\/T_29478_VAN_CESTO_2.png\",\"contentUrl\":\"https:\\\/\\\/sandrovanini.ch\\\/vaniniwpsite\\\/wp-content\\\/uploads\\\/T_29478_VAN_CESTO_2.png\",\"width\":600,\"height\":600},{\"@type\":\"BreadcrumbList\",\"@id\":\"https:\\\/\\\/sandrovanini.ch\\\/fr\\\/produit\\\/tradition-du-tessin\\\/#breadcrumb\",\"itemListElement\":[{\"@type\":\"ListItem\",\"position\":1,\"name\":\"Home\",\"item\":\"https:\\\/\\\/sandrovanini.ch\\\/fr\\\/\"},{\"@type\":\"ListItem\",\"position\":2,\"name\":\"Prodotti\",\"item\":\"https:\\\/\\\/sandrovanini.ch\\\/shop\\\/\"},{\"@type\":\"ListItem\",\"position\":3,\"name\":\"Tradition du Tessin\"}]},{\"@type\":\"WebSite\",\"@id\":\"https:\\\/\\\/sandrovanini.ch\\\/#website\",\"url\":\"https:\\\/\\\/sandrovanini.ch\\\/\",\"name\":\"Sandro Vanini SA\",\"description\":\"Delizie da vivere\",\"publisher\":{\"@id\":\"https:\\\/\\\/sandrovanini.ch\\\/#organization\"},\"potentialAction\":[{\"@type\":\"SearchAction\",\"target\":{\"@type\":\"EntryPoint\",\"urlTemplate\":\"https:\\\/\\\/sandrovanini.ch\\\/?s={search_term_string}\"},\"query-input\":{\"@type\":\"PropertyValueSpecification\",\"valueRequired\":true,\"valueName\":\"search_term_string\"}}],\"inLanguage\":\"fr-FR\"},{\"@type\":\"Organization\",\"@id\":\"https:\\\/\\\/sandrovanini.ch\\\/#organization\",\"name\":\"Sandro Vanini SA\",\"url\":\"https:\\\/\\\/sandrovanini.ch\\\/\",\"logo\":{\"@type\":\"ImageObject\",\"inLanguage\":\"fr-FR\",\"@id\":\"https:\\\/\\\/sandrovanini.ch\\\/#\\\/schema\\\/logo\\\/image\\\/\",\"url\":\"https:\\\/\\\/sandrovanini.ch\\\/vaniniwpsite\\\/wp-content\\\/uploads\\\/SANDRO-VANINI-LOGO-2021.png\",\"contentUrl\":\"https:\\\/\\\/sandrovanini.ch\\\/vaniniwpsite\\\/wp-content\\\/uploads\\\/SANDRO-VANINI-LOGO-2021.png\",\"width\":300,\"height\":129,\"caption\":\"Sandro Vanini SA\"},\"image\":{\"@id\":\"https:\\\/\\\/sandrovanini.ch\\\/#\\\/schema\\\/logo\\\/image\\\/\"}}]}<\/script>\n<!-- \/ Yoast SEO plugin. -->","yoast_head_json":{"title":"Tradition du Tessin - Sandro Vanini SA","description":"Un panier original avec une s\u00e9lection exclusive de sp\u00e9cialit\u00e9s tessinoises. Un cadeau traditionnel et savoureux avec les produits Sandro Vanini.","robots":{"index":"index","follow":"follow","max-snippet":"max-snippet:-1","max-image-preview":"max-image-preview:large","max-video-preview":"max-video-preview:-1"},"canonical":"https:\/\/sandrovanini.ch\/fr\/produit\/tradition-du-tessin\/","og_locale":"fr_FR","og_type":"article","og_title":"Tradition du Tessin - Sandro Vanini SA","og_description":"Un panier original avec une s\u00e9lection exclusive de sp\u00e9cialit\u00e9s tessinoises. Un cadeau traditionnel et savoureux avec les produits Sandro Vanini.","og_url":"https:\/\/sandrovanini.ch\/fr\/produit\/tradition-du-tessin\/","og_site_name":"Sandro Vanini SA","article_modified_time":"2024-09-30T13:37:39+00:00","og_image":[{"width":600,"height":600,"url":"https:\/\/sandrovanini.ch\/vaniniwpsite\/wp-content\/uploads\/T_29478_VAN_CESTO_2.png","type":"image\/png"}],"twitter_card":"summary_large_image","twitter_misc":{"Dur\u00e9e de lecture estim\u00e9e":"1 minute"},"schema":{"@context":"https:\/\/schema.org","@graph":[{"@type":"WebPage","@id":"https:\/\/sandrovanini.ch\/fr\/produit\/tradition-du-tessin\/","url":"https:\/\/sandrovanini.ch\/fr\/produit\/tradition-du-tessin\/","name":"Tradition du Tessin - Sandro Vanini SA","isPartOf":{"@id":"https:\/\/sandrovanini.ch\/#website"},"primaryImageOfPage":{"@id":"https:\/\/sandrovanini.ch\/fr\/produit\/tradition-du-tessin\/#primaryimage"},"image":{"@id":"https:\/\/sandrovanini.ch\/fr\/produit\/tradition-du-tessin\/#primaryimage"},"thumbnailUrl":"https:\/\/sandrovanini.ch\/vaniniwpsite\/wp-content\/uploads\/T_29478_VAN_CESTO_2.png","datePublished":"2023-05-10T13:43:01+00:00","dateModified":"2024-09-30T13:37:39+00:00","description":"Un panier original avec une s\u00e9lection exclusive de sp\u00e9cialit\u00e9s tessinoises. Un cadeau traditionnel et savoureux avec les produits Sandro Vanini.","breadcrumb":{"@id":"https:\/\/sandrovanini.ch\/fr\/produit\/tradition-du-tessin\/#breadcrumb"},"inLanguage":"fr-FR","potentialAction":[{"@type":"ReadAction","target":["https:\/\/sandrovanini.ch\/fr\/produit\/tradition-du-tessin\/"]}]},{"@type":"ImageObject","inLanguage":"fr-FR","@id":"https:\/\/sandrovanini.ch\/fr\/produit\/tradition-du-tessin\/#primaryimage","url":"https:\/\/sandrovanini.ch\/vaniniwpsite\/wp-content\/uploads\/T_29478_VAN_CESTO_2.png","contentUrl":"https:\/\/sandrovanini.ch\/vaniniwpsite\/wp-content\/uploads\/T_29478_VAN_CESTO_2.png","width":600,"height":600},{"@type":"BreadcrumbList","@id":"https:\/\/sandrovanini.ch\/fr\/produit\/tradition-du-tessin\/#breadcrumb","itemListElement":[{"@type":"ListItem","position":1,"name":"Home","item":"https:\/\/sandrovanini.ch\/fr\/"},{"@type":"ListItem","position":2,"name":"Prodotti","item":"https:\/\/sandrovanini.ch\/shop\/"},{"@type":"ListItem","position":3,"name":"Tradition du Tessin"}]},{"@type":"WebSite","@id":"https:\/\/sandrovanini.ch\/#website","url":"https:\/\/sandrovanini.ch\/","name":"Sandro Vanini SA","description":"Delizie da vivere","publisher":{"@id":"https:\/\/sandrovanini.ch\/#organization"},"potentialAction":[{"@type":"SearchAction","target":{"@type":"EntryPoint","urlTemplate":"https:\/\/sandrovanini.ch\/?s={search_term_string}"},"query-input":{"@type":"PropertyValueSpecification","valueRequired":true,"valueName":"search_term_string"}}],"inLanguage":"fr-FR"},{"@type":"Organization","@id":"https:\/\/sandrovanini.ch\/#organization","name":"Sandro Vanini SA","url":"https:\/\/sandrovanini.ch\/","logo":{"@type":"ImageObject","inLanguage":"fr-FR","@id":"https:\/\/sandrovanini.ch\/#\/schema\/logo\/image\/","url":"https:\/\/sandrovanini.ch\/vaniniwpsite\/wp-content\/uploads\/SANDRO-VANINI-LOGO-2021.png","contentUrl":"https:\/\/sandrovanini.ch\/vaniniwpsite\/wp-content\/uploads\/SANDRO-VANINI-LOGO-2021.png","width":300,"height":129,"caption":"Sandro Vanini SA"},"image":{"@id":"https:\/\/sandrovanini.ch\/#\/schema\/logo\/image\/"}}]}},"_links":{"self":[{"href":"https:\/\/sandrovanini.ch\/fr\/wp-json\/wp\/v2\/product\/6915","targetHints":{"allow":["GET"]}}],"collection":[{"href":"https:\/\/sandrovanini.ch\/fr\/wp-json\/wp\/v2\/product"}],"about":[{"href":"https:\/\/sandrovanini.ch\/fr\/wp-json\/wp\/v2\/types\/product"}],"replies":[{"embeddable":true,"href":"https:\/\/sandrovanini.ch\/fr\/wp-json\/wp\/v2\/comments?post=6915"}],"wp:featuredmedia":[{"embeddable":true,"href":"https:\/\/sandrovanini.ch\/fr\/wp-json\/wp\/v2\/media\/8417"}],"wp:attachment":[{"href":"https:\/\/sandrovanini.ch\/fr\/wp-json\/wp\/v2\/media?parent=6915"}],"wp:term":[{"taxonomy":"product_brand","embeddable":true,"href":"https:\/\/sandrovanini.ch\/fr\/wp-json\/wp\/v2\/product_brand?post=6915"},{"taxonomy":"product_cat","embeddable":true,"href":"https:\/\/sandrovanini.ch\/fr\/wp-json\/wp\/v2\/product_cat?post=6915"},{"taxonomy":"product_tag","embeddable":true,"href":"https:\/\/sandrovanini.ch\/fr\/wp-json\/wp\/v2\/product_tag?post=6915"}],"curies":[{"name":"wp","href":"https:\/\/api.w.org\/{rel}","templated":true}]}}