{"id":4692,"date":"2021-08-11T19:39:08","date_gmt":"2021-08-11T17:39:08","guid":{"rendered":"https:\/\/sandrovanini.ch\/vaniniwpsite\/prodotto\/amarenata\/"},"modified":"2025-01-14T16:26:50","modified_gmt":"2025-01-14T15:26:50","slug":"amarenata","status":"publish","type":"product","link":"https:\/\/sandrovanini.ch\/fr\/produit\/amarenata\/","title":{"rendered":"Amarenata"},"content":{"rendered":"<p>L&rsquo;amarenata est une sp\u00e9cialit\u00e9 typiquement italienne que Sandro Vanini a apport\u00e9e dans le canton du Tessin.<\/p>\n<p>&nbsp;<\/p>\n<p>Le fruit sucr\u00e9 de la cerise est d\u00e9licatement caram\u00e9lis\u00e9 dans le sirop et infus\u00e9 avec de l&rsquo;huile d&rsquo;amande et de la vanille pour lui donner ce go\u00fbt unique et d\u00e9licieux.<\/p>\n<p>&nbsp;<\/p>\n<p>L&rsquo;ingr\u00e9dient parfait pour rendre chaque dessert exclusif et sp\u00e9cial. Si polyvalent et appr\u00e9ci\u00e9 de tous les consommateurs, il permet de pr\u00e9parer diff\u00e9rentes recettes, en d\u00e9corant et en garnissant facilement de nombreux desserts : de la panna cotta au g\u00e2teau For\u00eat-Noire &#8230;<\/p>\n<p>&nbsp;<\/p>\n<p><em>Pour demander plus d&rsquo;informations sur les produits et les allerg\u00e8nes, veuillez nous contacter \u00e0 l\u2019adresse suivante: vanini@sandrovanini.ch<\/em><\/p>\n","protected":false},"excerpt":{"rendered":"<p>Pot de 480gr<\/p>\n","protected":false},"featured_media":2753,"comment_status":"closed","ping_status":"closed","template":"","meta":{"_acf_changed":false},"product_brand":[],"product_cat":[124],"product_tag":[],"class_list":{"0":"post-4692","1":"product","2":"type-product","3":"status-publish","4":"has-post-thumbnail","6":"product_cat-specialites-de-fruits","8":"first","9":"instock","10":"taxable","11":"shipping-taxable","12":"purchasable","13":"product-type-simple"},"acf":[],"yoast_head":"<!-- This site is optimized with the Yoast SEO plugin v27.3 - https:\/\/yoast.com\/product\/yoast-seo-wordpress\/ -->\n<title>Amarenata - Sandro Vanini SA<\/title>\n<meta name=\"robots\" content=\"index, follow, max-snippet:-1, max-image-preview:large, max-video-preview:-1\" \/>\n<link rel=\"canonical\" href=\"https:\/\/sandrovanini.ch\/fr\/produit\/amarenata\/\" \/>\n<meta property=\"og:locale\" content=\"fr_FR\" \/>\n<meta property=\"og:type\" content=\"article\" \/>\n<meta property=\"og:title\" content=\"Amarenata - Sandro Vanini SA\" \/>\n<meta property=\"og:description\" content=\"Pot de 480gr\" \/>\n<meta property=\"og:url\" content=\"https:\/\/sandrovanini.ch\/fr\/produit\/amarenata\/\" \/>\n<meta property=\"og:site_name\" content=\"Sandro Vanini SA\" \/>\n<meta property=\"article:modified_time\" content=\"2025-01-14T15:26:50+00:00\" \/>\n<meta property=\"og:image\" content=\"https:\/\/sandrovanini.ch\/vaniniwpsite\/wp-content\/uploads\/SV-3201-amarenata-fruit.png\" \/>\n\t<meta property=\"og:image:width\" content=\"600\" \/>\n\t<meta property=\"og:image:height\" content=\"601\" \/>\n\t<meta property=\"og:image:type\" content=\"image\/png\" \/>\n<meta name=\"twitter:card\" content=\"summary_large_image\" \/>\n<meta name=\"twitter:label1\" content=\"Dur\u00e9e de lecture estim\u00e9e\" \/>\n\t<meta name=\"twitter:data1\" content=\"1 minute\" \/>\n<script type=\"application\/ld+json\" class=\"yoast-schema-graph\">{\"@context\":\"https:\\\/\\\/schema.org\",\"@graph\":[{\"@type\":\"WebPage\",\"@id\":\"https:\\\/\\\/sandrovanini.ch\\\/fr\\\/produit\\\/amarenata\\\/\",\"url\":\"https:\\\/\\\/sandrovanini.ch\\\/fr\\\/produit\\\/amarenata\\\/\",\"name\":\"Amarenata - Sandro Vanini SA\",\"isPartOf\":{\"@id\":\"https:\\\/\\\/sandrovanini.ch\\\/#website\"},\"primaryImageOfPage\":{\"@id\":\"https:\\\/\\\/sandrovanini.ch\\\/fr\\\/produit\\\/amarenata\\\/#primaryimage\"},\"image\":{\"@id\":\"https:\\\/\\\/sandrovanini.ch\\\/fr\\\/produit\\\/amarenata\\\/#primaryimage\"},\"thumbnailUrl\":\"https:\\\/\\\/sandrovanini.ch\\\/vaniniwpsite\\\/wp-content\\\/uploads\\\/SV-3201-amarenata-fruit.png\",\"datePublished\":\"2021-08-11T17:39:08+00:00\",\"dateModified\":\"2025-01-14T15:26:50+00:00\",\"breadcrumb\":{\"@id\":\"https:\\\/\\\/sandrovanini.ch\\\/fr\\\/produit\\\/amarenata\\\/#breadcrumb\"},\"inLanguage\":\"fr-FR\",\"potentialAction\":[{\"@type\":\"ReadAction\",\"target\":[\"https:\\\/\\\/sandrovanini.ch\\\/fr\\\/produit\\\/amarenata\\\/\"]}]},{\"@type\":\"ImageObject\",\"inLanguage\":\"fr-FR\",\"@id\":\"https:\\\/\\\/sandrovanini.ch\\\/fr\\\/produit\\\/amarenata\\\/#primaryimage\",\"url\":\"https:\\\/\\\/sandrovanini.ch\\\/vaniniwpsite\\\/wp-content\\\/uploads\\\/SV-3201-amarenata-fruit.png\",\"contentUrl\":\"https:\\\/\\\/sandrovanini.ch\\\/vaniniwpsite\\\/wp-content\\\/uploads\\\/SV-3201-amarenata-fruit.png\",\"width\":600,\"height\":601},{\"@type\":\"BreadcrumbList\",\"@id\":\"https:\\\/\\\/sandrovanini.ch\\\/fr\\\/produit\\\/amarenata\\\/#breadcrumb\",\"itemListElement\":[{\"@type\":\"ListItem\",\"position\":1,\"name\":\"Home\",\"item\":\"https:\\\/\\\/sandrovanini.ch\\\/fr\\\/\"},{\"@type\":\"ListItem\",\"position\":2,\"name\":\"Prodotti\",\"item\":\"https:\\\/\\\/sandrovanini.ch\\\/shop\\\/\"},{\"@type\":\"ListItem\",\"position\":3,\"name\":\"Amarenata\"}]},{\"@type\":\"WebSite\",\"@id\":\"https:\\\/\\\/sandrovanini.ch\\\/#website\",\"url\":\"https:\\\/\\\/sandrovanini.ch\\\/\",\"name\":\"Sandro Vanini SA\",\"description\":\"Delizie da vivere\",\"publisher\":{\"@id\":\"https:\\\/\\\/sandrovanini.ch\\\/#organization\"},\"potentialAction\":[{\"@type\":\"SearchAction\",\"target\":{\"@type\":\"EntryPoint\",\"urlTemplate\":\"https:\\\/\\\/sandrovanini.ch\\\/?s={search_term_string}\"},\"query-input\":{\"@type\":\"PropertyValueSpecification\",\"valueRequired\":true,\"valueName\":\"search_term_string\"}}],\"inLanguage\":\"fr-FR\"},{\"@type\":\"Organization\",\"@id\":\"https:\\\/\\\/sandrovanini.ch\\\/#organization\",\"name\":\"Sandro Vanini SA\",\"url\":\"https:\\\/\\\/sandrovanini.ch\\\/\",\"logo\":{\"@type\":\"ImageObject\",\"inLanguage\":\"fr-FR\",\"@id\":\"https:\\\/\\\/sandrovanini.ch\\\/#\\\/schema\\\/logo\\\/image\\\/\",\"url\":\"https:\\\/\\\/sandrovanini.ch\\\/vaniniwpsite\\\/wp-content\\\/uploads\\\/SANDRO-VANINI-LOGO-2021.png\",\"contentUrl\":\"https:\\\/\\\/sandrovanini.ch\\\/vaniniwpsite\\\/wp-content\\\/uploads\\\/SANDRO-VANINI-LOGO-2021.png\",\"width\":300,\"height\":129,\"caption\":\"Sandro Vanini SA\"},\"image\":{\"@id\":\"https:\\\/\\\/sandrovanini.ch\\\/#\\\/schema\\\/logo\\\/image\\\/\"}}]}<\/script>\n<!-- \/ Yoast SEO plugin. -->","yoast_head_json":{"title":"Amarenata - Sandro Vanini SA","robots":{"index":"index","follow":"follow","max-snippet":"max-snippet:-1","max-image-preview":"max-image-preview:large","max-video-preview":"max-video-preview:-1"},"canonical":"https:\/\/sandrovanini.ch\/fr\/produit\/amarenata\/","og_locale":"fr_FR","og_type":"article","og_title":"Amarenata - Sandro Vanini SA","og_description":"Pot de 480gr","og_url":"https:\/\/sandrovanini.ch\/fr\/produit\/amarenata\/","og_site_name":"Sandro Vanini SA","article_modified_time":"2025-01-14T15:26:50+00:00","og_image":[{"width":600,"height":601,"url":"https:\/\/sandrovanini.ch\/vaniniwpsite\/wp-content\/uploads\/SV-3201-amarenata-fruit.png","type":"image\/png"}],"twitter_card":"summary_large_image","twitter_misc":{"Dur\u00e9e de lecture estim\u00e9e":"1 minute"},"schema":{"@context":"https:\/\/schema.org","@graph":[{"@type":"WebPage","@id":"https:\/\/sandrovanini.ch\/fr\/produit\/amarenata\/","url":"https:\/\/sandrovanini.ch\/fr\/produit\/amarenata\/","name":"Amarenata - Sandro Vanini SA","isPartOf":{"@id":"https:\/\/sandrovanini.ch\/#website"},"primaryImageOfPage":{"@id":"https:\/\/sandrovanini.ch\/fr\/produit\/amarenata\/#primaryimage"},"image":{"@id":"https:\/\/sandrovanini.ch\/fr\/produit\/amarenata\/#primaryimage"},"thumbnailUrl":"https:\/\/sandrovanini.ch\/vaniniwpsite\/wp-content\/uploads\/SV-3201-amarenata-fruit.png","datePublished":"2021-08-11T17:39:08+00:00","dateModified":"2025-01-14T15:26:50+00:00","breadcrumb":{"@id":"https:\/\/sandrovanini.ch\/fr\/produit\/amarenata\/#breadcrumb"},"inLanguage":"fr-FR","potentialAction":[{"@type":"ReadAction","target":["https:\/\/sandrovanini.ch\/fr\/produit\/amarenata\/"]}]},{"@type":"ImageObject","inLanguage":"fr-FR","@id":"https:\/\/sandrovanini.ch\/fr\/produit\/amarenata\/#primaryimage","url":"https:\/\/sandrovanini.ch\/vaniniwpsite\/wp-content\/uploads\/SV-3201-amarenata-fruit.png","contentUrl":"https:\/\/sandrovanini.ch\/vaniniwpsite\/wp-content\/uploads\/SV-3201-amarenata-fruit.png","width":600,"height":601},{"@type":"BreadcrumbList","@id":"https:\/\/sandrovanini.ch\/fr\/produit\/amarenata\/#breadcrumb","itemListElement":[{"@type":"ListItem","position":1,"name":"Home","item":"https:\/\/sandrovanini.ch\/fr\/"},{"@type":"ListItem","position":2,"name":"Prodotti","item":"https:\/\/sandrovanini.ch\/shop\/"},{"@type":"ListItem","position":3,"name":"Amarenata"}]},{"@type":"WebSite","@id":"https:\/\/sandrovanini.ch\/#website","url":"https:\/\/sandrovanini.ch\/","name":"Sandro Vanini SA","description":"Delizie da vivere","publisher":{"@id":"https:\/\/sandrovanini.ch\/#organization"},"potentialAction":[{"@type":"SearchAction","target":{"@type":"EntryPoint","urlTemplate":"https:\/\/sandrovanini.ch\/?s={search_term_string}"},"query-input":{"@type":"PropertyValueSpecification","valueRequired":true,"valueName":"search_term_string"}}],"inLanguage":"fr-FR"},{"@type":"Organization","@id":"https:\/\/sandrovanini.ch\/#organization","name":"Sandro Vanini SA","url":"https:\/\/sandrovanini.ch\/","logo":{"@type":"ImageObject","inLanguage":"fr-FR","@id":"https:\/\/sandrovanini.ch\/#\/schema\/logo\/image\/","url":"https:\/\/sandrovanini.ch\/vaniniwpsite\/wp-content\/uploads\/SANDRO-VANINI-LOGO-2021.png","contentUrl":"https:\/\/sandrovanini.ch\/vaniniwpsite\/wp-content\/uploads\/SANDRO-VANINI-LOGO-2021.png","width":300,"height":129,"caption":"Sandro Vanini SA"},"image":{"@id":"https:\/\/sandrovanini.ch\/#\/schema\/logo\/image\/"}}]}},"_links":{"self":[{"href":"https:\/\/sandrovanini.ch\/fr\/wp-json\/wp\/v2\/product\/4692","targetHints":{"allow":["GET"]}}],"collection":[{"href":"https:\/\/sandrovanini.ch\/fr\/wp-json\/wp\/v2\/product"}],"about":[{"href":"https:\/\/sandrovanini.ch\/fr\/wp-json\/wp\/v2\/types\/product"}],"replies":[{"embeddable":true,"href":"https:\/\/sandrovanini.ch\/fr\/wp-json\/wp\/v2\/comments?post=4692"}],"wp:featuredmedia":[{"embeddable":true,"href":"https:\/\/sandrovanini.ch\/fr\/wp-json\/wp\/v2\/media\/2753"}],"wp:attachment":[{"href":"https:\/\/sandrovanini.ch\/fr\/wp-json\/wp\/v2\/media?parent=4692"}],"wp:term":[{"taxonomy":"product_brand","embeddable":true,"href":"https:\/\/sandrovanini.ch\/fr\/wp-json\/wp\/v2\/product_brand?post=4692"},{"taxonomy":"product_cat","embeddable":true,"href":"https:\/\/sandrovanini.ch\/fr\/wp-json\/wp\/v2\/product_cat?post=4692"},{"taxonomy":"product_tag","embeddable":true,"href":"https:\/\/sandrovanini.ch\/fr\/wp-json\/wp\/v2\/product_tag?post=4692"}],"curies":[{"name":"wp","href":"https:\/\/api.w.org\/{rel}","templated":true}]}}