{"id":4845,"date":"2021-10-30T12:37:40","date_gmt":"2021-10-30T10:37:40","guid":{"rendered":"https:\/\/sandrovanini.ch\/vaniniwpsite\/cookie-policy\/"},"modified":"2023-07-17T13:26:35","modified_gmt":"2023-07-17T11:26:35","slug":"cookie-policy","status":"publish","type":"page","link":"https:\/\/sandrovanini.ch\/fr\/cookie-policy\/","title":{"rendered":"Cookie Policy"},"content":{"rendered":"<div class=\"wpb-content-wrapper\"><p>[vc_row css_animation=\u00a0\u00bb\u00a0\u00bb row_type=\u00a0\u00bbrow\u00a0\u00bb use_row_as_full_screen_section=\u00a0\u00bbno\u00a0\u00bb type=\u00a0\u00bbfull_width\u00a0\u00bb angled_section=\u00a0\u00bbno\u00a0\u00bb text_align=\u00a0\u00bbleft\u00a0\u00bb background_image_as_pattern=\u00a0\u00bbwithout_pattern\u00a0\u00bb z_index=\u00a0\u00bb\u00a0\u00bb][vc_column][vc_single_image image=\u00a0\u00bb32&Prime; img_size=\u00a0\u00bbfull\u00a0\u00bb alignment=\u00a0\u00bbcenter\u00a0\u00bb qode_css_animation=\u00a0\u00bb\u00a0\u00bb css=\u00a0\u00bb.vc_custom_1630050451964{margin-bottom: 64px !important;}\u00a0\u00bb][vc_column_text]<\/p>\n<h1>Cookie policy<\/h1>\n<p>[\/vc_column_text][vc_empty_space][vc_column_text]<script id=\"CookieDeclaration\" src=\"https:\/\/consent.cookiebot.com\/6c139826-2240-457c-98bd-6a0de5112f4a\/cd.js\" type=\"text\/javascript\" async><\/script>[\/vc_column_text][vc_column_text]Transparence vis-\u00e0-vis de l&rsquo;utilisateur: par l&rsquo;utilisation de cookies Google, nous pouvons \u00eatre amen\u00e9s \u00e0 transf\u00e9rer certaines informations personnelles (telles que l&rsquo;adresse IP de l&rsquo;appareil de l&rsquo;utilisateur, le navigateur utilis\u00e9, le syst\u00e8me d&rsquo;exploitation, la r\u00e9solution de l&rsquo;\u00e9cran, la langue s\u00e9lectionn\u00e9e, la date et l&rsquo;heure de la visite du site) vers des pays qui, selon le Pr\u00e9pos\u00e9 f\u00e9d\u00e9ral \u00e0 la protection des donn\u00e9es et \u00e0 la transparence (PFPDT) et la Commission europ\u00e9enne, n&rsquo;offrent pas une protection ad\u00e9quate des donn\u00e9es ; ces pays comprennent les \u00c9tats-Unis d&rsquo;Am\u00e9rique. En outre, Google, en tant que \u00ab\u00a0fournisseur de services de communication \u00e9lectronique\u00a0\u00bb, conform\u00e9ment \u00e0 l&rsquo;article 1881, section 4(b), titre 50 du code des \u00c9tats-Unis (la loi dite \u00ab\u00a0Foreign Intelligence Surveillance Ac\u00a0\u00bb &#8211; FISA 702), est soumis \u00e0 la surveillance des agences de renseignement am\u00e9ricaines, qui peuvent donc collecter des identifiants en ligne, tels que les adresses IP et les \u00ab\u00a0num\u00e9ros d&rsquo;identification uniques\u00a0\u00bb ; cette surveillance est encore renforc\u00e9e par la mesure f\u00e9d\u00e9rale connue sous le nom de \u00ab\u00a0Cloud Act\u00a0\u00bb (\u00ab\u00a0Clarification de la politique de confidentialit\u00e9\u00a0\u00bb). \u00ab\u00a0Cloud Act\u00a0\u00bb (\u00ab\u00a0Clarifying Lawful Overseas Use of Data Act\u00a0\u00bb), introduite en mars 2018, qui permet \u00e0 ces agences d&rsquo;acqu\u00e9rir des donn\u00e9es informatiques aupr\u00e8s d&rsquo;op\u00e9rateurs de services d&rsquo;informatique en nuage, m\u00eame lorsque les serveurs sont situ\u00e9s en Europe. Par cons\u00e9quent, en donnant votre consentement \u00e0 l&rsquo;utilisation de ces cookies, vous acceptez d&rsquo;assumer les risques que vous pouvez encourir, sur la base des informations fournies ci-dessus.[\/vc_column_text][vc_empty_space][\/vc_column][\/vc_row]<\/p>\n<\/div>","protected":false},"excerpt":{"rendered":"<p>[vc_row css_animation=\u00a0\u00bb\u00a0\u00bb row_type=\u00a0\u00bbrow\u00a0\u00bb use_row_as_full_screen_section=\u00a0\u00bbno\u00a0\u00bb type=\u00a0\u00bbfull_width\u00a0\u00bb angled_section=\u00a0\u00bbno\u00a0\u00bb text_align=\u00a0\u00bbleft\u00a0\u00bb background_image_as_pattern=\u00a0\u00bbwithout_pattern\u00a0\u00bb z_index=\u00a0\u00bb\u00a0\u00bb][vc_column][vc_single_image image=\u00a0\u00bb32&Prime; img_size=\u00a0\u00bbfull\u00a0\u00bb alignment=\u00a0\u00bbcenter\u00a0\u00bb qode_css_animation=\u00a0\u00bb\u00a0\u00bb css=\u00a0\u00bb.vc_custom_1630050451964{margin-bottom: 64px !important;}\u00a0\u00bb][vc_column_text] Cookie policy [\/vc_column_text][vc_empty_space][vc_column_text][\/vc_column_text][vc_column_text]Transparence vis-\u00e0-vis de l&rsquo;utilisateur: par&#8230;<\/p>\n","protected":false},"author":2,"featured_media":0,"parent":0,"menu_order":0,"comment_status":"closed","ping_status":"closed","template":"","meta":{"_acf_changed":false,"footnotes":""},"class_list":["post-4845","page","type-page","status-publish","hentry"],"acf":[],"yoast_head":"<!-- This site is optimized with the Yoast SEO plugin v27.3 - https:\/\/yoast.com\/product\/yoast-seo-wordpress\/ -->\n<title>Cookie Policy - Sandro Vanini SA<\/title>\n<meta name=\"robots\" content=\"index, follow, max-snippet:-1, max-image-preview:large, max-video-preview:-1\" \/>\n<link rel=\"canonical\" href=\"https:\/\/sandrovanini.ch\/fr\/cookie-policy\/\" \/>\n<meta property=\"og:locale\" content=\"fr_FR\" \/>\n<meta property=\"og:type\" content=\"article\" \/>\n<meta property=\"og:title\" content=\"Cookie Policy - Sandro Vanini SA\" \/>\n<meta property=\"og:description\" content=\"[vc_row css_animation=\u00a0\u00bb\u00a0\u00bb row_type=\u00a0\u00bbrow\u00a0\u00bb use_row_as_full_screen_section=\u00a0\u00bbno\u00a0\u00bb type=\u00a0\u00bbfull_width\u00a0\u00bb angled_section=\u00a0\u00bbno\u00a0\u00bb text_align=\u00a0\u00bbleft\u00a0\u00bb background_image_as_pattern=\u00a0\u00bbwithout_pattern\u00a0\u00bb z_index=\u00a0\u00bb\u00a0\u00bb][vc_column][vc_single_image image=\u00a0\u00bb32&Prime; img_size=\u00a0\u00bbfull\u00a0\u00bb alignment=\u00a0\u00bbcenter\u00a0\u00bb qode_css_animation=\u00a0\u00bb\u00a0\u00bb css=\u00a0\u00bb.vc_custom_1630050451964{margin-bottom: 64px !important;}\u00a0\u00bb][vc_column_text] Cookie policy [\/vc_column_text][vc_empty_space][vc_column_text][\/vc_column_text][vc_column_text]Transparence vis-\u00e0-vis de l&rsquo;utilisateur: par...\" \/>\n<meta property=\"og:url\" content=\"https:\/\/sandrovanini.ch\/fr\/cookie-policy\/\" \/>\n<meta property=\"og:site_name\" content=\"Sandro Vanini SA\" \/>\n<meta property=\"article:modified_time\" content=\"2023-07-17T11:26:35+00:00\" \/>\n<meta name=\"twitter:card\" content=\"summary_large_image\" \/>\n<meta name=\"twitter:label1\" content=\"Dur\u00e9e de lecture estim\u00e9e\" \/>\n\t<meta name=\"twitter:data1\" content=\"1 minute\" \/>\n<script type=\"application\/ld+json\" class=\"yoast-schema-graph\">{\"@context\":\"https:\\\/\\\/schema.org\",\"@graph\":[{\"@type\":\"WebPage\",\"@id\":\"https:\\\/\\\/sandrovanini.ch\\\/fr\\\/cookie-policy\\\/\",\"url\":\"https:\\\/\\\/sandrovanini.ch\\\/fr\\\/cookie-policy\\\/\",\"name\":\"Cookie Policy - Sandro Vanini SA\",\"isPartOf\":{\"@id\":\"https:\\\/\\\/sandrovanini.ch\\\/#website\"},\"datePublished\":\"2021-10-30T10:37:40+00:00\",\"dateModified\":\"2023-07-17T11:26:35+00:00\",\"breadcrumb\":{\"@id\":\"https:\\\/\\\/sandrovanini.ch\\\/fr\\\/cookie-policy\\\/#breadcrumb\"},\"inLanguage\":\"fr-FR\",\"potentialAction\":[{\"@type\":\"ReadAction\",\"target\":[\"https:\\\/\\\/sandrovanini.ch\\\/fr\\\/cookie-policy\\\/\"]}]},{\"@type\":\"BreadcrumbList\",\"@id\":\"https:\\\/\\\/sandrovanini.ch\\\/fr\\\/cookie-policy\\\/#breadcrumb\",\"itemListElement\":[{\"@type\":\"ListItem\",\"position\":1,\"name\":\"Home\",\"item\":\"https:\\\/\\\/sandrovanini.ch\\\/fr\\\/\"},{\"@type\":\"ListItem\",\"position\":2,\"name\":\"Cookie Policy\"}]},{\"@type\":\"WebSite\",\"@id\":\"https:\\\/\\\/sandrovanini.ch\\\/#website\",\"url\":\"https:\\\/\\\/sandrovanini.ch\\\/\",\"name\":\"Sandro Vanini SA\",\"description\":\"Delizie da vivere\",\"publisher\":{\"@id\":\"https:\\\/\\\/sandrovanini.ch\\\/#organization\"},\"potentialAction\":[{\"@type\":\"SearchAction\",\"target\":{\"@type\":\"EntryPoint\",\"urlTemplate\":\"https:\\\/\\\/sandrovanini.ch\\\/?s={search_term_string}\"},\"query-input\":{\"@type\":\"PropertyValueSpecification\",\"valueRequired\":true,\"valueName\":\"search_term_string\"}}],\"inLanguage\":\"fr-FR\"},{\"@type\":\"Organization\",\"@id\":\"https:\\\/\\\/sandrovanini.ch\\\/#organization\",\"name\":\"Sandro Vanini SA\",\"url\":\"https:\\\/\\\/sandrovanini.ch\\\/\",\"logo\":{\"@type\":\"ImageObject\",\"inLanguage\":\"fr-FR\",\"@id\":\"https:\\\/\\\/sandrovanini.ch\\\/#\\\/schema\\\/logo\\\/image\\\/\",\"url\":\"https:\\\/\\\/sandrovanini.ch\\\/vaniniwpsite\\\/wp-content\\\/uploads\\\/SANDRO-VANINI-LOGO-2021.png\",\"contentUrl\":\"https:\\\/\\\/sandrovanini.ch\\\/vaniniwpsite\\\/wp-content\\\/uploads\\\/SANDRO-VANINI-LOGO-2021.png\",\"width\":300,\"height\":129,\"caption\":\"Sandro Vanini SA\"},\"image\":{\"@id\":\"https:\\\/\\\/sandrovanini.ch\\\/#\\\/schema\\\/logo\\\/image\\\/\"}}]}<\/script>\n<!-- \/ Yoast SEO plugin. -->","yoast_head_json":{"title":"Cookie Policy - Sandro Vanini SA","robots":{"index":"index","follow":"follow","max-snippet":"max-snippet:-1","max-image-preview":"max-image-preview:large","max-video-preview":"max-video-preview:-1"},"canonical":"https:\/\/sandrovanini.ch\/fr\/cookie-policy\/","og_locale":"fr_FR","og_type":"article","og_title":"Cookie Policy - Sandro Vanini SA","og_description":"[vc_row css_animation=\u00a0\u00bb\u00a0\u00bb row_type=\u00a0\u00bbrow\u00a0\u00bb use_row_as_full_screen_section=\u00a0\u00bbno\u00a0\u00bb type=\u00a0\u00bbfull_width\u00a0\u00bb angled_section=\u00a0\u00bbno\u00a0\u00bb text_align=\u00a0\u00bbleft\u00a0\u00bb background_image_as_pattern=\u00a0\u00bbwithout_pattern\u00a0\u00bb z_index=\u00a0\u00bb\u00a0\u00bb][vc_column][vc_single_image image=\u00a0\u00bb32&Prime; img_size=\u00a0\u00bbfull\u00a0\u00bb alignment=\u00a0\u00bbcenter\u00a0\u00bb qode_css_animation=\u00a0\u00bb\u00a0\u00bb css=\u00a0\u00bb.vc_custom_1630050451964{margin-bottom: 64px !important;}\u00a0\u00bb][vc_column_text] Cookie policy [\/vc_column_text][vc_empty_space][vc_column_text][\/vc_column_text][vc_column_text]Transparence vis-\u00e0-vis de l&rsquo;utilisateur: par...","og_url":"https:\/\/sandrovanini.ch\/fr\/cookie-policy\/","og_site_name":"Sandro Vanini SA","article_modified_time":"2023-07-17T11:26:35+00:00","twitter_card":"summary_large_image","twitter_misc":{"Dur\u00e9e de lecture estim\u00e9e":"1 minute"},"schema":{"@context":"https:\/\/schema.org","@graph":[{"@type":"WebPage","@id":"https:\/\/sandrovanini.ch\/fr\/cookie-policy\/","url":"https:\/\/sandrovanini.ch\/fr\/cookie-policy\/","name":"Cookie Policy - Sandro Vanini SA","isPartOf":{"@id":"https:\/\/sandrovanini.ch\/#website"},"datePublished":"2021-10-30T10:37:40+00:00","dateModified":"2023-07-17T11:26:35+00:00","breadcrumb":{"@id":"https:\/\/sandrovanini.ch\/fr\/cookie-policy\/#breadcrumb"},"inLanguage":"fr-FR","potentialAction":[{"@type":"ReadAction","target":["https:\/\/sandrovanini.ch\/fr\/cookie-policy\/"]}]},{"@type":"BreadcrumbList","@id":"https:\/\/sandrovanini.ch\/fr\/cookie-policy\/#breadcrumb","itemListElement":[{"@type":"ListItem","position":1,"name":"Home","item":"https:\/\/sandrovanini.ch\/fr\/"},{"@type":"ListItem","position":2,"name":"Cookie Policy"}]},{"@type":"WebSite","@id":"https:\/\/sandrovanini.ch\/#website","url":"https:\/\/sandrovanini.ch\/","name":"Sandro Vanini SA","description":"Delizie da vivere","publisher":{"@id":"https:\/\/sandrovanini.ch\/#organization"},"potentialAction":[{"@type":"SearchAction","target":{"@type":"EntryPoint","urlTemplate":"https:\/\/sandrovanini.ch\/?s={search_term_string}"},"query-input":{"@type":"PropertyValueSpecification","valueRequired":true,"valueName":"search_term_string"}}],"inLanguage":"fr-FR"},{"@type":"Organization","@id":"https:\/\/sandrovanini.ch\/#organization","name":"Sandro Vanini SA","url":"https:\/\/sandrovanini.ch\/","logo":{"@type":"ImageObject","inLanguage":"fr-FR","@id":"https:\/\/sandrovanini.ch\/#\/schema\/logo\/image\/","url":"https:\/\/sandrovanini.ch\/vaniniwpsite\/wp-content\/uploads\/SANDRO-VANINI-LOGO-2021.png","contentUrl":"https:\/\/sandrovanini.ch\/vaniniwpsite\/wp-content\/uploads\/SANDRO-VANINI-LOGO-2021.png","width":300,"height":129,"caption":"Sandro Vanini SA"},"image":{"@id":"https:\/\/sandrovanini.ch\/#\/schema\/logo\/image\/"}}]}},"_links":{"self":[{"href":"https:\/\/sandrovanini.ch\/fr\/wp-json\/wp\/v2\/pages\/4845","targetHints":{"allow":["GET"]}}],"collection":[{"href":"https:\/\/sandrovanini.ch\/fr\/wp-json\/wp\/v2\/pages"}],"about":[{"href":"https:\/\/sandrovanini.ch\/fr\/wp-json\/wp\/v2\/types\/page"}],"author":[{"embeddable":true,"href":"https:\/\/sandrovanini.ch\/fr\/wp-json\/wp\/v2\/users\/2"}],"replies":[{"embeddable":true,"href":"https:\/\/sandrovanini.ch\/fr\/wp-json\/wp\/v2\/comments?post=4845"}],"version-history":[{"count":3,"href":"https:\/\/sandrovanini.ch\/fr\/wp-json\/wp\/v2\/pages\/4845\/revisions"}],"predecessor-version":[{"id":7137,"href":"https:\/\/sandrovanini.ch\/fr\/wp-json\/wp\/v2\/pages\/4845\/revisions\/7137"}],"wp:attachment":[{"href":"https:\/\/sandrovanini.ch\/fr\/wp-json\/wp\/v2\/media?parent=4845"}],"curies":[{"name":"wp","href":"https:\/\/api.w.org\/{rel}","templated":true}]}}