{"id":4067,"date":"2021-09-08T18:27:00","date_gmt":"2021-09-08T16:27:00","guid":{"rendered":"https:\/\/sandrovanini.ch\/vaniniwpsite\/produits\/specialita-di-frutta\/"},"modified":"2022-07-29T15:17:03","modified_gmt":"2022-07-29T13:17:03","slug":"specialites-de-fruits","status":"publish","type":"page","link":"https:\/\/sandrovanini.ch\/fr\/produits\/specialites-de-fruits\/","title":{"rendered":"Sp\u00e9cialit\u00e9s de fruits"},"content":{"rendered":"<div class=\"wpb-content-wrapper\"><p>[vc_row css_animation=\u00a0\u00bb\u00a0\u00bb row_type=\u00a0\u00bbrow\u00a0\u00bb use_row_as_full_screen_section=\u00a0\u00bbno\u00a0\u00bb type=\u00a0\u00bbfull_width\u00a0\u00bb angled_section=\u00a0\u00bbno\u00a0\u00bb text_align=\u00a0\u00bbleft\u00a0\u00bb background_image_as_pattern=\u00a0\u00bbwithout_pattern\u00a0\u00bb css=\u00a0\u00bb.vc_custom_1659100616827{padding-top: 140px !important;padding-bottom: 140px !important;background-image: url(https:\/\/sandrovanini.ch\/vaniniwpsite\/wp-content\/uploads\/Fruit-specialties-Specialites-de-fruits-Fruchtspezialitaten-specialita-di-frutta-sandro-vanini.png?id=6030) !important;background-position: center !important;background-repeat: no-repeat !important;background-size: cover !important;}\u00a0\u00bb z_index=\u00a0\u00bb\u00a0\u00bb][vc_column]<div class=\"custom_font_holder \" style=\"font-family: Poppins; font-style: normal; font-weight: 800; color: #ffffff; text-decoration: none; text-shadow: 1px 1px 2px rgba(0, 0, 0, 0.4); text-align: center; --qode-cf-font-size: 40px; --qode-cf-line-height: 26px; --qode-cf-font-size-1440: 40px; --qode-cf-line-height-1440: 26px; --qode-cf-font-size-1366: 40px; --qode-cf-line-height-1366: 26px; --qode-cf-font-size-1280: 40px; --qode-cf-line-height-1280: 26px; --qode-cf-font-size-1024: 40px; --qode-cf-line-height-1024: 26px; --qode-cf-font-size-768: 40px; --qode-cf-line-height-768: 26px; --qode-cf-font-size-680: 40px; --qode-cf-line-height-680: 26px; --qode-cf-font-size-480: 40px; --qode-cf-line-height-480: 26px;\"><\/div>[\/vc_column][\/vc_row][vc_row css_animation=\u00a0\u00bb\u00a0\u00bb row_type=\u00a0\u00bbrow\u00a0\u00bb use_row_as_full_screen_section=\u00a0\u00bbno\u00a0\u00bb type=\u00a0\u00bbgrid\u00a0\u00bb angled_section=\u00a0\u00bbno\u00a0\u00bb text_align=\u00a0\u00bbleft\u00a0\u00bb background_image_as_pattern=\u00a0\u00bbwithout_pattern\u00a0\u00bb css=\u00a0\u00bb.vc_custom_1631111959510{padding-top: 60px !important;}\u00a0\u00bb z_index=\u00a0\u00bb\u00a0\u00bb][vc_column]<div class=\"custom_font_holder \" style=\" font-style: normal; color: #003a78; text-decoration: none; text-align: center;\">\n<h1 class=\"title-h1\">Sp\u00e9cialit\u00e9s de fruits<\/h1>\n<\/div>[vc_column_text css=\u00a0\u00bb.vc_custom_1637315243184{padding-top: 40px !important;}\u00a0\u00bb]<\/p>\n<h3 style=\"text-align: center;\">Sandro Vanini SA compl\u00e8te sa gamme de produits par sa connaissance de la transformation des fruits et des recettes traditionnelles avec des sp\u00e9cialit\u00e9s \u00e0 base de fruits telles que l&rsquo;amarenata et les cerises cocktail.<br \/>\nLes fruits soigneusement s\u00e9lectionn\u00e9s sont lav\u00e9s et cuits \u00e0 la vapeur. Puis, les ma\u00eetres confiseurs experts enrichissent les fruits avec diff\u00e9rents types de sirops aromatis\u00e9s en fonction de la pr\u00e9paration pour garantir la saveur originale.<\/h3>\n<p>[\/vc_column_text][\/vc_column][\/vc_row][vc_row css_animation=\u00a0\u00bb\u00a0\u00bb row_type=\u00a0\u00bbrow\u00a0\u00bb use_row_as_full_screen_section=\u00a0\u00bbno\u00a0\u00bb type=\u00a0\u00bbgrid\u00a0\u00bb angled_section=\u00a0\u00bbno\u00a0\u00bb text_align=\u00a0\u00bbleft\u00a0\u00bb background_image_as_pattern=\u00a0\u00bbwithout_pattern\u00a0\u00bb css=\u00a0\u00bb.vc_custom_1631112040188{padding-top: 60px !important;}\u00a0\u00bb z_index=\u00a0\u00bb\u00a0\u00bb][vc_column width=\u00a0\u00bb3\/4&Prime;]<div class=\"woocommerce columns-2 \"><ul class=\"products\">\n<li class=\"product type-product post-4692 status-publish first instock product_cat-specialites-de-fruits has-post-thumbnail taxable shipping-taxable purchasable product-type-simple\">\n\t\n\t\t\n    <div class=\"top-product-section\">\n\n        <a itemprop=\"url\" href=\"https:\/\/sandrovanini.ch\/fr\/produit\/amarenata\/\" class=\"product-category\">\n            <span class=\"image-wrapper\">\n            <img loading=\"lazy\" decoding=\"async\" width=\"300\" height=\"300\" src=\"https:\/\/sandrovanini.ch\/vaniniwpsite\/wp-content\/uploads\/SV-3201-amarenata-fruit-300x300.png\" class=\"attachment-woocommerce_thumbnail size-woocommerce_thumbnail\" alt=\"Amarenata\" srcset=\"https:\/\/sandrovanini.ch\/vaniniwpsite\/wp-content\/uploads\/SV-3201-amarenata-fruit-300x300.png 300w, https:\/\/sandrovanini.ch\/vaniniwpsite\/wp-content\/uploads\/SV-3201-amarenata-fruit-150x150.png 150w, https:\/\/sandrovanini.ch\/vaniniwpsite\/wp-content\/uploads\/SV-3201-amarenata-fruit-570x570.png 570w, https:\/\/sandrovanini.ch\/vaniniwpsite\/wp-content\/uploads\/SV-3201-amarenata-fruit-500x500.png 500w, https:\/\/sandrovanini.ch\/vaniniwpsite\/wp-content\/uploads\/SV-3201-amarenata-fruit-100x100.png 100w, https:\/\/sandrovanini.ch\/vaniniwpsite\/wp-content\/uploads\/SV-3201-amarenata-fruit.png 600w\" sizes=\"auto, (max-width: 300px) 100vw, 300px\" \/>            <\/span>\n        <\/a>\n\n\t\t<span class=\"add-to-cart-button-outer\"><span class=\"add-to-cart-button-inner\"><a href=\"\/fr\/wp-json\/wp\/v2\/pages\/4067?add-to-cart=4692\" aria-describedby=\"woocommerce_loop_add_to_cart_link_describedby_4692\" data-quantity=\"1\" class=\"button product_type_simple add_to_cart_button ajax_add_to_cart qbutton add-to-cart-button\" data-product_id=\"4692\" data-product_sku=\"3201\" aria-label=\"Ajouter au panier\u00a0: &ldquo;Amarenata&rdquo;\" rel=\"nofollow\" data-success_message=\"\u00ab\u00a0Amarenata\u00a0\u00bb a \u00e9t\u00e9 ajout\u00e9 \u00e0 votre panier\" role=\"button\">Discover<\/a><\/span><\/span>\t<span id=\"woocommerce_loop_add_to_cart_link_describedby_4692\" class=\"screen-reader-text\">\n\t\t\t<\/span>\n\n    <\/div>\n        <a itemprop=\"url\" href=\"https:\/\/sandrovanini.ch\/fr\/produit\/amarenata\/\" class=\"product-category product-info\">\n        <h6 itemprop=\"name\">Amarenata<\/h6>\n\t    \n\t    \n        \n\t<span class=\"price\"><span class=\"woocommerce-Price-amount amount\"><bdi><span class=\"woocommerce-Price-currencySymbol\">&#67;&#72;&#70;<\/span>&nbsp;8.50<\/bdi><\/span> <small class=\"woocommerce-price-suffix\">MwSt inkl.\/TVA incluse\/IVA incl.\/VAT included<\/small><\/span>\n<p class=\"font-size--16 text-align-center\">Pot de 480gr<\/p>    <\/a>\n    <\/li>\n<li class=\"product type-product post-4417 status-publish last instock product_cat-specialites-de-fruits has-post-thumbnail taxable shipping-taxable purchasable product-type-variable\">\n\t\n\t\t\n    <div class=\"top-product-section\">\n\n        <a itemprop=\"url\" href=\"https:\/\/sandrovanini.ch\/fr\/produit\/cerises-cocktail-au-marasquin\/\" class=\"product-category\">\n            <span class=\"image-wrapper\">\n            <img loading=\"lazy\" decoding=\"async\" width=\"300\" height=\"300\" src=\"https:\/\/sandrovanini.ch\/vaniniwpsite\/wp-content\/uploads\/SV-3307-cocktailcherries-250g-fruit-1-300x300.png\" class=\"attachment-woocommerce_thumbnail size-woocommerce_thumbnail\" alt=\"Cerises cocktail au marasquin\" srcset=\"https:\/\/sandrovanini.ch\/vaniniwpsite\/wp-content\/uploads\/SV-3307-cocktailcherries-250g-fruit-1-300x300.png 300w, https:\/\/sandrovanini.ch\/vaniniwpsite\/wp-content\/uploads\/SV-3307-cocktailcherries-250g-fruit-1-150x150.png 150w, https:\/\/sandrovanini.ch\/vaniniwpsite\/wp-content\/uploads\/SV-3307-cocktailcherries-250g-fruit-1-570x570.png 570w, https:\/\/sandrovanini.ch\/vaniniwpsite\/wp-content\/uploads\/SV-3307-cocktailcherries-250g-fruit-1-500x500.png 500w, https:\/\/sandrovanini.ch\/vaniniwpsite\/wp-content\/uploads\/SV-3307-cocktailcherries-250g-fruit-1-100x100.png 100w, https:\/\/sandrovanini.ch\/vaniniwpsite\/wp-content\/uploads\/SV-3307-cocktailcherries-250g-fruit-1.png 600w\" sizes=\"auto, (max-width: 300px) 100vw, 300px\" \/>            <\/span>\n        <\/a>\n\n\t\t<span class=\"add-to-cart-button-outer\"><span class=\"add-to-cart-button-inner\"><a href=\"https:\/\/sandrovanini.ch\/fr\/produit\/cerises-cocktail-au-marasquin\/\" aria-describedby=\"woocommerce_loop_add_to_cart_link_describedby_4417\" data-quantity=\"1\" class=\"button product_type_variable add_to_cart_button qbutton add-to-cart-button\" data-product_id=\"4417\" data-product_sku=\"91041\" aria-label=\"S\u00e9lectionner les options pour &ldquo;Cerises cocktail au marasquin&rdquo;\" rel=\"nofollow\">Discover<\/a><\/span><\/span>\t<span id=\"woocommerce_loop_add_to_cart_link_describedby_4417\" class=\"screen-reader-text\">\n\t\tCe produit a plusieurs variations. Les options peuvent \u00eatre choisies sur la page du produit\t<\/span>\n\n    <\/div>\n        <a itemprop=\"url\" href=\"https:\/\/sandrovanini.ch\/fr\/produit\/cerises-cocktail-au-marasquin\/\" class=\"product-category product-info\">\n        <h6 itemprop=\"name\">Cerises cocktail au marasquin<\/h6>\n\t    \n\t    \n        \n<p class=\"font-size--16 text-align-center\">Pot de 250gr 580gr<\/p>    <\/a>\n    <\/li><\/ul>\n<\/div>[vc_empty_space height=\u00a0\u00bb100px\u00a0\u00bb][\/vc_column][vc_column width=\u00a0\u00bb1\/4&Prime;][vc_widget_sidebar sidebar_id=\u00a0\u00bbSidebar Woocommerce\u00a0\u00bb el_class=\u00a0\u00bbsidebar-inpage\u00a0\u00bb][\/vc_column][\/vc_row][vc_row css_animation=\u00a0\u00bb\u00a0\u00bb row_type=\u00a0\u00bbrow\u00a0\u00bb use_row_as_full_screen_section=\u00a0\u00bbno\u00a0\u00bb type=\u00a0\u00bbgrid\u00a0\u00bb angled_section=\u00a0\u00bbno\u00a0\u00bb text_align=\u00a0\u00bbleft\u00a0\u00bb background_image_as_pattern=\u00a0\u00bbwithout_pattern\u00a0\u00bb z_index=\u00a0\u00bb\u00a0\u00bb css=\u00a0\u00bb.vc_custom_1629802616524{padding-top: 60px !important;padding-bottom: 60px !important;}\u00a0\u00bb][vc_column]<div class=\"custom_font_holder \" style=\"font-family: Poppins; font-style: normal; font-weight: 700; color: #ffc601; text-decoration: none; text-align: left; --qode-cf-font-size: 40px; --qode-cf-line-height: 50px; --qode-cf-font-size-1440: 40px; --qode-cf-line-height-1440: 50px; --qode-cf-font-size-1366: 40px; --qode-cf-line-height-1366: 50px; --qode-cf-font-size-1280: 40px; --qode-cf-line-height-1280: 50px; --qode-cf-font-size-1024: 40px; --qode-cf-line-height-1024: 50px; --qode-cf-font-size-768: 40px; --qode-cf-line-height-768: 50px; --qode-cf-font-size-680: 40px; --qode-cf-line-height-680: 50px; --qode-cf-font-size-480: 40px; --qode-cf-line-height-480: 50px;\">Laissez-vous inspirer<\/div>[vc_empty_space][vc_column_text]<\/p>\n<p class=\"p1\"><span class=\"s1\">    <div class=\"vc_container\">\n        <div class=\"vc_row\">\n            \n            \n                <div class=\"vc_col-md-6 vc_col-sm-12 mb-3 recepies--min-height\">\n                    <a href=\"https:\/\/sandrovanini.ch\/fr\/recettes\/parfait-aux-cerises-et-au-citron-vert\/\" class=\"img-archive-loop--background\" style=\"background-image: url(https:\/\/sandrovanini.ch\/vaniniwpsite\/wp-content\/uploads\/Parfait-di-ciliegie-e-lime.jpg)\"><\/a>\n                    <a href=\"https:\/\/sandrovanini.ch\/fr\/recettes\/parfait-aux-cerises-et-au-citron-vert\/\"><h3 class=\"font-family-poppins font-size--22 text-weight-bold text-blue text-transform-none line-height-1-5  mt-3 mb-1\">\n                            Parfait aux cerises et au citron vert<\/h3><\/a>\n                                            <a href=\"https:\/\/sandrovanini.ch\/fr\/recettes\/parfait-aux-cerises-et-au-citron-vert\/\" class=\"font-family-poppins font-size--16 text-weight-bold text-red line-height-1-5 mt-0 mb-3\">\n                            Avec Cerises pour cocktail <\/a>\n                    \n                    <!--<div class=\"d-flex justify-content-center\">\n                        <a href=\"https:\/\/sandrovanini.ch\/fr\/recettes\/parfait-aux-cerises-et-au-citron-vert\/\" class=\"qbutton medium center default button-radius mt-4 mb-2 bottom-0\">\n                            Lire la recette                        <\/a>\n                    <\/div>-->\n                <\/div>\n\n            \n                <div class=\"vc_col-md-6 vc_col-sm-12 mb-3 recepies--min-height\">\n                    <a href=\"https:\/\/sandrovanini.ch\/fr\/recettes\/mousse-au-chocolat-et-a-lamarenata\/\" class=\"img-archive-loop--background\" style=\"background-image: url(https:\/\/sandrovanini.ch\/vaniniwpsite\/wp-content\/uploads\/Mousse-di-cioccolato-con-Amarenata.jpg)\"><\/a>\n                    <a href=\"https:\/\/sandrovanini.ch\/fr\/recettes\/mousse-au-chocolat-et-a-lamarenata\/\"><h3 class=\"font-family-poppins font-size--22 text-weight-bold text-blue text-transform-none line-height-1-5  mt-3 mb-1\">\n                            Mousse au chocolat<\/h3><\/a>\n                                            <a href=\"https:\/\/sandrovanini.ch\/fr\/recettes\/mousse-au-chocolat-et-a-lamarenata\/\" class=\"font-family-poppins font-size--16 text-weight-bold text-red line-height-1-5 mt-0 mb-3\">\n                            Avec amarenata<\/a>\n                    \n                    <!--<div class=\"d-flex justify-content-center\">\n                        <a href=\"https:\/\/sandrovanini.ch\/fr\/recettes\/mousse-au-chocolat-et-a-lamarenata\/\" class=\"qbutton medium center default button-radius mt-4 mb-2 bottom-0\">\n                            Lire la recette                        <\/a>\n                    <\/div>-->\n                <\/div>\n\n                    <\/div>\n            <\/div>\n    <\/span><\/p>\n<p>[\/vc_column_text][\/vc_column][\/vc_row]<\/p>\n<\/div>","protected":false},"excerpt":{"rendered":"<p>[vc_row css_animation=\u00a0\u00bb\u00a0\u00bb row_type=\u00a0\u00bbrow\u00a0\u00bb use_row_as_full_screen_section=\u00a0\u00bbno\u00a0\u00bb type=\u00a0\u00bbfull_width\u00a0\u00bb angled_section=\u00a0\u00bbno\u00a0\u00bb text_align=\u00a0\u00bbleft\u00a0\u00bb background_image_as_pattern=\u00a0\u00bbwithout_pattern\u00a0\u00bb css=\u00a0\u00bb.vc_custom_1659100616827{padding-top: 140px !important;padding-bottom: 140px !important;background-image: url(https:\/\/sandrovanini.ch\/vaniniwpsite\/wp-content\/uploads\/Fruit-specialties-Specialites-de-fruits-Fruchtspezialitaten-specialita-di-frutta-sandro-vanini.png?id=6030) !important;background-position: center !important;background-repeat: no-repeat !important;background-size: cover !important;}\u00a0\u00bb z_index=\u00a0\u00bb\u00a0\u00bb][vc_column][\/vc_column][\/vc_row][vc_row css_animation=\u00a0\u00bb\u00a0\u00bb&#8230;<\/p>\n","protected":false},"author":2,"featured_media":0,"parent":806,"menu_order":0,"comment_status":"closed","ping_status":"closed","template":"full_width.php","meta":{"_acf_changed":false,"footnotes":""},"class_list":["post-4067","page","type-page","status-publish","hentry"],"acf":[],"yoast_head":"<!-- This site is optimized with the Yoast SEO plugin v27.3 - https:\/\/yoast.com\/product\/yoast-seo-wordpress\/ -->\n<title>Sp\u00e9cialit\u00e9s de fruits - Sandro Vanini SA<\/title>\n<meta name=\"robots\" content=\"index, follow, max-snippet:-1, max-image-preview:large, max-video-preview:-1\" \/>\n<link rel=\"canonical\" href=\"https:\/\/sandrovanini.ch\/fr\/produits\/specialites-de-fruits\/\" \/>\n<meta property=\"og:locale\" content=\"fr_FR\" \/>\n<meta property=\"og:type\" content=\"article\" \/>\n<meta property=\"og:title\" content=\"Sp\u00e9cialit\u00e9s de fruits - Sandro Vanini SA\" \/>\n<meta property=\"og:description\" content=\"[vc_row css_animation=\u00a0\u00bb\u00a0\u00bb row_type=\u00a0\u00bbrow\u00a0\u00bb use_row_as_full_screen_section=\u00a0\u00bbno\u00a0\u00bb type=\u00a0\u00bbfull_width\u00a0\u00bb angled_section=\u00a0\u00bbno\u00a0\u00bb text_align=\u00a0\u00bbleft\u00a0\u00bb background_image_as_pattern=\u00a0\u00bbwithout_pattern\u00a0\u00bb css=\u00a0\u00bb.vc_custom_1659100616827{padding-top: 140px !important;padding-bottom: 140px !important;background-image: url(https:\/\/sandrovanini.ch\/vaniniwpsite\/wp-content\/uploads\/Fruit-specialties-Specialites-de-fruits-Fruchtspezialitaten-specialita-di-frutta-sandro-vanini.png?id=6030) !important;background-position: center !important;background-repeat: no-repeat !important;background-size: cover !important;}\u00a0\u00bb z_index=\u00a0\u00bb\u00a0\u00bb][vc_column][\/vc_column][\/vc_row][vc_row css_animation=\u00a0\u00bb\u00a0\u00bb...\" \/>\n<meta property=\"og:url\" content=\"https:\/\/sandrovanini.ch\/fr\/produits\/specialites-de-fruits\/\" \/>\n<meta property=\"og:site_name\" content=\"Sandro Vanini SA\" \/>\n<meta property=\"article:modified_time\" content=\"2022-07-29T13:17:03+00:00\" \/>\n<meta name=\"twitter:card\" content=\"summary_large_image\" \/>\n<meta name=\"twitter:label1\" content=\"Dur\u00e9e de lecture estim\u00e9e\" \/>\n\t<meta name=\"twitter:data1\" content=\"1 minute\" \/>\n<script type=\"application\/ld+json\" class=\"yoast-schema-graph\">{\"@context\":\"https:\\\/\\\/schema.org\",\"@graph\":[{\"@type\":\"WebPage\",\"@id\":\"https:\\\/\\\/sandrovanini.ch\\\/fr\\\/produits\\\/specialites-de-fruits\\\/\",\"url\":\"https:\\\/\\\/sandrovanini.ch\\\/fr\\\/produits\\\/specialites-de-fruits\\\/\",\"name\":\"Sp\u00e9cialit\u00e9s de fruits - Sandro Vanini SA\",\"isPartOf\":{\"@id\":\"https:\\\/\\\/sandrovanini.ch\\\/#website\"},\"datePublished\":\"2021-09-08T16:27:00+00:00\",\"dateModified\":\"2022-07-29T13:17:03+00:00\",\"breadcrumb\":{\"@id\":\"https:\\\/\\\/sandrovanini.ch\\\/fr\\\/produits\\\/specialites-de-fruits\\\/#breadcrumb\"},\"inLanguage\":\"fr-FR\",\"potentialAction\":[{\"@type\":\"ReadAction\",\"target\":[\"https:\\\/\\\/sandrovanini.ch\\\/fr\\\/produits\\\/specialites-de-fruits\\\/\"]}]},{\"@type\":\"BreadcrumbList\",\"@id\":\"https:\\\/\\\/sandrovanini.ch\\\/fr\\\/produits\\\/specialites-de-fruits\\\/#breadcrumb\",\"itemListElement\":[{\"@type\":\"ListItem\",\"position\":1,\"name\":\"Home\",\"item\":\"https:\\\/\\\/sandrovanini.ch\\\/fr\\\/\"},{\"@type\":\"ListItem\",\"position\":2,\"name\":\"Tous les produits\",\"item\":\"https:\\\/\\\/sandrovanini.ch\\\/fr\\\/produits\\\/\"},{\"@type\":\"ListItem\",\"position\":3,\"name\":\"Sp\u00e9cialit\u00e9s de fruits\"}]},{\"@type\":\"WebSite\",\"@id\":\"https:\\\/\\\/sandrovanini.ch\\\/#website\",\"url\":\"https:\\\/\\\/sandrovanini.ch\\\/\",\"name\":\"Sandro Vanini SA\",\"description\":\"Delizie da vivere\",\"publisher\":{\"@id\":\"https:\\\/\\\/sandrovanini.ch\\\/#organization\"},\"potentialAction\":[{\"@type\":\"SearchAction\",\"target\":{\"@type\":\"EntryPoint\",\"urlTemplate\":\"https:\\\/\\\/sandrovanini.ch\\\/?s={search_term_string}\"},\"query-input\":{\"@type\":\"PropertyValueSpecification\",\"valueRequired\":true,\"valueName\":\"search_term_string\"}}],\"inLanguage\":\"fr-FR\"},{\"@type\":\"Organization\",\"@id\":\"https:\\\/\\\/sandrovanini.ch\\\/#organization\",\"name\":\"Sandro Vanini SA\",\"url\":\"https:\\\/\\\/sandrovanini.ch\\\/\",\"logo\":{\"@type\":\"ImageObject\",\"inLanguage\":\"fr-FR\",\"@id\":\"https:\\\/\\\/sandrovanini.ch\\\/#\\\/schema\\\/logo\\\/image\\\/\",\"url\":\"https:\\\/\\\/sandrovanini.ch\\\/vaniniwpsite\\\/wp-content\\\/uploads\\\/SANDRO-VANINI-LOGO-2021.png\",\"contentUrl\":\"https:\\\/\\\/sandrovanini.ch\\\/vaniniwpsite\\\/wp-content\\\/uploads\\\/SANDRO-VANINI-LOGO-2021.png\",\"width\":300,\"height\":129,\"caption\":\"Sandro Vanini SA\"},\"image\":{\"@id\":\"https:\\\/\\\/sandrovanini.ch\\\/#\\\/schema\\\/logo\\\/image\\\/\"}}]}<\/script>\n<!-- \/ Yoast SEO plugin. -->","yoast_head_json":{"title":"Sp\u00e9cialit\u00e9s de fruits - Sandro Vanini SA","robots":{"index":"index","follow":"follow","max-snippet":"max-snippet:-1","max-image-preview":"max-image-preview:large","max-video-preview":"max-video-preview:-1"},"canonical":"https:\/\/sandrovanini.ch\/fr\/produits\/specialites-de-fruits\/","og_locale":"fr_FR","og_type":"article","og_title":"Sp\u00e9cialit\u00e9s de fruits - Sandro Vanini SA","og_description":"[vc_row css_animation=\u00a0\u00bb\u00a0\u00bb row_type=\u00a0\u00bbrow\u00a0\u00bb use_row_as_full_screen_section=\u00a0\u00bbno\u00a0\u00bb type=\u00a0\u00bbfull_width\u00a0\u00bb angled_section=\u00a0\u00bbno\u00a0\u00bb text_align=\u00a0\u00bbleft\u00a0\u00bb background_image_as_pattern=\u00a0\u00bbwithout_pattern\u00a0\u00bb css=\u00a0\u00bb.vc_custom_1659100616827{padding-top: 140px !important;padding-bottom: 140px !important;background-image: url(https:\/\/sandrovanini.ch\/vaniniwpsite\/wp-content\/uploads\/Fruit-specialties-Specialites-de-fruits-Fruchtspezialitaten-specialita-di-frutta-sandro-vanini.png?id=6030) !important;background-position: center !important;background-repeat: no-repeat !important;background-size: cover !important;}\u00a0\u00bb z_index=\u00a0\u00bb\u00a0\u00bb][vc_column][\/vc_column][\/vc_row][vc_row css_animation=\u00a0\u00bb\u00a0\u00bb...","og_url":"https:\/\/sandrovanini.ch\/fr\/produits\/specialites-de-fruits\/","og_site_name":"Sandro Vanini SA","article_modified_time":"2022-07-29T13:17:03+00:00","twitter_card":"summary_large_image","twitter_misc":{"Dur\u00e9e de lecture estim\u00e9e":"1 minute"},"schema":{"@context":"https:\/\/schema.org","@graph":[{"@type":"WebPage","@id":"https:\/\/sandrovanini.ch\/fr\/produits\/specialites-de-fruits\/","url":"https:\/\/sandrovanini.ch\/fr\/produits\/specialites-de-fruits\/","name":"Sp\u00e9cialit\u00e9s de fruits - Sandro Vanini SA","isPartOf":{"@id":"https:\/\/sandrovanini.ch\/#website"},"datePublished":"2021-09-08T16:27:00+00:00","dateModified":"2022-07-29T13:17:03+00:00","breadcrumb":{"@id":"https:\/\/sandrovanini.ch\/fr\/produits\/specialites-de-fruits\/#breadcrumb"},"inLanguage":"fr-FR","potentialAction":[{"@type":"ReadAction","target":["https:\/\/sandrovanini.ch\/fr\/produits\/specialites-de-fruits\/"]}]},{"@type":"BreadcrumbList","@id":"https:\/\/sandrovanini.ch\/fr\/produits\/specialites-de-fruits\/#breadcrumb","itemListElement":[{"@type":"ListItem","position":1,"name":"Home","item":"https:\/\/sandrovanini.ch\/fr\/"},{"@type":"ListItem","position":2,"name":"Tous les produits","item":"https:\/\/sandrovanini.ch\/fr\/produits\/"},{"@type":"ListItem","position":3,"name":"Sp\u00e9cialit\u00e9s de fruits"}]},{"@type":"WebSite","@id":"https:\/\/sandrovanini.ch\/#website","url":"https:\/\/sandrovanini.ch\/","name":"Sandro Vanini SA","description":"Delizie da vivere","publisher":{"@id":"https:\/\/sandrovanini.ch\/#organization"},"potentialAction":[{"@type":"SearchAction","target":{"@type":"EntryPoint","urlTemplate":"https:\/\/sandrovanini.ch\/?s={search_term_string}"},"query-input":{"@type":"PropertyValueSpecification","valueRequired":true,"valueName":"search_term_string"}}],"inLanguage":"fr-FR"},{"@type":"Organization","@id":"https:\/\/sandrovanini.ch\/#organization","name":"Sandro Vanini SA","url":"https:\/\/sandrovanini.ch\/","logo":{"@type":"ImageObject","inLanguage":"fr-FR","@id":"https:\/\/sandrovanini.ch\/#\/schema\/logo\/image\/","url":"https:\/\/sandrovanini.ch\/vaniniwpsite\/wp-content\/uploads\/SANDRO-VANINI-LOGO-2021.png","contentUrl":"https:\/\/sandrovanini.ch\/vaniniwpsite\/wp-content\/uploads\/SANDRO-VANINI-LOGO-2021.png","width":300,"height":129,"caption":"Sandro Vanini SA"},"image":{"@id":"https:\/\/sandrovanini.ch\/#\/schema\/logo\/image\/"}}]}},"_links":{"self":[{"href":"https:\/\/sandrovanini.ch\/fr\/wp-json\/wp\/v2\/pages\/4067","targetHints":{"allow":["GET"]}}],"collection":[{"href":"https:\/\/sandrovanini.ch\/fr\/wp-json\/wp\/v2\/pages"}],"about":[{"href":"https:\/\/sandrovanini.ch\/fr\/wp-json\/wp\/v2\/types\/page"}],"author":[{"embeddable":true,"href":"https:\/\/sandrovanini.ch\/fr\/wp-json\/wp\/v2\/users\/2"}],"replies":[{"embeddable":true,"href":"https:\/\/sandrovanini.ch\/fr\/wp-json\/wp\/v2\/comments?post=4067"}],"version-history":[{"count":9,"href":"https:\/\/sandrovanini.ch\/fr\/wp-json\/wp\/v2\/pages\/4067\/revisions"}],"predecessor-version":[{"id":6214,"href":"https:\/\/sandrovanini.ch\/fr\/wp-json\/wp\/v2\/pages\/4067\/revisions\/6214"}],"up":[{"embeddable":true,"href":"https:\/\/sandrovanini.ch\/fr\/wp-json\/wp\/v2\/pages\/806"}],"wp:attachment":[{"href":"https:\/\/sandrovanini.ch\/fr\/wp-json\/wp\/v2\/media?parent=4067"}],"curies":[{"name":"wp","href":"https:\/\/api.w.org\/{rel}","templated":true}]}}