{"id":4027,"date":"2021-09-16T12:50:27","date_gmt":"2021-09-16T10:50:27","guid":{"rendered":"https:\/\/sandrovanini.ch\/vaniniwpsite\/recettes-et-combinaisons\/abbinamenti-sfiziosi\/"},"modified":"2021-11-21T11:13:20","modified_gmt":"2021-11-21T10:13:20","slug":"associations-savoureuses","status":"publish","type":"page","link":"https:\/\/sandrovanini.ch\/fr\/associations-et-recettes\/associations-savoureuses\/","title":{"rendered":"Associations savoureuses"},"content":{"rendered":"<div class=\"wpb-content-wrapper\"><p>[vc_row css_animation=\u00a0\u00bb\u00a0\u00bb row_type=\u00a0\u00bbrow\u00a0\u00bb use_row_as_full_screen_section=\u00a0\u00bbno\u00a0\u00bb type=\u00a0\u00bbfull_width\u00a0\u00bb angled_section=\u00a0\u00bbno\u00a0\u00bb text_align=\u00a0\u00bbleft\u00a0\u00bb background_image_as_pattern=\u00a0\u00bbwithout_pattern\u00a0\u00bb css=\u00a0\u00bb.vc_custom_1632949109000{padding-top: 140px !important;padding-bottom: 140px !important;background-image: url(https:\/\/sandrovanini.ch\/vaniniwpsite\/wp-content\/uploads\/SV-header-abbinamentisfiziosi.png?id=3240) !important;background-position: center !important;background-repeat: no-repeat !important;background-size: cover !important;}\u00a0\u00bb z_index=\u00a0\u00bb\u00a0\u00bb][vc_column]<div class=\"custom_font_holder \" style=\"font-family: Poppins; font-style: normal; font-weight: 800; color: #ffffff; text-decoration: none; text-shadow: 1px 1px 2px rgba(0, 0, 0, 0.4); text-align: center; --qode-cf-font-size: 40px; --qode-cf-line-height: 26px; --qode-cf-font-size-1440: 40px; --qode-cf-line-height-1440: 26px; --qode-cf-font-size-1366: 40px; --qode-cf-line-height-1366: 26px; --qode-cf-font-size-1280: 40px; --qode-cf-line-height-1280: 26px; --qode-cf-font-size-1024: 40px; --qode-cf-line-height-1024: 26px; --qode-cf-font-size-768: 40px; --qode-cf-line-height-768: 26px; --qode-cf-font-size-680: 40px; --qode-cf-line-height-680: 26px; --qode-cf-font-size-480: 40px; --qode-cf-line-height-480: 26px;\">Associations et Recettes<\/div>[\/vc_column][\/vc_row][vc_row css_animation=\u00a0\u00bb\u00a0\u00bb row_type=\u00a0\u00bbrow\u00a0\u00bb use_row_as_full_screen_section=\u00a0\u00bbno\u00a0\u00bb type=\u00a0\u00bbgrid\u00a0\u00bb angled_section=\u00a0\u00bbno\u00a0\u00bb text_align=\u00a0\u00bbleft\u00a0\u00bb background_image_as_pattern=\u00a0\u00bbwithout_pattern\u00a0\u00bb css=\u00a0\u00bb.vc_custom_1631111959510{padding-top: 60px !important;}\u00a0\u00bb z_index=\u00a0\u00bb\u00a0\u00bb][vc_column]<div class=\"custom_font_holder \" style=\"font-family: Poppins; font-style: normal; font-weight: 700; color: #003a78; text-decoration: none; text-align: center; --qode-cf-font-size: 40px; --qode-cf-line-height: 50px; --qode-cf-font-size-1440: 40px; --qode-cf-line-height-1440: 50px; --qode-cf-font-size-1366: 40px; --qode-cf-line-height-1366: 50px; --qode-cf-font-size-1280: 40px; --qode-cf-line-height-1280: 50px; --qode-cf-font-size-1024: 40px; --qode-cf-line-height-1024: 50px; --qode-cf-font-size-768: 40px; --qode-cf-line-height-768: 50px; --qode-cf-font-size-680: 40px; --qode-cf-line-height-680: 50px; --qode-cf-font-size-480: 40px; --qode-cf-line-height-480: 50px;\">Associations savoureuses<\/div>[vc_column_text css=\u00a0\u00bb.vc_custom_1637277175871{padding-top: 40px !important;}\u00a0\u00bb]<\/p>\n<h3 style=\"text-align: center;\">Des associations les plus classiques aux plus particuli\u00e8res, nous vous d\u00e9voilons dans cette section les meilleurs accords avec les produits Sandro Vanini, qui vous permettront de rendre chaque recette unique et inoubliable!<\/h3>\n<p>[\/vc_column_text][\/vc_column][\/vc_row][vc_row css_animation=\u00a0\u00bb\u00a0\u00bb row_type=\u00a0\u00bbrow\u00a0\u00bb use_row_as_full_screen_section=\u00a0\u00bbno\u00a0\u00bb type=\u00a0\u00bbgrid\u00a0\u00bb angled_section=\u00a0\u00bbno\u00a0\u00bb text_align=\u00a0\u00bbleft\u00a0\u00bb background_image_as_pattern=\u00a0\u00bbwithout_pattern\u00a0\u00bb css=\u00a0\u00bb.vc_custom_1631112040188{padding-top: 60px !important;}\u00a0\u00bb z_index=\u00a0\u00bb\u00a0\u00bb][vc_column width=\u00a0\u00bb3\/4&Prime;][vc_column_text]    <div class=\"vc_container\">\n        <div class=\"vc_row\">\n            \n            \n              <div class=\"vc_col-md-6 vc_col-sm-12 mb-3 recepies--min-height\">\n                  <a href=\"https:\/\/sandrovanini.ch\/fr\/recettes\/orange-margarita-alla-curcuma-con-mostarda-puree-di-arance\/\" class=\"img-archive-loop--background\" style=\"background-image: url(https:\/\/sandrovanini.ch\/vaniniwpsite\/wp-content\/uploads\/Foto-orizzontali-ricette-2025-03-05T113300.254.jpg)\"><\/a>\n                  <a href=\"https:\/\/sandrovanini.ch\/fr\/recettes\/orange-margarita-alla-curcuma-con-mostarda-puree-di-arance\/\"><h3 class=\"font-family-poppins font-size--22 text-weight-bold text-blue text-transform-none line-height-1-5 mt-3 mb-1\">\n                      Orange Margarita au curcuma avec Mostarda pur\u00e9e d&rsquo;oranges<\/h3><\/a>\n                                        <a href=\"https:\/\/sandrovanini.ch\/fr\/recettes\/orange-margarita-alla-curcuma-con-mostarda-puree-di-arance\/\" class=\"font-family-poppins font-size--16 text-weight-bold text-red line-height-1-5 mt-0 mb-3\">\n                          avec Mostarda pur\u00e9e d'oranges<\/a>\n                  \n                    <!--<div class=\"d-flex justify-content-center\">\n                        <a href=\"https:\/\/sandrovanini.ch\/fr\/recettes\/orange-margarita-alla-curcuma-con-mostarda-puree-di-arance\/\" class=\"qbutton medium center default button-radius mt-4 mb-2 bottom-0\">\n                            Lire la recette                        <\/a>\n                    <\/div>-->\n                <\/div>\n\n            \n              <div class=\"vc_col-md-6 vc_col-sm-12 mb-3 recepies--min-height\">\n                  <a href=\"https:\/\/sandrovanini.ch\/fr\/recettes\/crostata-salata-al-formaggio-emmental-radicchio-e-speck-con-mostarda-puree-di-fichi-rossi\/\" class=\"img-archive-loop--background\" style=\"background-image: url(https:\/\/sandrovanini.ch\/vaniniwpsite\/wp-content\/uploads\/ricetta-Crostata-salata-al-formaggio-Emmentaler-radicchio-e-speck.jpg)\"><\/a>\n                  <a href=\"https:\/\/sandrovanini.ch\/fr\/recettes\/crostata-salata-al-formaggio-emmental-radicchio-e-speck-con-mostarda-puree-di-fichi-rossi\/\"><h3 class=\"font-family-poppins font-size--22 text-weight-bold text-blue text-transform-none line-height-1-5 mt-3 mb-1\">\n                      Crostata salata al formaggio Emmental, radicchio e speck con Mostarda Pur\u00e9e di fichi rossi<\/h3><\/a>\n                                        <a href=\"https:\/\/sandrovanini.ch\/fr\/recettes\/crostata-salata-al-formaggio-emmental-radicchio-e-speck-con-mostarda-puree-di-fichi-rossi\/\" class=\"font-family-poppins font-size--16 text-weight-bold text-red line-height-1-5 mt-0 mb-3\">\n                          Avec Mostarda pur\u00e9e de figues rouges<\/a>\n                  \n                    <!--<div class=\"d-flex justify-content-center\">\n                        <a href=\"https:\/\/sandrovanini.ch\/fr\/recettes\/crostata-salata-al-formaggio-emmental-radicchio-e-speck-con-mostarda-puree-di-fichi-rossi\/\" class=\"qbutton medium center default button-radius mt-4 mb-2 bottom-0\">\n                            Lire la recette                        <\/a>\n                    <\/div>-->\n                <\/div>\n\n            \n              <div class=\"vc_col-md-6 vc_col-sm-12 mb-3 recepies--min-height\">\n                  <a href=\"https:\/\/sandrovanini.ch\/fr\/recettes\/sauce-a-lananas-et-au-curry-pour-fondue-chinoise\/\" class=\"img-archive-loop--background\" style=\"background-image: url(https:\/\/sandrovanini.ch\/vaniniwpsite\/wp-content\/uploads\/Vanini_San-Silvestro_fondue-chinoise-con-puree-ananas-scaled.jpg)\"><\/a>\n                  <a href=\"https:\/\/sandrovanini.ch\/fr\/recettes\/sauce-a-lananas-et-au-curry-pour-fondue-chinoise\/\"><h3 class=\"font-family-poppins font-size--22 text-weight-bold text-blue text-transform-none line-height-1-5 mt-3 mb-1\">\n                      Sauce \u00e0 l&rsquo;ananas et au curry pour Fondue Chinoise<\/h3><\/a>\n                                        <a href=\"https:\/\/sandrovanini.ch\/fr\/recettes\/sauce-a-lananas-et-au-curry-pour-fondue-chinoise\/\" class=\"font-family-poppins font-size--16 text-weight-bold text-red line-height-1-5 mt-0 mb-3\">\n                          avec mostarda pur\u00e9e a l'ananas et au curry<\/a>\n                  \n                    <!--<div class=\"d-flex justify-content-center\">\n                        <a href=\"https:\/\/sandrovanini.ch\/fr\/recettes\/sauce-a-lananas-et-au-curry-pour-fondue-chinoise\/\" class=\"qbutton medium center default button-radius mt-4 mb-2 bottom-0\">\n                            Lire la recette                        <\/a>\n                    <\/div>-->\n                <\/div>\n\n            \n              <div class=\"vc_col-md-6 vc_col-sm-12 mb-3 recepies--min-height\">\n                  <a href=\"https:\/\/sandrovanini.ch\/fr\/recettes\/cotes-et-cotelettes-marinees-a-la-mostarda-de-figues-vertes\/\" class=\"img-archive-loop--background\" style=\"background-image: url(https:\/\/sandrovanini.ch\/vaniniwpsite\/wp-content\/uploads\/grigliata-svizzera-primo-agosto-con-mostarda-sandro-vanini.jpg)\"><\/a>\n                  <a href=\"https:\/\/sandrovanini.ch\/fr\/recettes\/cotes-et-cotelettes-marinees-a-la-mostarda-de-figues-vertes\/\"><h3 class=\"font-family-poppins font-size--22 text-weight-bold text-blue text-transform-none line-height-1-5 mt-3 mb-1\">\n                      C\u00f4tes et c\u00f4telettes marin\u00e9es \u00e0 la mostarda de figues vertes<\/h3><\/a>\n                                        <a href=\"https:\/\/sandrovanini.ch\/fr\/recettes\/cotes-et-cotelettes-marinees-a-la-mostarda-de-figues-vertes\/\" class=\"font-family-poppins font-size--16 text-weight-bold text-red line-height-1-5 mt-0 mb-3\">\n                          Avec Mostarda Pur\u00e9e de figues vertes<\/a>\n                  \n                    <!--<div class=\"d-flex justify-content-center\">\n                        <a href=\"https:\/\/sandrovanini.ch\/fr\/recettes\/cotes-et-cotelettes-marinees-a-la-mostarda-de-figues-vertes\/\" class=\"qbutton medium center default button-radius mt-4 mb-2 bottom-0\">\n                            Lire la recette                        <\/a>\n                    <\/div>-->\n                <\/div>\n\n            \n              <div class=\"vc_col-md-6 vc_col-sm-12 mb-3 recepies--min-height\">\n                  <a href=\"https:\/\/sandrovanini.ch\/fr\/recettes\/mousse-de-cha%cc%82taignes-a-la-vanille\/\" class=\"img-archive-loop--background\" style=\"background-image: url(https:\/\/sandrovanini.ch\/vaniniwpsite\/wp-content\/uploads\/Mousse-di-castagne-alla-vaniglia.jpg)\"><\/a>\n                  <a href=\"https:\/\/sandrovanini.ch\/fr\/recettes\/mousse-de-cha%cc%82taignes-a-la-vanille\/\"><h3 class=\"font-family-poppins font-size--22 text-weight-bold text-blue text-transform-none line-height-1-5 mt-3 mb-1\">\n                      Mousse de cha\u0302taignes a\u0300 la vanille<\/h3><\/a>\n                                        <a href=\"https:\/\/sandrovanini.ch\/fr\/recettes\/mousse-de-cha%cc%82taignes-a-la-vanille\/\" class=\"font-family-poppins font-size--16 text-weight-bold text-red line-height-1-5 mt-0 mb-3\">\n                          Avec Chestnut pur\u00e9e<\/a>\n                  \n                    <!--<div class=\"d-flex justify-content-center\">\n                        <a href=\"https:\/\/sandrovanini.ch\/fr\/recettes\/mousse-de-cha%cc%82taignes-a-la-vanille\/\" class=\"qbutton medium center default button-radius mt-4 mb-2 bottom-0\">\n                            Lire la recette                        <\/a>\n                    <\/div>-->\n                <\/div>\n\n            \n              <div class=\"vc_col-md-6 vc_col-sm-12 mb-3 recepies--min-height\">\n                  <a href=\"https:\/\/sandrovanini.ch\/fr\/recettes\/omelettes-aux-fromages-et-aux-figues-avec-jambon-de-parme\/\" class=\"img-archive-loop--background\" style=\"background-image: url(https:\/\/sandrovanini.ch\/vaniniwpsite\/wp-content\/uploads\/Frittata-ai-formaggi-e-fichi-con-prosciutto-di-Parma.jpg)\"><\/a>\n                  <a href=\"https:\/\/sandrovanini.ch\/fr\/recettes\/omelettes-aux-fromages-et-aux-figues-avec-jambon-de-parme\/\"><h3 class=\"font-family-poppins font-size--22 text-weight-bold text-blue text-transform-none line-height-1-5 mt-3 mb-1\">\n                      Omelettes aux fromages et aux figues<\/h3><\/a>\n                                        <a href=\"https:\/\/sandrovanini.ch\/fr\/recettes\/omelettes-aux-fromages-et-aux-figues-avec-jambon-de-parme\/\" class=\"font-family-poppins font-size--16 text-weight-bold text-red line-height-1-5 mt-0 mb-3\">\n                          Avec Mostarda Pur\u00e9e aux figues rouges <\/a>\n                  \n                    <!--<div class=\"d-flex justify-content-center\">\n                        <a href=\"https:\/\/sandrovanini.ch\/fr\/recettes\/omelettes-aux-fromages-et-aux-figues-avec-jambon-de-parme\/\" class=\"qbutton medium center default button-radius mt-4 mb-2 bottom-0\">\n                            Lire la recette                        <\/a>\n                    <\/div>-->\n                <\/div>\n\n            \n              <div class=\"vc_col-md-6 vc_col-sm-12 mb-3 recepies--min-height\">\n                  <a href=\"https:\/\/sandrovanini.ch\/fr\/recettes\/soupe-de-courgettes-au-gingembre-avec-filets-de-saumon\/\" class=\"img-archive-loop--background\" style=\"background-image: url(https:\/\/sandrovanini.ch\/vaniniwpsite\/wp-content\/uploads\/zuppa-di-zucchine-con-mostarda-puree-allo-zenzero-e-salmone.jpg)\"><\/a>\n                  <a href=\"https:\/\/sandrovanini.ch\/fr\/recettes\/soupe-de-courgettes-au-gingembre-avec-filets-de-saumon\/\"><h3 class=\"font-family-poppins font-size--22 text-weight-bold text-blue text-transform-none line-height-1-5 mt-3 mb-1\">\n                      Soupe de courgettes au gingembre avec filets de saumon<\/h3><\/a>\n                                        <a href=\"https:\/\/sandrovanini.ch\/fr\/recettes\/soupe-de-courgettes-au-gingembre-avec-filets-de-saumon\/\" class=\"font-family-poppins font-size--16 text-weight-bold text-red line-height-1-5 mt-0 mb-3\">\n                          Avec Mostarda Pur\u00e9e au gingembre <\/a>\n                  \n                    <!--<div class=\"d-flex justify-content-center\">\n                        <a href=\"https:\/\/sandrovanini.ch\/fr\/recettes\/soupe-de-courgettes-au-gingembre-avec-filets-de-saumon\/\" class=\"qbutton medium center default button-radius mt-4 mb-2 bottom-0\">\n                            Lire la recette                        <\/a>\n                    <\/div>-->\n                <\/div>\n\n            \n              <div class=\"vc_col-md-6 vc_col-sm-12 mb-3 recepies--min-height\">\n                  <a href=\"https:\/\/sandrovanini.ch\/fr\/recettes\/strudel-aux-marrons-et-au-fromage-de-chevre\/\" class=\"img-archive-loop--background\" style=\"background-image: url(https:\/\/sandrovanini.ch\/vaniniwpsite\/wp-content\/uploads\/Strudel-di-marroni-e-formaggio-caprino.jpg)\"><\/a>\n                  <a href=\"https:\/\/sandrovanini.ch\/fr\/recettes\/strudel-aux-marrons-et-au-fromage-de-chevre\/\"><h3 class=\"font-family-poppins font-size--22 text-weight-bold text-blue text-transform-none line-height-1-5 mt-3 mb-1\">\n                      Strudel aux marrons et au fromage de che\u0300vre<\/h3><\/a>\n                                        <a href=\"https:\/\/sandrovanini.ch\/fr\/recettes\/strudel-aux-marrons-et-au-fromage-de-chevre\/\" class=\"font-family-poppins font-size--16 text-weight-bold text-red line-height-1-5 mt-0 mb-3\">\n                          Avec Marrons au naturelle <\/a>\n                  \n                    <!--<div class=\"d-flex justify-content-center\">\n                        <a href=\"https:\/\/sandrovanini.ch\/fr\/recettes\/strudel-aux-marrons-et-au-fromage-de-chevre\/\" class=\"qbutton medium center default button-radius mt-4 mb-2 bottom-0\">\n                            Lire la recette                        <\/a>\n                    <\/div>-->\n                <\/div>\n\n                    <\/div>\n        <div class=\"vc_row qode-news-standard-pagination text-align-center font-size--16 mt-4 pagination\">\n                    <\/div>\n            <\/div>\n    [\/vc_column_text][vc_empty_space height=\u00a0\u00bb100px\u00a0\u00bb][\/vc_column][vc_column width=\u00a0\u00bb1\/4&Prime;][vc_widget_sidebar sidebar_id=\u00a0\u00bbSidebar BlogNews\u00a0\u00bb el_class=\u00a0\u00bbsidebar-inpage\u00a0\u00bb][\/vc_column][\/vc_row]<\/p>\n<\/div>","protected":false},"excerpt":{"rendered":"<p>[vc_row css_animation=\u00a0\u00bb\u00a0\u00bb row_type=\u00a0\u00bbrow\u00a0\u00bb use_row_as_full_screen_section=\u00a0\u00bbno\u00a0\u00bb type=\u00a0\u00bbfull_width\u00a0\u00bb angled_section=\u00a0\u00bbno\u00a0\u00bb text_align=\u00a0\u00bbleft\u00a0\u00bb background_image_as_pattern=\u00a0\u00bbwithout_pattern\u00a0\u00bb css=\u00a0\u00bb.vc_custom_1632949109000{padding-top: 140px !important;padding-bottom: 140px !important;background-image: url(https:\/\/sandrovanini.ch\/vaniniwpsite\/wp-content\/uploads\/SV-header-abbinamentisfiziosi.png?id=3240) !important;background-position: center !important;background-repeat: no-repeat !important;background-size: cover !important;}\u00a0\u00bb z_index=\u00a0\u00bb\u00a0\u00bb][vc_column][\/vc_column][\/vc_row][vc_row css_animation=\u00a0\u00bb\u00a0\u00bb&#8230;<\/p>\n","protected":false},"author":2,"featured_media":0,"parent":3875,"menu_order":0,"comment_status":"closed","ping_status":"closed","template":"full_width.php","meta":{"_acf_changed":false,"footnotes":""},"class_list":["post-4027","page","type-page","status-publish","hentry"],"acf":[],"yoast_head":"<!-- This site is optimized with the Yoast SEO plugin v27.3 - https:\/\/yoast.com\/product\/yoast-seo-wordpress\/ -->\n<title>Associations savoureuses - Sandro Vanini SA<\/title>\n<meta name=\"robots\" content=\"index, follow, max-snippet:-1, max-image-preview:large, max-video-preview:-1\" \/>\n<link rel=\"canonical\" href=\"https:\/\/sandrovanini.ch\/fr\/associations-et-recettes\/associations-savoureuses\/\" \/>\n<meta property=\"og:locale\" content=\"fr_FR\" \/>\n<meta property=\"og:type\" content=\"article\" \/>\n<meta property=\"og:title\" content=\"Associations savoureuses - Sandro Vanini SA\" \/>\n<meta property=\"og:description\" content=\"[vc_row css_animation=\u00a0\u00bb\u00a0\u00bb row_type=\u00a0\u00bbrow\u00a0\u00bb use_row_as_full_screen_section=\u00a0\u00bbno\u00a0\u00bb type=\u00a0\u00bbfull_width\u00a0\u00bb angled_section=\u00a0\u00bbno\u00a0\u00bb text_align=\u00a0\u00bbleft\u00a0\u00bb background_image_as_pattern=\u00a0\u00bbwithout_pattern\u00a0\u00bb css=\u00a0\u00bb.vc_custom_1632949109000{padding-top: 140px !important;padding-bottom: 140px !important;background-image: url(https:\/\/sandrovanini.ch\/vaniniwpsite\/wp-content\/uploads\/SV-header-abbinamentisfiziosi.png?id=3240) !important;background-position: center !important;background-repeat: no-repeat !important;background-size: cover !important;}\u00a0\u00bb z_index=\u00a0\u00bb\u00a0\u00bb][vc_column][\/vc_column][\/vc_row][vc_row css_animation=\u00a0\u00bb\u00a0\u00bb...\" \/>\n<meta property=\"og:url\" content=\"https:\/\/sandrovanini.ch\/fr\/associations-et-recettes\/associations-savoureuses\/\" \/>\n<meta property=\"og:site_name\" content=\"Sandro Vanini SA\" \/>\n<meta property=\"article:modified_time\" content=\"2021-11-21T10:13:20+00:00\" \/>\n<meta name=\"twitter:card\" content=\"summary_large_image\" \/>\n<meta name=\"twitter:label1\" content=\"Dur\u00e9e de lecture estim\u00e9e\" \/>\n\t<meta name=\"twitter:data1\" content=\"1 minute\" \/>\n<script type=\"application\/ld+json\" class=\"yoast-schema-graph\">{\"@context\":\"https:\\\/\\\/schema.org\",\"@graph\":[{\"@type\":\"WebPage\",\"@id\":\"https:\\\/\\\/sandrovanini.ch\\\/fr\\\/associations-et-recettes\\\/associations-savoureuses\\\/\",\"url\":\"https:\\\/\\\/sandrovanini.ch\\\/fr\\\/associations-et-recettes\\\/associations-savoureuses\\\/\",\"name\":\"Associations savoureuses - Sandro Vanini SA\",\"isPartOf\":{\"@id\":\"https:\\\/\\\/sandrovanini.ch\\\/#website\"},\"datePublished\":\"2021-09-16T10:50:27+00:00\",\"dateModified\":\"2021-11-21T10:13:20+00:00\",\"breadcrumb\":{\"@id\":\"https:\\\/\\\/sandrovanini.ch\\\/fr\\\/associations-et-recettes\\\/associations-savoureuses\\\/#breadcrumb\"},\"inLanguage\":\"fr-FR\",\"potentialAction\":[{\"@type\":\"ReadAction\",\"target\":[\"https:\\\/\\\/sandrovanini.ch\\\/fr\\\/associations-et-recettes\\\/associations-savoureuses\\\/\"]}]},{\"@type\":\"BreadcrumbList\",\"@id\":\"https:\\\/\\\/sandrovanini.ch\\\/fr\\\/associations-et-recettes\\\/associations-savoureuses\\\/#breadcrumb\",\"itemListElement\":[{\"@type\":\"ListItem\",\"position\":1,\"name\":\"Home\",\"item\":\"https:\\\/\\\/sandrovanini.ch\\\/fr\\\/\"},{\"@type\":\"ListItem\",\"position\":2,\"name\":\"Recettes\",\"item\":\"https:\\\/\\\/sandrovanini.ch\\\/fr\\\/associations-et-recettes\\\/\"},{\"@type\":\"ListItem\",\"position\":3,\"name\":\"Associations savoureuses\"}]},{\"@type\":\"WebSite\",\"@id\":\"https:\\\/\\\/sandrovanini.ch\\\/#website\",\"url\":\"https:\\\/\\\/sandrovanini.ch\\\/\",\"name\":\"Sandro Vanini SA\",\"description\":\"Delizie da vivere\",\"publisher\":{\"@id\":\"https:\\\/\\\/sandrovanini.ch\\\/#organization\"},\"potentialAction\":[{\"@type\":\"SearchAction\",\"target\":{\"@type\":\"EntryPoint\",\"urlTemplate\":\"https:\\\/\\\/sandrovanini.ch\\\/?s={search_term_string}\"},\"query-input\":{\"@type\":\"PropertyValueSpecification\",\"valueRequired\":true,\"valueName\":\"search_term_string\"}}],\"inLanguage\":\"fr-FR\"},{\"@type\":\"Organization\",\"@id\":\"https:\\\/\\\/sandrovanini.ch\\\/#organization\",\"name\":\"Sandro Vanini SA\",\"url\":\"https:\\\/\\\/sandrovanini.ch\\\/\",\"logo\":{\"@type\":\"ImageObject\",\"inLanguage\":\"fr-FR\",\"@id\":\"https:\\\/\\\/sandrovanini.ch\\\/#\\\/schema\\\/logo\\\/image\\\/\",\"url\":\"https:\\\/\\\/sandrovanini.ch\\\/vaniniwpsite\\\/wp-content\\\/uploads\\\/SANDRO-VANINI-LOGO-2021.png\",\"contentUrl\":\"https:\\\/\\\/sandrovanini.ch\\\/vaniniwpsite\\\/wp-content\\\/uploads\\\/SANDRO-VANINI-LOGO-2021.png\",\"width\":300,\"height\":129,\"caption\":\"Sandro Vanini SA\"},\"image\":{\"@id\":\"https:\\\/\\\/sandrovanini.ch\\\/#\\\/schema\\\/logo\\\/image\\\/\"}}]}<\/script>\n<!-- \/ Yoast SEO plugin. -->","yoast_head_json":{"title":"Associations savoureuses - Sandro Vanini SA","robots":{"index":"index","follow":"follow","max-snippet":"max-snippet:-1","max-image-preview":"max-image-preview:large","max-video-preview":"max-video-preview:-1"},"canonical":"https:\/\/sandrovanini.ch\/fr\/associations-et-recettes\/associations-savoureuses\/","og_locale":"fr_FR","og_type":"article","og_title":"Associations savoureuses - Sandro Vanini SA","og_description":"[vc_row css_animation=\u00a0\u00bb\u00a0\u00bb row_type=\u00a0\u00bbrow\u00a0\u00bb use_row_as_full_screen_section=\u00a0\u00bbno\u00a0\u00bb type=\u00a0\u00bbfull_width\u00a0\u00bb angled_section=\u00a0\u00bbno\u00a0\u00bb text_align=\u00a0\u00bbleft\u00a0\u00bb background_image_as_pattern=\u00a0\u00bbwithout_pattern\u00a0\u00bb css=\u00a0\u00bb.vc_custom_1632949109000{padding-top: 140px !important;padding-bottom: 140px !important;background-image: url(https:\/\/sandrovanini.ch\/vaniniwpsite\/wp-content\/uploads\/SV-header-abbinamentisfiziosi.png?id=3240) !important;background-position: center !important;background-repeat: no-repeat !important;background-size: cover !important;}\u00a0\u00bb z_index=\u00a0\u00bb\u00a0\u00bb][vc_column][\/vc_column][\/vc_row][vc_row css_animation=\u00a0\u00bb\u00a0\u00bb...","og_url":"https:\/\/sandrovanini.ch\/fr\/associations-et-recettes\/associations-savoureuses\/","og_site_name":"Sandro Vanini SA","article_modified_time":"2021-11-21T10:13:20+00:00","twitter_card":"summary_large_image","twitter_misc":{"Dur\u00e9e de lecture estim\u00e9e":"1 minute"},"schema":{"@context":"https:\/\/schema.org","@graph":[{"@type":"WebPage","@id":"https:\/\/sandrovanini.ch\/fr\/associations-et-recettes\/associations-savoureuses\/","url":"https:\/\/sandrovanini.ch\/fr\/associations-et-recettes\/associations-savoureuses\/","name":"Associations savoureuses - Sandro Vanini SA","isPartOf":{"@id":"https:\/\/sandrovanini.ch\/#website"},"datePublished":"2021-09-16T10:50:27+00:00","dateModified":"2021-11-21T10:13:20+00:00","breadcrumb":{"@id":"https:\/\/sandrovanini.ch\/fr\/associations-et-recettes\/associations-savoureuses\/#breadcrumb"},"inLanguage":"fr-FR","potentialAction":[{"@type":"ReadAction","target":["https:\/\/sandrovanini.ch\/fr\/associations-et-recettes\/associations-savoureuses\/"]}]},{"@type":"BreadcrumbList","@id":"https:\/\/sandrovanini.ch\/fr\/associations-et-recettes\/associations-savoureuses\/#breadcrumb","itemListElement":[{"@type":"ListItem","position":1,"name":"Home","item":"https:\/\/sandrovanini.ch\/fr\/"},{"@type":"ListItem","position":2,"name":"Recettes","item":"https:\/\/sandrovanini.ch\/fr\/associations-et-recettes\/"},{"@type":"ListItem","position":3,"name":"Associations savoureuses"}]},{"@type":"WebSite","@id":"https:\/\/sandrovanini.ch\/#website","url":"https:\/\/sandrovanini.ch\/","name":"Sandro Vanini SA","description":"Delizie da vivere","publisher":{"@id":"https:\/\/sandrovanini.ch\/#organization"},"potentialAction":[{"@type":"SearchAction","target":{"@type":"EntryPoint","urlTemplate":"https:\/\/sandrovanini.ch\/?s={search_term_string}"},"query-input":{"@type":"PropertyValueSpecification","valueRequired":true,"valueName":"search_term_string"}}],"inLanguage":"fr-FR"},{"@type":"Organization","@id":"https:\/\/sandrovanini.ch\/#organization","name":"Sandro Vanini SA","url":"https:\/\/sandrovanini.ch\/","logo":{"@type":"ImageObject","inLanguage":"fr-FR","@id":"https:\/\/sandrovanini.ch\/#\/schema\/logo\/image\/","url":"https:\/\/sandrovanini.ch\/vaniniwpsite\/wp-content\/uploads\/SANDRO-VANINI-LOGO-2021.png","contentUrl":"https:\/\/sandrovanini.ch\/vaniniwpsite\/wp-content\/uploads\/SANDRO-VANINI-LOGO-2021.png","width":300,"height":129,"caption":"Sandro Vanini SA"},"image":{"@id":"https:\/\/sandrovanini.ch\/#\/schema\/logo\/image\/"}}]}},"_links":{"self":[{"href":"https:\/\/sandrovanini.ch\/fr\/wp-json\/wp\/v2\/pages\/4027","targetHints":{"allow":["GET"]}}],"collection":[{"href":"https:\/\/sandrovanini.ch\/fr\/wp-json\/wp\/v2\/pages"}],"about":[{"href":"https:\/\/sandrovanini.ch\/fr\/wp-json\/wp\/v2\/types\/page"}],"author":[{"embeddable":true,"href":"https:\/\/sandrovanini.ch\/fr\/wp-json\/wp\/v2\/users\/2"}],"replies":[{"embeddable":true,"href":"https:\/\/sandrovanini.ch\/fr\/wp-json\/wp\/v2\/comments?post=4027"}],"version-history":[{"count":7,"href":"https:\/\/sandrovanini.ch\/fr\/wp-json\/wp\/v2\/pages\/4027\/revisions"}],"predecessor-version":[{"id":5195,"href":"https:\/\/sandrovanini.ch\/fr\/wp-json\/wp\/v2\/pages\/4027\/revisions\/5195"}],"up":[{"embeddable":true,"href":"https:\/\/sandrovanini.ch\/fr\/wp-json\/wp\/v2\/pages\/3875"}],"wp:attachment":[{"href":"https:\/\/sandrovanini.ch\/fr\/wp-json\/wp\/v2\/media?parent=4027"}],"curies":[{"name":"wp","href":"https:\/\/api.w.org\/{rel}","templated":true}]}}