{"id":3705,"date":"2021-08-19T14:12:06","date_gmt":"2021-08-19T12:12:06","guid":{"rendered":"https:\/\/sandrovanini.ch\/vaniniwpsite\/termini-e-condizioni-di-vendita\/"},"modified":"2021-10-21T15:31:11","modified_gmt":"2021-10-21T13:31:11","slug":"conditions-generales-de-vente","status":"publish","type":"page","link":"https:\/\/sandrovanini.ch\/fr\/conditions-generales-de-vente\/","title":{"rendered":"Conditions g\u00e9n\u00e9rales de vente"},"content":{"rendered":"<div class=\"wpb-content-wrapper\"><p>[vc_row css_animation=\u00a0\u00bb\u00a0\u00bb row_type=\u00a0\u00bbrow\u00a0\u00bb use_row_as_full_screen_section=\u00a0\u00bbno\u00a0\u00bb type=\u00a0\u00bbfull_width\u00a0\u00bb angled_section=\u00a0\u00bbno\u00a0\u00bb text_align=\u00a0\u00bbleft\u00a0\u00bb background_image_as_pattern=\u00a0\u00bbwithout_pattern\u00a0\u00bb z_index=\u00a0\u00bb\u00a0\u00bb][vc_column][vc_single_image image=\u00a0\u00bb32&Prime; img_size=\u00a0\u00bbfull\u00a0\u00bb alignment=\u00a0\u00bbcenter\u00a0\u00bb qode_css_animation=\u00a0\u00bb\u00a0\u00bb css=\u00a0\u00bb.vc_custom_1630050451964{margin-bottom: 64px !important;}\u00a0\u00bb][vc_column_text]<\/p>\n<h1><strong>Conditions g\u00e9n\u00e9rales de vente<\/strong><\/h1>\n<p>[\/vc_column_text][vc_empty_space][vc_column_text]<\/p>\n<h2>Objet du contrat<\/h2>\n<p>Les conditions g\u00e9n\u00e9rales de vente r\u00e9gissent la conclusion et l\u2019ex\u00e9cution des contrats d\u2019achat des produits propos\u00e9s dans la boutique en ligne de Sandro Vanini SA, Via Vignascia 21, CH-6802 Rivera (n\u00b0 TVA: CHE-102.413.589). En commandant les marchandises, les pr\u00e9sentes conditions sont r\u00e9put\u00e9es accept\u00e9es. Par cons\u00e9quent, les conditions g\u00e9n\u00e9rales d\u2019achet du client sont exclues. La livraison des produits a seulement lieu en Suisse.<\/p>\n<p>&nbsp;<\/p>\n<h2>Conclusion du contrat \/ Montant minimum de commande<\/h2>\n<p>En cliquant sur le bouton de commande de la boutique en ligne, le client passe une commande ferme pour les produits \u00e9num\u00e9r\u00e9s sur la page de commande. Pour Sandro Vanini SA, la commande est seulement ferme apr\u00e8s confirmation \u00e9crite de l\u2019ordre. Le montant minimum de commande s\u2019\u00e9l\u00e8ve \u00e0 35.- CHF (\u00e0 l\u2019exclusion des frais d\u2019exp\u00e9dition, de transport et d\u2019emballage), livraison gratuite pour les commandes \u00e0 partir de 50.- CHF. Pour les commandes inf\u00e9rieures \u00e0 50.- CHF, le transport est calcul\u00e9 en fonction des frais occasionn\u00e9s, mais au minimum 9.- CHF par livraison (les d\u00e9tails sont fournis dans la confirmation de commande).<\/p>\n<p>Aucun frais d\u2019exp\u00e9dition n\u2019est factur\u00e9 en cas d\u2019enl\u00e8vement.<\/p>\n<p><strong>\u00a0<\/strong><\/p>\n<h2>Prix<\/h2>\n<p>Les prix indiqu\u00e9s dans la confirmation de la commande font foi. Ils s\u2019entendent toujours TVA comprise. Cette d\u00e9claration et la manutention du produit sont pr\u00e9sent\u00e9es sur l\u2019\u00e9tiquette du produit concern\u00e9. Toute erreur et toute adaptation du produit, de l\u2019assortiment et de l\u2019emballage demeurent r\u00e9serv\u00e9es.<\/p>\n<p>&nbsp;<\/p>\n<h2>Responsabilit\u00e9<\/h2>\n<p>Sandro Vanini SA ne peut pas garantir que les produits parviendront toujours en parfait \u00e9tat\u00a0au destinataire\u00a0; Sandro Vanini SA n\u2019assume aucune responsabilit\u00e9 pour les d\u00e9faillances des tiers (transporteur, coursier etc.). De plus, Sandro Vanini SA ne peut pas \u00eatre tenue pour responsable en cas de non-livraison ou de livraison retard\u00e9e des produits en raison d\u2019une adresse de livraison erron\u00e9e, de l\u2019absence du destinataire ou d\u2019\u00e9v\u00e9nements de force majeure. Sandro Vanini SA d\u00e9cline toute responsable pour des dommages r\u00e9sultant du non-respect des instructions de stockage.<\/p>\n<p>&nbsp;<\/p>\n<h2>Conditions de paiement<\/h2>\n<p>10 jours nets \u00e0 compter de la date de la facture. Nous nous r\u00e9servons le droit d\u2019adapter les conditions de paiement selon les r\u00e9sultats de la v\u00e9rification de solvabilit\u00e9. Nous nous r\u00e9servons \u00e9galement le droit de facturer des int\u00e9r\u00eats moratoires de 5% en cas de retards de paiement. En cas de d\u00e9faut de paiement, les frais de rappel et de recouvrement sont dus. Compenser les pr\u00e9tentions en contrepartie avec les cr\u00e9ances de Sandro Vanini SA est exclu. En effectuant une commande, les conditions de paiement sont express\u00e9ment accept\u00e9es.<\/p>\n<p>&nbsp;<\/p>\n<h2>Copyright<\/h2>\n<p>L\u2019ensemble des \u00e9l\u00e9ments contenus dans le site web et la boutique en ligne (photos, logos, descriptions, etc.) ne peut pas \u00eatre utilis\u00e9 sans l\u2019approbation \u00e9crite pr\u00e9alable de Sandro Vanini SA.<\/p>\n<p>&nbsp;<\/p>\n<h2>For<\/h2>\n<p>Lugano est le for exclusif pour tous les litiges d\u00e9coulant directement ou indirectement de la relation contractuelle. La relation juridique est r\u00e9gie par le droit suisse.[\/vc_column_text][vc_empty_space][\/vc_column][\/vc_row]<\/p>\n<\/div>","protected":false},"excerpt":{"rendered":"<p>[vc_row css_animation=\u00a0\u00bb\u00a0\u00bb row_type=\u00a0\u00bbrow\u00a0\u00bb use_row_as_full_screen_section=\u00a0\u00bbno\u00a0\u00bb type=\u00a0\u00bbfull_width\u00a0\u00bb angled_section=\u00a0\u00bbno\u00a0\u00bb text_align=\u00a0\u00bbleft\u00a0\u00bb background_image_as_pattern=\u00a0\u00bbwithout_pattern\u00a0\u00bb z_index=\u00a0\u00bb\u00a0\u00bb][vc_column][vc_single_image image=\u00a0\u00bb32&Prime; img_size=\u00a0\u00bbfull\u00a0\u00bb alignment=\u00a0\u00bbcenter\u00a0\u00bb qode_css_animation=\u00a0\u00bb\u00a0\u00bb css=\u00a0\u00bb.vc_custom_1630050451964{margin-bottom: 64px !important;}\u00a0\u00bb][vc_column_text] Conditions g\u00e9n\u00e9rales de vente [\/vc_column_text][vc_empty_space][vc_column_text] Objet du&#8230;<\/p>\n","protected":false},"author":1,"featured_media":0,"parent":0,"menu_order":0,"comment_status":"closed","ping_status":"closed","template":"","meta":{"_acf_changed":false,"footnotes":""},"class_list":["post-3705","page","type-page","status-publish","hentry"],"acf":[],"yoast_head":"<!-- This site is optimized with the Yoast SEO plugin v27.3 - https:\/\/yoast.com\/product\/yoast-seo-wordpress\/ -->\n<title>Conditions g\u00e9n\u00e9rales de vente - Sandro Vanini SA<\/title>\n<meta name=\"robots\" content=\"index, follow, max-snippet:-1, max-image-preview:large, max-video-preview:-1\" \/>\n<link rel=\"canonical\" href=\"https:\/\/sandrovanini.ch\/fr\/conditions-generales-de-vente\/\" \/>\n<meta property=\"og:locale\" content=\"fr_FR\" \/>\n<meta property=\"og:type\" content=\"article\" \/>\n<meta property=\"og:title\" content=\"Conditions g\u00e9n\u00e9rales de vente - Sandro Vanini SA\" \/>\n<meta property=\"og:description\" content=\"[vc_row css_animation=\u00a0\u00bb\u00a0\u00bb row_type=\u00a0\u00bbrow\u00a0\u00bb use_row_as_full_screen_section=\u00a0\u00bbno\u00a0\u00bb type=\u00a0\u00bbfull_width\u00a0\u00bb angled_section=\u00a0\u00bbno\u00a0\u00bb text_align=\u00a0\u00bbleft\u00a0\u00bb background_image_as_pattern=\u00a0\u00bbwithout_pattern\u00a0\u00bb z_index=\u00a0\u00bb\u00a0\u00bb][vc_column][vc_single_image image=\u00a0\u00bb32&Prime; img_size=\u00a0\u00bbfull\u00a0\u00bb alignment=\u00a0\u00bbcenter\u00a0\u00bb qode_css_animation=\u00a0\u00bb\u00a0\u00bb css=\u00a0\u00bb.vc_custom_1630050451964{margin-bottom: 64px !important;}\u00a0\u00bb][vc_column_text] Conditions g\u00e9n\u00e9rales de vente [\/vc_column_text][vc_empty_space][vc_column_text] Objet du...\" \/>\n<meta property=\"og:url\" content=\"https:\/\/sandrovanini.ch\/fr\/conditions-generales-de-vente\/\" \/>\n<meta property=\"og:site_name\" content=\"Sandro Vanini SA\" \/>\n<meta property=\"article:modified_time\" content=\"2021-10-21T13:31:11+00:00\" \/>\n<meta name=\"twitter:card\" content=\"summary_large_image\" \/>\n<meta name=\"twitter:label1\" content=\"Dur\u00e9e de lecture estim\u00e9e\" \/>\n\t<meta name=\"twitter:data1\" content=\"3 minutes\" \/>\n<script type=\"application\/ld+json\" class=\"yoast-schema-graph\">{\"@context\":\"https:\\\/\\\/schema.org\",\"@graph\":[{\"@type\":\"WebPage\",\"@id\":\"https:\\\/\\\/sandrovanini.ch\\\/fr\\\/conditions-generales-de-vente\\\/\",\"url\":\"https:\\\/\\\/sandrovanini.ch\\\/fr\\\/conditions-generales-de-vente\\\/\",\"name\":\"Conditions g\u00e9n\u00e9rales de vente - Sandro Vanini SA\",\"isPartOf\":{\"@id\":\"https:\\\/\\\/sandrovanini.ch\\\/#website\"},\"datePublished\":\"2021-08-19T12:12:06+00:00\",\"dateModified\":\"2021-10-21T13:31:11+00:00\",\"breadcrumb\":{\"@id\":\"https:\\\/\\\/sandrovanini.ch\\\/fr\\\/conditions-generales-de-vente\\\/#breadcrumb\"},\"inLanguage\":\"fr-FR\",\"potentialAction\":[{\"@type\":\"ReadAction\",\"target\":[\"https:\\\/\\\/sandrovanini.ch\\\/fr\\\/conditions-generales-de-vente\\\/\"]}]},{\"@type\":\"BreadcrumbList\",\"@id\":\"https:\\\/\\\/sandrovanini.ch\\\/fr\\\/conditions-generales-de-vente\\\/#breadcrumb\",\"itemListElement\":[{\"@type\":\"ListItem\",\"position\":1,\"name\":\"Home\",\"item\":\"https:\\\/\\\/sandrovanini.ch\\\/fr\\\/\"},{\"@type\":\"ListItem\",\"position\":2,\"name\":\"Conditions g\u00e9n\u00e9rales de vente\"}]},{\"@type\":\"WebSite\",\"@id\":\"https:\\\/\\\/sandrovanini.ch\\\/#website\",\"url\":\"https:\\\/\\\/sandrovanini.ch\\\/\",\"name\":\"Sandro Vanini SA\",\"description\":\"Delizie da vivere\",\"publisher\":{\"@id\":\"https:\\\/\\\/sandrovanini.ch\\\/#organization\"},\"potentialAction\":[{\"@type\":\"SearchAction\",\"target\":{\"@type\":\"EntryPoint\",\"urlTemplate\":\"https:\\\/\\\/sandrovanini.ch\\\/?s={search_term_string}\"},\"query-input\":{\"@type\":\"PropertyValueSpecification\",\"valueRequired\":true,\"valueName\":\"search_term_string\"}}],\"inLanguage\":\"fr-FR\"},{\"@type\":\"Organization\",\"@id\":\"https:\\\/\\\/sandrovanini.ch\\\/#organization\",\"name\":\"Sandro Vanini SA\",\"url\":\"https:\\\/\\\/sandrovanini.ch\\\/\",\"logo\":{\"@type\":\"ImageObject\",\"inLanguage\":\"fr-FR\",\"@id\":\"https:\\\/\\\/sandrovanini.ch\\\/#\\\/schema\\\/logo\\\/image\\\/\",\"url\":\"https:\\\/\\\/sandrovanini.ch\\\/vaniniwpsite\\\/wp-content\\\/uploads\\\/SANDRO-VANINI-LOGO-2021.png\",\"contentUrl\":\"https:\\\/\\\/sandrovanini.ch\\\/vaniniwpsite\\\/wp-content\\\/uploads\\\/SANDRO-VANINI-LOGO-2021.png\",\"width\":300,\"height\":129,\"caption\":\"Sandro Vanini SA\"},\"image\":{\"@id\":\"https:\\\/\\\/sandrovanini.ch\\\/#\\\/schema\\\/logo\\\/image\\\/\"}}]}<\/script>\n<!-- \/ Yoast SEO plugin. -->","yoast_head_json":{"title":"Conditions g\u00e9n\u00e9rales de vente - Sandro Vanini SA","robots":{"index":"index","follow":"follow","max-snippet":"max-snippet:-1","max-image-preview":"max-image-preview:large","max-video-preview":"max-video-preview:-1"},"canonical":"https:\/\/sandrovanini.ch\/fr\/conditions-generales-de-vente\/","og_locale":"fr_FR","og_type":"article","og_title":"Conditions g\u00e9n\u00e9rales de vente - Sandro Vanini SA","og_description":"[vc_row css_animation=\u00a0\u00bb\u00a0\u00bb row_type=\u00a0\u00bbrow\u00a0\u00bb use_row_as_full_screen_section=\u00a0\u00bbno\u00a0\u00bb type=\u00a0\u00bbfull_width\u00a0\u00bb angled_section=\u00a0\u00bbno\u00a0\u00bb text_align=\u00a0\u00bbleft\u00a0\u00bb background_image_as_pattern=\u00a0\u00bbwithout_pattern\u00a0\u00bb z_index=\u00a0\u00bb\u00a0\u00bb][vc_column][vc_single_image image=\u00a0\u00bb32&Prime; img_size=\u00a0\u00bbfull\u00a0\u00bb alignment=\u00a0\u00bbcenter\u00a0\u00bb qode_css_animation=\u00a0\u00bb\u00a0\u00bb css=\u00a0\u00bb.vc_custom_1630050451964{margin-bottom: 64px !important;}\u00a0\u00bb][vc_column_text] Conditions g\u00e9n\u00e9rales de vente [\/vc_column_text][vc_empty_space][vc_column_text] Objet du...","og_url":"https:\/\/sandrovanini.ch\/fr\/conditions-generales-de-vente\/","og_site_name":"Sandro Vanini SA","article_modified_time":"2021-10-21T13:31:11+00:00","twitter_card":"summary_large_image","twitter_misc":{"Dur\u00e9e de lecture estim\u00e9e":"3 minutes"},"schema":{"@context":"https:\/\/schema.org","@graph":[{"@type":"WebPage","@id":"https:\/\/sandrovanini.ch\/fr\/conditions-generales-de-vente\/","url":"https:\/\/sandrovanini.ch\/fr\/conditions-generales-de-vente\/","name":"Conditions g\u00e9n\u00e9rales de vente - Sandro Vanini SA","isPartOf":{"@id":"https:\/\/sandrovanini.ch\/#website"},"datePublished":"2021-08-19T12:12:06+00:00","dateModified":"2021-10-21T13:31:11+00:00","breadcrumb":{"@id":"https:\/\/sandrovanini.ch\/fr\/conditions-generales-de-vente\/#breadcrumb"},"inLanguage":"fr-FR","potentialAction":[{"@type":"ReadAction","target":["https:\/\/sandrovanini.ch\/fr\/conditions-generales-de-vente\/"]}]},{"@type":"BreadcrumbList","@id":"https:\/\/sandrovanini.ch\/fr\/conditions-generales-de-vente\/#breadcrumb","itemListElement":[{"@type":"ListItem","position":1,"name":"Home","item":"https:\/\/sandrovanini.ch\/fr\/"},{"@type":"ListItem","position":2,"name":"Conditions g\u00e9n\u00e9rales de vente"}]},{"@type":"WebSite","@id":"https:\/\/sandrovanini.ch\/#website","url":"https:\/\/sandrovanini.ch\/","name":"Sandro Vanini SA","description":"Delizie da vivere","publisher":{"@id":"https:\/\/sandrovanini.ch\/#organization"},"potentialAction":[{"@type":"SearchAction","target":{"@type":"EntryPoint","urlTemplate":"https:\/\/sandrovanini.ch\/?s={search_term_string}"},"query-input":{"@type":"PropertyValueSpecification","valueRequired":true,"valueName":"search_term_string"}}],"inLanguage":"fr-FR"},{"@type":"Organization","@id":"https:\/\/sandrovanini.ch\/#organization","name":"Sandro Vanini SA","url":"https:\/\/sandrovanini.ch\/","logo":{"@type":"ImageObject","inLanguage":"fr-FR","@id":"https:\/\/sandrovanini.ch\/#\/schema\/logo\/image\/","url":"https:\/\/sandrovanini.ch\/vaniniwpsite\/wp-content\/uploads\/SANDRO-VANINI-LOGO-2021.png","contentUrl":"https:\/\/sandrovanini.ch\/vaniniwpsite\/wp-content\/uploads\/SANDRO-VANINI-LOGO-2021.png","width":300,"height":129,"caption":"Sandro Vanini SA"},"image":{"@id":"https:\/\/sandrovanini.ch\/#\/schema\/logo\/image\/"}}]}},"_links":{"self":[{"href":"https:\/\/sandrovanini.ch\/fr\/wp-json\/wp\/v2\/pages\/3705","targetHints":{"allow":["GET"]}}],"collection":[{"href":"https:\/\/sandrovanini.ch\/fr\/wp-json\/wp\/v2\/pages"}],"about":[{"href":"https:\/\/sandrovanini.ch\/fr\/wp-json\/wp\/v2\/types\/page"}],"author":[{"embeddable":true,"href":"https:\/\/sandrovanini.ch\/fr\/wp-json\/wp\/v2\/users\/1"}],"replies":[{"embeddable":true,"href":"https:\/\/sandrovanini.ch\/fr\/wp-json\/wp\/v2\/comments?post=3705"}],"version-history":[{"count":3,"href":"https:\/\/sandrovanini.ch\/fr\/wp-json\/wp\/v2\/pages\/3705\/revisions"}],"predecessor-version":[{"id":3755,"href":"https:\/\/sandrovanini.ch\/fr\/wp-json\/wp\/v2\/pages\/3705\/revisions\/3755"}],"wp:attachment":[{"href":"https:\/\/sandrovanini.ch\/fr\/wp-json\/wp\/v2\/media?parent=3705"}],"curies":[{"name":"wp","href":"https:\/\/api.w.org\/{rel}","templated":true}]}}