{"id":4562,"date":"2021-08-11T19:39:01","date_gmt":"2021-08-11T17:39:01","guid":{"rendered":"https:\/\/sandrovanini.ch\/vaniniwpsite\/prodotto\/trio-di-mostarde-puree\/"},"modified":"2024-12-09T11:13:10","modified_gmt":"2024-12-09T10:13:10","slug":"mostarda-puree-trio","status":"publish","type":"product","link":"https:\/\/sandrovanini.ch\/en\/product\/mostarda-puree-trio\/","title":{"rendered":"Mostarda pur\u00e9e trio"},"content":{"rendered":"<p>A tasting set consisting of three varieties of mostarda pur\u00e9es perfect for trying and savouring different flavours.<br \/>\nAmong the combinations we suggest the Fig mostarda pur\u00e9e with cheeses, meats and salads, the Pineapple and Curry mostarda pur\u00e9e is perfect paired with meat and charcuterie, and the pear mostarda pur\u00e9e is great with creamy or blue cheeses.<\/p>\n<p><strong>Ingredients<\/strong>: candied fig pur\u00e9e ( 50%) (50% figs, sugar, glucose syrup), sugar, water, glucose syrup, pectin, vinegar, mustard flavour, pepper, salt, sodium metabi<strong>sulfite<\/strong><\/p>\n<p>Mustard-flavoured sauce of candied pineapples with curry.<\/p>\n<p><strong>Ingredients<\/strong>: 75% candied pineapple pur\u00e9e (sugar, glucose syrup, pineapple, water), sugar, water, glucose syrup, 2% curry (contains 4% mustard powder), 0.1%mustard flavour.<\/p>\n<p>Mustard-flavoured pur\u00e9e of candied and homogenized pears.<\/p>\n<p><strong>Ingredients<\/strong>: candied pear pur\u00e9e ( 39%) (50% pears, sugar, glucose syrup), sugar, water, glucose syrup, pear pur\u00e9e (3.5%), pectin, mustard flavour, sodium metabi<strong>sulfite<\/strong>.<\/p>\n<p>To ask for more information about products and allergens please contact us: vanini@sandrovanini.ch<\/p>\n","protected":false},"excerpt":{"rendered":"<p>Jar of 3x60ml<\/p>\n","protected":false},"featured_media":3469,"comment_status":"closed","ping_status":"closed","template":"","meta":{"_acf_changed":false},"product_brand":[],"product_cat":[168],"product_tag":[],"class_list":{"0":"post-4562","1":"product","2":"type-product","3":"status-publish","4":"has-post-thumbnail","6":"product_cat-mostarda-puree-en","8":"first","9":"instock","10":"taxable","11":"shipping-taxable","12":"purchasable","13":"product-type-simple"},"acf":[],"yoast_head":"<!-- This site is optimized with the Yoast SEO plugin v27.3 - https:\/\/yoast.com\/product\/yoast-seo-wordpress\/ -->\n<title>Mostarda pur\u00e9e trio - Sandro Vanini SA<\/title>\n<meta name=\"robots\" content=\"index, follow, max-snippet:-1, max-image-preview:large, max-video-preview:-1\" \/>\n<link rel=\"canonical\" href=\"https:\/\/sandrovanini.ch\/en\/product\/mostarda-puree-trio\/\" \/>\n<meta property=\"og:locale\" content=\"en_US\" \/>\n<meta property=\"og:type\" content=\"article\" \/>\n<meta property=\"og:title\" content=\"Mostarda pur\u00e9e trio - Sandro Vanini SA\" \/>\n<meta property=\"og:description\" content=\"Jar of 3x60ml\" \/>\n<meta property=\"og:url\" content=\"https:\/\/sandrovanini.ch\/en\/product\/mostarda-puree-trio\/\" \/>\n<meta property=\"og:site_name\" content=\"Sandro Vanini SA\" \/>\n<meta property=\"article:modified_time\" content=\"2024-12-09T10:13:10+00:00\" \/>\n<meta property=\"og:image\" content=\"https:\/\/sandrovanini.ch\/vaniniwpsite\/wp-content\/uploads\/SV-3057-mixmostarde-3x60g-fruit-1.png\" \/>\n\t<meta property=\"og:image:width\" content=\"600\" \/>\n\t<meta property=\"og:image:height\" content=\"600\" \/>\n\t<meta property=\"og:image:type\" content=\"image\/png\" \/>\n<meta name=\"twitter:card\" content=\"summary_large_image\" \/>\n<meta name=\"twitter:label1\" content=\"Est. reading time\" \/>\n\t<meta name=\"twitter:data1\" content=\"1 minute\" \/>\n<script type=\"application\/ld+json\" class=\"yoast-schema-graph\">{\"@context\":\"https:\\\/\\\/schema.org\",\"@graph\":[{\"@type\":\"WebPage\",\"@id\":\"https:\\\/\\\/sandrovanini.ch\\\/en\\\/product\\\/mostarda-puree-trio\\\/\",\"url\":\"https:\\\/\\\/sandrovanini.ch\\\/en\\\/product\\\/mostarda-puree-trio\\\/\",\"name\":\"Mostarda pur\u00e9e trio - Sandro Vanini SA\",\"isPartOf\":{\"@id\":\"https:\\\/\\\/sandrovanini.ch\\\/#website\"},\"primaryImageOfPage\":{\"@id\":\"https:\\\/\\\/sandrovanini.ch\\\/en\\\/product\\\/mostarda-puree-trio\\\/#primaryimage\"},\"image\":{\"@id\":\"https:\\\/\\\/sandrovanini.ch\\\/en\\\/product\\\/mostarda-puree-trio\\\/#primaryimage\"},\"thumbnailUrl\":\"https:\\\/\\\/sandrovanini.ch\\\/vaniniwpsite\\\/wp-content\\\/uploads\\\/SV-3057-mixmostarde-3x60g-fruit-1.png\",\"datePublished\":\"2021-08-11T17:39:01+00:00\",\"dateModified\":\"2024-12-09T10:13:10+00:00\",\"breadcrumb\":{\"@id\":\"https:\\\/\\\/sandrovanini.ch\\\/en\\\/product\\\/mostarda-puree-trio\\\/#breadcrumb\"},\"inLanguage\":\"en-US\",\"potentialAction\":[{\"@type\":\"ReadAction\",\"target\":[\"https:\\\/\\\/sandrovanini.ch\\\/en\\\/product\\\/mostarda-puree-trio\\\/\"]}]},{\"@type\":\"ImageObject\",\"inLanguage\":\"en-US\",\"@id\":\"https:\\\/\\\/sandrovanini.ch\\\/en\\\/product\\\/mostarda-puree-trio\\\/#primaryimage\",\"url\":\"https:\\\/\\\/sandrovanini.ch\\\/vaniniwpsite\\\/wp-content\\\/uploads\\\/SV-3057-mixmostarde-3x60g-fruit-1.png\",\"contentUrl\":\"https:\\\/\\\/sandrovanini.ch\\\/vaniniwpsite\\\/wp-content\\\/uploads\\\/SV-3057-mixmostarde-3x60g-fruit-1.png\",\"width\":600,\"height\":600},{\"@type\":\"BreadcrumbList\",\"@id\":\"https:\\\/\\\/sandrovanini.ch\\\/en\\\/product\\\/mostarda-puree-trio\\\/#breadcrumb\",\"itemListElement\":[{\"@type\":\"ListItem\",\"position\":1,\"name\":\"Home\",\"item\":\"https:\\\/\\\/sandrovanini.ch\\\/en\\\/\"},{\"@type\":\"ListItem\",\"position\":2,\"name\":\"Prodotti\",\"item\":\"https:\\\/\\\/sandrovanini.ch\\\/shop\\\/\"},{\"@type\":\"ListItem\",\"position\":3,\"name\":\"Mostarda pur\u00e9e trio\"}]},{\"@type\":\"WebSite\",\"@id\":\"https:\\\/\\\/sandrovanini.ch\\\/#website\",\"url\":\"https:\\\/\\\/sandrovanini.ch\\\/\",\"name\":\"Sandro Vanini SA\",\"description\":\"Delizie da vivere\",\"publisher\":{\"@id\":\"https:\\\/\\\/sandrovanini.ch\\\/#organization\"},\"potentialAction\":[{\"@type\":\"SearchAction\",\"target\":{\"@type\":\"EntryPoint\",\"urlTemplate\":\"https:\\\/\\\/sandrovanini.ch\\\/?s={search_term_string}\"},\"query-input\":{\"@type\":\"PropertyValueSpecification\",\"valueRequired\":true,\"valueName\":\"search_term_string\"}}],\"inLanguage\":\"en-US\"},{\"@type\":\"Organization\",\"@id\":\"https:\\\/\\\/sandrovanini.ch\\\/#organization\",\"name\":\"Sandro Vanini SA\",\"url\":\"https:\\\/\\\/sandrovanini.ch\\\/\",\"logo\":{\"@type\":\"ImageObject\",\"inLanguage\":\"en-US\",\"@id\":\"https:\\\/\\\/sandrovanini.ch\\\/#\\\/schema\\\/logo\\\/image\\\/\",\"url\":\"https:\\\/\\\/sandrovanini.ch\\\/vaniniwpsite\\\/wp-content\\\/uploads\\\/SANDRO-VANINI-LOGO-2021.png\",\"contentUrl\":\"https:\\\/\\\/sandrovanini.ch\\\/vaniniwpsite\\\/wp-content\\\/uploads\\\/SANDRO-VANINI-LOGO-2021.png\",\"width\":300,\"height\":129,\"caption\":\"Sandro Vanini SA\"},\"image\":{\"@id\":\"https:\\\/\\\/sandrovanini.ch\\\/#\\\/schema\\\/logo\\\/image\\\/\"}}]}<\/script>\n<!-- \/ Yoast SEO plugin. -->","yoast_head_json":{"title":"Mostarda pur\u00e9e trio - Sandro Vanini SA","robots":{"index":"index","follow":"follow","max-snippet":"max-snippet:-1","max-image-preview":"max-image-preview:large","max-video-preview":"max-video-preview:-1"},"canonical":"https:\/\/sandrovanini.ch\/en\/product\/mostarda-puree-trio\/","og_locale":"en_US","og_type":"article","og_title":"Mostarda pur\u00e9e trio - Sandro Vanini SA","og_description":"Jar of 3x60ml","og_url":"https:\/\/sandrovanini.ch\/en\/product\/mostarda-puree-trio\/","og_site_name":"Sandro Vanini SA","article_modified_time":"2024-12-09T10:13:10+00:00","og_image":[{"width":600,"height":600,"url":"https:\/\/sandrovanini.ch\/vaniniwpsite\/wp-content\/uploads\/SV-3057-mixmostarde-3x60g-fruit-1.png","type":"image\/png"}],"twitter_card":"summary_large_image","twitter_misc":{"Est. reading time":"1 minute"},"schema":{"@context":"https:\/\/schema.org","@graph":[{"@type":"WebPage","@id":"https:\/\/sandrovanini.ch\/en\/product\/mostarda-puree-trio\/","url":"https:\/\/sandrovanini.ch\/en\/product\/mostarda-puree-trio\/","name":"Mostarda pur\u00e9e trio - Sandro Vanini SA","isPartOf":{"@id":"https:\/\/sandrovanini.ch\/#website"},"primaryImageOfPage":{"@id":"https:\/\/sandrovanini.ch\/en\/product\/mostarda-puree-trio\/#primaryimage"},"image":{"@id":"https:\/\/sandrovanini.ch\/en\/product\/mostarda-puree-trio\/#primaryimage"},"thumbnailUrl":"https:\/\/sandrovanini.ch\/vaniniwpsite\/wp-content\/uploads\/SV-3057-mixmostarde-3x60g-fruit-1.png","datePublished":"2021-08-11T17:39:01+00:00","dateModified":"2024-12-09T10:13:10+00:00","breadcrumb":{"@id":"https:\/\/sandrovanini.ch\/en\/product\/mostarda-puree-trio\/#breadcrumb"},"inLanguage":"en-US","potentialAction":[{"@type":"ReadAction","target":["https:\/\/sandrovanini.ch\/en\/product\/mostarda-puree-trio\/"]}]},{"@type":"ImageObject","inLanguage":"en-US","@id":"https:\/\/sandrovanini.ch\/en\/product\/mostarda-puree-trio\/#primaryimage","url":"https:\/\/sandrovanini.ch\/vaniniwpsite\/wp-content\/uploads\/SV-3057-mixmostarde-3x60g-fruit-1.png","contentUrl":"https:\/\/sandrovanini.ch\/vaniniwpsite\/wp-content\/uploads\/SV-3057-mixmostarde-3x60g-fruit-1.png","width":600,"height":600},{"@type":"BreadcrumbList","@id":"https:\/\/sandrovanini.ch\/en\/product\/mostarda-puree-trio\/#breadcrumb","itemListElement":[{"@type":"ListItem","position":1,"name":"Home","item":"https:\/\/sandrovanini.ch\/en\/"},{"@type":"ListItem","position":2,"name":"Prodotti","item":"https:\/\/sandrovanini.ch\/shop\/"},{"@type":"ListItem","position":3,"name":"Mostarda pur\u00e9e trio"}]},{"@type":"WebSite","@id":"https:\/\/sandrovanini.ch\/#website","url":"https:\/\/sandrovanini.ch\/","name":"Sandro Vanini SA","description":"Delizie da vivere","publisher":{"@id":"https:\/\/sandrovanini.ch\/#organization"},"potentialAction":[{"@type":"SearchAction","target":{"@type":"EntryPoint","urlTemplate":"https:\/\/sandrovanini.ch\/?s={search_term_string}"},"query-input":{"@type":"PropertyValueSpecification","valueRequired":true,"valueName":"search_term_string"}}],"inLanguage":"en-US"},{"@type":"Organization","@id":"https:\/\/sandrovanini.ch\/#organization","name":"Sandro Vanini SA","url":"https:\/\/sandrovanini.ch\/","logo":{"@type":"ImageObject","inLanguage":"en-US","@id":"https:\/\/sandrovanini.ch\/#\/schema\/logo\/image\/","url":"https:\/\/sandrovanini.ch\/vaniniwpsite\/wp-content\/uploads\/SANDRO-VANINI-LOGO-2021.png","contentUrl":"https:\/\/sandrovanini.ch\/vaniniwpsite\/wp-content\/uploads\/SANDRO-VANINI-LOGO-2021.png","width":300,"height":129,"caption":"Sandro Vanini SA"},"image":{"@id":"https:\/\/sandrovanini.ch\/#\/schema\/logo\/image\/"}}]}},"_links":{"self":[{"href":"https:\/\/sandrovanini.ch\/en\/wp-json\/wp\/v2\/product\/4562","targetHints":{"allow":["GET"]}}],"collection":[{"href":"https:\/\/sandrovanini.ch\/en\/wp-json\/wp\/v2\/product"}],"about":[{"href":"https:\/\/sandrovanini.ch\/en\/wp-json\/wp\/v2\/types\/product"}],"replies":[{"embeddable":true,"href":"https:\/\/sandrovanini.ch\/en\/wp-json\/wp\/v2\/comments?post=4562"}],"wp:featuredmedia":[{"embeddable":true,"href":"https:\/\/sandrovanini.ch\/en\/wp-json\/wp\/v2\/media\/3469"}],"wp:attachment":[{"href":"https:\/\/sandrovanini.ch\/en\/wp-json\/wp\/v2\/media?parent=4562"}],"wp:term":[{"taxonomy":"product_brand","embeddable":true,"href":"https:\/\/sandrovanini.ch\/en\/wp-json\/wp\/v2\/product_brand?post=4562"},{"taxonomy":"product_cat","embeddable":true,"href":"https:\/\/sandrovanini.ch\/en\/wp-json\/wp\/v2\/product_cat?post=4562"},{"taxonomy":"product_tag","embeddable":true,"href":"https:\/\/sandrovanini.ch\/en\/wp-json\/wp\/v2\/product_tag?post=4562"}],"curies":[{"name":"wp","href":"https:\/\/api.w.org\/{rel}","templated":true}]}}