{"id":9678,"date":"2025-10-21T22:55:41","date_gmt":"2025-10-21T20:55:41","guid":{"rendered":"https:\/\/sandrovanini.ch\/?post_type=product&#038;p=9678"},"modified":"2026-04-24T16:36:11","modified_gmt":"2026-04-24T14:36:11","slug":"marrons-confits-les-assortis","status":"publish","type":"product","link":"https:\/\/sandrovanini.ch\/de\/produkt\/marrons-confits-les-assortis\/","title":{"rendered":"Marrons Confits Les Assortis"},"content":{"rendered":"<p data-start=\"160\" data-end=\"737\"><strong data-start=\"160\" data-end=\"192\">Marrons Confits Les Assortis<\/strong> stehen f\u00fcr Eleganz und Vielfalt in einer raffinierten Geschenkpackung. Diese k\u00f6stliche Auswahl enth\u00e4lt je zwei St\u00fcck der drei Spezialit\u00e4ten: <em data-start=\"334\" data-end=\"361\">Marrons Confits Non Glac\u00e9<\/em>, <em data-start=\"363\" data-end=\"385\">Marrons Confits Caf\u00e9<\/em> und <em data-start=\"390\" data-end=\"416\">Marrons Confits Chocolat<\/em>. Jede Kastanie wird sorgf\u00e4ltig kandiert, um ihre nat\u00fcrliche Zartheit und ihren authentischen Geschmack zu bewahren, w\u00e4hrend die verschiedenen Varianten eine harmonische Kombination aus der Reinheit der klassischen Kastanie, den aromatischen Noten des Kaffees und der vollmundigen Reichhaltigkeit von Schokolade bieten.<\/p>\n<p data-start=\"739\" data-end=\"952\">Perfekt als Gourmet-Geschenk oder f\u00fcr einen Moment puren Genusses \u2013 <em data-start=\"807\" data-end=\"837\">Marrons Confits Les Assortis<\/em> bieten ein raffiniertes und vielseitiges Geschmackserlebnis, das selbst die anspruchsvollsten Gaumen begeistert.<\/p>\n<p data-start=\"954\" data-end=\"1231\"><strong data-start=\"954\" data-end=\"966\">Zutaten:<\/strong> Kastanien (T\u00fcrkei), Zucker, Glukosesirup, Feuchthaltemittel: Sorbit, Wasser, Zartbitterschokolade (Zucker, Kakaomasse, Kakaobutter, Emulgator: SOJA-Lecithin, nat\u00fcrliches Aroma), Konservierungsstoff: Kaliumsorbat, nat\u00fcrliches Kaffeearoma (0,07%), Kastanienaromen.<\/p>\n<p data-start=\"1233\" data-end=\"1349\">F\u00fcr weitere Informationen zu Produkten und Allergenen kontaktieren Sie uns bitte unter: <strong data-start=\"1321\" data-end=\"1347\"><a class=\"decorated-link cursor-pointer\" rel=\"noopener\" data-start=\"1323\" data-end=\"1345\">vanini@sandrovanini.ch<\/a><\/strong><\/p>\n","protected":false},"excerpt":{"rendered":"<p>Marrons Confits Les Assortis stehen f\u00fcr Eleganz und Vielfalt in einer raffinierten Geschenkpackung. Diese k\u00f6stliche Auswahl enth\u00e4lt je zwei St\u00fcck der drei Spezialit\u00e4ten:&#8230;<\/p>\n","protected":false},"featured_media":9679,"comment_status":"closed","ping_status":"closed","template":"","meta":{"_acf_changed":false},"product_brand":[],"product_cat":[127],"product_tag":[],"class_list":{"0":"post-9678","1":"product","2":"type-product","3":"status-publish","4":"has-post-thumbnail","6":"product_cat-kastanienprodukte","8":"first","9":"instock","10":"taxable","11":"shipping-taxable","12":"purchasable","13":"product-type-simple"},"acf":[],"yoast_head":"<!-- This site is optimized with the Yoast SEO plugin v27.3 - https:\/\/yoast.com\/product\/yoast-seo-wordpress\/ -->\n<title>Marrons Confits Les Assortis - Sandro Vanini SA<\/title>\n<meta name=\"robots\" content=\"index, follow, max-snippet:-1, max-image-preview:large, max-video-preview:-1\" \/>\n<link rel=\"canonical\" href=\"https:\/\/sandrovanini.ch\/de\/produkt\/marrons-confits-les-assortis\/\" \/>\n<meta property=\"og:locale\" content=\"de_DE\" \/>\n<meta property=\"og:type\" content=\"article\" \/>\n<meta property=\"og:title\" content=\"Marrons Confits Les Assortis - Sandro Vanini SA\" \/>\n<meta property=\"og:description\" content=\"Marrons Confits Les Assortis stehen f\u00fcr Eleganz und Vielfalt in einer raffinierten Geschenkpackung. Diese k\u00f6stliche Auswahl enth\u00e4lt je zwei St\u00fcck der drei Spezialit\u00e4ten:...\" \/>\n<meta property=\"og:url\" content=\"https:\/\/sandrovanini.ch\/de\/produkt\/marrons-confits-les-assortis\/\" \/>\n<meta property=\"og:site_name\" content=\"Sandro Vanini SA\" \/>\n<meta property=\"article:modified_time\" content=\"2026-04-24T14:36:11+00:00\" \/>\n<meta property=\"og:image\" content=\"https:\/\/sandrovanini.ch\/vaniniwpsite\/wp-content\/uploads\/Screenshot-2025-10-21-224227.png\" \/>\n\t<meta property=\"og:image:width\" content=\"834\" \/>\n\t<meta property=\"og:image:height\" content=\"922\" \/>\n\t<meta property=\"og:image:type\" content=\"image\/png\" \/>\n<meta name=\"twitter:card\" content=\"summary_large_image\" \/>\n<meta name=\"twitter:label1\" content=\"Gesch\u00e4tzte Lesezeit\" \/>\n\t<meta name=\"twitter:data1\" content=\"1\u00a0Minute\" \/>\n<script type=\"application\/ld+json\" class=\"yoast-schema-graph\">{\"@context\":\"https:\\\/\\\/schema.org\",\"@graph\":[{\"@type\":\"WebPage\",\"@id\":\"https:\\\/\\\/sandrovanini.ch\\\/de\\\/produkt\\\/marrons-confits-les-assortis\\\/\",\"url\":\"https:\\\/\\\/sandrovanini.ch\\\/de\\\/produkt\\\/marrons-confits-les-assortis\\\/\",\"name\":\"Marrons Confits Les Assortis - Sandro Vanini SA\",\"isPartOf\":{\"@id\":\"https:\\\/\\\/sandrovanini.ch\\\/#website\"},\"primaryImageOfPage\":{\"@id\":\"https:\\\/\\\/sandrovanini.ch\\\/de\\\/produkt\\\/marrons-confits-les-assortis\\\/#primaryimage\"},\"image\":{\"@id\":\"https:\\\/\\\/sandrovanini.ch\\\/de\\\/produkt\\\/marrons-confits-les-assortis\\\/#primaryimage\"},\"thumbnailUrl\":\"https:\\\/\\\/sandrovanini.ch\\\/vaniniwpsite\\\/wp-content\\\/uploads\\\/Screenshot-2025-10-21-224227.png\",\"datePublished\":\"2025-10-21T20:55:41+00:00\",\"dateModified\":\"2026-04-24T14:36:11+00:00\",\"breadcrumb\":{\"@id\":\"https:\\\/\\\/sandrovanini.ch\\\/de\\\/produkt\\\/marrons-confits-les-assortis\\\/#breadcrumb\"},\"inLanguage\":\"de\",\"potentialAction\":[{\"@type\":\"ReadAction\",\"target\":[\"https:\\\/\\\/sandrovanini.ch\\\/de\\\/produkt\\\/marrons-confits-les-assortis\\\/\"]}]},{\"@type\":\"ImageObject\",\"inLanguage\":\"de\",\"@id\":\"https:\\\/\\\/sandrovanini.ch\\\/de\\\/produkt\\\/marrons-confits-les-assortis\\\/#primaryimage\",\"url\":\"https:\\\/\\\/sandrovanini.ch\\\/vaniniwpsite\\\/wp-content\\\/uploads\\\/Screenshot-2025-10-21-224227.png\",\"contentUrl\":\"https:\\\/\\\/sandrovanini.ch\\\/vaniniwpsite\\\/wp-content\\\/uploads\\\/Screenshot-2025-10-21-224227.png\",\"width\":834,\"height\":922},{\"@type\":\"BreadcrumbList\",\"@id\":\"https:\\\/\\\/sandrovanini.ch\\\/de\\\/produkt\\\/marrons-confits-les-assortis\\\/#breadcrumb\",\"itemListElement\":[{\"@type\":\"ListItem\",\"position\":1,\"name\":\"Home\",\"item\":\"https:\\\/\\\/sandrovanini.ch\\\/de\\\/\"},{\"@type\":\"ListItem\",\"position\":2,\"name\":\"Prodotti\",\"item\":\"https:\\\/\\\/sandrovanini.ch\\\/shop\\\/\"},{\"@type\":\"ListItem\",\"position\":3,\"name\":\"Marrons Confits Les Assortis\"}]},{\"@type\":\"WebSite\",\"@id\":\"https:\\\/\\\/sandrovanini.ch\\\/#website\",\"url\":\"https:\\\/\\\/sandrovanini.ch\\\/\",\"name\":\"Sandro Vanini SA\",\"description\":\"Delizie da vivere\",\"publisher\":{\"@id\":\"https:\\\/\\\/sandrovanini.ch\\\/#organization\"},\"potentialAction\":[{\"@type\":\"SearchAction\",\"target\":{\"@type\":\"EntryPoint\",\"urlTemplate\":\"https:\\\/\\\/sandrovanini.ch\\\/?s={search_term_string}\"},\"query-input\":{\"@type\":\"PropertyValueSpecification\",\"valueRequired\":true,\"valueName\":\"search_term_string\"}}],\"inLanguage\":\"de\"},{\"@type\":\"Organization\",\"@id\":\"https:\\\/\\\/sandrovanini.ch\\\/#organization\",\"name\":\"Sandro Vanini SA\",\"url\":\"https:\\\/\\\/sandrovanini.ch\\\/\",\"logo\":{\"@type\":\"ImageObject\",\"inLanguage\":\"de\",\"@id\":\"https:\\\/\\\/sandrovanini.ch\\\/#\\\/schema\\\/logo\\\/image\\\/\",\"url\":\"https:\\\/\\\/sandrovanini.ch\\\/vaniniwpsite\\\/wp-content\\\/uploads\\\/SANDRO-VANINI-LOGO-2021.png\",\"contentUrl\":\"https:\\\/\\\/sandrovanini.ch\\\/vaniniwpsite\\\/wp-content\\\/uploads\\\/SANDRO-VANINI-LOGO-2021.png\",\"width\":300,\"height\":129,\"caption\":\"Sandro Vanini SA\"},\"image\":{\"@id\":\"https:\\\/\\\/sandrovanini.ch\\\/#\\\/schema\\\/logo\\\/image\\\/\"}}]}<\/script>\n<!-- \/ Yoast SEO plugin. -->","yoast_head_json":{"title":"Marrons Confits Les Assortis - Sandro Vanini SA","robots":{"index":"index","follow":"follow","max-snippet":"max-snippet:-1","max-image-preview":"max-image-preview:large","max-video-preview":"max-video-preview:-1"},"canonical":"https:\/\/sandrovanini.ch\/de\/produkt\/marrons-confits-les-assortis\/","og_locale":"de_DE","og_type":"article","og_title":"Marrons Confits Les Assortis - Sandro Vanini SA","og_description":"Marrons Confits Les Assortis stehen f\u00fcr Eleganz und Vielfalt in einer raffinierten Geschenkpackung. Diese k\u00f6stliche Auswahl enth\u00e4lt je zwei St\u00fcck der drei Spezialit\u00e4ten:...","og_url":"https:\/\/sandrovanini.ch\/de\/produkt\/marrons-confits-les-assortis\/","og_site_name":"Sandro Vanini SA","article_modified_time":"2026-04-24T14:36:11+00:00","og_image":[{"width":834,"height":922,"url":"https:\/\/sandrovanini.ch\/vaniniwpsite\/wp-content\/uploads\/Screenshot-2025-10-21-224227.png","type":"image\/png"}],"twitter_card":"summary_large_image","twitter_misc":{"Gesch\u00e4tzte Lesezeit":"1\u00a0Minute"},"schema":{"@context":"https:\/\/schema.org","@graph":[{"@type":"WebPage","@id":"https:\/\/sandrovanini.ch\/de\/produkt\/marrons-confits-les-assortis\/","url":"https:\/\/sandrovanini.ch\/de\/produkt\/marrons-confits-les-assortis\/","name":"Marrons Confits Les Assortis - Sandro Vanini SA","isPartOf":{"@id":"https:\/\/sandrovanini.ch\/#website"},"primaryImageOfPage":{"@id":"https:\/\/sandrovanini.ch\/de\/produkt\/marrons-confits-les-assortis\/#primaryimage"},"image":{"@id":"https:\/\/sandrovanini.ch\/de\/produkt\/marrons-confits-les-assortis\/#primaryimage"},"thumbnailUrl":"https:\/\/sandrovanini.ch\/vaniniwpsite\/wp-content\/uploads\/Screenshot-2025-10-21-224227.png","datePublished":"2025-10-21T20:55:41+00:00","dateModified":"2026-04-24T14:36:11+00:00","breadcrumb":{"@id":"https:\/\/sandrovanini.ch\/de\/produkt\/marrons-confits-les-assortis\/#breadcrumb"},"inLanguage":"de","potentialAction":[{"@type":"ReadAction","target":["https:\/\/sandrovanini.ch\/de\/produkt\/marrons-confits-les-assortis\/"]}]},{"@type":"ImageObject","inLanguage":"de","@id":"https:\/\/sandrovanini.ch\/de\/produkt\/marrons-confits-les-assortis\/#primaryimage","url":"https:\/\/sandrovanini.ch\/vaniniwpsite\/wp-content\/uploads\/Screenshot-2025-10-21-224227.png","contentUrl":"https:\/\/sandrovanini.ch\/vaniniwpsite\/wp-content\/uploads\/Screenshot-2025-10-21-224227.png","width":834,"height":922},{"@type":"BreadcrumbList","@id":"https:\/\/sandrovanini.ch\/de\/produkt\/marrons-confits-les-assortis\/#breadcrumb","itemListElement":[{"@type":"ListItem","position":1,"name":"Home","item":"https:\/\/sandrovanini.ch\/de\/"},{"@type":"ListItem","position":2,"name":"Prodotti","item":"https:\/\/sandrovanini.ch\/shop\/"},{"@type":"ListItem","position":3,"name":"Marrons Confits Les Assortis"}]},{"@type":"WebSite","@id":"https:\/\/sandrovanini.ch\/#website","url":"https:\/\/sandrovanini.ch\/","name":"Sandro Vanini SA","description":"Delizie da vivere","publisher":{"@id":"https:\/\/sandrovanini.ch\/#organization"},"potentialAction":[{"@type":"SearchAction","target":{"@type":"EntryPoint","urlTemplate":"https:\/\/sandrovanini.ch\/?s={search_term_string}"},"query-input":{"@type":"PropertyValueSpecification","valueRequired":true,"valueName":"search_term_string"}}],"inLanguage":"de"},{"@type":"Organization","@id":"https:\/\/sandrovanini.ch\/#organization","name":"Sandro Vanini SA","url":"https:\/\/sandrovanini.ch\/","logo":{"@type":"ImageObject","inLanguage":"de","@id":"https:\/\/sandrovanini.ch\/#\/schema\/logo\/image\/","url":"https:\/\/sandrovanini.ch\/vaniniwpsite\/wp-content\/uploads\/SANDRO-VANINI-LOGO-2021.png","contentUrl":"https:\/\/sandrovanini.ch\/vaniniwpsite\/wp-content\/uploads\/SANDRO-VANINI-LOGO-2021.png","width":300,"height":129,"caption":"Sandro Vanini SA"},"image":{"@id":"https:\/\/sandrovanini.ch\/#\/schema\/logo\/image\/"}}]}},"_links":{"self":[{"href":"https:\/\/sandrovanini.ch\/de\/wp-json\/wp\/v2\/product\/9678","targetHints":{"allow":["GET"]}}],"collection":[{"href":"https:\/\/sandrovanini.ch\/de\/wp-json\/wp\/v2\/product"}],"about":[{"href":"https:\/\/sandrovanini.ch\/de\/wp-json\/wp\/v2\/types\/product"}],"replies":[{"embeddable":true,"href":"https:\/\/sandrovanini.ch\/de\/wp-json\/wp\/v2\/comments?post=9678"}],"wp:featuredmedia":[{"embeddable":true,"href":"https:\/\/sandrovanini.ch\/de\/wp-json\/wp\/v2\/media\/9679"}],"wp:attachment":[{"href":"https:\/\/sandrovanini.ch\/de\/wp-json\/wp\/v2\/media?parent=9678"}],"wp:term":[{"taxonomy":"product_brand","embeddable":true,"href":"https:\/\/sandrovanini.ch\/de\/wp-json\/wp\/v2\/product_brand?post=9678"},{"taxonomy":"product_cat","embeddable":true,"href":"https:\/\/sandrovanini.ch\/de\/wp-json\/wp\/v2\/product_cat?post=9678"},{"taxonomy":"product_tag","embeddable":true,"href":"https:\/\/sandrovanini.ch\/de\/wp-json\/wp\/v2\/product_tag?post=9678"}],"curies":[{"name":"wp","href":"https:\/\/api.w.org\/{rel}","templated":true}]}}