{"id":8487,"date":"2024-12-03T01:02:07","date_gmt":"2024-12-03T00:02:07","guid":{"rendered":"https:\/\/sandrovanini.ch\/?post_type=product&#038;p=8487"},"modified":"2025-01-14T16:01:09","modified_gmt":"2025-01-14T15:01:09","slug":"panettone-artigianale-con-marroni-canditi-del-ticino","status":"publish","type":"product","link":"https:\/\/sandrovanini.ch\/de\/produkt\/panettone-artigianale-con-marroni-canditi-del-ticino\/","title":{"rendered":"Handgemachter Panettone mit kandierten Marroni aus dem Tessin"},"content":{"rendered":"<p style=\"text-align: justify;\">Der handgemachte Panettone mit kandierten Marroni aus dem Tessin ist ein Geb\u00e4ck, das die Tradition und die Qualit\u00e4t unserer Region verk\u00f6rpert. Sorgf\u00e4ltig von der Confiserie Al Porto hergestellt, zeichnet sich dieser Panettone durch die Verwendung ausgew\u00e4hlter Zutaten und eine handwerkliche Verarbeitung aus, die alte Rezepte respektiert.<\/p>\n<p>&nbsp;<\/p>\n<p style=\"text-align: justify;\">Die kandierten Marroni, geliefert von Sandro Vanini SA, werden von Hand in den W\u00e4ldern des Tessins gesammelt. Diese Erntemethode, die mit Achtsamkeit und Respekt f\u00fcr die Umwelt erfolgt, stellt sicher, dass nur die besten Marroni ausgew\u00e4hlt werden, um den Panettone zu verfeinern. Diese Fr\u00fcchte, mit ihrem s\u00fc\u00dfen und aromatischen Geschmack, verleihen dem Geb\u00e4ck eine unverwechselbare Note, die sich harmonisch mit dem weichen und duftenden Teig verbindet.<\/p>\n<p>&nbsp;<\/p>\n<p style=\"text-align: justify;\">Das Ergebnis ist ein Panettone, der eine Geschichte von Leidenschaft und Hingabe erz\u00e4hlt, perfekt f\u00fcr festliche Anl\u00e4sse. Jeder Bissen bietet ein einzigartiges Geschmackserlebnis, das die authentischen Aromen der Konditoreitradition heraufbeschw\u00f6rt.<\/p>\n<p>&nbsp;<\/p>\n<p style=\"text-align: justify;\"><strong>Zutaten: <\/strong>siehe Foto<\/p>\n<p>&nbsp;<\/p>\n<p style=\"text-align: justify;\"><em>F\u00fcr weitere Informationen zu Produkten und Allergenen kontaktieren Sie uns: vanini@sandrovanini.ch<\/em><\/p>\n<p>&nbsp;<\/p>\n<p>&nbsp;<\/p>\n<p>&nbsp;<\/p>\n<p style=\"text-align: justify;\">\n","protected":false},"excerpt":{"rendered":"<p>450 gr.<\/p>\n","protected":false},"featured_media":8484,"comment_status":"closed","ping_status":"closed","template":"","meta":{"_acf_changed":false},"product_brand":[],"product_cat":[241],"product_tag":[],"class_list":{"0":"post-8487","1":"product","2":"type-product","3":"status-publish","4":"has-post-thumbnail","6":"product_cat-exzellenzen-der-region","8":"first","9":"outofstock","10":"taxable","11":"shipping-taxable","12":"purchasable","13":"product-type-simple"},"acf":[],"yoast_head":"<!-- This site is optimized with the Yoast SEO plugin v27.3 - https:\/\/yoast.com\/product\/yoast-seo-wordpress\/ -->\n<title>Handgemachter Panettone mit kandierten Marroni aus dem Tessin - Sandro Vanini SA<\/title>\n<meta name=\"robots\" content=\"index, follow, max-snippet:-1, max-image-preview:large, max-video-preview:-1\" \/>\n<link rel=\"canonical\" href=\"https:\/\/sandrovanini.ch\/de\/produkt\/panettone-artigianale-con-marroni-canditi-del-ticino\/\" \/>\n<meta property=\"og:locale\" content=\"de_DE\" \/>\n<meta property=\"og:type\" content=\"article\" \/>\n<meta property=\"og:title\" content=\"Handgemachter Panettone mit kandierten Marroni aus dem Tessin - Sandro Vanini SA\" \/>\n<meta property=\"og:description\" content=\"450 gr.\" \/>\n<meta property=\"og:url\" content=\"https:\/\/sandrovanini.ch\/de\/produkt\/panettone-artigianale-con-marroni-canditi-del-ticino\/\" \/>\n<meta property=\"og:site_name\" content=\"Sandro Vanini SA\" \/>\n<meta property=\"article:modified_time\" content=\"2025-01-14T15:01:09+00:00\" \/>\n<meta property=\"og:image\" content=\"https:\/\/sandrovanini.ch\/vaniniwpsite\/wp-content\/uploads\/T_29478_VAN_PANETTONE.jpg\" \/>\n\t<meta property=\"og:image:width\" content=\"600\" \/>\n\t<meta property=\"og:image:height\" content=\"600\" \/>\n\t<meta property=\"og:image:type\" content=\"image\/jpeg\" \/>\n<meta name=\"twitter:card\" content=\"summary_large_image\" \/>\n<meta name=\"twitter:label1\" content=\"Gesch\u00e4tzte Lesezeit\" \/>\n\t<meta name=\"twitter:data1\" content=\"1\u00a0Minute\" \/>\n<script type=\"application\/ld+json\" class=\"yoast-schema-graph\">{\"@context\":\"https:\\\/\\\/schema.org\",\"@graph\":[{\"@type\":\"WebPage\",\"@id\":\"https:\\\/\\\/sandrovanini.ch\\\/de\\\/produkt\\\/panettone-artigianale-con-marroni-canditi-del-ticino\\\/\",\"url\":\"https:\\\/\\\/sandrovanini.ch\\\/de\\\/produkt\\\/panettone-artigianale-con-marroni-canditi-del-ticino\\\/\",\"name\":\"Handgemachter Panettone mit kandierten Marroni aus dem Tessin - Sandro Vanini SA\",\"isPartOf\":{\"@id\":\"https:\\\/\\\/sandrovanini.ch\\\/#website\"},\"primaryImageOfPage\":{\"@id\":\"https:\\\/\\\/sandrovanini.ch\\\/de\\\/produkt\\\/panettone-artigianale-con-marroni-canditi-del-ticino\\\/#primaryimage\"},\"image\":{\"@id\":\"https:\\\/\\\/sandrovanini.ch\\\/de\\\/produkt\\\/panettone-artigianale-con-marroni-canditi-del-ticino\\\/#primaryimage\"},\"thumbnailUrl\":\"https:\\\/\\\/sandrovanini.ch\\\/vaniniwpsite\\\/wp-content\\\/uploads\\\/T_29478_VAN_PANETTONE.jpg\",\"datePublished\":\"2024-12-03T00:02:07+00:00\",\"dateModified\":\"2025-01-14T15:01:09+00:00\",\"breadcrumb\":{\"@id\":\"https:\\\/\\\/sandrovanini.ch\\\/de\\\/produkt\\\/panettone-artigianale-con-marroni-canditi-del-ticino\\\/#breadcrumb\"},\"inLanguage\":\"de\",\"potentialAction\":[{\"@type\":\"ReadAction\",\"target\":[\"https:\\\/\\\/sandrovanini.ch\\\/de\\\/produkt\\\/panettone-artigianale-con-marroni-canditi-del-ticino\\\/\"]}]},{\"@type\":\"ImageObject\",\"inLanguage\":\"de\",\"@id\":\"https:\\\/\\\/sandrovanini.ch\\\/de\\\/produkt\\\/panettone-artigianale-con-marroni-canditi-del-ticino\\\/#primaryimage\",\"url\":\"https:\\\/\\\/sandrovanini.ch\\\/vaniniwpsite\\\/wp-content\\\/uploads\\\/T_29478_VAN_PANETTONE.jpg\",\"contentUrl\":\"https:\\\/\\\/sandrovanini.ch\\\/vaniniwpsite\\\/wp-content\\\/uploads\\\/T_29478_VAN_PANETTONE.jpg\",\"width\":600,\"height\":600},{\"@type\":\"BreadcrumbList\",\"@id\":\"https:\\\/\\\/sandrovanini.ch\\\/de\\\/produkt\\\/panettone-artigianale-con-marroni-canditi-del-ticino\\\/#breadcrumb\",\"itemListElement\":[{\"@type\":\"ListItem\",\"position\":1,\"name\":\"Home\",\"item\":\"https:\\\/\\\/sandrovanini.ch\\\/de\\\/\"},{\"@type\":\"ListItem\",\"position\":2,\"name\":\"Prodotti\",\"item\":\"https:\\\/\\\/sandrovanini.ch\\\/shop\\\/\"},{\"@type\":\"ListItem\",\"position\":3,\"name\":\"Handgemachter Panettone mit kandierten Marroni aus dem Tessin\"}]},{\"@type\":\"WebSite\",\"@id\":\"https:\\\/\\\/sandrovanini.ch\\\/#website\",\"url\":\"https:\\\/\\\/sandrovanini.ch\\\/\",\"name\":\"Sandro Vanini SA\",\"description\":\"Delizie da vivere\",\"publisher\":{\"@id\":\"https:\\\/\\\/sandrovanini.ch\\\/#organization\"},\"potentialAction\":[{\"@type\":\"SearchAction\",\"target\":{\"@type\":\"EntryPoint\",\"urlTemplate\":\"https:\\\/\\\/sandrovanini.ch\\\/?s={search_term_string}\"},\"query-input\":{\"@type\":\"PropertyValueSpecification\",\"valueRequired\":true,\"valueName\":\"search_term_string\"}}],\"inLanguage\":\"de\"},{\"@type\":\"Organization\",\"@id\":\"https:\\\/\\\/sandrovanini.ch\\\/#organization\",\"name\":\"Sandro Vanini SA\",\"url\":\"https:\\\/\\\/sandrovanini.ch\\\/\",\"logo\":{\"@type\":\"ImageObject\",\"inLanguage\":\"de\",\"@id\":\"https:\\\/\\\/sandrovanini.ch\\\/#\\\/schema\\\/logo\\\/image\\\/\",\"url\":\"https:\\\/\\\/sandrovanini.ch\\\/vaniniwpsite\\\/wp-content\\\/uploads\\\/SANDRO-VANINI-LOGO-2021.png\",\"contentUrl\":\"https:\\\/\\\/sandrovanini.ch\\\/vaniniwpsite\\\/wp-content\\\/uploads\\\/SANDRO-VANINI-LOGO-2021.png\",\"width\":300,\"height\":129,\"caption\":\"Sandro Vanini SA\"},\"image\":{\"@id\":\"https:\\\/\\\/sandrovanini.ch\\\/#\\\/schema\\\/logo\\\/image\\\/\"}}]}<\/script>\n<!-- \/ Yoast SEO plugin. -->","yoast_head_json":{"title":"Handgemachter Panettone mit kandierten Marroni aus dem Tessin - Sandro Vanini SA","robots":{"index":"index","follow":"follow","max-snippet":"max-snippet:-1","max-image-preview":"max-image-preview:large","max-video-preview":"max-video-preview:-1"},"canonical":"https:\/\/sandrovanini.ch\/de\/produkt\/panettone-artigianale-con-marroni-canditi-del-ticino\/","og_locale":"de_DE","og_type":"article","og_title":"Handgemachter Panettone mit kandierten Marroni aus dem Tessin - Sandro Vanini SA","og_description":"450 gr.","og_url":"https:\/\/sandrovanini.ch\/de\/produkt\/panettone-artigianale-con-marroni-canditi-del-ticino\/","og_site_name":"Sandro Vanini SA","article_modified_time":"2025-01-14T15:01:09+00:00","og_image":[{"width":600,"height":600,"url":"https:\/\/sandrovanini.ch\/vaniniwpsite\/wp-content\/uploads\/T_29478_VAN_PANETTONE.jpg","type":"image\/jpeg"}],"twitter_card":"summary_large_image","twitter_misc":{"Gesch\u00e4tzte Lesezeit":"1\u00a0Minute"},"schema":{"@context":"https:\/\/schema.org","@graph":[{"@type":"WebPage","@id":"https:\/\/sandrovanini.ch\/de\/produkt\/panettone-artigianale-con-marroni-canditi-del-ticino\/","url":"https:\/\/sandrovanini.ch\/de\/produkt\/panettone-artigianale-con-marroni-canditi-del-ticino\/","name":"Handgemachter Panettone mit kandierten Marroni aus dem Tessin - Sandro Vanini SA","isPartOf":{"@id":"https:\/\/sandrovanini.ch\/#website"},"primaryImageOfPage":{"@id":"https:\/\/sandrovanini.ch\/de\/produkt\/panettone-artigianale-con-marroni-canditi-del-ticino\/#primaryimage"},"image":{"@id":"https:\/\/sandrovanini.ch\/de\/produkt\/panettone-artigianale-con-marroni-canditi-del-ticino\/#primaryimage"},"thumbnailUrl":"https:\/\/sandrovanini.ch\/vaniniwpsite\/wp-content\/uploads\/T_29478_VAN_PANETTONE.jpg","datePublished":"2024-12-03T00:02:07+00:00","dateModified":"2025-01-14T15:01:09+00:00","breadcrumb":{"@id":"https:\/\/sandrovanini.ch\/de\/produkt\/panettone-artigianale-con-marroni-canditi-del-ticino\/#breadcrumb"},"inLanguage":"de","potentialAction":[{"@type":"ReadAction","target":["https:\/\/sandrovanini.ch\/de\/produkt\/panettone-artigianale-con-marroni-canditi-del-ticino\/"]}]},{"@type":"ImageObject","inLanguage":"de","@id":"https:\/\/sandrovanini.ch\/de\/produkt\/panettone-artigianale-con-marroni-canditi-del-ticino\/#primaryimage","url":"https:\/\/sandrovanini.ch\/vaniniwpsite\/wp-content\/uploads\/T_29478_VAN_PANETTONE.jpg","contentUrl":"https:\/\/sandrovanini.ch\/vaniniwpsite\/wp-content\/uploads\/T_29478_VAN_PANETTONE.jpg","width":600,"height":600},{"@type":"BreadcrumbList","@id":"https:\/\/sandrovanini.ch\/de\/produkt\/panettone-artigianale-con-marroni-canditi-del-ticino\/#breadcrumb","itemListElement":[{"@type":"ListItem","position":1,"name":"Home","item":"https:\/\/sandrovanini.ch\/de\/"},{"@type":"ListItem","position":2,"name":"Prodotti","item":"https:\/\/sandrovanini.ch\/shop\/"},{"@type":"ListItem","position":3,"name":"Handgemachter Panettone mit kandierten Marroni aus dem Tessin"}]},{"@type":"WebSite","@id":"https:\/\/sandrovanini.ch\/#website","url":"https:\/\/sandrovanini.ch\/","name":"Sandro Vanini SA","description":"Delizie da vivere","publisher":{"@id":"https:\/\/sandrovanini.ch\/#organization"},"potentialAction":[{"@type":"SearchAction","target":{"@type":"EntryPoint","urlTemplate":"https:\/\/sandrovanini.ch\/?s={search_term_string}"},"query-input":{"@type":"PropertyValueSpecification","valueRequired":true,"valueName":"search_term_string"}}],"inLanguage":"de"},{"@type":"Organization","@id":"https:\/\/sandrovanini.ch\/#organization","name":"Sandro Vanini SA","url":"https:\/\/sandrovanini.ch\/","logo":{"@type":"ImageObject","inLanguage":"de","@id":"https:\/\/sandrovanini.ch\/#\/schema\/logo\/image\/","url":"https:\/\/sandrovanini.ch\/vaniniwpsite\/wp-content\/uploads\/SANDRO-VANINI-LOGO-2021.png","contentUrl":"https:\/\/sandrovanini.ch\/vaniniwpsite\/wp-content\/uploads\/SANDRO-VANINI-LOGO-2021.png","width":300,"height":129,"caption":"Sandro Vanini SA"},"image":{"@id":"https:\/\/sandrovanini.ch\/#\/schema\/logo\/image\/"}}]}},"_links":{"self":[{"href":"https:\/\/sandrovanini.ch\/de\/wp-json\/wp\/v2\/product\/8487","targetHints":{"allow":["GET"]}}],"collection":[{"href":"https:\/\/sandrovanini.ch\/de\/wp-json\/wp\/v2\/product"}],"about":[{"href":"https:\/\/sandrovanini.ch\/de\/wp-json\/wp\/v2\/types\/product"}],"replies":[{"embeddable":true,"href":"https:\/\/sandrovanini.ch\/de\/wp-json\/wp\/v2\/comments?post=8487"}],"wp:featuredmedia":[{"embeddable":true,"href":"https:\/\/sandrovanini.ch\/de\/wp-json\/wp\/v2\/media\/8484"}],"wp:attachment":[{"href":"https:\/\/sandrovanini.ch\/de\/wp-json\/wp\/v2\/media?parent=8487"}],"wp:term":[{"taxonomy":"product_brand","embeddable":true,"href":"https:\/\/sandrovanini.ch\/de\/wp-json\/wp\/v2\/product_brand?post=8487"},{"taxonomy":"product_cat","embeddable":true,"href":"https:\/\/sandrovanini.ch\/de\/wp-json\/wp\/v2\/product_cat?post=8487"},{"taxonomy":"product_tag","embeddable":true,"href":"https:\/\/sandrovanini.ch\/de\/wp-json\/wp\/v2\/product_tag?post=8487"}],"curies":[{"name":"wp","href":"https:\/\/api.w.org\/{rel}","templated":true}]}}