{"id":8476,"date":"2024-10-14T13:44:07","date_gmt":"2024-10-14T11:44:07","guid":{"rendered":"https:\/\/sandrovanini.ch\/prodotto\/mostarda-di-ciliegie\/"},"modified":"2024-12-09T11:19:35","modified_gmt":"2024-12-09T10:19:35","slug":"kirschen-senffruechte","status":"publish","type":"product","link":"https:\/\/sandrovanini.ch\/de\/produkt\/kirschen-senffruechte\/","title":{"rendered":"Kirschen Senffr\u00fcchte"},"content":{"rendered":"<p style=\"text-align: justify;\">Die <strong>Kirschen-Senffr\u00fcchte Sandro Vanini SA<\/strong> wurde entwickelt, um den vollen, intensiven Geschmack ganzer Kirschen zu bieten. Nach italienischer Tradition hergestellt, verwendet diese Mostarda sorgf\u00e4ltig ausgew\u00e4hlte ganze Kirschen, veredelt mit scharfem Senf\u00f6l, um ein raffiniertes Gew\u00fcrz f\u00fcr verschiedene Anl\u00e4sse zu kreieren.<\/p>\n<p>&nbsp;<\/p>\n<p style=\"text-align: justify;\">Die Kirschen werden geerntet, gewaschen und einem zw\u00f6lf Tage dauernden Kandierprozess unterzogen, bei dem sie in einen Sirup aus Glukose-Fruktose und Zucker eingetaucht werden, um eine perfekt kandierte Konsistenz zu erreichen.<\/p>\n<p>&nbsp;<\/p>\n<p style=\"text-align: justify;\">Anschlie\u00dfend wird der Senfsirup hinzugef\u00fcgt, der der <strong>Kirschen-Senffr\u00fcchte <\/strong>ihre unverwechselbare Balance zwischen S\u00fc\u00dfe und Sch\u00e4rfe verleiht.<\/p>\n<p>&nbsp;<\/p>\n<p style=\"text-align: justify;\">Diese Mostarda ist ideal zu K\u00e4se, gekochtem Fleisch und kalten Speisen und verleiht auch traditionellen Schweizer Gerichten wie Fondue oder Raclette eine besondere Raffinesse.<\/p>\n<p>&nbsp;<\/p>\n<p style=\"text-align: justify;\"><strong>Zutaten:<\/strong> 62 % kandierte Kirschen (52 % Kirschen (Italien\/T\u00fcrkei\/Bulgarien), Glukose-Fruktosesirup, Zucker, S\u00e4uerungsmittel: Zitronens\u00e4ure, Farbstoff: Karmin), Zucker, Wasser, Glukosesirup, 0,04 % Senfaroma, Konservierungsmittel: Natriummetabi<strong>sulfit<\/strong>.<\/p>\n<p>&nbsp;<\/p>\n<p style=\"text-align: justify;\"><em>F\u00fcr weitere Informationen zu Produkten und Allergenen kontaktieren Sie uns bitte unter: <strong>vanini@sandrovanini.ch<\/strong><\/em><\/p>\n<p>&nbsp;<\/p>\n<p>&nbsp;<\/p>\n<p>&nbsp;<\/p>\n<p>&nbsp;<\/p>\n","protected":false},"excerpt":{"rendered":"<p><strong>260gr Glas<\/strong><\/p>\n","protected":false},"featured_media":8472,"comment_status":"closed","ping_status":"closed","template":"","meta":{"_acf_changed":false},"product_brand":[],"product_cat":[125],"product_tag":[],"class_list":{"0":"post-8476","1":"product","2":"type-product","3":"status-publish","4":"has-post-thumbnail","6":"product_cat-senffruchte","8":"first","9":"outofstock","10":"taxable","11":"shipping-taxable","12":"purchasable","13":"product-type-simple"},"acf":[],"yoast_head":"<!-- This site is optimized with the Yoast SEO plugin v27.3 - https:\/\/yoast.com\/product\/yoast-seo-wordpress\/ -->\n<title>Kirschen Senffr\u00fcchte - Sandro Vanini SA<\/title>\n<meta name=\"robots\" content=\"index, follow, max-snippet:-1, max-image-preview:large, max-video-preview:-1\" \/>\n<link rel=\"canonical\" href=\"https:\/\/sandrovanini.ch\/de\/produkt\/kirschen-senffruechte\/\" \/>\n<meta property=\"og:locale\" content=\"de_DE\" \/>\n<meta property=\"og:type\" content=\"article\" \/>\n<meta property=\"og:title\" content=\"Kirschen Senffr\u00fcchte - Sandro Vanini SA\" \/>\n<meta property=\"og:description\" content=\"260gr Glas\" \/>\n<meta property=\"og:url\" content=\"https:\/\/sandrovanini.ch\/de\/produkt\/kirschen-senffruechte\/\" \/>\n<meta property=\"og:site_name\" content=\"Sandro Vanini SA\" \/>\n<meta property=\"article:modified_time\" content=\"2024-12-09T10:19:35+00:00\" \/>\n<meta property=\"og:image\" content=\"https:\/\/sandrovanini.ch\/vaniniwpsite\/wp-content\/uploads\/SV-mostarda-ciliegie.png\" \/>\n\t<meta property=\"og:image:width\" content=\"600\" \/>\n\t<meta property=\"og:image:height\" content=\"600\" \/>\n\t<meta property=\"og:image:type\" content=\"image\/png\" \/>\n<meta name=\"twitter:card\" content=\"summary_large_image\" \/>\n<meta name=\"twitter:label1\" content=\"Gesch\u00e4tzte Lesezeit\" \/>\n\t<meta name=\"twitter:data1\" content=\"1\u00a0Minute\" \/>\n<script type=\"application\/ld+json\" class=\"yoast-schema-graph\">{\"@context\":\"https:\\\/\\\/schema.org\",\"@graph\":[{\"@type\":\"WebPage\",\"@id\":\"https:\\\/\\\/sandrovanini.ch\\\/de\\\/produkt\\\/kirschen-senffruechte\\\/\",\"url\":\"https:\\\/\\\/sandrovanini.ch\\\/de\\\/produkt\\\/kirschen-senffruechte\\\/\",\"name\":\"Kirschen Senffr\u00fcchte - Sandro Vanini SA\",\"isPartOf\":{\"@id\":\"https:\\\/\\\/sandrovanini.ch\\\/#website\"},\"primaryImageOfPage\":{\"@id\":\"https:\\\/\\\/sandrovanini.ch\\\/de\\\/produkt\\\/kirschen-senffruechte\\\/#primaryimage\"},\"image\":{\"@id\":\"https:\\\/\\\/sandrovanini.ch\\\/de\\\/produkt\\\/kirschen-senffruechte\\\/#primaryimage\"},\"thumbnailUrl\":\"https:\\\/\\\/sandrovanini.ch\\\/vaniniwpsite\\\/wp-content\\\/uploads\\\/SV-mostarda-ciliegie.png\",\"datePublished\":\"2024-10-14T11:44:07+00:00\",\"dateModified\":\"2024-12-09T10:19:35+00:00\",\"breadcrumb\":{\"@id\":\"https:\\\/\\\/sandrovanini.ch\\\/de\\\/produkt\\\/kirschen-senffruechte\\\/#breadcrumb\"},\"inLanguage\":\"de\",\"potentialAction\":[{\"@type\":\"ReadAction\",\"target\":[\"https:\\\/\\\/sandrovanini.ch\\\/de\\\/produkt\\\/kirschen-senffruechte\\\/\"]}]},{\"@type\":\"ImageObject\",\"inLanguage\":\"de\",\"@id\":\"https:\\\/\\\/sandrovanini.ch\\\/de\\\/produkt\\\/kirschen-senffruechte\\\/#primaryimage\",\"url\":\"https:\\\/\\\/sandrovanini.ch\\\/vaniniwpsite\\\/wp-content\\\/uploads\\\/SV-mostarda-ciliegie.png\",\"contentUrl\":\"https:\\\/\\\/sandrovanini.ch\\\/vaniniwpsite\\\/wp-content\\\/uploads\\\/SV-mostarda-ciliegie.png\",\"width\":600,\"height\":600},{\"@type\":\"BreadcrumbList\",\"@id\":\"https:\\\/\\\/sandrovanini.ch\\\/de\\\/produkt\\\/kirschen-senffruechte\\\/#breadcrumb\",\"itemListElement\":[{\"@type\":\"ListItem\",\"position\":1,\"name\":\"Home\",\"item\":\"https:\\\/\\\/sandrovanini.ch\\\/de\\\/\"},{\"@type\":\"ListItem\",\"position\":2,\"name\":\"Prodotti\",\"item\":\"https:\\\/\\\/sandrovanini.ch\\\/shop\\\/\"},{\"@type\":\"ListItem\",\"position\":3,\"name\":\"Kirschen Senffr\u00fcchte\"}]},{\"@type\":\"WebSite\",\"@id\":\"https:\\\/\\\/sandrovanini.ch\\\/#website\",\"url\":\"https:\\\/\\\/sandrovanini.ch\\\/\",\"name\":\"Sandro Vanini SA\",\"description\":\"Delizie da vivere\",\"publisher\":{\"@id\":\"https:\\\/\\\/sandrovanini.ch\\\/#organization\"},\"potentialAction\":[{\"@type\":\"SearchAction\",\"target\":{\"@type\":\"EntryPoint\",\"urlTemplate\":\"https:\\\/\\\/sandrovanini.ch\\\/?s={search_term_string}\"},\"query-input\":{\"@type\":\"PropertyValueSpecification\",\"valueRequired\":true,\"valueName\":\"search_term_string\"}}],\"inLanguage\":\"de\"},{\"@type\":\"Organization\",\"@id\":\"https:\\\/\\\/sandrovanini.ch\\\/#organization\",\"name\":\"Sandro Vanini SA\",\"url\":\"https:\\\/\\\/sandrovanini.ch\\\/\",\"logo\":{\"@type\":\"ImageObject\",\"inLanguage\":\"de\",\"@id\":\"https:\\\/\\\/sandrovanini.ch\\\/#\\\/schema\\\/logo\\\/image\\\/\",\"url\":\"https:\\\/\\\/sandrovanini.ch\\\/vaniniwpsite\\\/wp-content\\\/uploads\\\/SANDRO-VANINI-LOGO-2021.png\",\"contentUrl\":\"https:\\\/\\\/sandrovanini.ch\\\/vaniniwpsite\\\/wp-content\\\/uploads\\\/SANDRO-VANINI-LOGO-2021.png\",\"width\":300,\"height\":129,\"caption\":\"Sandro Vanini SA\"},\"image\":{\"@id\":\"https:\\\/\\\/sandrovanini.ch\\\/#\\\/schema\\\/logo\\\/image\\\/\"}}]}<\/script>\n<!-- \/ Yoast SEO plugin. -->","yoast_head_json":{"title":"Kirschen Senffr\u00fcchte - Sandro Vanini SA","robots":{"index":"index","follow":"follow","max-snippet":"max-snippet:-1","max-image-preview":"max-image-preview:large","max-video-preview":"max-video-preview:-1"},"canonical":"https:\/\/sandrovanini.ch\/de\/produkt\/kirschen-senffruechte\/","og_locale":"de_DE","og_type":"article","og_title":"Kirschen Senffr\u00fcchte - Sandro Vanini SA","og_description":"260gr Glas","og_url":"https:\/\/sandrovanini.ch\/de\/produkt\/kirschen-senffruechte\/","og_site_name":"Sandro Vanini SA","article_modified_time":"2024-12-09T10:19:35+00:00","og_image":[{"width":600,"height":600,"url":"https:\/\/sandrovanini.ch\/vaniniwpsite\/wp-content\/uploads\/SV-mostarda-ciliegie.png","type":"image\/png"}],"twitter_card":"summary_large_image","twitter_misc":{"Gesch\u00e4tzte Lesezeit":"1\u00a0Minute"},"schema":{"@context":"https:\/\/schema.org","@graph":[{"@type":"WebPage","@id":"https:\/\/sandrovanini.ch\/de\/produkt\/kirschen-senffruechte\/","url":"https:\/\/sandrovanini.ch\/de\/produkt\/kirschen-senffruechte\/","name":"Kirschen Senffr\u00fcchte - Sandro Vanini SA","isPartOf":{"@id":"https:\/\/sandrovanini.ch\/#website"},"primaryImageOfPage":{"@id":"https:\/\/sandrovanini.ch\/de\/produkt\/kirschen-senffruechte\/#primaryimage"},"image":{"@id":"https:\/\/sandrovanini.ch\/de\/produkt\/kirschen-senffruechte\/#primaryimage"},"thumbnailUrl":"https:\/\/sandrovanini.ch\/vaniniwpsite\/wp-content\/uploads\/SV-mostarda-ciliegie.png","datePublished":"2024-10-14T11:44:07+00:00","dateModified":"2024-12-09T10:19:35+00:00","breadcrumb":{"@id":"https:\/\/sandrovanini.ch\/de\/produkt\/kirschen-senffruechte\/#breadcrumb"},"inLanguage":"de","potentialAction":[{"@type":"ReadAction","target":["https:\/\/sandrovanini.ch\/de\/produkt\/kirschen-senffruechte\/"]}]},{"@type":"ImageObject","inLanguage":"de","@id":"https:\/\/sandrovanini.ch\/de\/produkt\/kirschen-senffruechte\/#primaryimage","url":"https:\/\/sandrovanini.ch\/vaniniwpsite\/wp-content\/uploads\/SV-mostarda-ciliegie.png","contentUrl":"https:\/\/sandrovanini.ch\/vaniniwpsite\/wp-content\/uploads\/SV-mostarda-ciliegie.png","width":600,"height":600},{"@type":"BreadcrumbList","@id":"https:\/\/sandrovanini.ch\/de\/produkt\/kirschen-senffruechte\/#breadcrumb","itemListElement":[{"@type":"ListItem","position":1,"name":"Home","item":"https:\/\/sandrovanini.ch\/de\/"},{"@type":"ListItem","position":2,"name":"Prodotti","item":"https:\/\/sandrovanini.ch\/shop\/"},{"@type":"ListItem","position":3,"name":"Kirschen Senffr\u00fcchte"}]},{"@type":"WebSite","@id":"https:\/\/sandrovanini.ch\/#website","url":"https:\/\/sandrovanini.ch\/","name":"Sandro Vanini SA","description":"Delizie da vivere","publisher":{"@id":"https:\/\/sandrovanini.ch\/#organization"},"potentialAction":[{"@type":"SearchAction","target":{"@type":"EntryPoint","urlTemplate":"https:\/\/sandrovanini.ch\/?s={search_term_string}"},"query-input":{"@type":"PropertyValueSpecification","valueRequired":true,"valueName":"search_term_string"}}],"inLanguage":"de"},{"@type":"Organization","@id":"https:\/\/sandrovanini.ch\/#organization","name":"Sandro Vanini SA","url":"https:\/\/sandrovanini.ch\/","logo":{"@type":"ImageObject","inLanguage":"de","@id":"https:\/\/sandrovanini.ch\/#\/schema\/logo\/image\/","url":"https:\/\/sandrovanini.ch\/vaniniwpsite\/wp-content\/uploads\/SANDRO-VANINI-LOGO-2021.png","contentUrl":"https:\/\/sandrovanini.ch\/vaniniwpsite\/wp-content\/uploads\/SANDRO-VANINI-LOGO-2021.png","width":300,"height":129,"caption":"Sandro Vanini SA"},"image":{"@id":"https:\/\/sandrovanini.ch\/#\/schema\/logo\/image\/"}}]}},"_links":{"self":[{"href":"https:\/\/sandrovanini.ch\/de\/wp-json\/wp\/v2\/product\/8476","targetHints":{"allow":["GET"]}}],"collection":[{"href":"https:\/\/sandrovanini.ch\/de\/wp-json\/wp\/v2\/product"}],"about":[{"href":"https:\/\/sandrovanini.ch\/de\/wp-json\/wp\/v2\/types\/product"}],"replies":[{"embeddable":true,"href":"https:\/\/sandrovanini.ch\/de\/wp-json\/wp\/v2\/comments?post=8476"}],"wp:featuredmedia":[{"embeddable":true,"href":"https:\/\/sandrovanini.ch\/de\/wp-json\/wp\/v2\/media\/8472"}],"wp:attachment":[{"href":"https:\/\/sandrovanini.ch\/de\/wp-json\/wp\/v2\/media?parent=8476"}],"wp:term":[{"taxonomy":"product_brand","embeddable":true,"href":"https:\/\/sandrovanini.ch\/de\/wp-json\/wp\/v2\/product_brand?post=8476"},{"taxonomy":"product_cat","embeddable":true,"href":"https:\/\/sandrovanini.ch\/de\/wp-json\/wp\/v2\/product_cat?post=8476"},{"taxonomy":"product_tag","embeddable":true,"href":"https:\/\/sandrovanini.ch\/de\/wp-json\/wp\/v2\/product_tag?post=8476"}],"curies":[{"name":"wp","href":"https:\/\/api.w.org\/{rel}","templated":true}]}}