{"id":8144,"date":"2024-07-25T10:37:43","date_gmt":"2024-07-25T08:36:58","guid":{"rendered":"https:\/\/sandrovanini.ch\/?post_type=product&#038;p=8144"},"modified":"2024-12-10T14:53:54","modified_gmt":"2024-12-10T13:53:54","slug":"tessiner-hartweizennester","status":"publish","type":"product","link":"https:\/\/sandrovanini.ch\/de\/produkt\/tessiner-hartweizennester\/","title":{"rendered":"Tessiner Hartweizennester"},"content":{"rendered":"<p style=\"text-align: justify;\">Auf der Magadino-Ebene und in den fruchtbaren B\u00f6den des Kantons Tessin angebaut, erz\u00e4hlt der Hartweizen dieser Pasta die Geschichte der Region, aus der er stammt. Sorgf\u00e4ltig in der M\u00fchle in Maroggia gemahlen und fachm\u00e4nnisch von dem Pastificio Simona in Quartino verarbeitet, wird dieser Hartweizen in dieser einzigen vollst\u00e4ndig tessiner Pasta veredelt. Die Tessiner Hartweizennester bieten einen authentischen Geschmack und eine \u00fcberlegene Qualit\u00e4t, die den lokalen Traditionen und dem handwerklichen K\u00f6nnen Tribut zollen.<\/p>\n<p>&nbsp;<\/p>\n<p style=\"text-align: justify;\"><strong>Zutaten:<\/strong> <strong>Hartweizengrie\u00df<\/strong> (Tessin), Quellwasser.<\/p>\n<p>&nbsp;<\/p>\n<p style=\"text-align: justify;\"><em>F\u00fcr weitere Informationen zu Produkten und Allergenen kontaktieren Sie uns bitte unter: <a href=\"mailto:vanini@sandrovanini.ch\">vanini@sandrovanini.ch<\/a><\/em><\/p>\n<p style=\"text-align: justify;\">\n","protected":false},"excerpt":{"rendered":"<p>500 gr<\/p>\n","protected":false},"featured_media":8286,"comment_status":"closed","ping_status":"closed","template":"","meta":{"_acf_changed":false},"product_brand":[],"product_cat":[241],"product_tag":[],"class_list":{"0":"post-8144","1":"product","2":"type-product","3":"status-publish","4":"has-post-thumbnail","6":"product_cat-exzellenzen-der-region","8":"first","9":"instock","10":"taxable","11":"shipping-taxable","12":"purchasable","13":"product-type-simple"},"acf":[],"yoast_head":"<!-- This site is optimized with the Yoast SEO plugin v27.3 - https:\/\/yoast.com\/product\/yoast-seo-wordpress\/ -->\n<title>Tessiner Hartweizennester - Sandro Vanini SA<\/title>\n<meta name=\"robots\" content=\"index, follow, max-snippet:-1, max-image-preview:large, max-video-preview:-1\" \/>\n<link rel=\"canonical\" href=\"https:\/\/sandrovanini.ch\/de\/produkt\/tessiner-hartweizennester\/\" \/>\n<meta property=\"og:locale\" content=\"de_DE\" \/>\n<meta property=\"og:type\" content=\"article\" \/>\n<meta property=\"og:title\" content=\"Tessiner Hartweizennester - Sandro Vanini SA\" \/>\n<meta property=\"og:description\" content=\"500 gr\" \/>\n<meta property=\"og:url\" content=\"https:\/\/sandrovanini.ch\/de\/produkt\/tessiner-hartweizennester\/\" \/>\n<meta property=\"og:site_name\" content=\"Sandro Vanini SA\" \/>\n<meta property=\"article:modified_time\" content=\"2024-12-10T13:53:54+00:00\" \/>\n<meta property=\"og:image\" content=\"https:\/\/sandrovanini.ch\/vaniniwpsite\/wp-content\/uploads\/NIDI-NOSTRANI_600X600.jpg\" \/>\n\t<meta property=\"og:image:width\" content=\"600\" \/>\n\t<meta property=\"og:image:height\" content=\"600\" \/>\n\t<meta property=\"og:image:type\" content=\"image\/jpeg\" \/>\n<meta name=\"twitter:card\" content=\"summary_large_image\" \/>\n<meta name=\"twitter:label1\" content=\"Gesch\u00e4tzte Lesezeit\" \/>\n\t<meta name=\"twitter:data1\" content=\"1\u00a0Minute\" \/>\n<script type=\"application\/ld+json\" class=\"yoast-schema-graph\">{\"@context\":\"https:\\\/\\\/schema.org\",\"@graph\":[{\"@type\":\"WebPage\",\"@id\":\"https:\\\/\\\/sandrovanini.ch\\\/de\\\/produkt\\\/tessiner-hartweizennester\\\/\",\"url\":\"https:\\\/\\\/sandrovanini.ch\\\/de\\\/produkt\\\/tessiner-hartweizennester\\\/\",\"name\":\"Tessiner Hartweizennester - Sandro Vanini SA\",\"isPartOf\":{\"@id\":\"https:\\\/\\\/sandrovanini.ch\\\/#website\"},\"primaryImageOfPage\":{\"@id\":\"https:\\\/\\\/sandrovanini.ch\\\/de\\\/produkt\\\/tessiner-hartweizennester\\\/#primaryimage\"},\"image\":{\"@id\":\"https:\\\/\\\/sandrovanini.ch\\\/de\\\/produkt\\\/tessiner-hartweizennester\\\/#primaryimage\"},\"thumbnailUrl\":\"https:\\\/\\\/sandrovanini.ch\\\/vaniniwpsite\\\/wp-content\\\/uploads\\\/NIDI-NOSTRANI_600X600.jpg\",\"datePublished\":\"2024-07-25T08:36:58+00:00\",\"dateModified\":\"2024-12-10T13:53:54+00:00\",\"breadcrumb\":{\"@id\":\"https:\\\/\\\/sandrovanini.ch\\\/de\\\/produkt\\\/tessiner-hartweizennester\\\/#breadcrumb\"},\"inLanguage\":\"de\",\"potentialAction\":[{\"@type\":\"ReadAction\",\"target\":[\"https:\\\/\\\/sandrovanini.ch\\\/de\\\/produkt\\\/tessiner-hartweizennester\\\/\"]}]},{\"@type\":\"ImageObject\",\"inLanguage\":\"de\",\"@id\":\"https:\\\/\\\/sandrovanini.ch\\\/de\\\/produkt\\\/tessiner-hartweizennester\\\/#primaryimage\",\"url\":\"https:\\\/\\\/sandrovanini.ch\\\/vaniniwpsite\\\/wp-content\\\/uploads\\\/NIDI-NOSTRANI_600X600.jpg\",\"contentUrl\":\"https:\\\/\\\/sandrovanini.ch\\\/vaniniwpsite\\\/wp-content\\\/uploads\\\/NIDI-NOSTRANI_600X600.jpg\",\"width\":600,\"height\":600},{\"@type\":\"BreadcrumbList\",\"@id\":\"https:\\\/\\\/sandrovanini.ch\\\/de\\\/produkt\\\/tessiner-hartweizennester\\\/#breadcrumb\",\"itemListElement\":[{\"@type\":\"ListItem\",\"position\":1,\"name\":\"Home\",\"item\":\"https:\\\/\\\/sandrovanini.ch\\\/de\\\/\"},{\"@type\":\"ListItem\",\"position\":2,\"name\":\"Prodotti\",\"item\":\"https:\\\/\\\/sandrovanini.ch\\\/shop\\\/\"},{\"@type\":\"ListItem\",\"position\":3,\"name\":\"Tessiner Hartweizennester\"}]},{\"@type\":\"WebSite\",\"@id\":\"https:\\\/\\\/sandrovanini.ch\\\/#website\",\"url\":\"https:\\\/\\\/sandrovanini.ch\\\/\",\"name\":\"Sandro Vanini SA\",\"description\":\"Delizie da vivere\",\"publisher\":{\"@id\":\"https:\\\/\\\/sandrovanini.ch\\\/#organization\"},\"potentialAction\":[{\"@type\":\"SearchAction\",\"target\":{\"@type\":\"EntryPoint\",\"urlTemplate\":\"https:\\\/\\\/sandrovanini.ch\\\/?s={search_term_string}\"},\"query-input\":{\"@type\":\"PropertyValueSpecification\",\"valueRequired\":true,\"valueName\":\"search_term_string\"}}],\"inLanguage\":\"de\"},{\"@type\":\"Organization\",\"@id\":\"https:\\\/\\\/sandrovanini.ch\\\/#organization\",\"name\":\"Sandro Vanini SA\",\"url\":\"https:\\\/\\\/sandrovanini.ch\\\/\",\"logo\":{\"@type\":\"ImageObject\",\"inLanguage\":\"de\",\"@id\":\"https:\\\/\\\/sandrovanini.ch\\\/#\\\/schema\\\/logo\\\/image\\\/\",\"url\":\"https:\\\/\\\/sandrovanini.ch\\\/vaniniwpsite\\\/wp-content\\\/uploads\\\/SANDRO-VANINI-LOGO-2021.png\",\"contentUrl\":\"https:\\\/\\\/sandrovanini.ch\\\/vaniniwpsite\\\/wp-content\\\/uploads\\\/SANDRO-VANINI-LOGO-2021.png\",\"width\":300,\"height\":129,\"caption\":\"Sandro Vanini SA\"},\"image\":{\"@id\":\"https:\\\/\\\/sandrovanini.ch\\\/#\\\/schema\\\/logo\\\/image\\\/\"}}]}<\/script>\n<!-- \/ Yoast SEO plugin. -->","yoast_head_json":{"title":"Tessiner Hartweizennester - Sandro Vanini SA","robots":{"index":"index","follow":"follow","max-snippet":"max-snippet:-1","max-image-preview":"max-image-preview:large","max-video-preview":"max-video-preview:-1"},"canonical":"https:\/\/sandrovanini.ch\/de\/produkt\/tessiner-hartweizennester\/","og_locale":"de_DE","og_type":"article","og_title":"Tessiner Hartweizennester - Sandro Vanini SA","og_description":"500 gr","og_url":"https:\/\/sandrovanini.ch\/de\/produkt\/tessiner-hartweizennester\/","og_site_name":"Sandro Vanini SA","article_modified_time":"2024-12-10T13:53:54+00:00","og_image":[{"width":600,"height":600,"url":"https:\/\/sandrovanini.ch\/vaniniwpsite\/wp-content\/uploads\/NIDI-NOSTRANI_600X600.jpg","type":"image\/jpeg"}],"twitter_card":"summary_large_image","twitter_misc":{"Gesch\u00e4tzte Lesezeit":"1\u00a0Minute"},"schema":{"@context":"https:\/\/schema.org","@graph":[{"@type":"WebPage","@id":"https:\/\/sandrovanini.ch\/de\/produkt\/tessiner-hartweizennester\/","url":"https:\/\/sandrovanini.ch\/de\/produkt\/tessiner-hartweizennester\/","name":"Tessiner Hartweizennester - Sandro Vanini SA","isPartOf":{"@id":"https:\/\/sandrovanini.ch\/#website"},"primaryImageOfPage":{"@id":"https:\/\/sandrovanini.ch\/de\/produkt\/tessiner-hartweizennester\/#primaryimage"},"image":{"@id":"https:\/\/sandrovanini.ch\/de\/produkt\/tessiner-hartweizennester\/#primaryimage"},"thumbnailUrl":"https:\/\/sandrovanini.ch\/vaniniwpsite\/wp-content\/uploads\/NIDI-NOSTRANI_600X600.jpg","datePublished":"2024-07-25T08:36:58+00:00","dateModified":"2024-12-10T13:53:54+00:00","breadcrumb":{"@id":"https:\/\/sandrovanini.ch\/de\/produkt\/tessiner-hartweizennester\/#breadcrumb"},"inLanguage":"de","potentialAction":[{"@type":"ReadAction","target":["https:\/\/sandrovanini.ch\/de\/produkt\/tessiner-hartweizennester\/"]}]},{"@type":"ImageObject","inLanguage":"de","@id":"https:\/\/sandrovanini.ch\/de\/produkt\/tessiner-hartweizennester\/#primaryimage","url":"https:\/\/sandrovanini.ch\/vaniniwpsite\/wp-content\/uploads\/NIDI-NOSTRANI_600X600.jpg","contentUrl":"https:\/\/sandrovanini.ch\/vaniniwpsite\/wp-content\/uploads\/NIDI-NOSTRANI_600X600.jpg","width":600,"height":600},{"@type":"BreadcrumbList","@id":"https:\/\/sandrovanini.ch\/de\/produkt\/tessiner-hartweizennester\/#breadcrumb","itemListElement":[{"@type":"ListItem","position":1,"name":"Home","item":"https:\/\/sandrovanini.ch\/de\/"},{"@type":"ListItem","position":2,"name":"Prodotti","item":"https:\/\/sandrovanini.ch\/shop\/"},{"@type":"ListItem","position":3,"name":"Tessiner Hartweizennester"}]},{"@type":"WebSite","@id":"https:\/\/sandrovanini.ch\/#website","url":"https:\/\/sandrovanini.ch\/","name":"Sandro Vanini SA","description":"Delizie da vivere","publisher":{"@id":"https:\/\/sandrovanini.ch\/#organization"},"potentialAction":[{"@type":"SearchAction","target":{"@type":"EntryPoint","urlTemplate":"https:\/\/sandrovanini.ch\/?s={search_term_string}"},"query-input":{"@type":"PropertyValueSpecification","valueRequired":true,"valueName":"search_term_string"}}],"inLanguage":"de"},{"@type":"Organization","@id":"https:\/\/sandrovanini.ch\/#organization","name":"Sandro Vanini SA","url":"https:\/\/sandrovanini.ch\/","logo":{"@type":"ImageObject","inLanguage":"de","@id":"https:\/\/sandrovanini.ch\/#\/schema\/logo\/image\/","url":"https:\/\/sandrovanini.ch\/vaniniwpsite\/wp-content\/uploads\/SANDRO-VANINI-LOGO-2021.png","contentUrl":"https:\/\/sandrovanini.ch\/vaniniwpsite\/wp-content\/uploads\/SANDRO-VANINI-LOGO-2021.png","width":300,"height":129,"caption":"Sandro Vanini SA"},"image":{"@id":"https:\/\/sandrovanini.ch\/#\/schema\/logo\/image\/"}}]}},"_links":{"self":[{"href":"https:\/\/sandrovanini.ch\/de\/wp-json\/wp\/v2\/product\/8144","targetHints":{"allow":["GET"]}}],"collection":[{"href":"https:\/\/sandrovanini.ch\/de\/wp-json\/wp\/v2\/product"}],"about":[{"href":"https:\/\/sandrovanini.ch\/de\/wp-json\/wp\/v2\/types\/product"}],"replies":[{"embeddable":true,"href":"https:\/\/sandrovanini.ch\/de\/wp-json\/wp\/v2\/comments?post=8144"}],"wp:featuredmedia":[{"embeddable":true,"href":"https:\/\/sandrovanini.ch\/de\/wp-json\/wp\/v2\/media\/8286"}],"wp:attachment":[{"href":"https:\/\/sandrovanini.ch\/de\/wp-json\/wp\/v2\/media?parent=8144"}],"wp:term":[{"taxonomy":"product_brand","embeddable":true,"href":"https:\/\/sandrovanini.ch\/de\/wp-json\/wp\/v2\/product_brand?post=8144"},{"taxonomy":"product_cat","embeddable":true,"href":"https:\/\/sandrovanini.ch\/de\/wp-json\/wp\/v2\/product_cat?post=8144"},{"taxonomy":"product_tag","embeddable":true,"href":"https:\/\/sandrovanini.ch\/de\/wp-json\/wp\/v2\/product_tag?post=8144"}],"curies":[{"name":"wp","href":"https:\/\/api.w.org\/{rel}","templated":true}]}}