{"id":8112,"date":"2024-08-07T09:07:50","date_gmt":"2024-08-07T07:07:50","guid":{"rendered":"https:\/\/sandrovanini.ch\/?post_type=product&#038;p=8112"},"modified":"2025-01-14T16:02:12","modified_gmt":"2025-01-14T15:02:12","slug":"cayennepfeffer-creme","status":"publish","type":"product","link":"https:\/\/sandrovanini.ch\/de\/produkt\/cayennepfeffer-creme\/","title":{"rendered":"Cayennepfeffer-Creme"},"content":{"rendered":"<p style=\"text-align: justify;\">Die Cayennepfeffer-Creme ist ideal, um mit ihrem pikanten Geschmack viele Gerichte der mediterranen Tradition zu w\u00fcrzen und Pasta, Pizza, Bruschette, Saucen und andere Spezialit\u00e4ten eine besondere Note zu verleihen. Hergestellt von der Cofti.ch SA in Chiasso, einem auf Heilkr\u00e4uter spezialisierten Unternehmen, stammt dieses Produkt von im Ticino angebauten Peperoncini, die in Zusammenarbeit mit lokalen Unternehmen angebaut werden. Dieser Ansatz tr\u00e4gt dazu bei, die Bergplantagen zu sch\u00fctzen, Innovation und Kreativit\u00e4t zu f\u00f6rdern und dabei den Traditionen und dem lokalen Wissen treu zu bleiben. Perfekt f\u00fcr Liebhaber kr\u00e4ftiger Aromen, ist die tessiner Cayennepfeffer-Creme ein unverzichtbares Produkt in der Vorratskammer und verleiht jedem Gericht eine originelle und regionale Note.<\/p>\n<p>&nbsp;<\/p>\n<p style=\"text-align: justify;\"><strong>Zutaten: <\/strong>siehe Foto<\/p>\n<p>&nbsp;<\/p>\n<p style=\"text-align: justify;\"><em>F\u00fcr weitere Informationen zu Produkten und Allergenen kontaktieren Sie uns: <a href=\"mailto:vanini@sandrovanini.ch\">vanini@sandrovanini.ch<\/a><\/em><\/p>\n<p>&nbsp;<\/p>\n<p>&nbsp;<\/p>\n","protected":false},"excerpt":{"rendered":"<p>130gr<\/p>\n","protected":false},"featured_media":8306,"comment_status":"closed","ping_status":"closed","template":"","meta":{"_acf_changed":false},"product_brand":[],"product_cat":[241],"product_tag":[],"class_list":{"0":"post-8112","1":"product","2":"type-product","3":"status-publish","4":"has-post-thumbnail","6":"product_cat-exzellenzen-der-region","8":"first","9":"outofstock","10":"taxable","11":"shipping-taxable","12":"purchasable","13":"product-type-simple"},"acf":[],"yoast_head":"<!-- This site is optimized with the Yoast SEO plugin v27.3 - https:\/\/yoast.com\/product\/yoast-seo-wordpress\/ -->\n<title>Cayennepfeffer-Creme - Sandro Vanini SA<\/title>\n<meta name=\"robots\" content=\"index, follow, max-snippet:-1, max-image-preview:large, max-video-preview:-1\" \/>\n<link rel=\"canonical\" href=\"https:\/\/sandrovanini.ch\/produkt\/crema-di-peperoncini-di-cayenna\/\" \/>\n<meta property=\"og:locale\" content=\"de_DE\" \/>\n<meta property=\"og:type\" content=\"article\" \/>\n<meta property=\"og:title\" content=\"Cayennepfeffer-Creme - Sandro Vanini SA\" \/>\n<meta property=\"og:description\" content=\"130gr\" \/>\n<meta property=\"og:url\" content=\"https:\/\/sandrovanini.ch\/produkt\/crema-di-peperoncini-di-cayenna\/\" \/>\n<meta property=\"og:site_name\" content=\"Sandro Vanini SA\" \/>\n<meta property=\"article:modified_time\" content=\"2025-01-14T15:02:12+00:00\" \/>\n<meta property=\"og:image\" content=\"https:\/\/sandrovanini.ch\/vaniniwpsite\/wp-content\/uploads\/PEPERONCINI_600X600.jpg\" \/>\n\t<meta property=\"og:image:width\" content=\"600\" \/>\n\t<meta property=\"og:image:height\" content=\"600\" \/>\n\t<meta property=\"og:image:type\" content=\"image\/jpeg\" \/>\n<meta name=\"twitter:card\" content=\"summary_large_image\" \/>\n<meta name=\"twitter:label1\" content=\"Gesch\u00e4tzte Lesezeit\" \/>\n\t<meta name=\"twitter:data1\" content=\"1\u00a0Minute\" \/>\n<script type=\"application\/ld+json\" class=\"yoast-schema-graph\">{\"@context\":\"https:\\\/\\\/schema.org\",\"@graph\":[{\"@type\":\"WebPage\",\"@id\":\"https:\\\/\\\/sandrovanini.ch\\\/produkt\\\/crema-di-peperoncini-di-cayenna\\\/\",\"url\":\"https:\\\/\\\/sandrovanini.ch\\\/produkt\\\/crema-di-peperoncini-di-cayenna\\\/\",\"name\":\"Cayennepfeffer-Creme - Sandro Vanini SA\",\"isPartOf\":{\"@id\":\"https:\\\/\\\/sandrovanini.ch\\\/#website\"},\"primaryImageOfPage\":{\"@id\":\"https:\\\/\\\/sandrovanini.ch\\\/produkt\\\/crema-di-peperoncini-di-cayenna\\\/#primaryimage\"},\"image\":{\"@id\":\"https:\\\/\\\/sandrovanini.ch\\\/produkt\\\/crema-di-peperoncini-di-cayenna\\\/#primaryimage\"},\"thumbnailUrl\":\"https:\\\/\\\/sandrovanini.ch\\\/vaniniwpsite\\\/wp-content\\\/uploads\\\/PEPERONCINI_600X600.jpg\",\"datePublished\":\"2024-08-07T07:07:50+00:00\",\"dateModified\":\"2025-01-14T15:02:12+00:00\",\"breadcrumb\":{\"@id\":\"https:\\\/\\\/sandrovanini.ch\\\/produkt\\\/crema-di-peperoncini-di-cayenna\\\/#breadcrumb\"},\"inLanguage\":\"de\",\"potentialAction\":[{\"@type\":\"ReadAction\",\"target\":[\"https:\\\/\\\/sandrovanini.ch\\\/produkt\\\/crema-di-peperoncini-di-cayenna\\\/\"]}]},{\"@type\":\"ImageObject\",\"inLanguage\":\"de\",\"@id\":\"https:\\\/\\\/sandrovanini.ch\\\/produkt\\\/crema-di-peperoncini-di-cayenna\\\/#primaryimage\",\"url\":\"https:\\\/\\\/sandrovanini.ch\\\/vaniniwpsite\\\/wp-content\\\/uploads\\\/PEPERONCINI_600X600.jpg\",\"contentUrl\":\"https:\\\/\\\/sandrovanini.ch\\\/vaniniwpsite\\\/wp-content\\\/uploads\\\/PEPERONCINI_600X600.jpg\",\"width\":600,\"height\":600},{\"@type\":\"BreadcrumbList\",\"@id\":\"https:\\\/\\\/sandrovanini.ch\\\/produkt\\\/crema-di-peperoncini-di-cayenna\\\/#breadcrumb\",\"itemListElement\":[{\"@type\":\"ListItem\",\"position\":1,\"name\":\"Home\",\"item\":\"https:\\\/\\\/sandrovanini.ch\\\/de\\\/\"},{\"@type\":\"ListItem\",\"position\":2,\"name\":\"Prodotti\",\"item\":\"https:\\\/\\\/sandrovanini.ch\\\/shop\\\/\"},{\"@type\":\"ListItem\",\"position\":3,\"name\":\"Cayennepfeffer-Creme\"}]},{\"@type\":\"WebSite\",\"@id\":\"https:\\\/\\\/sandrovanini.ch\\\/#website\",\"url\":\"https:\\\/\\\/sandrovanini.ch\\\/\",\"name\":\"Sandro Vanini SA\",\"description\":\"Delizie da vivere\",\"publisher\":{\"@id\":\"https:\\\/\\\/sandrovanini.ch\\\/#organization\"},\"potentialAction\":[{\"@type\":\"SearchAction\",\"target\":{\"@type\":\"EntryPoint\",\"urlTemplate\":\"https:\\\/\\\/sandrovanini.ch\\\/?s={search_term_string}\"},\"query-input\":{\"@type\":\"PropertyValueSpecification\",\"valueRequired\":true,\"valueName\":\"search_term_string\"}}],\"inLanguage\":\"de\"},{\"@type\":\"Organization\",\"@id\":\"https:\\\/\\\/sandrovanini.ch\\\/#organization\",\"name\":\"Sandro Vanini SA\",\"url\":\"https:\\\/\\\/sandrovanini.ch\\\/\",\"logo\":{\"@type\":\"ImageObject\",\"inLanguage\":\"de\",\"@id\":\"https:\\\/\\\/sandrovanini.ch\\\/#\\\/schema\\\/logo\\\/image\\\/\",\"url\":\"https:\\\/\\\/sandrovanini.ch\\\/vaniniwpsite\\\/wp-content\\\/uploads\\\/SANDRO-VANINI-LOGO-2021.png\",\"contentUrl\":\"https:\\\/\\\/sandrovanini.ch\\\/vaniniwpsite\\\/wp-content\\\/uploads\\\/SANDRO-VANINI-LOGO-2021.png\",\"width\":300,\"height\":129,\"caption\":\"Sandro Vanini SA\"},\"image\":{\"@id\":\"https:\\\/\\\/sandrovanini.ch\\\/#\\\/schema\\\/logo\\\/image\\\/\"}}]}<\/script>\n<!-- \/ Yoast SEO plugin. -->","yoast_head_json":{"title":"Cayennepfeffer-Creme - Sandro Vanini SA","robots":{"index":"index","follow":"follow","max-snippet":"max-snippet:-1","max-image-preview":"max-image-preview:large","max-video-preview":"max-video-preview:-1"},"canonical":"https:\/\/sandrovanini.ch\/produkt\/crema-di-peperoncini-di-cayenna\/","og_locale":"de_DE","og_type":"article","og_title":"Cayennepfeffer-Creme - Sandro Vanini SA","og_description":"130gr","og_url":"https:\/\/sandrovanini.ch\/produkt\/crema-di-peperoncini-di-cayenna\/","og_site_name":"Sandro Vanini SA","article_modified_time":"2025-01-14T15:02:12+00:00","og_image":[{"width":600,"height":600,"url":"https:\/\/sandrovanini.ch\/vaniniwpsite\/wp-content\/uploads\/PEPERONCINI_600X600.jpg","type":"image\/jpeg"}],"twitter_card":"summary_large_image","twitter_misc":{"Gesch\u00e4tzte Lesezeit":"1\u00a0Minute"},"schema":{"@context":"https:\/\/schema.org","@graph":[{"@type":"WebPage","@id":"https:\/\/sandrovanini.ch\/produkt\/crema-di-peperoncini-di-cayenna\/","url":"https:\/\/sandrovanini.ch\/produkt\/crema-di-peperoncini-di-cayenna\/","name":"Cayennepfeffer-Creme - Sandro Vanini SA","isPartOf":{"@id":"https:\/\/sandrovanini.ch\/#website"},"primaryImageOfPage":{"@id":"https:\/\/sandrovanini.ch\/produkt\/crema-di-peperoncini-di-cayenna\/#primaryimage"},"image":{"@id":"https:\/\/sandrovanini.ch\/produkt\/crema-di-peperoncini-di-cayenna\/#primaryimage"},"thumbnailUrl":"https:\/\/sandrovanini.ch\/vaniniwpsite\/wp-content\/uploads\/PEPERONCINI_600X600.jpg","datePublished":"2024-08-07T07:07:50+00:00","dateModified":"2025-01-14T15:02:12+00:00","breadcrumb":{"@id":"https:\/\/sandrovanini.ch\/produkt\/crema-di-peperoncini-di-cayenna\/#breadcrumb"},"inLanguage":"de","potentialAction":[{"@type":"ReadAction","target":["https:\/\/sandrovanini.ch\/produkt\/crema-di-peperoncini-di-cayenna\/"]}]},{"@type":"ImageObject","inLanguage":"de","@id":"https:\/\/sandrovanini.ch\/produkt\/crema-di-peperoncini-di-cayenna\/#primaryimage","url":"https:\/\/sandrovanini.ch\/vaniniwpsite\/wp-content\/uploads\/PEPERONCINI_600X600.jpg","contentUrl":"https:\/\/sandrovanini.ch\/vaniniwpsite\/wp-content\/uploads\/PEPERONCINI_600X600.jpg","width":600,"height":600},{"@type":"BreadcrumbList","@id":"https:\/\/sandrovanini.ch\/produkt\/crema-di-peperoncini-di-cayenna\/#breadcrumb","itemListElement":[{"@type":"ListItem","position":1,"name":"Home","item":"https:\/\/sandrovanini.ch\/de\/"},{"@type":"ListItem","position":2,"name":"Prodotti","item":"https:\/\/sandrovanini.ch\/shop\/"},{"@type":"ListItem","position":3,"name":"Cayennepfeffer-Creme"}]},{"@type":"WebSite","@id":"https:\/\/sandrovanini.ch\/#website","url":"https:\/\/sandrovanini.ch\/","name":"Sandro Vanini SA","description":"Delizie da vivere","publisher":{"@id":"https:\/\/sandrovanini.ch\/#organization"},"potentialAction":[{"@type":"SearchAction","target":{"@type":"EntryPoint","urlTemplate":"https:\/\/sandrovanini.ch\/?s={search_term_string}"},"query-input":{"@type":"PropertyValueSpecification","valueRequired":true,"valueName":"search_term_string"}}],"inLanguage":"de"},{"@type":"Organization","@id":"https:\/\/sandrovanini.ch\/#organization","name":"Sandro Vanini SA","url":"https:\/\/sandrovanini.ch\/","logo":{"@type":"ImageObject","inLanguage":"de","@id":"https:\/\/sandrovanini.ch\/#\/schema\/logo\/image\/","url":"https:\/\/sandrovanini.ch\/vaniniwpsite\/wp-content\/uploads\/SANDRO-VANINI-LOGO-2021.png","contentUrl":"https:\/\/sandrovanini.ch\/vaniniwpsite\/wp-content\/uploads\/SANDRO-VANINI-LOGO-2021.png","width":300,"height":129,"caption":"Sandro Vanini SA"},"image":{"@id":"https:\/\/sandrovanini.ch\/#\/schema\/logo\/image\/"}}]}},"_links":{"self":[{"href":"https:\/\/sandrovanini.ch\/de\/wp-json\/wp\/v2\/product\/8112","targetHints":{"allow":["GET"]}}],"collection":[{"href":"https:\/\/sandrovanini.ch\/de\/wp-json\/wp\/v2\/product"}],"about":[{"href":"https:\/\/sandrovanini.ch\/de\/wp-json\/wp\/v2\/types\/product"}],"replies":[{"embeddable":true,"href":"https:\/\/sandrovanini.ch\/de\/wp-json\/wp\/v2\/comments?post=8112"}],"wp:featuredmedia":[{"embeddable":true,"href":"https:\/\/sandrovanini.ch\/de\/wp-json\/wp\/v2\/media\/8306"}],"wp:attachment":[{"href":"https:\/\/sandrovanini.ch\/de\/wp-json\/wp\/v2\/media?parent=8112"}],"wp:term":[{"taxonomy":"product_brand","embeddable":true,"href":"https:\/\/sandrovanini.ch\/de\/wp-json\/wp\/v2\/product_brand?post=8112"},{"taxonomy":"product_cat","embeddable":true,"href":"https:\/\/sandrovanini.ch\/de\/wp-json\/wp\/v2\/product_cat?post=8112"},{"taxonomy":"product_tag","embeddable":true,"href":"https:\/\/sandrovanini.ch\/de\/wp-json\/wp\/v2\/product_tag?post=8112"}],"curies":[{"name":"wp","href":"https:\/\/api.w.org\/{rel}","templated":true}]}}