{"id":7654,"date":"2023-12-18T15:32:03","date_gmt":"2023-12-18T14:32:03","guid":{"rendered":"https:\/\/sandrovanini.ch\/prodotto\/marrons-confits-cafe\/"},"modified":"2023-12-18T15:55:19","modified_gmt":"2023-12-18T14:55:19","slug":"marrons-confits-cafe","status":"publish","type":"product","link":"https:\/\/sandrovanini.ch\/de\/produkt\/marrons-confits-cafe\/","title":{"rendered":"Marrons confits Caf\u00e9"},"content":{"rendered":"<p style=\"text-align: justify;\">Die marrons confits caf\u00e9 sind eine kulinarische K\u00f6stlichkeit, die die S\u00fc\u00dfe kandierter Maronen mit dem intensiven Aroma von Kaffee verbindet. Diese exquisite Frucht, sanft kandiert, um ihre Weichheit und nat\u00fcrlichen Geschmack zu bewahren, wird durch aromatische Kaffeenoten bereichert, die ihrem Geschmack eine lebhafte und umh\u00fcllende Nuance verleihen. Perfekt als raffiniertes Dessert oder als Begleitung zu einer Tasse Kaffee bieten die marrons confits caf\u00e9 ein einzigartiges Geschmackserlebnis, das sowohl Naschkatzen als auch Kaffeeliebhaber gleicherma\u00dfen zufriedenstellt.<\/p>\n<p>&nbsp;<\/p>\n<p style=\"text-align: justify;\">Zutaten: Kastanien (T\u00fcrkei), Zucker, Glukosesirup, Feuchthaltemittel: Sorbit, Wasser, Konservierungsstoff: Kaliumsorbat, nat\u00fcrliches Kaffee-Aroma (0,2%), Maronenaromen.<\/p>\n<p>&nbsp;<\/p>\n<p style=\"text-align: justify;\">F\u00fcr weitere Informationen zu den Produkten und Allergenen kontaktieren Sie uns bitte unter: <a href=\"mailto:vanini@sandrovanini.ch\">vanini@sandrovanini.ch<\/a><\/p>\n<p>&nbsp;<\/p>\n<p style=\"text-align: justify;\">\n","protected":false},"excerpt":{"rendered":"<p><strong>Schachtel 102gr<\/strong><\/p>\n","protected":false},"featured_media":8032,"comment_status":"closed","ping_status":"closed","template":"","meta":{"_acf_changed":false},"product_brand":[],"product_cat":[127],"product_tag":[],"class_list":{"0":"post-7654","1":"product","2":"type-product","3":"status-publish","4":"has-post-thumbnail","6":"product_cat-kastanienprodukte","8":"first","9":"instock","10":"taxable","11":"shipping-taxable","12":"purchasable","13":"product-type-simple"},"acf":[],"yoast_head":"<!-- This site is optimized with the Yoast SEO plugin v27.3 - https:\/\/yoast.com\/product\/yoast-seo-wordpress\/ -->\n<title>Marrons confits Caf\u00e9 - Sandro Vanini SA<\/title>\n<meta name=\"description\" content=\"I marrons confits caf\u00e9 sono una prelibatezza culinaria che unisce la dolcezza dei marroni canditi con l&#039;intenso aroma del caff\u00e8.\" \/>\n<meta name=\"robots\" content=\"index, follow, max-snippet:-1, max-image-preview:large, max-video-preview:-1\" \/>\n<link rel=\"canonical\" href=\"https:\/\/sandrovanini.ch\/de\/produkt\/marrons-confits-cafe\/\" \/>\n<meta property=\"og:locale\" content=\"de_DE\" \/>\n<meta property=\"og:type\" content=\"article\" \/>\n<meta property=\"og:title\" content=\"Marrons confits Caf\u00e9 - Sandro Vanini SA\" \/>\n<meta property=\"og:description\" content=\"I marrons confits caf\u00e9 sono una prelibatezza culinaria che unisce la dolcezza dei marroni canditi con l&#039;intenso aroma del caff\u00e8.\" \/>\n<meta property=\"og:url\" content=\"https:\/\/sandrovanini.ch\/de\/produkt\/marrons-confits-cafe\/\" \/>\n<meta property=\"og:site_name\" content=\"Sandro Vanini SA\" \/>\n<meta property=\"article:modified_time\" content=\"2023-12-18T14:55:19+00:00\" \/>\n<meta property=\"og:image\" content=\"https:\/\/sandrovanini.ch\/vaniniwpsite\/wp-content\/uploads\/sv_marron_glacesfogliamarronicaffe.png\" \/>\n\t<meta property=\"og:image:width\" content=\"600\" \/>\n\t<meta property=\"og:image:height\" content=\"600\" \/>\n\t<meta property=\"og:image:type\" content=\"image\/png\" \/>\n<meta name=\"twitter:card\" content=\"summary_large_image\" \/>\n<meta name=\"twitter:label1\" content=\"Gesch\u00e4tzte Lesezeit\" \/>\n\t<meta name=\"twitter:data1\" content=\"1\u00a0Minute\" \/>\n<script type=\"application\/ld+json\" class=\"yoast-schema-graph\">{\"@context\":\"https:\\\/\\\/schema.org\",\"@graph\":[{\"@type\":\"WebPage\",\"@id\":\"https:\\\/\\\/sandrovanini.ch\\\/de\\\/produkt\\\/marrons-confits-cafe\\\/\",\"url\":\"https:\\\/\\\/sandrovanini.ch\\\/de\\\/produkt\\\/marrons-confits-cafe\\\/\",\"name\":\"Marrons confits Caf\u00e9 - Sandro Vanini SA\",\"isPartOf\":{\"@id\":\"https:\\\/\\\/sandrovanini.ch\\\/#website\"},\"primaryImageOfPage\":{\"@id\":\"https:\\\/\\\/sandrovanini.ch\\\/de\\\/produkt\\\/marrons-confits-cafe\\\/#primaryimage\"},\"image\":{\"@id\":\"https:\\\/\\\/sandrovanini.ch\\\/de\\\/produkt\\\/marrons-confits-cafe\\\/#primaryimage\"},\"thumbnailUrl\":\"https:\\\/\\\/sandrovanini.ch\\\/vaniniwpsite\\\/wp-content\\\/uploads\\\/sv_marron_glacesfogliamarronicaffe.png\",\"datePublished\":\"2023-12-18T14:32:03+00:00\",\"dateModified\":\"2023-12-18T14:55:19+00:00\",\"description\":\"I marrons confits caf\u00e9 sono una prelibatezza culinaria che unisce la dolcezza dei marroni canditi con l'intenso aroma del caff\u00e8.\",\"breadcrumb\":{\"@id\":\"https:\\\/\\\/sandrovanini.ch\\\/de\\\/produkt\\\/marrons-confits-cafe\\\/#breadcrumb\"},\"inLanguage\":\"de\",\"potentialAction\":[{\"@type\":\"ReadAction\",\"target\":[\"https:\\\/\\\/sandrovanini.ch\\\/de\\\/produkt\\\/marrons-confits-cafe\\\/\"]}]},{\"@type\":\"ImageObject\",\"inLanguage\":\"de\",\"@id\":\"https:\\\/\\\/sandrovanini.ch\\\/de\\\/produkt\\\/marrons-confits-cafe\\\/#primaryimage\",\"url\":\"https:\\\/\\\/sandrovanini.ch\\\/vaniniwpsite\\\/wp-content\\\/uploads\\\/sv_marron_glacesfogliamarronicaffe.png\",\"contentUrl\":\"https:\\\/\\\/sandrovanini.ch\\\/vaniniwpsite\\\/wp-content\\\/uploads\\\/sv_marron_glacesfogliamarronicaffe.png\",\"width\":600,\"height\":600},{\"@type\":\"BreadcrumbList\",\"@id\":\"https:\\\/\\\/sandrovanini.ch\\\/de\\\/produkt\\\/marrons-confits-cafe\\\/#breadcrumb\",\"itemListElement\":[{\"@type\":\"ListItem\",\"position\":1,\"name\":\"Home\",\"item\":\"https:\\\/\\\/sandrovanini.ch\\\/de\\\/\"},{\"@type\":\"ListItem\",\"position\":2,\"name\":\"Prodotti\",\"item\":\"https:\\\/\\\/sandrovanini.ch\\\/shop\\\/\"},{\"@type\":\"ListItem\",\"position\":3,\"name\":\"Marrons confits Caf\u00e9\"}]},{\"@type\":\"WebSite\",\"@id\":\"https:\\\/\\\/sandrovanini.ch\\\/#website\",\"url\":\"https:\\\/\\\/sandrovanini.ch\\\/\",\"name\":\"Sandro Vanini SA\",\"description\":\"Delizie da vivere\",\"publisher\":{\"@id\":\"https:\\\/\\\/sandrovanini.ch\\\/#organization\"},\"potentialAction\":[{\"@type\":\"SearchAction\",\"target\":{\"@type\":\"EntryPoint\",\"urlTemplate\":\"https:\\\/\\\/sandrovanini.ch\\\/?s={search_term_string}\"},\"query-input\":{\"@type\":\"PropertyValueSpecification\",\"valueRequired\":true,\"valueName\":\"search_term_string\"}}],\"inLanguage\":\"de\"},{\"@type\":\"Organization\",\"@id\":\"https:\\\/\\\/sandrovanini.ch\\\/#organization\",\"name\":\"Sandro Vanini SA\",\"url\":\"https:\\\/\\\/sandrovanini.ch\\\/\",\"logo\":{\"@type\":\"ImageObject\",\"inLanguage\":\"de\",\"@id\":\"https:\\\/\\\/sandrovanini.ch\\\/#\\\/schema\\\/logo\\\/image\\\/\",\"url\":\"https:\\\/\\\/sandrovanini.ch\\\/vaniniwpsite\\\/wp-content\\\/uploads\\\/SANDRO-VANINI-LOGO-2021.png\",\"contentUrl\":\"https:\\\/\\\/sandrovanini.ch\\\/vaniniwpsite\\\/wp-content\\\/uploads\\\/SANDRO-VANINI-LOGO-2021.png\",\"width\":300,\"height\":129,\"caption\":\"Sandro Vanini SA\"},\"image\":{\"@id\":\"https:\\\/\\\/sandrovanini.ch\\\/#\\\/schema\\\/logo\\\/image\\\/\"}}]}<\/script>\n<!-- \/ Yoast SEO plugin. -->","yoast_head_json":{"title":"Marrons confits Caf\u00e9 - Sandro Vanini SA","description":"I marrons confits caf\u00e9 sono una prelibatezza culinaria che unisce la dolcezza dei marroni canditi con l'intenso aroma del caff\u00e8.","robots":{"index":"index","follow":"follow","max-snippet":"max-snippet:-1","max-image-preview":"max-image-preview:large","max-video-preview":"max-video-preview:-1"},"canonical":"https:\/\/sandrovanini.ch\/de\/produkt\/marrons-confits-cafe\/","og_locale":"de_DE","og_type":"article","og_title":"Marrons confits Caf\u00e9 - Sandro Vanini SA","og_description":"I marrons confits caf\u00e9 sono una prelibatezza culinaria che unisce la dolcezza dei marroni canditi con l'intenso aroma del caff\u00e8.","og_url":"https:\/\/sandrovanini.ch\/de\/produkt\/marrons-confits-cafe\/","og_site_name":"Sandro Vanini SA","article_modified_time":"2023-12-18T14:55:19+00:00","og_image":[{"width":600,"height":600,"url":"https:\/\/sandrovanini.ch\/vaniniwpsite\/wp-content\/uploads\/sv_marron_glacesfogliamarronicaffe.png","type":"image\/png"}],"twitter_card":"summary_large_image","twitter_misc":{"Gesch\u00e4tzte Lesezeit":"1\u00a0Minute"},"schema":{"@context":"https:\/\/schema.org","@graph":[{"@type":"WebPage","@id":"https:\/\/sandrovanini.ch\/de\/produkt\/marrons-confits-cafe\/","url":"https:\/\/sandrovanini.ch\/de\/produkt\/marrons-confits-cafe\/","name":"Marrons confits Caf\u00e9 - Sandro Vanini SA","isPartOf":{"@id":"https:\/\/sandrovanini.ch\/#website"},"primaryImageOfPage":{"@id":"https:\/\/sandrovanini.ch\/de\/produkt\/marrons-confits-cafe\/#primaryimage"},"image":{"@id":"https:\/\/sandrovanini.ch\/de\/produkt\/marrons-confits-cafe\/#primaryimage"},"thumbnailUrl":"https:\/\/sandrovanini.ch\/vaniniwpsite\/wp-content\/uploads\/sv_marron_glacesfogliamarronicaffe.png","datePublished":"2023-12-18T14:32:03+00:00","dateModified":"2023-12-18T14:55:19+00:00","description":"I marrons confits caf\u00e9 sono una prelibatezza culinaria che unisce la dolcezza dei marroni canditi con l'intenso aroma del caff\u00e8.","breadcrumb":{"@id":"https:\/\/sandrovanini.ch\/de\/produkt\/marrons-confits-cafe\/#breadcrumb"},"inLanguage":"de","potentialAction":[{"@type":"ReadAction","target":["https:\/\/sandrovanini.ch\/de\/produkt\/marrons-confits-cafe\/"]}]},{"@type":"ImageObject","inLanguage":"de","@id":"https:\/\/sandrovanini.ch\/de\/produkt\/marrons-confits-cafe\/#primaryimage","url":"https:\/\/sandrovanini.ch\/vaniniwpsite\/wp-content\/uploads\/sv_marron_glacesfogliamarronicaffe.png","contentUrl":"https:\/\/sandrovanini.ch\/vaniniwpsite\/wp-content\/uploads\/sv_marron_glacesfogliamarronicaffe.png","width":600,"height":600},{"@type":"BreadcrumbList","@id":"https:\/\/sandrovanini.ch\/de\/produkt\/marrons-confits-cafe\/#breadcrumb","itemListElement":[{"@type":"ListItem","position":1,"name":"Home","item":"https:\/\/sandrovanini.ch\/de\/"},{"@type":"ListItem","position":2,"name":"Prodotti","item":"https:\/\/sandrovanini.ch\/shop\/"},{"@type":"ListItem","position":3,"name":"Marrons confits Caf\u00e9"}]},{"@type":"WebSite","@id":"https:\/\/sandrovanini.ch\/#website","url":"https:\/\/sandrovanini.ch\/","name":"Sandro Vanini SA","description":"Delizie da vivere","publisher":{"@id":"https:\/\/sandrovanini.ch\/#organization"},"potentialAction":[{"@type":"SearchAction","target":{"@type":"EntryPoint","urlTemplate":"https:\/\/sandrovanini.ch\/?s={search_term_string}"},"query-input":{"@type":"PropertyValueSpecification","valueRequired":true,"valueName":"search_term_string"}}],"inLanguage":"de"},{"@type":"Organization","@id":"https:\/\/sandrovanini.ch\/#organization","name":"Sandro Vanini SA","url":"https:\/\/sandrovanini.ch\/","logo":{"@type":"ImageObject","inLanguage":"de","@id":"https:\/\/sandrovanini.ch\/#\/schema\/logo\/image\/","url":"https:\/\/sandrovanini.ch\/vaniniwpsite\/wp-content\/uploads\/SANDRO-VANINI-LOGO-2021.png","contentUrl":"https:\/\/sandrovanini.ch\/vaniniwpsite\/wp-content\/uploads\/SANDRO-VANINI-LOGO-2021.png","width":300,"height":129,"caption":"Sandro Vanini SA"},"image":{"@id":"https:\/\/sandrovanini.ch\/#\/schema\/logo\/image\/"}}]}},"_links":{"self":[{"href":"https:\/\/sandrovanini.ch\/de\/wp-json\/wp\/v2\/product\/7654","targetHints":{"allow":["GET"]}}],"collection":[{"href":"https:\/\/sandrovanini.ch\/de\/wp-json\/wp\/v2\/product"}],"about":[{"href":"https:\/\/sandrovanini.ch\/de\/wp-json\/wp\/v2\/types\/product"}],"replies":[{"embeddable":true,"href":"https:\/\/sandrovanini.ch\/de\/wp-json\/wp\/v2\/comments?post=7654"}],"wp:featuredmedia":[{"embeddable":true,"href":"https:\/\/sandrovanini.ch\/de\/wp-json\/wp\/v2\/media\/8032"}],"wp:attachment":[{"href":"https:\/\/sandrovanini.ch\/de\/wp-json\/wp\/v2\/media?parent=7654"}],"wp:term":[{"taxonomy":"product_brand","embeddable":true,"href":"https:\/\/sandrovanini.ch\/de\/wp-json\/wp\/v2\/product_brand?post=7654"},{"taxonomy":"product_cat","embeddable":true,"href":"https:\/\/sandrovanini.ch\/de\/wp-json\/wp\/v2\/product_cat?post=7654"},{"taxonomy":"product_tag","embeddable":true,"href":"https:\/\/sandrovanini.ch\/de\/wp-json\/wp\/v2\/product_tag?post=7654"}],"curies":[{"name":"wp","href":"https:\/\/api.w.org\/{rel}","templated":true}]}}