{"id":7409,"date":"2023-10-31T16:33:22","date_gmt":"2023-10-31T15:35:10","guid":{"rendered":"https:\/\/sandrovanini.ch\/?post_type=product&#038;p=7409"},"modified":"2024-09-30T13:38:49","modified_gmt":"2024-09-30T11:38:49","slug":"von-der-alp","status":"publish","type":"product","link":"https:\/\/sandrovanini.ch\/de\/produkt\/von-der-alp\/","title":{"rendered":"Von der Alp"},"content":{"rendered":"<p style=\"text-align: justify;\">Ein Korb, der die gastronomische Tradition und Kultur des Tessins widerspiegelt. K\u00f6stliche Produkte von Sandro Vanini, die mit dem wertvollen Tessiner Alpk\u00e4se AOP (Val Leventina 2&#8217;050 M.\u00fc.M.) kombiniert werden. Ein s\u00fcsser K\u00e4se, reich an intensiven Aromen, der seinen einzigartigen Charakter den Bergkr\u00e4utern und einer langen Reifezeit verdankt. Ein Korb, der in der Lage ist, zwei Meister des Tessiner Geschmacks zu vereinen.<\/p>\n<p>&nbsp;<\/p>\n<p><strong>Enth\u00e4lt:<\/strong><\/p>\n<p>Tessiner Alpk\u00e4se AOP (ungef\u00e4hr 200\/250 gr)<\/p>\n<p>Schachtel Marrons Glac\u00e9s (12 pz, 216 gr)<\/p>\n<p>Quitten Mostarda Pur\u00e9e (200 ml)<\/p>\n<p>Senffr\u00fcchte (500 gr)<\/p>\n<p>Mostarda pur\u00e9e Trio (3&#215;60 ml, gr\u00fcne Feigen\/Ananas-Curry\/Birnen)<\/p>\n<p>Sandro Vanini Boccalino<\/p>\n<p>&nbsp;<\/p>\n<p>&nbsp;<\/p>\n","protected":false},"excerpt":{"rendered":"<p><strong>Recycelbarer Karton 300x220x120h<\/strong><\/p>\n","protected":false},"featured_media":8412,"comment_status":"closed","ping_status":"closed","template":"","meta":{"_acf_changed":false},"product_brand":[],"product_cat":[212],"product_tag":[],"class_list":{"0":"post-7409","1":"product","2":"type-product","3":"status-publish","4":"has-post-thumbnail","6":"product_cat-geschenke","8":"first","9":"outofstock","10":"taxable","11":"shipping-taxable","12":"purchasable","13":"product-type-simple"},"acf":[],"yoast_head":"<!-- This site is optimized with the Yoast SEO plugin v27.3 - https:\/\/yoast.com\/product\/yoast-seo-wordpress\/ -->\n<title>Von der Alp - Sandro Vanini SA<\/title>\n<meta name=\"description\" content=\"Ein Korb, der die gastronomische Tradition und Kultur des Tessins widerspiegelt. K\u00f6stliche Produkte von Sandro Vanini, die mit dem wertvollen Tessiner Alpk\u00e4se AOP (Val Leventina 2&#039;050 M.\u00fc.M.) kombiniert werden.\" \/>\n<meta name=\"robots\" content=\"index, follow, max-snippet:-1, max-image-preview:large, max-video-preview:-1\" \/>\n<link rel=\"canonical\" href=\"https:\/\/sandrovanini.ch\/de\/produkt\/von-der-alp\/\" \/>\n<meta property=\"og:locale\" content=\"de_DE\" \/>\n<meta property=\"og:type\" content=\"article\" \/>\n<meta property=\"og:title\" content=\"Von der Alp - Sandro Vanini SA\" \/>\n<meta property=\"og:description\" content=\"Ein Korb, der die gastronomische Tradition und Kultur des Tessins widerspiegelt. K\u00f6stliche Produkte von Sandro Vanini, die mit dem wertvollen Tessiner Alpk\u00e4se AOP (Val Leventina 2&#039;050 M.\u00fc.M.) kombiniert werden.\" \/>\n<meta property=\"og:url\" content=\"https:\/\/sandrovanini.ch\/de\/produkt\/von-der-alp\/\" \/>\n<meta property=\"og:site_name\" content=\"Sandro Vanini SA\" \/>\n<meta property=\"article:modified_time\" content=\"2024-09-30T11:38:49+00:00\" \/>\n<meta property=\"og:image\" content=\"https:\/\/sandrovanini.ch\/vaniniwpsite\/wp-content\/uploads\/T_29478_VAN_CESTO_1.png\" \/>\n\t<meta property=\"og:image:width\" content=\"600\" \/>\n\t<meta property=\"og:image:height\" content=\"600\" \/>\n\t<meta property=\"og:image:type\" content=\"image\/png\" \/>\n<meta name=\"twitter:card\" content=\"summary_large_image\" \/>\n<meta name=\"twitter:label1\" content=\"Gesch\u00e4tzte Lesezeit\" \/>\n\t<meta name=\"twitter:data1\" content=\"1\u00a0Minute\" \/>\n<script type=\"application\/ld+json\" class=\"yoast-schema-graph\">{\"@context\":\"https:\\\/\\\/schema.org\",\"@graph\":[{\"@type\":\"WebPage\",\"@id\":\"https:\\\/\\\/sandrovanini.ch\\\/de\\\/produkt\\\/von-der-alp\\\/\",\"url\":\"https:\\\/\\\/sandrovanini.ch\\\/de\\\/produkt\\\/von-der-alp\\\/\",\"name\":\"Von der Alp - Sandro Vanini SA\",\"isPartOf\":{\"@id\":\"https:\\\/\\\/sandrovanini.ch\\\/#website\"},\"primaryImageOfPage\":{\"@id\":\"https:\\\/\\\/sandrovanini.ch\\\/de\\\/produkt\\\/von-der-alp\\\/#primaryimage\"},\"image\":{\"@id\":\"https:\\\/\\\/sandrovanini.ch\\\/de\\\/produkt\\\/von-der-alp\\\/#primaryimage\"},\"thumbnailUrl\":\"https:\\\/\\\/sandrovanini.ch\\\/vaniniwpsite\\\/wp-content\\\/uploads\\\/T_29478_VAN_CESTO_1.png\",\"datePublished\":\"2023-10-31T15:35:10+00:00\",\"dateModified\":\"2024-09-30T11:38:49+00:00\",\"description\":\"Ein Korb, der die gastronomische Tradition und Kultur des Tessins widerspiegelt. K\u00f6stliche Produkte von Sandro Vanini, die mit dem wertvollen Tessiner Alpk\u00e4se AOP (Val Leventina 2'050 M.\u00fc.M.) kombiniert werden.\",\"breadcrumb\":{\"@id\":\"https:\\\/\\\/sandrovanini.ch\\\/de\\\/produkt\\\/von-der-alp\\\/#breadcrumb\"},\"inLanguage\":\"de\",\"potentialAction\":[{\"@type\":\"ReadAction\",\"target\":[\"https:\\\/\\\/sandrovanini.ch\\\/de\\\/produkt\\\/von-der-alp\\\/\"]}]},{\"@type\":\"ImageObject\",\"inLanguage\":\"de\",\"@id\":\"https:\\\/\\\/sandrovanini.ch\\\/de\\\/produkt\\\/von-der-alp\\\/#primaryimage\",\"url\":\"https:\\\/\\\/sandrovanini.ch\\\/vaniniwpsite\\\/wp-content\\\/uploads\\\/T_29478_VAN_CESTO_1.png\",\"contentUrl\":\"https:\\\/\\\/sandrovanini.ch\\\/vaniniwpsite\\\/wp-content\\\/uploads\\\/T_29478_VAN_CESTO_1.png\",\"width\":600,\"height\":600},{\"@type\":\"BreadcrumbList\",\"@id\":\"https:\\\/\\\/sandrovanini.ch\\\/de\\\/produkt\\\/von-der-alp\\\/#breadcrumb\",\"itemListElement\":[{\"@type\":\"ListItem\",\"position\":1,\"name\":\"Home\",\"item\":\"https:\\\/\\\/sandrovanini.ch\\\/de\\\/\"},{\"@type\":\"ListItem\",\"position\":2,\"name\":\"Prodotti\",\"item\":\"https:\\\/\\\/sandrovanini.ch\\\/shop\\\/\"},{\"@type\":\"ListItem\",\"position\":3,\"name\":\"Von der Alp\"}]},{\"@type\":\"WebSite\",\"@id\":\"https:\\\/\\\/sandrovanini.ch\\\/#website\",\"url\":\"https:\\\/\\\/sandrovanini.ch\\\/\",\"name\":\"Sandro Vanini SA\",\"description\":\"Delizie da vivere\",\"publisher\":{\"@id\":\"https:\\\/\\\/sandrovanini.ch\\\/#organization\"},\"potentialAction\":[{\"@type\":\"SearchAction\",\"target\":{\"@type\":\"EntryPoint\",\"urlTemplate\":\"https:\\\/\\\/sandrovanini.ch\\\/?s={search_term_string}\"},\"query-input\":{\"@type\":\"PropertyValueSpecification\",\"valueRequired\":true,\"valueName\":\"search_term_string\"}}],\"inLanguage\":\"de\"},{\"@type\":\"Organization\",\"@id\":\"https:\\\/\\\/sandrovanini.ch\\\/#organization\",\"name\":\"Sandro Vanini SA\",\"url\":\"https:\\\/\\\/sandrovanini.ch\\\/\",\"logo\":{\"@type\":\"ImageObject\",\"inLanguage\":\"de\",\"@id\":\"https:\\\/\\\/sandrovanini.ch\\\/#\\\/schema\\\/logo\\\/image\\\/\",\"url\":\"https:\\\/\\\/sandrovanini.ch\\\/vaniniwpsite\\\/wp-content\\\/uploads\\\/SANDRO-VANINI-LOGO-2021.png\",\"contentUrl\":\"https:\\\/\\\/sandrovanini.ch\\\/vaniniwpsite\\\/wp-content\\\/uploads\\\/SANDRO-VANINI-LOGO-2021.png\",\"width\":300,\"height\":129,\"caption\":\"Sandro Vanini SA\"},\"image\":{\"@id\":\"https:\\\/\\\/sandrovanini.ch\\\/#\\\/schema\\\/logo\\\/image\\\/\"}}]}<\/script>\n<!-- \/ Yoast SEO plugin. -->","yoast_head_json":{"title":"Von der Alp - Sandro Vanini SA","description":"Ein Korb, der die gastronomische Tradition und Kultur des Tessins widerspiegelt. K\u00f6stliche Produkte von Sandro Vanini, die mit dem wertvollen Tessiner Alpk\u00e4se AOP (Val Leventina 2'050 M.\u00fc.M.) kombiniert werden.","robots":{"index":"index","follow":"follow","max-snippet":"max-snippet:-1","max-image-preview":"max-image-preview:large","max-video-preview":"max-video-preview:-1"},"canonical":"https:\/\/sandrovanini.ch\/de\/produkt\/von-der-alp\/","og_locale":"de_DE","og_type":"article","og_title":"Von der Alp - Sandro Vanini SA","og_description":"Ein Korb, der die gastronomische Tradition und Kultur des Tessins widerspiegelt. K\u00f6stliche Produkte von Sandro Vanini, die mit dem wertvollen Tessiner Alpk\u00e4se AOP (Val Leventina 2'050 M.\u00fc.M.) kombiniert werden.","og_url":"https:\/\/sandrovanini.ch\/de\/produkt\/von-der-alp\/","og_site_name":"Sandro Vanini SA","article_modified_time":"2024-09-30T11:38:49+00:00","og_image":[{"width":600,"height":600,"url":"https:\/\/sandrovanini.ch\/vaniniwpsite\/wp-content\/uploads\/T_29478_VAN_CESTO_1.png","type":"image\/png"}],"twitter_card":"summary_large_image","twitter_misc":{"Gesch\u00e4tzte Lesezeit":"1\u00a0Minute"},"schema":{"@context":"https:\/\/schema.org","@graph":[{"@type":"WebPage","@id":"https:\/\/sandrovanini.ch\/de\/produkt\/von-der-alp\/","url":"https:\/\/sandrovanini.ch\/de\/produkt\/von-der-alp\/","name":"Von der Alp - Sandro Vanini SA","isPartOf":{"@id":"https:\/\/sandrovanini.ch\/#website"},"primaryImageOfPage":{"@id":"https:\/\/sandrovanini.ch\/de\/produkt\/von-der-alp\/#primaryimage"},"image":{"@id":"https:\/\/sandrovanini.ch\/de\/produkt\/von-der-alp\/#primaryimage"},"thumbnailUrl":"https:\/\/sandrovanini.ch\/vaniniwpsite\/wp-content\/uploads\/T_29478_VAN_CESTO_1.png","datePublished":"2023-10-31T15:35:10+00:00","dateModified":"2024-09-30T11:38:49+00:00","description":"Ein Korb, der die gastronomische Tradition und Kultur des Tessins widerspiegelt. K\u00f6stliche Produkte von Sandro Vanini, die mit dem wertvollen Tessiner Alpk\u00e4se AOP (Val Leventina 2'050 M.\u00fc.M.) kombiniert werden.","breadcrumb":{"@id":"https:\/\/sandrovanini.ch\/de\/produkt\/von-der-alp\/#breadcrumb"},"inLanguage":"de","potentialAction":[{"@type":"ReadAction","target":["https:\/\/sandrovanini.ch\/de\/produkt\/von-der-alp\/"]}]},{"@type":"ImageObject","inLanguage":"de","@id":"https:\/\/sandrovanini.ch\/de\/produkt\/von-der-alp\/#primaryimage","url":"https:\/\/sandrovanini.ch\/vaniniwpsite\/wp-content\/uploads\/T_29478_VAN_CESTO_1.png","contentUrl":"https:\/\/sandrovanini.ch\/vaniniwpsite\/wp-content\/uploads\/T_29478_VAN_CESTO_1.png","width":600,"height":600},{"@type":"BreadcrumbList","@id":"https:\/\/sandrovanini.ch\/de\/produkt\/von-der-alp\/#breadcrumb","itemListElement":[{"@type":"ListItem","position":1,"name":"Home","item":"https:\/\/sandrovanini.ch\/de\/"},{"@type":"ListItem","position":2,"name":"Prodotti","item":"https:\/\/sandrovanini.ch\/shop\/"},{"@type":"ListItem","position":3,"name":"Von der Alp"}]},{"@type":"WebSite","@id":"https:\/\/sandrovanini.ch\/#website","url":"https:\/\/sandrovanini.ch\/","name":"Sandro Vanini SA","description":"Delizie da vivere","publisher":{"@id":"https:\/\/sandrovanini.ch\/#organization"},"potentialAction":[{"@type":"SearchAction","target":{"@type":"EntryPoint","urlTemplate":"https:\/\/sandrovanini.ch\/?s={search_term_string}"},"query-input":{"@type":"PropertyValueSpecification","valueRequired":true,"valueName":"search_term_string"}}],"inLanguage":"de"},{"@type":"Organization","@id":"https:\/\/sandrovanini.ch\/#organization","name":"Sandro Vanini SA","url":"https:\/\/sandrovanini.ch\/","logo":{"@type":"ImageObject","inLanguage":"de","@id":"https:\/\/sandrovanini.ch\/#\/schema\/logo\/image\/","url":"https:\/\/sandrovanini.ch\/vaniniwpsite\/wp-content\/uploads\/SANDRO-VANINI-LOGO-2021.png","contentUrl":"https:\/\/sandrovanini.ch\/vaniniwpsite\/wp-content\/uploads\/SANDRO-VANINI-LOGO-2021.png","width":300,"height":129,"caption":"Sandro Vanini SA"},"image":{"@id":"https:\/\/sandrovanini.ch\/#\/schema\/logo\/image\/"}}]}},"_links":{"self":[{"href":"https:\/\/sandrovanini.ch\/de\/wp-json\/wp\/v2\/product\/7409","targetHints":{"allow":["GET"]}}],"collection":[{"href":"https:\/\/sandrovanini.ch\/de\/wp-json\/wp\/v2\/product"}],"about":[{"href":"https:\/\/sandrovanini.ch\/de\/wp-json\/wp\/v2\/types\/product"}],"replies":[{"embeddable":true,"href":"https:\/\/sandrovanini.ch\/de\/wp-json\/wp\/v2\/comments?post=7409"}],"wp:featuredmedia":[{"embeddable":true,"href":"https:\/\/sandrovanini.ch\/de\/wp-json\/wp\/v2\/media\/8412"}],"wp:attachment":[{"href":"https:\/\/sandrovanini.ch\/de\/wp-json\/wp\/v2\/media?parent=7409"}],"wp:term":[{"taxonomy":"product_brand","embeddable":true,"href":"https:\/\/sandrovanini.ch\/de\/wp-json\/wp\/v2\/product_brand?post=7409"},{"taxonomy":"product_cat","embeddable":true,"href":"https:\/\/sandrovanini.ch\/de\/wp-json\/wp\/v2\/product_cat?post=7409"},{"taxonomy":"product_tag","embeddable":true,"href":"https:\/\/sandrovanini.ch\/de\/wp-json\/wp\/v2\/product_tag?post=7409"}],"curies":[{"name":"wp","href":"https:\/\/api.w.org\/{rel}","templated":true}]}}