{"id":7165,"date":"2023-07-28T15:30:22","date_gmt":"2023-07-28T13:30:22","guid":{"rendered":"https:\/\/sandrovanini.ch\/prodotto\/marrons-glaces-legers\/"},"modified":"2024-03-26T17:17:36","modified_gmt":"2024-03-26T16:17:36","slug":"marrons-glaces-legers","status":"publish","type":"product","link":"https:\/\/sandrovanini.ch\/de\/produkt\/marrons-glaces-legers\/","title":{"rendered":"Marrons confits Non Glac\u00e9s"},"content":{"rendered":"<p style=\"text-align: justify;\">Eine Variante von kandierten Maronen ohne Glasur. Die Marrons confits Non Glac\u00e9s zeichnen sich durch eine sorgf\u00e4ltige Verarbeitung aus, die den Zuckergehalt durch das Fehlen der Glasur reduziert. Durch diese gr\u00fcndliche Verarbeitung kommt der Geschmack der Kastanie noch st\u00e4rker zur Geltung.<\/p>\n<p style=\"text-align: justify;\">Ein ideales Produkt f\u00fcr Liebhaber von Kastanien von Sandro Vanini, die eine weniger s\u00fc\u00dfe K\u00f6stlichkeit w\u00fcnschen.<\/p>\n<p>&nbsp;<\/p>\n<p style=\"text-align: justify;\"><strong>Zutaten:<\/strong> Kastanien (T\u00fcrkei), Zucker, Glukosesirup, Feuchthaltemittel: Sorbit, Wasser, Konservierungsmittel: Kaliumsorbat, Aromen.<\/p>\n<p>&nbsp;<\/p>\n<p style=\"text-align: justify;\">F\u00fcr weitere Informationen \u00fcber Produkte und Allergene wenden Sie sich bitte an: vanini@sandrovanini.ch<\/p>\n<p>&nbsp;<\/p>\n","protected":false},"excerpt":{"rendered":"<p><strong>Schachtel 102gr<\/strong><\/p>\n","protected":false},"featured_media":7913,"comment_status":"closed","ping_status":"closed","template":"","meta":{"_acf_changed":false},"product_brand":[],"product_cat":[127],"product_tag":[],"class_list":{"0":"post-7165","1":"product","2":"type-product","3":"status-publish","4":"has-post-thumbnail","6":"product_cat-kastanienprodukte","8":"first","9":"instock","10":"taxable","11":"shipping-taxable","12":"purchasable","13":"product-type-simple"},"acf":[],"yoast_head":"<!-- This site is optimized with the Yoast SEO plugin v27.3 - https:\/\/yoast.com\/product\/yoast-seo-wordpress\/ -->\n<title>Marrons confits Non Glac\u00e9s - Sandro Vanini SA<\/title>\n<meta name=\"description\" content=\"Eine Variante der kandierten Marrons mit weniger Zucker. Ein ideales Produkt f\u00fcr Liebhaber von Sandro Vanini Kastanien, die eine weniger zuckerhaltige Leckerei w\u00fcnschen.\" \/>\n<meta name=\"robots\" content=\"index, follow, max-snippet:-1, max-image-preview:large, max-video-preview:-1\" \/>\n<link rel=\"canonical\" href=\"https:\/\/sandrovanini.ch\/de\/produkt\/marrons-glaces-legers\/\" \/>\n<meta property=\"og:locale\" content=\"de_DE\" \/>\n<meta property=\"og:type\" content=\"article\" \/>\n<meta property=\"og:title\" content=\"Marrons confits Non Glac\u00e9s - Sandro Vanini SA\" \/>\n<meta property=\"og:description\" content=\"Eine Variante der kandierten Marrons mit weniger Zucker. Ein ideales Produkt f\u00fcr Liebhaber von Sandro Vanini Kastanien, die eine weniger zuckerhaltige Leckerei w\u00fcnschen.\" \/>\n<meta property=\"og:url\" content=\"https:\/\/sandrovanini.ch\/de\/produkt\/marrons-glaces-legers\/\" \/>\n<meta property=\"og:site_name\" content=\"Sandro Vanini SA\" \/>\n<meta property=\"article:modified_time\" content=\"2024-03-26T16:17:36+00:00\" \/>\n<meta property=\"og:image\" content=\"https:\/\/sandrovanini.ch\/vaniniwpsite\/wp-content\/uploads\/DSC_0031_non-glaces.png\" \/>\n\t<meta property=\"og:image:width\" content=\"600\" \/>\n\t<meta property=\"og:image:height\" content=\"600\" \/>\n\t<meta property=\"og:image:type\" content=\"image\/png\" \/>\n<meta name=\"twitter:card\" content=\"summary_large_image\" \/>\n<script type=\"application\/ld+json\" class=\"yoast-schema-graph\">{\"@context\":\"https:\\\/\\\/schema.org\",\"@graph\":[{\"@type\":\"WebPage\",\"@id\":\"https:\\\/\\\/sandrovanini.ch\\\/de\\\/produkt\\\/marrons-glaces-legers\\\/\",\"url\":\"https:\\\/\\\/sandrovanini.ch\\\/de\\\/produkt\\\/marrons-glaces-legers\\\/\",\"name\":\"Marrons confits Non Glac\u00e9s - Sandro Vanini SA\",\"isPartOf\":{\"@id\":\"https:\\\/\\\/sandrovanini.ch\\\/#website\"},\"primaryImageOfPage\":{\"@id\":\"https:\\\/\\\/sandrovanini.ch\\\/de\\\/produkt\\\/marrons-glaces-legers\\\/#primaryimage\"},\"image\":{\"@id\":\"https:\\\/\\\/sandrovanini.ch\\\/de\\\/produkt\\\/marrons-glaces-legers\\\/#primaryimage\"},\"thumbnailUrl\":\"https:\\\/\\\/sandrovanini.ch\\\/vaniniwpsite\\\/wp-content\\\/uploads\\\/DSC_0031_non-glaces.png\",\"datePublished\":\"2023-07-28T13:30:22+00:00\",\"dateModified\":\"2024-03-26T16:17:36+00:00\",\"description\":\"Eine Variante der kandierten Marrons mit weniger Zucker. Ein ideales Produkt f\u00fcr Liebhaber von Sandro Vanini Kastanien, die eine weniger zuckerhaltige Leckerei w\u00fcnschen.\",\"breadcrumb\":{\"@id\":\"https:\\\/\\\/sandrovanini.ch\\\/de\\\/produkt\\\/marrons-glaces-legers\\\/#breadcrumb\"},\"inLanguage\":\"de\",\"potentialAction\":[{\"@type\":\"ReadAction\",\"target\":[\"https:\\\/\\\/sandrovanini.ch\\\/de\\\/produkt\\\/marrons-glaces-legers\\\/\"]}]},{\"@type\":\"ImageObject\",\"inLanguage\":\"de\",\"@id\":\"https:\\\/\\\/sandrovanini.ch\\\/de\\\/produkt\\\/marrons-glaces-legers\\\/#primaryimage\",\"url\":\"https:\\\/\\\/sandrovanini.ch\\\/vaniniwpsite\\\/wp-content\\\/uploads\\\/DSC_0031_non-glaces.png\",\"contentUrl\":\"https:\\\/\\\/sandrovanini.ch\\\/vaniniwpsite\\\/wp-content\\\/uploads\\\/DSC_0031_non-glaces.png\",\"width\":600,\"height\":600},{\"@type\":\"BreadcrumbList\",\"@id\":\"https:\\\/\\\/sandrovanini.ch\\\/de\\\/produkt\\\/marrons-glaces-legers\\\/#breadcrumb\",\"itemListElement\":[{\"@type\":\"ListItem\",\"position\":1,\"name\":\"Home\",\"item\":\"https:\\\/\\\/sandrovanini.ch\\\/de\\\/\"},{\"@type\":\"ListItem\",\"position\":2,\"name\":\"Prodotti\",\"item\":\"https:\\\/\\\/sandrovanini.ch\\\/shop\\\/\"},{\"@type\":\"ListItem\",\"position\":3,\"name\":\"Marrons confits Non Glac\u00e9s\"}]},{\"@type\":\"WebSite\",\"@id\":\"https:\\\/\\\/sandrovanini.ch\\\/#website\",\"url\":\"https:\\\/\\\/sandrovanini.ch\\\/\",\"name\":\"Sandro Vanini SA\",\"description\":\"Delizie da vivere\",\"publisher\":{\"@id\":\"https:\\\/\\\/sandrovanini.ch\\\/#organization\"},\"potentialAction\":[{\"@type\":\"SearchAction\",\"target\":{\"@type\":\"EntryPoint\",\"urlTemplate\":\"https:\\\/\\\/sandrovanini.ch\\\/?s={search_term_string}\"},\"query-input\":{\"@type\":\"PropertyValueSpecification\",\"valueRequired\":true,\"valueName\":\"search_term_string\"}}],\"inLanguage\":\"de\"},{\"@type\":\"Organization\",\"@id\":\"https:\\\/\\\/sandrovanini.ch\\\/#organization\",\"name\":\"Sandro Vanini SA\",\"url\":\"https:\\\/\\\/sandrovanini.ch\\\/\",\"logo\":{\"@type\":\"ImageObject\",\"inLanguage\":\"de\",\"@id\":\"https:\\\/\\\/sandrovanini.ch\\\/#\\\/schema\\\/logo\\\/image\\\/\",\"url\":\"https:\\\/\\\/sandrovanini.ch\\\/vaniniwpsite\\\/wp-content\\\/uploads\\\/SANDRO-VANINI-LOGO-2021.png\",\"contentUrl\":\"https:\\\/\\\/sandrovanini.ch\\\/vaniniwpsite\\\/wp-content\\\/uploads\\\/SANDRO-VANINI-LOGO-2021.png\",\"width\":300,\"height\":129,\"caption\":\"Sandro Vanini SA\"},\"image\":{\"@id\":\"https:\\\/\\\/sandrovanini.ch\\\/#\\\/schema\\\/logo\\\/image\\\/\"}}]}<\/script>\n<!-- \/ Yoast SEO plugin. -->","yoast_head_json":{"title":"Marrons confits Non Glac\u00e9s - Sandro Vanini SA","description":"Eine Variante der kandierten Marrons mit weniger Zucker. Ein ideales Produkt f\u00fcr Liebhaber von Sandro Vanini Kastanien, die eine weniger zuckerhaltige Leckerei w\u00fcnschen.","robots":{"index":"index","follow":"follow","max-snippet":"max-snippet:-1","max-image-preview":"max-image-preview:large","max-video-preview":"max-video-preview:-1"},"canonical":"https:\/\/sandrovanini.ch\/de\/produkt\/marrons-glaces-legers\/","og_locale":"de_DE","og_type":"article","og_title":"Marrons confits Non Glac\u00e9s - Sandro Vanini SA","og_description":"Eine Variante der kandierten Marrons mit weniger Zucker. Ein ideales Produkt f\u00fcr Liebhaber von Sandro Vanini Kastanien, die eine weniger zuckerhaltige Leckerei w\u00fcnschen.","og_url":"https:\/\/sandrovanini.ch\/de\/produkt\/marrons-glaces-legers\/","og_site_name":"Sandro Vanini SA","article_modified_time":"2024-03-26T16:17:36+00:00","og_image":[{"width":600,"height":600,"url":"https:\/\/sandrovanini.ch\/vaniniwpsite\/wp-content\/uploads\/DSC_0031_non-glaces.png","type":"image\/png"}],"twitter_card":"summary_large_image","schema":{"@context":"https:\/\/schema.org","@graph":[{"@type":"WebPage","@id":"https:\/\/sandrovanini.ch\/de\/produkt\/marrons-glaces-legers\/","url":"https:\/\/sandrovanini.ch\/de\/produkt\/marrons-glaces-legers\/","name":"Marrons confits Non Glac\u00e9s - Sandro Vanini SA","isPartOf":{"@id":"https:\/\/sandrovanini.ch\/#website"},"primaryImageOfPage":{"@id":"https:\/\/sandrovanini.ch\/de\/produkt\/marrons-glaces-legers\/#primaryimage"},"image":{"@id":"https:\/\/sandrovanini.ch\/de\/produkt\/marrons-glaces-legers\/#primaryimage"},"thumbnailUrl":"https:\/\/sandrovanini.ch\/vaniniwpsite\/wp-content\/uploads\/DSC_0031_non-glaces.png","datePublished":"2023-07-28T13:30:22+00:00","dateModified":"2024-03-26T16:17:36+00:00","description":"Eine Variante der kandierten Marrons mit weniger Zucker. Ein ideales Produkt f\u00fcr Liebhaber von Sandro Vanini Kastanien, die eine weniger zuckerhaltige Leckerei w\u00fcnschen.","breadcrumb":{"@id":"https:\/\/sandrovanini.ch\/de\/produkt\/marrons-glaces-legers\/#breadcrumb"},"inLanguage":"de","potentialAction":[{"@type":"ReadAction","target":["https:\/\/sandrovanini.ch\/de\/produkt\/marrons-glaces-legers\/"]}]},{"@type":"ImageObject","inLanguage":"de","@id":"https:\/\/sandrovanini.ch\/de\/produkt\/marrons-glaces-legers\/#primaryimage","url":"https:\/\/sandrovanini.ch\/vaniniwpsite\/wp-content\/uploads\/DSC_0031_non-glaces.png","contentUrl":"https:\/\/sandrovanini.ch\/vaniniwpsite\/wp-content\/uploads\/DSC_0031_non-glaces.png","width":600,"height":600},{"@type":"BreadcrumbList","@id":"https:\/\/sandrovanini.ch\/de\/produkt\/marrons-glaces-legers\/#breadcrumb","itemListElement":[{"@type":"ListItem","position":1,"name":"Home","item":"https:\/\/sandrovanini.ch\/de\/"},{"@type":"ListItem","position":2,"name":"Prodotti","item":"https:\/\/sandrovanini.ch\/shop\/"},{"@type":"ListItem","position":3,"name":"Marrons confits Non Glac\u00e9s"}]},{"@type":"WebSite","@id":"https:\/\/sandrovanini.ch\/#website","url":"https:\/\/sandrovanini.ch\/","name":"Sandro Vanini SA","description":"Delizie da vivere","publisher":{"@id":"https:\/\/sandrovanini.ch\/#organization"},"potentialAction":[{"@type":"SearchAction","target":{"@type":"EntryPoint","urlTemplate":"https:\/\/sandrovanini.ch\/?s={search_term_string}"},"query-input":{"@type":"PropertyValueSpecification","valueRequired":true,"valueName":"search_term_string"}}],"inLanguage":"de"},{"@type":"Organization","@id":"https:\/\/sandrovanini.ch\/#organization","name":"Sandro Vanini SA","url":"https:\/\/sandrovanini.ch\/","logo":{"@type":"ImageObject","inLanguage":"de","@id":"https:\/\/sandrovanini.ch\/#\/schema\/logo\/image\/","url":"https:\/\/sandrovanini.ch\/vaniniwpsite\/wp-content\/uploads\/SANDRO-VANINI-LOGO-2021.png","contentUrl":"https:\/\/sandrovanini.ch\/vaniniwpsite\/wp-content\/uploads\/SANDRO-VANINI-LOGO-2021.png","width":300,"height":129,"caption":"Sandro Vanini SA"},"image":{"@id":"https:\/\/sandrovanini.ch\/#\/schema\/logo\/image\/"}}]}},"_links":{"self":[{"href":"https:\/\/sandrovanini.ch\/de\/wp-json\/wp\/v2\/product\/7165","targetHints":{"allow":["GET"]}}],"collection":[{"href":"https:\/\/sandrovanini.ch\/de\/wp-json\/wp\/v2\/product"}],"about":[{"href":"https:\/\/sandrovanini.ch\/de\/wp-json\/wp\/v2\/types\/product"}],"replies":[{"embeddable":true,"href":"https:\/\/sandrovanini.ch\/de\/wp-json\/wp\/v2\/comments?post=7165"}],"wp:featuredmedia":[{"embeddable":true,"href":"https:\/\/sandrovanini.ch\/de\/wp-json\/wp\/v2\/media\/7913"}],"wp:attachment":[{"href":"https:\/\/sandrovanini.ch\/de\/wp-json\/wp\/v2\/media?parent=7165"}],"wp:term":[{"taxonomy":"product_brand","embeddable":true,"href":"https:\/\/sandrovanini.ch\/de\/wp-json\/wp\/v2\/product_brand?post=7165"},{"taxonomy":"product_cat","embeddable":true,"href":"https:\/\/sandrovanini.ch\/de\/wp-json\/wp\/v2\/product_cat?post=7165"},{"taxonomy":"product_tag","embeddable":true,"href":"https:\/\/sandrovanini.ch\/de\/wp-json\/wp\/v2\/product_tag?post=7165"}],"curies":[{"name":"wp","href":"https:\/\/api.w.org\/{rel}","templated":true}]}}