{"id":4723,"date":"2021-08-11T19:39:06","date_gmt":"2021-08-11T17:39:06","guid":{"rendered":"https:\/\/sandrovanini.ch\/vaniniwpsite\/prodotto\/marrons-glaces-speciale-natale\/"},"modified":"2021-11-12T14:18:24","modified_gmt":"2021-11-12T13:18:24","slug":"marron-glaces-weihnachten-spezialedition","status":"publish","type":"product","link":"https:\/\/sandrovanini.ch\/de\/produkt\/marron-glaces-weihnachten-spezialedition\/","title":{"rendered":"Marrons Glac\u00e9s Weihnachten Spezialedition"},"content":{"rendered":"<p>Es ist nicht Weihnachten ohne Marrons Glac\u00e9s von Sandro Vanini! Der Geschmack und die Qualit\u00e4t unserer k\u00f6stlichen Marrons Glac\u00e9s in einer eleganten Weihnachtsverpackung, perfekt zum Verschenken.<\/p>\n<p>Die glasierten kandierten Kastanien werden nach dem traditionellen Rezept von Gro\u00dfvater Vittorio Vanini zubereitet und begleiten Ihre Weihnachtsfeierlichkeiten mit unglaublicher K\u00f6stlichkeit! Bei uns k\u00f6nnen Sie verschiedene Geschenkformate finden, die den Gaumen eines jeden Genie\u00dfers zufrieden stell.<\/p>\n<p>&nbsp;<\/p>\n<p><strong>Zutaten:<\/strong> Kastanien, Zucker, Glukosesirup, Konservierungsmittel: Kaliumsorbat,\u00a0Aromen.<\/p>\n<p>&nbsp;<\/p>\n<p>Um weitere Informationen zu Produkten und Allergenen anzufordern, kontaktieren Sie uns unter: vanini@sandrovanini.ch<\/p>\n","protected":false},"excerpt":{"rendered":"<p>108gr 216gr 324gr Packung<\/p>\n","protected":false},"featured_media":3988,"comment_status":"closed","ping_status":"closed","template":"","meta":{"_acf_changed":false},"product_brand":[],"product_cat":[127],"product_tag":[],"class_list":{"0":"post-4723","1":"product","2":"type-product","3":"status-publish","4":"has-post-thumbnail","6":"product_cat-kastanienprodukte","8":"first","9":"outofstock","10":"taxable","11":"shipping-taxable","12":"purchasable","13":"product-type-variable"},"acf":[],"yoast_head":"<!-- This site is optimized with the Yoast SEO plugin v27.3 - https:\/\/yoast.com\/product\/yoast-seo-wordpress\/ -->\n<title>Marrons Glac\u00e9s Weihnachten Spezialedition - Sandro Vanini SA<\/title>\n<meta name=\"robots\" content=\"index, follow, max-snippet:-1, max-image-preview:large, max-video-preview:-1\" \/>\n<link rel=\"canonical\" href=\"https:\/\/sandrovanini.ch\/de\/produkt\/marron-glaces-weihnachten-spezialedition\/\" \/>\n<meta property=\"og:locale\" content=\"de_DE\" \/>\n<meta property=\"og:type\" content=\"article\" \/>\n<meta property=\"og:title\" content=\"Marrons Glac\u00e9s Weihnachten Spezialedition - Sandro Vanini SA\" \/>\n<meta property=\"og:description\" content=\"108gr 216gr 324gr Packung\" \/>\n<meta property=\"og:url\" content=\"https:\/\/sandrovanini.ch\/de\/produkt\/marron-glaces-weihnachten-spezialedition\/\" \/>\n<meta property=\"og:site_name\" content=\"Sandro Vanini SA\" \/>\n<meta property=\"article:modified_time\" content=\"2021-11-12T13:18:24+00:00\" \/>\n<meta property=\"og:image\" content=\"https:\/\/sandrovanini.ch\/vaniniwpsite\/wp-content\/uploads\/1078-marronsglaces-scatola-12pz.png\" \/>\n\t<meta property=\"og:image:width\" content=\"600\" \/>\n\t<meta property=\"og:image:height\" content=\"600\" \/>\n\t<meta property=\"og:image:type\" content=\"image\/png\" \/>\n<meta name=\"twitter:card\" content=\"summary_large_image\" \/>\n<meta name=\"twitter:label1\" content=\"Gesch\u00e4tzte Lesezeit\" \/>\n\t<meta name=\"twitter:data1\" content=\"1\u00a0Minute\" \/>\n<script type=\"application\/ld+json\" class=\"yoast-schema-graph\">{\"@context\":\"https:\\\/\\\/schema.org\",\"@graph\":[{\"@type\":\"WebPage\",\"@id\":\"https:\\\/\\\/sandrovanini.ch\\\/de\\\/produkt\\\/marron-glaces-weihnachten-spezialedition\\\/\",\"url\":\"https:\\\/\\\/sandrovanini.ch\\\/de\\\/produkt\\\/marron-glaces-weihnachten-spezialedition\\\/\",\"name\":\"Marrons Glac\u00e9s Weihnachten Spezialedition - Sandro Vanini SA\",\"isPartOf\":{\"@id\":\"https:\\\/\\\/sandrovanini.ch\\\/#website\"},\"primaryImageOfPage\":{\"@id\":\"https:\\\/\\\/sandrovanini.ch\\\/de\\\/produkt\\\/marron-glaces-weihnachten-spezialedition\\\/#primaryimage\"},\"image\":{\"@id\":\"https:\\\/\\\/sandrovanini.ch\\\/de\\\/produkt\\\/marron-glaces-weihnachten-spezialedition\\\/#primaryimage\"},\"thumbnailUrl\":\"https:\\\/\\\/sandrovanini.ch\\\/vaniniwpsite\\\/wp-content\\\/uploads\\\/1078-marronsglaces-scatola-12pz.png\",\"datePublished\":\"2021-08-11T17:39:06+00:00\",\"dateModified\":\"2021-11-12T13:18:24+00:00\",\"breadcrumb\":{\"@id\":\"https:\\\/\\\/sandrovanini.ch\\\/de\\\/produkt\\\/marron-glaces-weihnachten-spezialedition\\\/#breadcrumb\"},\"inLanguage\":\"de\",\"potentialAction\":[{\"@type\":\"ReadAction\",\"target\":[\"https:\\\/\\\/sandrovanini.ch\\\/de\\\/produkt\\\/marron-glaces-weihnachten-spezialedition\\\/\"]}]},{\"@type\":\"ImageObject\",\"inLanguage\":\"de\",\"@id\":\"https:\\\/\\\/sandrovanini.ch\\\/de\\\/produkt\\\/marron-glaces-weihnachten-spezialedition\\\/#primaryimage\",\"url\":\"https:\\\/\\\/sandrovanini.ch\\\/vaniniwpsite\\\/wp-content\\\/uploads\\\/1078-marronsglaces-scatola-12pz.png\",\"contentUrl\":\"https:\\\/\\\/sandrovanini.ch\\\/vaniniwpsite\\\/wp-content\\\/uploads\\\/1078-marronsglaces-scatola-12pz.png\",\"width\":600,\"height\":600},{\"@type\":\"BreadcrumbList\",\"@id\":\"https:\\\/\\\/sandrovanini.ch\\\/de\\\/produkt\\\/marron-glaces-weihnachten-spezialedition\\\/#breadcrumb\",\"itemListElement\":[{\"@type\":\"ListItem\",\"position\":1,\"name\":\"Home\",\"item\":\"https:\\\/\\\/sandrovanini.ch\\\/de\\\/\"},{\"@type\":\"ListItem\",\"position\":2,\"name\":\"Prodotti\",\"item\":\"https:\\\/\\\/sandrovanini.ch\\\/shop\\\/\"},{\"@type\":\"ListItem\",\"position\":3,\"name\":\"Marrons Glac\u00e9s Weihnachten Spezialedition\"}]},{\"@type\":\"WebSite\",\"@id\":\"https:\\\/\\\/sandrovanini.ch\\\/#website\",\"url\":\"https:\\\/\\\/sandrovanini.ch\\\/\",\"name\":\"Sandro Vanini SA\",\"description\":\"Delizie da vivere\",\"publisher\":{\"@id\":\"https:\\\/\\\/sandrovanini.ch\\\/#organization\"},\"potentialAction\":[{\"@type\":\"SearchAction\",\"target\":{\"@type\":\"EntryPoint\",\"urlTemplate\":\"https:\\\/\\\/sandrovanini.ch\\\/?s={search_term_string}\"},\"query-input\":{\"@type\":\"PropertyValueSpecification\",\"valueRequired\":true,\"valueName\":\"search_term_string\"}}],\"inLanguage\":\"de\"},{\"@type\":\"Organization\",\"@id\":\"https:\\\/\\\/sandrovanini.ch\\\/#organization\",\"name\":\"Sandro Vanini SA\",\"url\":\"https:\\\/\\\/sandrovanini.ch\\\/\",\"logo\":{\"@type\":\"ImageObject\",\"inLanguage\":\"de\",\"@id\":\"https:\\\/\\\/sandrovanini.ch\\\/#\\\/schema\\\/logo\\\/image\\\/\",\"url\":\"https:\\\/\\\/sandrovanini.ch\\\/vaniniwpsite\\\/wp-content\\\/uploads\\\/SANDRO-VANINI-LOGO-2021.png\",\"contentUrl\":\"https:\\\/\\\/sandrovanini.ch\\\/vaniniwpsite\\\/wp-content\\\/uploads\\\/SANDRO-VANINI-LOGO-2021.png\",\"width\":300,\"height\":129,\"caption\":\"Sandro Vanini SA\"},\"image\":{\"@id\":\"https:\\\/\\\/sandrovanini.ch\\\/#\\\/schema\\\/logo\\\/image\\\/\"}}]}<\/script>\n<!-- \/ Yoast SEO plugin. -->","yoast_head_json":{"title":"Marrons Glac\u00e9s Weihnachten Spezialedition - Sandro Vanini SA","robots":{"index":"index","follow":"follow","max-snippet":"max-snippet:-1","max-image-preview":"max-image-preview:large","max-video-preview":"max-video-preview:-1"},"canonical":"https:\/\/sandrovanini.ch\/de\/produkt\/marron-glaces-weihnachten-spezialedition\/","og_locale":"de_DE","og_type":"article","og_title":"Marrons Glac\u00e9s Weihnachten Spezialedition - Sandro Vanini SA","og_description":"108gr 216gr 324gr Packung","og_url":"https:\/\/sandrovanini.ch\/de\/produkt\/marron-glaces-weihnachten-spezialedition\/","og_site_name":"Sandro Vanini SA","article_modified_time":"2021-11-12T13:18:24+00:00","og_image":[{"width":600,"height":600,"url":"https:\/\/sandrovanini.ch\/vaniniwpsite\/wp-content\/uploads\/1078-marronsglaces-scatola-12pz.png","type":"image\/png"}],"twitter_card":"summary_large_image","twitter_misc":{"Gesch\u00e4tzte Lesezeit":"1\u00a0Minute"},"schema":{"@context":"https:\/\/schema.org","@graph":[{"@type":"WebPage","@id":"https:\/\/sandrovanini.ch\/de\/produkt\/marron-glaces-weihnachten-spezialedition\/","url":"https:\/\/sandrovanini.ch\/de\/produkt\/marron-glaces-weihnachten-spezialedition\/","name":"Marrons Glac\u00e9s Weihnachten Spezialedition - Sandro Vanini SA","isPartOf":{"@id":"https:\/\/sandrovanini.ch\/#website"},"primaryImageOfPage":{"@id":"https:\/\/sandrovanini.ch\/de\/produkt\/marron-glaces-weihnachten-spezialedition\/#primaryimage"},"image":{"@id":"https:\/\/sandrovanini.ch\/de\/produkt\/marron-glaces-weihnachten-spezialedition\/#primaryimage"},"thumbnailUrl":"https:\/\/sandrovanini.ch\/vaniniwpsite\/wp-content\/uploads\/1078-marronsglaces-scatola-12pz.png","datePublished":"2021-08-11T17:39:06+00:00","dateModified":"2021-11-12T13:18:24+00:00","breadcrumb":{"@id":"https:\/\/sandrovanini.ch\/de\/produkt\/marron-glaces-weihnachten-spezialedition\/#breadcrumb"},"inLanguage":"de","potentialAction":[{"@type":"ReadAction","target":["https:\/\/sandrovanini.ch\/de\/produkt\/marron-glaces-weihnachten-spezialedition\/"]}]},{"@type":"ImageObject","inLanguage":"de","@id":"https:\/\/sandrovanini.ch\/de\/produkt\/marron-glaces-weihnachten-spezialedition\/#primaryimage","url":"https:\/\/sandrovanini.ch\/vaniniwpsite\/wp-content\/uploads\/1078-marronsglaces-scatola-12pz.png","contentUrl":"https:\/\/sandrovanini.ch\/vaniniwpsite\/wp-content\/uploads\/1078-marronsglaces-scatola-12pz.png","width":600,"height":600},{"@type":"BreadcrumbList","@id":"https:\/\/sandrovanini.ch\/de\/produkt\/marron-glaces-weihnachten-spezialedition\/#breadcrumb","itemListElement":[{"@type":"ListItem","position":1,"name":"Home","item":"https:\/\/sandrovanini.ch\/de\/"},{"@type":"ListItem","position":2,"name":"Prodotti","item":"https:\/\/sandrovanini.ch\/shop\/"},{"@type":"ListItem","position":3,"name":"Marrons Glac\u00e9s Weihnachten Spezialedition"}]},{"@type":"WebSite","@id":"https:\/\/sandrovanini.ch\/#website","url":"https:\/\/sandrovanini.ch\/","name":"Sandro Vanini SA","description":"Delizie da vivere","publisher":{"@id":"https:\/\/sandrovanini.ch\/#organization"},"potentialAction":[{"@type":"SearchAction","target":{"@type":"EntryPoint","urlTemplate":"https:\/\/sandrovanini.ch\/?s={search_term_string}"},"query-input":{"@type":"PropertyValueSpecification","valueRequired":true,"valueName":"search_term_string"}}],"inLanguage":"de"},{"@type":"Organization","@id":"https:\/\/sandrovanini.ch\/#organization","name":"Sandro Vanini SA","url":"https:\/\/sandrovanini.ch\/","logo":{"@type":"ImageObject","inLanguage":"de","@id":"https:\/\/sandrovanini.ch\/#\/schema\/logo\/image\/","url":"https:\/\/sandrovanini.ch\/vaniniwpsite\/wp-content\/uploads\/SANDRO-VANINI-LOGO-2021.png","contentUrl":"https:\/\/sandrovanini.ch\/vaniniwpsite\/wp-content\/uploads\/SANDRO-VANINI-LOGO-2021.png","width":300,"height":129,"caption":"Sandro Vanini SA"},"image":{"@id":"https:\/\/sandrovanini.ch\/#\/schema\/logo\/image\/"}}]}},"_links":{"self":[{"href":"https:\/\/sandrovanini.ch\/de\/wp-json\/wp\/v2\/product\/4723","targetHints":{"allow":["GET"]}}],"collection":[{"href":"https:\/\/sandrovanini.ch\/de\/wp-json\/wp\/v2\/product"}],"about":[{"href":"https:\/\/sandrovanini.ch\/de\/wp-json\/wp\/v2\/types\/product"}],"replies":[{"embeddable":true,"href":"https:\/\/sandrovanini.ch\/de\/wp-json\/wp\/v2\/comments?post=4723"}],"wp:featuredmedia":[{"embeddable":true,"href":"https:\/\/sandrovanini.ch\/de\/wp-json\/wp\/v2\/media\/3988"}],"wp:attachment":[{"href":"https:\/\/sandrovanini.ch\/de\/wp-json\/wp\/v2\/media?parent=4723"}],"wp:term":[{"taxonomy":"product_brand","embeddable":true,"href":"https:\/\/sandrovanini.ch\/de\/wp-json\/wp\/v2\/product_brand?post=4723"},{"taxonomy":"product_cat","embeddable":true,"href":"https:\/\/sandrovanini.ch\/de\/wp-json\/wp\/v2\/product_cat?post=4723"},{"taxonomy":"product_tag","embeddable":true,"href":"https:\/\/sandrovanini.ch\/de\/wp-json\/wp\/v2\/product_tag?post=4723"}],"curies":[{"name":"wp","href":"https:\/\/api.w.org\/{rel}","templated":true}]}}