{"id":4846,"date":"2021-10-30T12:37:40","date_gmt":"2021-10-30T10:37:40","guid":{"rendered":"https:\/\/sandrovanini.ch\/vaniniwpsite\/cookie-policy\/"},"modified":"2023-07-17T13:24:59","modified_gmt":"2023-07-17T11:24:59","slug":"cookie-policy","status":"publish","type":"page","link":"https:\/\/sandrovanini.ch\/de\/cookie-policy\/","title":{"rendered":"Cookie Policy"},"content":{"rendered":"<div class=\"wpb-content-wrapper\"><p>[vc_row css_animation=&#8220;&#8220; row_type=&#8220;row&#8220; use_row_as_full_screen_section=&#8220;no&#8220; type=&#8220;full_width&#8220; angled_section=&#8220;no&#8220; text_align=&#8220;left&#8220; background_image_as_pattern=&#8220;without_pattern&#8220; z_index=&#8220;&#8220;][vc_column][vc_single_image image=&#8220;32&#8243; img_size=&#8220;full&#8220; alignment=&#8220;center&#8220; qode_css_animation=&#8220;&#8220; css=&#8220;.vc_custom_1630050451964{margin-bottom: 64px !important;}&#8220;][vc_column_text]<\/p>\n<h1>Cookie policy<\/h1>\n<p>[\/vc_column_text][vc_empty_space][vc_column_text]<script id=\"CookieDeclaration\" src=\"https:\/\/consent.cookiebot.com\/6c139826-2240-457c-98bd-6a0de5112f4a\/cd.js\" type=\"text\/javascript\" async><\/script>[\/vc_column_text][vc_column_text]Transparenz gegen\u00fcber dem Nutzer: Durch die Verwendung von Google-Cookies k\u00f6nnen wir bestimmte personenbezogene Daten (wie: IP-Adresse des Ger\u00e4ts des Nutzers, verwendeter Browser, Betriebssystem, Bildschirmaufl\u00f6sung, gew\u00e4hlte Sprache, Datum und Uhrzeit des Website-Besuchs) in L\u00e4nder \u00fcbertragen, die nach Ansicht des Eidgen\u00f6ssischen Datenschutz- und \u00d6ffentlichkeitsbeauftragten (ED\u00d6B) und der Europ\u00e4ischen Kommission keinen angemessenen Datenschutz bieten; zu diesen L\u00e4ndern geh\u00f6ren die Vereinigten Staaten von Amerika. Dar\u00fcber hinaus unterliegt Google als &#8222;Anbieter von elektronischen Kommunikationsdiensten&#8220; gem\u00e4\u00df Artikel 1881, Abschnitt 4(b), Titel 50 des US-Gesetzbuches (dem so genannten &#8222;Foreign Intelligence Surveillance Ac&#8220; &#8211; FISA 702) der \u00dcberwachung durch die US-Geheimdienste, die daher Online-Identifikatoren wie IP-Adressen und &#8222;Unique Identification Numbers&#8220; sammeln k\u00f6nnen; eine \u00dcberwachung, die durch die als &#8222;Cloud Act&#8220; bekannte Bundesma\u00dfnahme (&#8222;Clarifying the Privacy Policy&#8220;) noch verst\u00e4rkt wird. &#8222;Cloud Act&#8220; (&#8222;Clarifying Lawful Overseas Use of Data Act&#8220;), die im M\u00e4rz 2018 eingef\u00fchrt wurde und es diesen Beh\u00f6rden erm\u00f6glicht, Computerdaten von Betreibern von Cloud-Computing-Diensten zu erwerben, auch wenn sich die Server in Europa befinden. Indem Sie der Verwendung solcher Cookies zustimmen, erkl\u00e4ren Sie sich daher damit einverstanden, die Risiken zu \u00fcbernehmen, die sich aus den oben genannten Informationen ergeben k\u00f6nnen.[\/vc_column_text][vc_empty_space][\/vc_column][\/vc_row]<\/p>\n<\/div>","protected":false},"excerpt":{"rendered":"<p>[vc_row css_animation=&#8220;&#8220; row_type=&#8220;row&#8220; use_row_as_full_screen_section=&#8220;no&#8220; type=&#8220;full_width&#8220; angled_section=&#8220;no&#8220; text_align=&#8220;left&#8220; background_image_as_pattern=&#8220;without_pattern&#8220; z_index=&#8220;&#8220;][vc_column][vc_single_image image=&#8220;32&#8243; img_size=&#8220;full&#8220; alignment=&#8220;center&#8220; qode_css_animation=&#8220;&#8220; css=&#8220;.vc_custom_1630050451964{margin-bottom: 64px !important;}&#8220;][vc_column_text] Cookie policy [\/vc_column_text][vc_empty_space][vc_column_text][\/vc_column_text][vc_column_text]Transparenz gegen\u00fcber dem Nutzer: Durch&#8230;<\/p>\n","protected":false},"author":2,"featured_media":0,"parent":0,"menu_order":0,"comment_status":"closed","ping_status":"closed","template":"","meta":{"_acf_changed":false,"footnotes":""},"class_list":["post-4846","page","type-page","status-publish","hentry"],"acf":[],"yoast_head":"<!-- This site is optimized with the Yoast SEO plugin v27.3 - https:\/\/yoast.com\/product\/yoast-seo-wordpress\/ -->\n<title>Cookie Policy - Sandro Vanini SA<\/title>\n<meta name=\"robots\" content=\"index, follow, max-snippet:-1, max-image-preview:large, max-video-preview:-1\" \/>\n<link rel=\"canonical\" href=\"https:\/\/sandrovanini.ch\/de\/cookie-policy\/\" \/>\n<meta property=\"og:locale\" content=\"de_DE\" \/>\n<meta property=\"og:type\" content=\"article\" \/>\n<meta property=\"og:title\" content=\"Cookie Policy - Sandro Vanini SA\" \/>\n<meta property=\"og:description\" content=\"[vc_row css_animation=&#8220;&#8220; row_type=&#8220;row&#8220; use_row_as_full_screen_section=&#8220;no&#8220; type=&#8220;full_width&#8220; angled_section=&#8220;no&#8220; text_align=&#8220;left&#8220; background_image_as_pattern=&#8220;without_pattern&#8220; z_index=&#8220;&#8220;][vc_column][vc_single_image image=&#8220;32&#8243; img_size=&#8220;full&#8220; alignment=&#8220;center&#8220; qode_css_animation=&#8220;&#8220; css=&#8220;.vc_custom_1630050451964{margin-bottom: 64px !important;}&#8220;][vc_column_text] Cookie policy [\/vc_column_text][vc_empty_space][vc_column_text][\/vc_column_text][vc_column_text]Transparenz gegen\u00fcber dem Nutzer: Durch...\" \/>\n<meta property=\"og:url\" content=\"https:\/\/sandrovanini.ch\/de\/cookie-policy\/\" \/>\n<meta property=\"og:site_name\" content=\"Sandro Vanini SA\" \/>\n<meta property=\"article:modified_time\" content=\"2023-07-17T11:24:59+00:00\" \/>\n<meta name=\"twitter:card\" content=\"summary_large_image\" \/>\n<meta name=\"twitter:label1\" content=\"Gesch\u00e4tzte Lesezeit\" \/>\n\t<meta name=\"twitter:data1\" content=\"1\u00a0Minute\" \/>\n<script type=\"application\/ld+json\" class=\"yoast-schema-graph\">{\"@context\":\"https:\\\/\\\/schema.org\",\"@graph\":[{\"@type\":\"WebPage\",\"@id\":\"https:\\\/\\\/sandrovanini.ch\\\/de\\\/cookie-policy\\\/\",\"url\":\"https:\\\/\\\/sandrovanini.ch\\\/de\\\/cookie-policy\\\/\",\"name\":\"Cookie Policy - Sandro Vanini SA\",\"isPartOf\":{\"@id\":\"https:\\\/\\\/sandrovanini.ch\\\/#website\"},\"datePublished\":\"2021-10-30T10:37:40+00:00\",\"dateModified\":\"2023-07-17T11:24:59+00:00\",\"breadcrumb\":{\"@id\":\"https:\\\/\\\/sandrovanini.ch\\\/de\\\/cookie-policy\\\/#breadcrumb\"},\"inLanguage\":\"de\",\"potentialAction\":[{\"@type\":\"ReadAction\",\"target\":[\"https:\\\/\\\/sandrovanini.ch\\\/de\\\/cookie-policy\\\/\"]}]},{\"@type\":\"BreadcrumbList\",\"@id\":\"https:\\\/\\\/sandrovanini.ch\\\/de\\\/cookie-policy\\\/#breadcrumb\",\"itemListElement\":[{\"@type\":\"ListItem\",\"position\":1,\"name\":\"Home\",\"item\":\"https:\\\/\\\/sandrovanini.ch\\\/de\\\/\"},{\"@type\":\"ListItem\",\"position\":2,\"name\":\"Cookie Policy\"}]},{\"@type\":\"WebSite\",\"@id\":\"https:\\\/\\\/sandrovanini.ch\\\/#website\",\"url\":\"https:\\\/\\\/sandrovanini.ch\\\/\",\"name\":\"Sandro Vanini SA\",\"description\":\"Delizie da vivere\",\"publisher\":{\"@id\":\"https:\\\/\\\/sandrovanini.ch\\\/#organization\"},\"potentialAction\":[{\"@type\":\"SearchAction\",\"target\":{\"@type\":\"EntryPoint\",\"urlTemplate\":\"https:\\\/\\\/sandrovanini.ch\\\/?s={search_term_string}\"},\"query-input\":{\"@type\":\"PropertyValueSpecification\",\"valueRequired\":true,\"valueName\":\"search_term_string\"}}],\"inLanguage\":\"de\"},{\"@type\":\"Organization\",\"@id\":\"https:\\\/\\\/sandrovanini.ch\\\/#organization\",\"name\":\"Sandro Vanini SA\",\"url\":\"https:\\\/\\\/sandrovanini.ch\\\/\",\"logo\":{\"@type\":\"ImageObject\",\"inLanguage\":\"de\",\"@id\":\"https:\\\/\\\/sandrovanini.ch\\\/#\\\/schema\\\/logo\\\/image\\\/\",\"url\":\"https:\\\/\\\/sandrovanini.ch\\\/vaniniwpsite\\\/wp-content\\\/uploads\\\/SANDRO-VANINI-LOGO-2021.png\",\"contentUrl\":\"https:\\\/\\\/sandrovanini.ch\\\/vaniniwpsite\\\/wp-content\\\/uploads\\\/SANDRO-VANINI-LOGO-2021.png\",\"width\":300,\"height\":129,\"caption\":\"Sandro Vanini SA\"},\"image\":{\"@id\":\"https:\\\/\\\/sandrovanini.ch\\\/#\\\/schema\\\/logo\\\/image\\\/\"}}]}<\/script>\n<!-- \/ Yoast SEO plugin. -->","yoast_head_json":{"title":"Cookie Policy - Sandro Vanini SA","robots":{"index":"index","follow":"follow","max-snippet":"max-snippet:-1","max-image-preview":"max-image-preview:large","max-video-preview":"max-video-preview:-1"},"canonical":"https:\/\/sandrovanini.ch\/de\/cookie-policy\/","og_locale":"de_DE","og_type":"article","og_title":"Cookie Policy - Sandro Vanini SA","og_description":"[vc_row css_animation=&#8220;&#8220; row_type=&#8220;row&#8220; use_row_as_full_screen_section=&#8220;no&#8220; type=&#8220;full_width&#8220; angled_section=&#8220;no&#8220; text_align=&#8220;left&#8220; background_image_as_pattern=&#8220;without_pattern&#8220; z_index=&#8220;&#8220;][vc_column][vc_single_image image=&#8220;32&#8243; img_size=&#8220;full&#8220; alignment=&#8220;center&#8220; qode_css_animation=&#8220;&#8220; css=&#8220;.vc_custom_1630050451964{margin-bottom: 64px !important;}&#8220;][vc_column_text] Cookie policy [\/vc_column_text][vc_empty_space][vc_column_text][\/vc_column_text][vc_column_text]Transparenz gegen\u00fcber dem Nutzer: Durch...","og_url":"https:\/\/sandrovanini.ch\/de\/cookie-policy\/","og_site_name":"Sandro Vanini SA","article_modified_time":"2023-07-17T11:24:59+00:00","twitter_card":"summary_large_image","twitter_misc":{"Gesch\u00e4tzte Lesezeit":"1\u00a0Minute"},"schema":{"@context":"https:\/\/schema.org","@graph":[{"@type":"WebPage","@id":"https:\/\/sandrovanini.ch\/de\/cookie-policy\/","url":"https:\/\/sandrovanini.ch\/de\/cookie-policy\/","name":"Cookie Policy - Sandro Vanini SA","isPartOf":{"@id":"https:\/\/sandrovanini.ch\/#website"},"datePublished":"2021-10-30T10:37:40+00:00","dateModified":"2023-07-17T11:24:59+00:00","breadcrumb":{"@id":"https:\/\/sandrovanini.ch\/de\/cookie-policy\/#breadcrumb"},"inLanguage":"de","potentialAction":[{"@type":"ReadAction","target":["https:\/\/sandrovanini.ch\/de\/cookie-policy\/"]}]},{"@type":"BreadcrumbList","@id":"https:\/\/sandrovanini.ch\/de\/cookie-policy\/#breadcrumb","itemListElement":[{"@type":"ListItem","position":1,"name":"Home","item":"https:\/\/sandrovanini.ch\/de\/"},{"@type":"ListItem","position":2,"name":"Cookie Policy"}]},{"@type":"WebSite","@id":"https:\/\/sandrovanini.ch\/#website","url":"https:\/\/sandrovanini.ch\/","name":"Sandro Vanini SA","description":"Delizie da vivere","publisher":{"@id":"https:\/\/sandrovanini.ch\/#organization"},"potentialAction":[{"@type":"SearchAction","target":{"@type":"EntryPoint","urlTemplate":"https:\/\/sandrovanini.ch\/?s={search_term_string}"},"query-input":{"@type":"PropertyValueSpecification","valueRequired":true,"valueName":"search_term_string"}}],"inLanguage":"de"},{"@type":"Organization","@id":"https:\/\/sandrovanini.ch\/#organization","name":"Sandro Vanini SA","url":"https:\/\/sandrovanini.ch\/","logo":{"@type":"ImageObject","inLanguage":"de","@id":"https:\/\/sandrovanini.ch\/#\/schema\/logo\/image\/","url":"https:\/\/sandrovanini.ch\/vaniniwpsite\/wp-content\/uploads\/SANDRO-VANINI-LOGO-2021.png","contentUrl":"https:\/\/sandrovanini.ch\/vaniniwpsite\/wp-content\/uploads\/SANDRO-VANINI-LOGO-2021.png","width":300,"height":129,"caption":"Sandro Vanini SA"},"image":{"@id":"https:\/\/sandrovanini.ch\/#\/schema\/logo\/image\/"}}]}},"_links":{"self":[{"href":"https:\/\/sandrovanini.ch\/de\/wp-json\/wp\/v2\/pages\/4846","targetHints":{"allow":["GET"]}}],"collection":[{"href":"https:\/\/sandrovanini.ch\/de\/wp-json\/wp\/v2\/pages"}],"about":[{"href":"https:\/\/sandrovanini.ch\/de\/wp-json\/wp\/v2\/types\/page"}],"author":[{"embeddable":true,"href":"https:\/\/sandrovanini.ch\/de\/wp-json\/wp\/v2\/users\/2"}],"replies":[{"embeddable":true,"href":"https:\/\/sandrovanini.ch\/de\/wp-json\/wp\/v2\/comments?post=4846"}],"version-history":[{"count":4,"href":"https:\/\/sandrovanini.ch\/de\/wp-json\/wp\/v2\/pages\/4846\/revisions"}],"predecessor-version":[{"id":7136,"href":"https:\/\/sandrovanini.ch\/de\/wp-json\/wp\/v2\/pages\/4846\/revisions\/7136"}],"wp:attachment":[{"href":"https:\/\/sandrovanini.ch\/de\/wp-json\/wp\/v2\/media?parent=4846"}],"curies":[{"name":"wp","href":"https:\/\/api.w.org\/{rel}","templated":true}]}}