{"id":4068,"date":"2021-09-08T18:27:00","date_gmt":"2021-09-08T16:27:00","guid":{"rendered":"https:\/\/sandrovanini.ch\/vaniniwpsite\/produkte\/specialita-di-frutta\/"},"modified":"2022-07-29T15:17:23","modified_gmt":"2022-07-29T13:17:23","slug":"fruchtspezialitaeten","status":"publish","type":"page","link":"https:\/\/sandrovanini.ch\/de\/produkte\/fruchtspezialitaeten\/","title":{"rendered":"Fruchtspezialit\u00e4ten"},"content":{"rendered":"<div class=\"wpb-content-wrapper\"><p>[vc_row css_animation=&#8220;&#8220; row_type=&#8220;row&#8220; use_row_as_full_screen_section=&#8220;no&#8220; type=&#8220;full_width&#8220; angled_section=&#8220;no&#8220; text_align=&#8220;left&#8220; background_image_as_pattern=&#8220;without_pattern&#8220; css=&#8220;.vc_custom_1659100638623{padding-top: 140px !important;padding-bottom: 140px !important;background-image: url(https:\/\/sandrovanini.ch\/vaniniwpsite\/wp-content\/uploads\/Fruit-specialties-Specialites-de-fruits-Fruchtspezialitaten-specialita-di-frutta-sandro-vanini.jpg?id=6211) !important;background-position: center !important;background-repeat: no-repeat !important;background-size: cover !important;}&#8220; z_index=&#8220;&#8220;][vc_column]<div class=\"custom_font_holder \" style=\"font-family: Poppins; font-style: normal; font-weight: 800; color: #ffffff; text-decoration: none; text-shadow: 1px 1px 2px rgba(0, 0, 0, 0.4); text-align: center; --qode-cf-font-size: 40px; --qode-cf-line-height: 26px; --qode-cf-font-size-1440: 40px; --qode-cf-line-height-1440: 26px; --qode-cf-font-size-1366: 40px; --qode-cf-line-height-1366: 26px; --qode-cf-font-size-1280: 40px; --qode-cf-line-height-1280: 26px; --qode-cf-font-size-1024: 40px; --qode-cf-line-height-1024: 26px; --qode-cf-font-size-768: 40px; --qode-cf-line-height-768: 26px; --qode-cf-font-size-680: 40px; --qode-cf-line-height-680: 26px; --qode-cf-font-size-480: 40px; --qode-cf-line-height-480: 26px;\"><\/div>[\/vc_column][\/vc_row][vc_row css_animation=&#8220;&#8220; row_type=&#8220;row&#8220; use_row_as_full_screen_section=&#8220;no&#8220; type=&#8220;grid&#8220; angled_section=&#8220;no&#8220; text_align=&#8220;left&#8220; background_image_as_pattern=&#8220;without_pattern&#8220; css=&#8220;.vc_custom_1631111959510{padding-top: 60px !important;}&#8220; z_index=&#8220;&#8220;][vc_column]<div class=\"custom_font_holder \" style=\" font-style: normal; text-decoration: none; text-align: center;\">\n<h1 class=\"title-h1\">Fruchtspezialit\u00e4ten<\/h1>\n<\/div>[vc_column_text css=&#8220;.vc_custom_1636722559160{padding-top: 40px !important;}&#8220;]<\/p>\n<h3 style=\"text-align: center;\">Dank seines langj\u00e4hrigem Fachwissens in der Verarbeitung von Fr\u00fcchten und der Zubereitung von traditionellen Rezepten vervollst\u00e4ndigt Sandro Vanini SA seine Produktpalette mit Spezialit\u00e4ten auf Fruchtbasis, wie beispielsweise Amarenata und Cocktailkirschen. Die sorgf\u00e4ltig ausgew\u00e4hlten Fr\u00fcchte werden gewaschen und anschlie\u00dfend ged\u00e4mpft. Die Kandiermeister reichern die Fr\u00fcchte daraufhin je nach Zubereitung mit verschiedenen Arten von aromatisiertem Sirup an, um den urspr\u00fcnglichen Geschmack zu garantieren.<\/h3>\n<p>[\/vc_column_text][\/vc_column][\/vc_row][vc_row css_animation=&#8220;&#8220; row_type=&#8220;row&#8220; use_row_as_full_screen_section=&#8220;no&#8220; type=&#8220;grid&#8220; angled_section=&#8220;no&#8220; text_align=&#8220;left&#8220; background_image_as_pattern=&#8220;without_pattern&#8220; css=&#8220;.vc_custom_1631112040188{padding-top: 60px !important;}&#8220; z_index=&#8220;&#8220;][vc_column width=&#8220;3\/4&#8243;]<div class=\"woocommerce columns-2 \"><ul class=\"products\">\n<li class=\"product type-product post-4695 status-publish first instock product_cat-fruchtspezialitaten has-post-thumbnail taxable shipping-taxable purchasable product-type-simple\">\n\t\n\t\t\n    <div class=\"top-product-section\">\n\n        <a itemprop=\"url\" href=\"https:\/\/sandrovanini.ch\/de\/produkt\/amarenata\/\" class=\"product-category\">\n            <span class=\"image-wrapper\">\n            <img loading=\"lazy\" decoding=\"async\" width=\"300\" height=\"300\" src=\"https:\/\/sandrovanini.ch\/vaniniwpsite\/wp-content\/uploads\/SV-3201-amarenata-fruit-300x300.png\" class=\"attachment-woocommerce_thumbnail size-woocommerce_thumbnail\" alt=\"Amarenata\" srcset=\"https:\/\/sandrovanini.ch\/vaniniwpsite\/wp-content\/uploads\/SV-3201-amarenata-fruit-300x300.png 300w, https:\/\/sandrovanini.ch\/vaniniwpsite\/wp-content\/uploads\/SV-3201-amarenata-fruit-150x150.png 150w, https:\/\/sandrovanini.ch\/vaniniwpsite\/wp-content\/uploads\/SV-3201-amarenata-fruit-570x570.png 570w, https:\/\/sandrovanini.ch\/vaniniwpsite\/wp-content\/uploads\/SV-3201-amarenata-fruit-500x500.png 500w, https:\/\/sandrovanini.ch\/vaniniwpsite\/wp-content\/uploads\/SV-3201-amarenata-fruit-100x100.png 100w, https:\/\/sandrovanini.ch\/vaniniwpsite\/wp-content\/uploads\/SV-3201-amarenata-fruit.png 600w\" sizes=\"auto, (max-width: 300px) 100vw, 300px\" \/>            <\/span>\n        <\/a>\n\n\t\t<span class=\"add-to-cart-button-outer\"><span class=\"add-to-cart-button-inner\"><a href=\"\/de\/wp-json\/wp\/v2\/pages\/4068?add-to-cart=4695\" aria-describedby=\"woocommerce_loop_add_to_cart_link_describedby_4695\" data-quantity=\"1\" class=\"button product_type_simple add_to_cart_button ajax_add_to_cart qbutton add-to-cart-button\" data-product_id=\"4695\" data-product_sku=\"3201\" aria-label=\"In den Warenkorb legen: \u201eAmarenata\u201c\" rel=\"nofollow\" data-success_message=\"\u201eAmarenata\u201c wurde deinem Warenkorb hinzugef\u00fcgt\" role=\"button\">Discover<\/a><\/span><\/span>\t<span id=\"woocommerce_loop_add_to_cart_link_describedby_4695\" class=\"screen-reader-text\">\n\t\t\t<\/span>\n\n    <\/div>\n        <a itemprop=\"url\" href=\"https:\/\/sandrovanini.ch\/de\/produkt\/amarenata\/\" class=\"product-category product-info\">\n        <h6 itemprop=\"name\">Amarenata<\/h6>\n\t    \n\t    \n        \n\t<span class=\"price\"><span class=\"woocommerce-Price-amount amount\"><bdi><span class=\"woocommerce-Price-currencySymbol\">&#67;&#72;&#70;<\/span>&nbsp;8.50<\/bdi><\/span> <small class=\"woocommerce-price-suffix\">MwSt inkl.\/TVA incluse\/IVA incl.\/VAT included<\/small><\/span>\n<p class=\"font-size--16 text-align-center\">480gr Glas<\/p>    <\/a>\n    <\/li>\n<li class=\"product type-product post-4420 status-publish last instock product_cat-fruchtspezialitaten has-post-thumbnail taxable shipping-taxable purchasable product-type-variable\">\n\t\n\t\t\n    <div class=\"top-product-section\">\n\n        <a itemprop=\"url\" href=\"https:\/\/sandrovanini.ch\/de\/produkt\/cocktailkirschen-mit-maraschino-aroma\/\" class=\"product-category\">\n            <span class=\"image-wrapper\">\n            <img loading=\"lazy\" decoding=\"async\" width=\"300\" height=\"300\" src=\"https:\/\/sandrovanini.ch\/vaniniwpsite\/wp-content\/uploads\/SV-3307-cocktailcherries-250g-fruit-1-300x300.png\" class=\"attachment-woocommerce_thumbnail size-woocommerce_thumbnail\" alt=\"Cocktailkirschen mit Maraschino Aroma\" srcset=\"https:\/\/sandrovanini.ch\/vaniniwpsite\/wp-content\/uploads\/SV-3307-cocktailcherries-250g-fruit-1-300x300.png 300w, https:\/\/sandrovanini.ch\/vaniniwpsite\/wp-content\/uploads\/SV-3307-cocktailcherries-250g-fruit-1-150x150.png 150w, https:\/\/sandrovanini.ch\/vaniniwpsite\/wp-content\/uploads\/SV-3307-cocktailcherries-250g-fruit-1-570x570.png 570w, https:\/\/sandrovanini.ch\/vaniniwpsite\/wp-content\/uploads\/SV-3307-cocktailcherries-250g-fruit-1-500x500.png 500w, https:\/\/sandrovanini.ch\/vaniniwpsite\/wp-content\/uploads\/SV-3307-cocktailcherries-250g-fruit-1-100x100.png 100w, https:\/\/sandrovanini.ch\/vaniniwpsite\/wp-content\/uploads\/SV-3307-cocktailcherries-250g-fruit-1.png 600w\" sizes=\"auto, (max-width: 300px) 100vw, 300px\" \/>            <\/span>\n        <\/a>\n\n\t\t<span class=\"add-to-cart-button-outer\"><span class=\"add-to-cart-button-inner\"><a href=\"https:\/\/sandrovanini.ch\/de\/produkt\/cocktailkirschen-mit-maraschino-aroma\/\" aria-describedby=\"woocommerce_loop_add_to_cart_link_describedby_4420\" data-quantity=\"1\" class=\"button product_type_variable add_to_cart_button qbutton add-to-cart-button\" data-product_id=\"4420\" data-product_sku=\"91041\" aria-label=\"W\u00e4hle Optionen f\u00fcr \u201eCocktailkirschen mit Maraschino Aroma\u201c\" rel=\"nofollow\">Discover<\/a><\/span><\/span>\t<span id=\"woocommerce_loop_add_to_cart_link_describedby_4420\" class=\"screen-reader-text\">\n\t\tDieses Produkt weist mehrere Varianten auf. Die Optionen k\u00f6nnen auf der Produktseite gew\u00e4hlt werden\t<\/span>\n\n    <\/div>\n        <a itemprop=\"url\" href=\"https:\/\/sandrovanini.ch\/de\/produkt\/cocktailkirschen-mit-maraschino-aroma\/\" class=\"product-category product-info\">\n        <h6 itemprop=\"name\">Cocktailkirschen mit Maraschino Aroma<\/h6>\n\t    \n\t    \n        \n<p class=\"font-size--16 text-align-center\">250gr 580gr Glas<\/p>    <\/a>\n    <\/li><\/ul>\n<\/div>[vc_empty_space height=&#8220;100px&#8220;][\/vc_column][vc_column width=&#8220;1\/4&#8243;][vc_widget_sidebar sidebar_id=&#8220;Sidebar Woocommerce&#8220; el_class=&#8220;sidebar-inpage&#8220;][\/vc_column][\/vc_row][vc_row css_animation=&#8220;&#8220; row_type=&#8220;row&#8220; use_row_as_full_screen_section=&#8220;no&#8220; type=&#8220;grid&#8220; angled_section=&#8220;no&#8220; text_align=&#8220;left&#8220; background_image_as_pattern=&#8220;without_pattern&#8220; z_index=&#8220;&#8220; css=&#8220;.vc_custom_1629802616524{padding-top: 60px !important;padding-bottom: 60px !important;}&#8220;][vc_column]<div class=\"custom_font_holder \" style=\"font-family: Poppins; font-style: normal; font-weight: 700; color: #ffc601; text-decoration: none; text-align: left; --qode-cf-font-size: 40px; --qode-cf-line-height: 50px; --qode-cf-font-size-1440: 40px; --qode-cf-line-height-1440: 50px; --qode-cf-font-size-1366: 40px; --qode-cf-line-height-1366: 50px; --qode-cf-font-size-1280: 40px; --qode-cf-line-height-1280: 50px; --qode-cf-font-size-1024: 40px; --qode-cf-line-height-1024: 50px; --qode-cf-font-size-768: 40px; --qode-cf-line-height-768: 50px; --qode-cf-font-size-680: 40px; --qode-cf-line-height-680: 50px; --qode-cf-font-size-480: 40px; --qode-cf-line-height-480: 50px;\">Lass dich inspirieren<\/div>[vc_empty_space][vc_column_text]<\/p>\n<p class=\"p1\"><span class=\"s1\">    <div class=\"vc_container\">\n        <div class=\"vc_row\">\n            \n            \n                <div class=\"vc_col-md-6 vc_col-sm-12 mb-3 recepies--min-height\">\n                    <a href=\"https:\/\/sandrovanini.ch\/de\/rezepte\/limetten-kirschen-parfait\/\" class=\"img-archive-loop--background\" style=\"background-image: url(https:\/\/sandrovanini.ch\/vaniniwpsite\/wp-content\/uploads\/Parfait-di-ciliegie-e-lime.jpg)\"><\/a>\n                    <a href=\"https:\/\/sandrovanini.ch\/de\/rezepte\/limetten-kirschen-parfait\/\"><h3 class=\"font-family-poppins font-size--22 text-weight-bold text-blue text-transform-none line-height-1-5  mt-3 mb-1\">\n                            Limetten-Kirschen-Parfait<\/h3><\/a>\n                                            <a href=\"https:\/\/sandrovanini.ch\/de\/rezepte\/limetten-kirschen-parfait\/\" class=\"font-family-poppins font-size--16 text-weight-bold text-red line-height-1-5 mt-0 mb-3\">\n                            mit Cocktailkirschen <\/a>\n                    \n                    <!--<div class=\"d-flex justify-content-center\">\n                        <a href=\"https:\/\/sandrovanini.ch\/de\/rezepte\/limetten-kirschen-parfait\/\" class=\"qbutton medium center default button-radius mt-4 mb-2 bottom-0\">\n                            Lesen Sie das Rezept                        <\/a>\n                    <\/div>-->\n                <\/div>\n\n            \n                <div class=\"vc_col-md-6 vc_col-sm-12 mb-3 recepies--min-height\">\n                    <a href=\"https:\/\/sandrovanini.ch\/de\/rezepte\/amarenata-schokoladenmousse\/\" class=\"img-archive-loop--background\" style=\"background-image: url(https:\/\/sandrovanini.ch\/vaniniwpsite\/wp-content\/uploads\/Mousse-di-cioccolato-con-Amarenata.jpg)\"><\/a>\n                    <a href=\"https:\/\/sandrovanini.ch\/de\/rezepte\/amarenata-schokoladenmousse\/\"><h3 class=\"font-family-poppins font-size--22 text-weight-bold text-blue text-transform-none line-height-1-5  mt-3 mb-1\">\n                            Schokoladenmousse<\/h3><\/a>\n                                            <a href=\"https:\/\/sandrovanini.ch\/de\/rezepte\/amarenata-schokoladenmousse\/\" class=\"font-family-poppins font-size--16 text-weight-bold text-red line-height-1-5 mt-0 mb-3\">\n                            mit Amarenata<\/a>\n                    \n                    <!--<div class=\"d-flex justify-content-center\">\n                        <a href=\"https:\/\/sandrovanini.ch\/de\/rezepte\/amarenata-schokoladenmousse\/\" class=\"qbutton medium center default button-radius mt-4 mb-2 bottom-0\">\n                            Lesen Sie das Rezept                        <\/a>\n                    <\/div>-->\n                <\/div>\n\n                    <\/div>\n            <\/div>\n    <\/span><\/p>\n<p>[\/vc_column_text][\/vc_column][\/vc_row]<\/p>\n<\/div>","protected":false},"excerpt":{"rendered":"<p>[vc_row css_animation=&#8220;&#8220; row_type=&#8220;row&#8220; use_row_as_full_screen_section=&#8220;no&#8220; type=&#8220;full_width&#8220; angled_section=&#8220;no&#8220; text_align=&#8220;left&#8220; background_image_as_pattern=&#8220;without_pattern&#8220; css=&#8220;.vc_custom_1659100638623{padding-top: 140px !important;padding-bottom: 140px !important;background-image: url(https:\/\/sandrovanini.ch\/vaniniwpsite\/wp-content\/uploads\/Fruit-specialties-Specialites-de-fruits-Fruchtspezialitaten-specialita-di-frutta-sandro-vanini.jpg?id=6211) !important;background-position: center !important;background-repeat: no-repeat !important;background-size: cover !important;}&#8220; z_index=&#8220;&#8220;][vc_column][\/vc_column][\/vc_row][vc_row css_animation=&#8220;&#8220;&#8230;<\/p>\n","protected":false},"author":2,"featured_media":0,"parent":810,"menu_order":0,"comment_status":"closed","ping_status":"closed","template":"full_width.php","meta":{"_acf_changed":false,"footnotes":""},"class_list":["post-4068","page","type-page","status-publish","hentry"],"acf":[],"yoast_head":"<!-- This site is optimized with the Yoast SEO plugin v27.3 - https:\/\/yoast.com\/product\/yoast-seo-wordpress\/ -->\n<title>Fruchtspezialit\u00e4ten - Sandro Vanini SA<\/title>\n<meta name=\"robots\" content=\"index, follow, max-snippet:-1, max-image-preview:large, max-video-preview:-1\" \/>\n<link rel=\"canonical\" href=\"https:\/\/sandrovanini.ch\/de\/produkte\/fruchtspezialitaeten\/\" \/>\n<meta property=\"og:locale\" content=\"de_DE\" \/>\n<meta property=\"og:type\" content=\"article\" \/>\n<meta property=\"og:title\" content=\"Fruchtspezialit\u00e4ten - Sandro Vanini SA\" \/>\n<meta property=\"og:description\" content=\"[vc_row css_animation=&#8220;&#8220; row_type=&#8220;row&#8220; use_row_as_full_screen_section=&#8220;no&#8220; type=&#8220;full_width&#8220; angled_section=&#8220;no&#8220; text_align=&#8220;left&#8220; background_image_as_pattern=&#8220;without_pattern&#8220; css=&#8220;.vc_custom_1659100638623{padding-top: 140px !important;padding-bottom: 140px !important;background-image: url(https:\/\/sandrovanini.ch\/vaniniwpsite\/wp-content\/uploads\/Fruit-specialties-Specialites-de-fruits-Fruchtspezialitaten-specialita-di-frutta-sandro-vanini.jpg?id=6211) !important;background-position: center !important;background-repeat: no-repeat !important;background-size: cover !important;}&#8220; z_index=&#8220;&#8220;][vc_column][\/vc_column][\/vc_row][vc_row css_animation=&#8220;&#8220;...\" \/>\n<meta property=\"og:url\" content=\"https:\/\/sandrovanini.ch\/de\/produkte\/fruchtspezialitaeten\/\" \/>\n<meta property=\"og:site_name\" content=\"Sandro Vanini SA\" \/>\n<meta property=\"article:modified_time\" content=\"2022-07-29T13:17:23+00:00\" \/>\n<meta name=\"twitter:card\" content=\"summary_large_image\" \/>\n<meta name=\"twitter:label1\" content=\"Gesch\u00e4tzte Lesezeit\" \/>\n\t<meta name=\"twitter:data1\" content=\"1\u00a0Minute\" \/>\n<script type=\"application\/ld+json\" class=\"yoast-schema-graph\">{\"@context\":\"https:\\\/\\\/schema.org\",\"@graph\":[{\"@type\":\"WebPage\",\"@id\":\"https:\\\/\\\/sandrovanini.ch\\\/de\\\/produkte\\\/fruchtspezialitaeten\\\/\",\"url\":\"https:\\\/\\\/sandrovanini.ch\\\/de\\\/produkte\\\/fruchtspezialitaeten\\\/\",\"name\":\"Fruchtspezialit\u00e4ten - Sandro Vanini SA\",\"isPartOf\":{\"@id\":\"https:\\\/\\\/sandrovanini.ch\\\/#website\"},\"datePublished\":\"2021-09-08T16:27:00+00:00\",\"dateModified\":\"2022-07-29T13:17:23+00:00\",\"breadcrumb\":{\"@id\":\"https:\\\/\\\/sandrovanini.ch\\\/de\\\/produkte\\\/fruchtspezialitaeten\\\/#breadcrumb\"},\"inLanguage\":\"de\",\"potentialAction\":[{\"@type\":\"ReadAction\",\"target\":[\"https:\\\/\\\/sandrovanini.ch\\\/de\\\/produkte\\\/fruchtspezialitaeten\\\/\"]}]},{\"@type\":\"BreadcrumbList\",\"@id\":\"https:\\\/\\\/sandrovanini.ch\\\/de\\\/produkte\\\/fruchtspezialitaeten\\\/#breadcrumb\",\"itemListElement\":[{\"@type\":\"ListItem\",\"position\":1,\"name\":\"Home\",\"item\":\"https:\\\/\\\/sandrovanini.ch\\\/de\\\/\"},{\"@type\":\"ListItem\",\"position\":2,\"name\":\"Alle Produkte\",\"item\":\"https:\\\/\\\/sandrovanini.ch\\\/de\\\/produkte\\\/\"},{\"@type\":\"ListItem\",\"position\":3,\"name\":\"Fruchtspezialit\u00e4ten\"}]},{\"@type\":\"WebSite\",\"@id\":\"https:\\\/\\\/sandrovanini.ch\\\/#website\",\"url\":\"https:\\\/\\\/sandrovanini.ch\\\/\",\"name\":\"Sandro Vanini SA\",\"description\":\"Delizie da vivere\",\"publisher\":{\"@id\":\"https:\\\/\\\/sandrovanini.ch\\\/#organization\"},\"potentialAction\":[{\"@type\":\"SearchAction\",\"target\":{\"@type\":\"EntryPoint\",\"urlTemplate\":\"https:\\\/\\\/sandrovanini.ch\\\/?s={search_term_string}\"},\"query-input\":{\"@type\":\"PropertyValueSpecification\",\"valueRequired\":true,\"valueName\":\"search_term_string\"}}],\"inLanguage\":\"de\"},{\"@type\":\"Organization\",\"@id\":\"https:\\\/\\\/sandrovanini.ch\\\/#organization\",\"name\":\"Sandro Vanini SA\",\"url\":\"https:\\\/\\\/sandrovanini.ch\\\/\",\"logo\":{\"@type\":\"ImageObject\",\"inLanguage\":\"de\",\"@id\":\"https:\\\/\\\/sandrovanini.ch\\\/#\\\/schema\\\/logo\\\/image\\\/\",\"url\":\"https:\\\/\\\/sandrovanini.ch\\\/vaniniwpsite\\\/wp-content\\\/uploads\\\/SANDRO-VANINI-LOGO-2021.png\",\"contentUrl\":\"https:\\\/\\\/sandrovanini.ch\\\/vaniniwpsite\\\/wp-content\\\/uploads\\\/SANDRO-VANINI-LOGO-2021.png\",\"width\":300,\"height\":129,\"caption\":\"Sandro Vanini SA\"},\"image\":{\"@id\":\"https:\\\/\\\/sandrovanini.ch\\\/#\\\/schema\\\/logo\\\/image\\\/\"}}]}<\/script>\n<!-- \/ Yoast SEO plugin. -->","yoast_head_json":{"title":"Fruchtspezialit\u00e4ten - Sandro Vanini SA","robots":{"index":"index","follow":"follow","max-snippet":"max-snippet:-1","max-image-preview":"max-image-preview:large","max-video-preview":"max-video-preview:-1"},"canonical":"https:\/\/sandrovanini.ch\/de\/produkte\/fruchtspezialitaeten\/","og_locale":"de_DE","og_type":"article","og_title":"Fruchtspezialit\u00e4ten - Sandro Vanini SA","og_description":"[vc_row css_animation=&#8220;&#8220; row_type=&#8220;row&#8220; use_row_as_full_screen_section=&#8220;no&#8220; type=&#8220;full_width&#8220; angled_section=&#8220;no&#8220; text_align=&#8220;left&#8220; background_image_as_pattern=&#8220;without_pattern&#8220; css=&#8220;.vc_custom_1659100638623{padding-top: 140px !important;padding-bottom: 140px !important;background-image: url(https:\/\/sandrovanini.ch\/vaniniwpsite\/wp-content\/uploads\/Fruit-specialties-Specialites-de-fruits-Fruchtspezialitaten-specialita-di-frutta-sandro-vanini.jpg?id=6211) !important;background-position: center !important;background-repeat: no-repeat !important;background-size: cover !important;}&#8220; z_index=&#8220;&#8220;][vc_column][\/vc_column][\/vc_row][vc_row css_animation=&#8220;&#8220;...","og_url":"https:\/\/sandrovanini.ch\/de\/produkte\/fruchtspezialitaeten\/","og_site_name":"Sandro Vanini SA","article_modified_time":"2022-07-29T13:17:23+00:00","twitter_card":"summary_large_image","twitter_misc":{"Gesch\u00e4tzte Lesezeit":"1\u00a0Minute"},"schema":{"@context":"https:\/\/schema.org","@graph":[{"@type":"WebPage","@id":"https:\/\/sandrovanini.ch\/de\/produkte\/fruchtspezialitaeten\/","url":"https:\/\/sandrovanini.ch\/de\/produkte\/fruchtspezialitaeten\/","name":"Fruchtspezialit\u00e4ten - Sandro Vanini SA","isPartOf":{"@id":"https:\/\/sandrovanini.ch\/#website"},"datePublished":"2021-09-08T16:27:00+00:00","dateModified":"2022-07-29T13:17:23+00:00","breadcrumb":{"@id":"https:\/\/sandrovanini.ch\/de\/produkte\/fruchtspezialitaeten\/#breadcrumb"},"inLanguage":"de","potentialAction":[{"@type":"ReadAction","target":["https:\/\/sandrovanini.ch\/de\/produkte\/fruchtspezialitaeten\/"]}]},{"@type":"BreadcrumbList","@id":"https:\/\/sandrovanini.ch\/de\/produkte\/fruchtspezialitaeten\/#breadcrumb","itemListElement":[{"@type":"ListItem","position":1,"name":"Home","item":"https:\/\/sandrovanini.ch\/de\/"},{"@type":"ListItem","position":2,"name":"Alle Produkte","item":"https:\/\/sandrovanini.ch\/de\/produkte\/"},{"@type":"ListItem","position":3,"name":"Fruchtspezialit\u00e4ten"}]},{"@type":"WebSite","@id":"https:\/\/sandrovanini.ch\/#website","url":"https:\/\/sandrovanini.ch\/","name":"Sandro Vanini SA","description":"Delizie da vivere","publisher":{"@id":"https:\/\/sandrovanini.ch\/#organization"},"potentialAction":[{"@type":"SearchAction","target":{"@type":"EntryPoint","urlTemplate":"https:\/\/sandrovanini.ch\/?s={search_term_string}"},"query-input":{"@type":"PropertyValueSpecification","valueRequired":true,"valueName":"search_term_string"}}],"inLanguage":"de"},{"@type":"Organization","@id":"https:\/\/sandrovanini.ch\/#organization","name":"Sandro Vanini SA","url":"https:\/\/sandrovanini.ch\/","logo":{"@type":"ImageObject","inLanguage":"de","@id":"https:\/\/sandrovanini.ch\/#\/schema\/logo\/image\/","url":"https:\/\/sandrovanini.ch\/vaniniwpsite\/wp-content\/uploads\/SANDRO-VANINI-LOGO-2021.png","contentUrl":"https:\/\/sandrovanini.ch\/vaniniwpsite\/wp-content\/uploads\/SANDRO-VANINI-LOGO-2021.png","width":300,"height":129,"caption":"Sandro Vanini SA"},"image":{"@id":"https:\/\/sandrovanini.ch\/#\/schema\/logo\/image\/"}}]}},"_links":{"self":[{"href":"https:\/\/sandrovanini.ch\/de\/wp-json\/wp\/v2\/pages\/4068","targetHints":{"allow":["GET"]}}],"collection":[{"href":"https:\/\/sandrovanini.ch\/de\/wp-json\/wp\/v2\/pages"}],"about":[{"href":"https:\/\/sandrovanini.ch\/de\/wp-json\/wp\/v2\/types\/page"}],"author":[{"embeddable":true,"href":"https:\/\/sandrovanini.ch\/de\/wp-json\/wp\/v2\/users\/2"}],"replies":[{"embeddable":true,"href":"https:\/\/sandrovanini.ch\/de\/wp-json\/wp\/v2\/comments?post=4068"}],"version-history":[{"count":8,"href":"https:\/\/sandrovanini.ch\/de\/wp-json\/wp\/v2\/pages\/4068\/revisions"}],"predecessor-version":[{"id":6215,"href":"https:\/\/sandrovanini.ch\/de\/wp-json\/wp\/v2\/pages\/4068\/revisions\/6215"}],"up":[{"embeddable":true,"href":"https:\/\/sandrovanini.ch\/de\/wp-json\/wp\/v2\/pages\/810"}],"wp:attachment":[{"href":"https:\/\/sandrovanini.ch\/de\/wp-json\/wp\/v2\/media?parent=4068"}],"curies":[{"name":"wp","href":"https:\/\/api.w.org\/{rel}","templated":true}]}}