{"id":3771,"date":"2021-07-02T11:52:28","date_gmt":"2021-07-02T09:52:28","guid":{"rendered":"https:\/\/sandrovanini.ch\/vaniniwpsite\/privacy-policy\/"},"modified":"2022-02-15T15:00:04","modified_gmt":"2022-02-15T14:00:04","slug":"datenschutzbestimmungen","status":"publish","type":"page","link":"https:\/\/sandrovanini.ch\/de\/datenschutzbestimmungen\/","title":{"rendered":"Datenschutzbestimmungen"},"content":{"rendered":"<div class=\"wpb-content-wrapper\"><p>[vc_row css_animation=&#8220;&#8220; row_type=&#8220;row&#8220; use_row_as_full_screen_section=&#8220;no&#8220; type=&#8220;full_width&#8220; angled_section=&#8220;no&#8220; text_align=&#8220;left&#8220; background_image_as_pattern=&#8220;without_pattern&#8220; z_index=&#8220;&#8220;][vc_column][vc_single_image image=&#8220;32&#8243; img_size=&#8220;full&#8220; alignment=&#8220;center&#8220; qode_css_animation=&#8220;&#8220; css=&#8220;.vc_custom_1630050451964{margin-bottom: 64px !important;}&#8220;][vc_column_text]<\/p>\n<h1>Datenschutzbestimmungen<\/h1>\n<p>[\/vc_column_text][vc_empty_space height=&#8220;20px&#8220;][vc_column_text]Sandro Vanini SA (nachstehend \u201eSandro Vanini\u201c) ist ein f\u00fchrendes Unternehmen in der Herstellung von kundenspezifischen Produkten in der Lebensmittelbranche und von Obstdelikatessen f\u00fcr den Kanton Tessin.<\/p>\n<p>Die Verarbeitung von personenbezogenen Daten durch Vanini erfolgt gem\u00e4\u00df dem schweizerischen Bundesgesetz \u00fcber den Datenschutz (DSG), den Grunds\u00e4tzen der Richtigkeit, der Rechtm\u00e4\u00dfigkeit, der Transparenz, der Zweckbeschr\u00e4nkung und der Speicherung, der Minimierung und der Genauigkeit sowie gem\u00e4\u00df dem Schutz der Integrit\u00e4t und der Geheimhaltung. Sobald Sie unsere Website www.sandrovanini.ch besuchen und diese nutzen, akzeptieren Sie die in dieser Datenschutzerkl\u00e4rung und in den Allgemeinen Gesch\u00e4ftsbedingungen, die im entsprechenden Abschnitt dieser Website ver\u00f6ffentlicht wurden, beschriebenen Verfahrensweisen und stimmen diesen zu.<\/p>\n<p>Sandro Vanini weist den Nutzer darauf hin, dass das Unternehmen keine personenbezogenen Daten von Personen sammelt die noch nicht achtzehn (18) Jahre alt sind. Wenn Nutzer unter achtzehn (18) Jahre alt sind, verlangt Sandro Vanini, dass Sie einen Elternteil oder Erziehungsberechtigten \u00fcber diese Datenschutzrichtlinie und die oben genannten allgemeinen Gesch\u00e4ftsbedingungen informieren, da Sandro Vanini vor der Verarbeitung einer Bestellung, die Zustimmung und Akzeptanz der Datenschutzrichtlinie und der allgemeinen Gesch\u00e4ftsbedingungen von den Eltern bzw. Erziehungsberechtigten ben\u00f6tigt.<\/p>\n<p>&nbsp;<\/p>\n<h2><strong>1\u00a0\u00a0\u00a0\u00a0\u00a0 <\/strong><strong>Der Verarbeitungsverantwortliche<\/strong><\/h2>\n<p>Der Verarbeitungsverantwortliche ist Sandro Vanini SA.<\/p>\n<p>Falls Sie weitere Informationen \u00fcber die Verarbeitung Ihrer personenbezogenen Daten erhalten oder Ihre Rechte aus\u00fcben m\u00f6chten, k\u00f6nnen Sie Kontakt mit uns aufnehmen:<\/p>\n<table>\n<tbody>\n<tr>\n<td style=\"text-align: left;\" width=\"246\">durch Schreiben an:<\/td>\n<td style=\"text-align: left;\" width=\"406\"><em>Sandro Vanini SA<\/em><em><br \/>\n<\/em><em>Via Vignascia 21<\/em><em>6802 &#8211; Rivera<br \/>\nSchweiz<\/em><\/td>\n<\/tr>\n<tr>\n<td style=\"text-align: left;\" width=\"246\">durch Schreiben einer E-Mail an:<\/td>\n<td style=\"text-align: left;\" width=\"406\">vanini@sandrovanini.ch<\/td>\n<\/tr>\n<\/tbody>\n<\/table>\n<p>&nbsp;<\/p>\n<h2><strong>2\u00a0\u00a0\u00a0\u00a0\u00a0 <\/strong><strong>Was sind personenbezogene Daten und was ist die Verarbeitung davon?<\/strong><\/h2>\n<p><u>Personenbezogene Daten <\/u>sind Informationen, mit denen eine nat\u00fcrliche Person direkt oder indirekt identifiziert werden kann. Diese Informationen k\u00f6nnen Aufschluss \u00fcber die Eigenschaften, Gewohnheiten, pers\u00f6nlichen Beziehungen usw. dieser Person geben. Als personenbezogene Daten gelten u.a., aber nicht ausschlie\u00dflich, der Vorname, der Nachname, die Adresse oder andere Kontaktdaten, die Identifikationsnummer oder eine Online-ID.<\/p>\n<p>Unter <u>Verarbeitung <\/u>versteht sich jeder Vorgang, der mit oder ohne Hilfe automatisierter Verfahren ausgef\u00fchrt wird, der personenbezogene Daten betrifft. Als Verarbeitung gelten u.a., aber nicht ausschlie\u00dflich, das Erfassen, Registrieren, Organisieren, Speichern, \u00c4ndern, L\u00f6schen oder Vernichten von Daten und die Einsichtnahme in diese Daten.<\/p>\n<p>&nbsp;<\/p>\n<h2><strong>3\u00a0\u00a0\u00a0\u00a0\u00a0 <\/strong><strong>Welche personenbezogenen Daten werden verarbeitet?<\/strong><\/h2>\n<p>Wir weisen den Nutzer darauf hin, dass die folgenden personenbezogenen Daten verarbeitet werden:<\/p>\n<ol>\n<li>Navigationsdaten<br \/>\nDie Computersysteme und Softwareverfahren, die f\u00fcr den Betrieb dieser Website verwendet werden, erfassen w\u00e4hrend ihrer normalen Durchf\u00fchrung einige personenbezogene Daten, deren \u00dcbermittlung durch die Verwendung von Internet-Kommunikationsprotokollen ausgef\u00fchrt wird. Diese Daten werden nicht erfasst mit dem Ziel, um mit identifizierten Interessenten in Verbindung gebracht zu werden, sondern k\u00f6nnten aufgrund ihrer Beschaffenheit durch die Verarbeitung und Verkn\u00fcpfung mit Daten im Besitz von Dritten die Identifizierung von Nutzern erm\u00f6glichen. Zu dieser Datenkategorie geh\u00f6ren z.B. die IP-Adressen oder die Dom\u00e4nennamen der von den Nutzern verwendeten Computer, die URI-Adressen (Uniform Resource Identifier) der angeforderten Mittel, die Uhrzeit der Anfrage, die Methode, die zur \u00dcbermittlung der Anfrage an den Server verwendet wurde, die Gr\u00f6\u00dfe der erhaltenen Datei, der Zahlencode, der den Status der vom Server gegebenen Antwort angibt (erfolgreich, Fehler usw.), sowie andere Parameter, die sich auf das Betriebssystem und die Computerumgebung des Nutzers beziehen. Diese Daten werden ausschlie\u00dflich mit dem Ziel verwendet, anonyme statistische Informationen \u00fcber die Nutzung der Website zu erhalten, um das ordnungsgem\u00e4\u00dfe Funktionieren der Website zu \u00fcberpr\u00fcfen, Anomalien und\/oder Missbr\u00e4uche festzustellen, und werden nach der Verarbeitung sofort gel\u00f6scht. Die Daten k\u00f6nnten verwendet werden, um die Verantwortlichkeit im Falle hypothetischer Cyberkriminalit\u00e4t gegen\u00fcber dem Eigent\u00fcmer oder Dritten festzustellen.<\/li>\n<li>Social Plug-in<br \/>\nWir erheben personenbezogene Daten aus sozialen Netzwerken von Drittanbietern \u00fcber sogenannte Social Plug-ins (wie die \u201eLike\u201c-Funktion auf Facebook, die \u201eFolgen\u201c-Funktion auf Instagram oder die \u201eTeilen\u201c-Funktion auf YouTube). Der Zweck der Datenerhebung durch Sandro Vanini ist es, dem Nutzer zu erm\u00f6glichen, die Inhalte von Vanini auf seinen eigenen sozialen Medien zu teilen. Die weitere Verarbeitung und Nutzung der Daten durch diese Anbieter sowie die Rechte und Einstellungsm\u00f6glichkeiten zum Datenschutz des Nutzers finden Sie in den Informationen zur Verarbeitung personenbezogener Daten, die von den jeweiligen Anbietern selbst auf ihren Websites zur Verf\u00fcgung gestellt werden.<\/li>\n<li>Daten, die \u00fcber ein Formular \u00fcbermittelt werden<br \/>\nDie Daten des Nutzers werden vom Verarbeitungsverantwortlichen erhoben, wenn dieser ein Formular (nachstehend \u201eFormular\u201c genannt) ausgef\u00fcllt. Das Formular erfordert die Eingabe personenbezogener Daten, wie beispielsweise den Namen, Vornamen, die Adresse, Telefonnummer, E-Mailadresse, den IBAN usw.<\/li>\n<li>Freiwillig vom Nutzer bereitgestellte Daten<br \/>\nDie wahlweise, ausdr\u00fcckliche und freiwillige Zusendung von E-Mails an die Adressen, die daf\u00fcr auf der Website bereitgestellt werden, hat zur Folge, dass die Adresse des Absenders, die f\u00fcr die Beantwortung von Anfragen erforderlich ist, sowie alle anderen in der Nachricht enthaltenen personenbezogenen Daten erfasst werden.<\/li>\n<li>Informationen im Zusammenhang mit Bewerbungen, wie Lebenslauf und Referenzen, die \u00fcber E-Mail gesendet werden.<\/li>\n<\/ol>\n<p>&nbsp;<\/p>\n<h2><strong>4\u00a0\u00a0\u00a0\u00a0\u00a0 <\/strong><strong>Zweck der Verarbeitung<\/strong><\/h2>\n<p>Die personenbezogenen Daten des Nutzers werden zu den folgenden Zwecken verarbeitet:<\/p>\n<p>&nbsp;<\/p>\n<ul>\n<li>Zur Beantwortung einer Informationsanfrage durch den Nutzer;<\/li>\n<li>Um die Kaufanfrage des Nutzers auszuf\u00fchren, die Online-Bestellung zu bearbeiten und die damit verbundenen buchhalterischen und steuerlichen T\u00e4tigkeiten durchzuf\u00fchren;<\/li>\n<li>Zur Verwaltung der Korrespondenz und der Kommunikation mit dem Nutzer in Bezug auf Dienstleistungen;<\/li>\n<li>Zur Bearbeitung und Lieferung der Bestellungen des Nutzers;<\/li>\n<li>Um bestimmte Dienste zu abonnieren, wie beispielsweise den Newsletter von Sandro Vanini;<\/li>\n<li>Nachkommen der Verpflichtungen, die sich aus dem Gesetz oder einer Verordnung ergeben, und Erf\u00fcllung von Anfragen der zust\u00e4ndigen Beh\u00f6rde;<\/li>\n<li>Statistische Studien (daf\u00fcr werden die Daten anonymisiert);<\/li>\n<li>Auf der Grundlage der geltenden Gesetzgebung kann Sandro Vanini die E-Mail-Daten verwenden, die beim Kauf eines unserer Dienste angegeben wurde, um dem Nutzer \u00e4hnliche Dienste und Leistungen wie die bereits durch ihn erworbenen vorzuschlagen. Wenn der Nutzer jedoch nicht w\u00fcnscht, solche Mitteilungen zu erhalten, kann er Sandro Vanini jederzeit dar\u00fcber informieren, indem er auf den in den erhaltenen E-Mail-Mitteilungen enthaltenen Link klickt. In diesem Fall wird Sandro Vanini die genannte T\u00e4tigkeit sofort<\/li>\n<\/ul>\n<p>&nbsp;<\/p>\n<h2><strong>5\u00a0\u00a0\u00a0\u00a0\u00a0 <\/strong><strong>Rechtsgrundlage f\u00fcr die Verarbeitung der Daten des Nutzers<\/strong><\/h2>\n<p>Jede Verarbeitung kann durch eine der folgenden Rechtsgrundlagen gerechtfertigt werden:<\/p>\n<ul>\n<li>Die Datenverarbeitung ist erforderlich, um den Vertrag zwischen den Parteien zu erf\u00fcllen. In diesem Fall ist die Angabe der personenbezogenen Daten fakultativ, aber deren Nichtbereitstellung macht den Vertragsabschluss und die Erbringung der gew\u00fcnschten Dienstleistung unm\u00f6glich;<\/li>\n<li>Die Verarbeitung ist zur Erf\u00fcllung einer rechtlichen Verpflichtung erforderlich. In diesem Fall ist die Bereitstellung der Daten obligatorisch, und die Nichtbereitstellung dieser Daten macht den Vertragsabschluss und die Erbringung der gew\u00fcnschten Dienstleistung unm\u00f6glich;<\/li>\n<li>Die Verarbeitung ist zur Verfolgung der berechtigten Interessen des Verarbeitungsverantwortlichen erforderlich, sofern die Interessen oder Grundrechte und -freiheiten des Nutzers, die den Schutz personenbezogener Daten erfordern, nicht Vorrang haben. In diesem Fall ist die Bereitstellung der Daten freiwillig.<\/li>\n<\/ul>\n<p>Die \u00dcbermittlung der personenbezogenen Daten an Sandro Vanini auf Anfrage (beispielsweise \u00fcber Online-Formulare) kann f\u00fcr die Erreichung des Zwecks der gesendeten Mitteilung unerl\u00e4sslich sein. Das Vers\u00e4umnis oder die Weigerung, die angeforderten Informationen korrekt zu \u00fcbermitteln, macht die Bearbeitung der Anfrage unm\u00f6glich und in diesem Fall kann Sandro Vanini die Anfrage des Nutzers nicht bearbeiten.<\/p>\n<p>Die Bereitstellung weiterer Daten an Sandro Vanini, zus\u00e4tzlich zu den obligatorischen, ist fakultativ und hat keine Auswirkungen auf die Hauptzwecke der Verarbeitung personenbezogener Daten, die in dieser Datenschutzerkl\u00e4rung angegeben sind.<\/p>\n<h2><strong>6\u00a0\u00a0\u00a0\u00a0\u00a0 <\/strong><strong>An wen die Daten \u00fcbertragen werden d\u00fcrfen<\/strong><\/h2>\n<p>Im Zusammenhang mit der T\u00e4tigkeit von Vanini und zu den oben genannten Zwecken k\u00f6nnen die personenbezogenen Daten des Nutzers \u00fcbertragen werden an:<\/p>\n<ul>\n<li>Ordnungsgem\u00e4\u00df hinzugezogene Datenverarbeiter, die im Auftrag des Verarbeitungsverantwortlichen und nach dessen Anweisungen bestimmte Verarbeitungs- oder Hilfsdienste anbieten (z. B. Webhosting, Systemverwalter);<\/li>\n<li>Autonome Verarbeitungsverantwortliche, denen die Daten aufgrund gesetzlicher Bestimmungen oder beh\u00f6rdlicher Anordnungen \u00fcbertragen werden k\u00f6nnen, z. B. zur Ausf\u00fchrung von Zahlungen (Banken), zur Wahrnehmung der Rechte des Verarbeitungsverantwortlichen (Anwaltskanzlei) usw.<\/li>\n<li>Personen, die vom Verarbeitungsverantwortlichen zur Verarbeitung personenbezogener Daten erm\u00e4chtigt wurden, die f\u00fcr die Durchf\u00fchrung von T\u00e4tigkeiten erforderlich sind, die in engem Zusammenhang mit der Erbringung von Dienstleistungen stehen, und die eine entsprechende gesetzliche und vertragliche Verpflichtung zur Geheimhaltung akzeptiert haben (z. B. Angestellte und\/oder Mitarbeiter des Verarbeitungsverantwortlichen).<\/li>\n<\/ul>\n<p>Wir verkaufen Ihre personenbezogenen Daten nicht und geben sie auch nicht an Dritte weiter.<\/p>\n<p>&nbsp;<\/p>\n<h2><strong>7\u00a0\u00a0\u00a0\u00a0\u00a0 <\/strong><strong>Wo die Daten gespeichert werden<\/strong><\/h2>\n<p>Alle personenbezogenen Daten werden in elektronischer Form auf Servern in der Schweiz gespeichert.<\/p>\n<p>Falls erforderlich, kann der Verarbeitungsverantwortliche die Daten auch ins Ausland \u00fcbertragen. In diesem Fall garantiert dieser, dass die Daten gem\u00e4\u00df den geltenden Rechtsvorschriften \u00fcbertragen werden.<\/p>\n<p>&nbsp;<\/p>\n<h2><strong>8\u00a0\u00a0\u00a0\u00a0\u00a0 <\/strong><strong>Wie lange werden die Daten gespeichert?<\/strong><\/h2>\n<p>In \u00dcbereinstimmung mit den Grunds\u00e4tzen der Rechtm\u00e4\u00dfigkeit, der Zweckbeschr\u00e4nkung und der Datenminimierung wird die Dauer der Speicherung der personenbezogenen Daten des Nutzers f\u00fcr einen bestimmten Zeitraum festgelegt, der f\u00fcr die Erbringung der angeforderten Dienstleistungen erforderlich ist, und der in \u00dcbereinstimmung mit den geltenden Vorschriften zur Speicherung von Steuer-, Finanz- und Vertragsunterlagen ist.<\/p>\n<p>Personenbezogene Daten, die sich auf den Versand des Newsletters von Sandro Vanini beziehen, werden so lange gespeichert, bis die Einwilligung widerrufen oder der Verarbeitung f\u00fcr diese Zwecke widersprochen wird.<\/p>\n<p>&nbsp;<\/p>\n<h2><strong>9\u00a0\u00a0\u00a0\u00a0\u00a0 <\/strong><strong>Was sind die Rechte des Nutzers?<\/strong><\/h2>\n<p>Der Nutzer kann jederzeit eine Best\u00e4tigung dar\u00fcber verlangen, ob betreffende personenbezogene Daten verarbeitet werden oder nicht, und in Bezug darauf hat er die folgenden Rechte:<\/p>\n<ul>\n<li>Zugang zu den Daten zu beantragen, um Informationen \u00fcber die Zwecke der Verarbeitung, die Empf\u00e4nger, an die die Daten weitergegeben werden k\u00f6nnen, die Dauer der Verarbeitung (soweit m\u00f6glich) und die m\u00f6glichen Folgen einer Verarbeitung auf der Grundlage von Profiling zu erhalten;<\/li>\n<li>die Einwilligung jederzeit zu widerrufen, ohne dass die Rechtm\u00e4\u00dfigkeit der Verarbeitung, aufgrund der Einwilligung, die vor dem Widerruf erteilt wurde, beeintr\u00e4chtigt wird;<\/li>\n<li>die Richtigstellung personenbezogener Daten zu verlangen, wenn diese falsch oder unvollst\u00e4ndig sind;<\/li>\n<li>die L\u00f6schung der Daten zu verlangen, wenn sie vom Verarbeitungsverantwortlichen f\u00fcr die Zwecke der vorgesehenen Verarbeitung nicht mehr ben\u00f6tigt werden und im Hinblick auf die Zwecke der Verarbeitung unangemessen sind, wenn der Nutzer seine Einwilligung widerrufen hat oder wenn die Daten unrechtm\u00e4\u00dfig verarbeitet wurden;<\/li>\n<li>die Einschr\u00e4nkung der Datenverarbeitung in den gesetzlich vorgesehenen F\u00e4llen zu verlangen;<\/li>\n<li>die \u00dcbertragung der Daten an einen anderen Verarbeitungsverantwortlichen in einem g\u00e4ngigen und maschinenlesbaren Format zu beantragen, ohne Hindernisse aufseiten des derzeitig Verarbeitungsverantwortlichen;<\/li>\n<li>gegen die Datenverarbeitung Widerspruch einzulegen. Insbesondere hat der Nutzer das Recht, gegen Entscheidungen, die ihn betreffen, Widerspruch einzulegen, wenn diese ausschlie\u00dflich auf einer automatisierten Verarbeitung seiner Daten, einschlie\u00dflich Profiling, beruhen;<\/li>\n<li>eine Beschwerde bei der zust\u00e4ndigen Beh\u00f6rde einzureichen, wenn der Nutzer der Ansicht ist, dass die Verarbeitungen, die ihn betreffen, gegen die geltenden Datenschutzvorschriften versto\u00dfen.<\/li>\n<\/ul>\n<p>Um diese Rechte auszu\u00fcben, k\u00f6nnen Sie die in Absatz 1 genannten Kontaktdaten verwenden oder die Website des Eidgen\u00f6ssischen Datenschutz- und \u00d6ffentlichkeitsbeauftragten <a href=\"http:\/\/www.edoeb.admin.ch\">http:\/\/www.edoeb.admin.ch <\/a>besuchen.<\/p>\n<p>&nbsp;<\/p>\n<h2><strong>10\u00a0\u00a0 <\/strong><strong>Automatisierte Entscheidungsfindung<\/strong><\/h2>\n<p>Der Nutzer ist nicht betroffen von Entscheidungen, die auf einer automatisierten Verarbeitung beruhen.<\/p>\n<p>&nbsp;<\/p>\n<h2><strong>11\u00a0\u00a0 <\/strong><strong>\u00c4nderungen<\/strong><\/h2>\n<p>Sandro Vanini beh\u00e4lt sich das Recht vor, den Inhalt dieser Datenschutzerkl\u00e4rung ganz oder teilweise und auch aufgrund von \u00c4nderungen in der geltenden Gesetzgebung, zu \u00e4ndern oder zu aktualisieren. Diese eventuellen \u00c4nderungen sind verbindlich, sobald sie auf der Website und\/oder in der Anwendung ver\u00f6ffentlicht werden. Wenn der Nutzer nach einer solchen Ver\u00f6ffentlichung weiterhin auf den Dienst zugreift oder den Dienst nutzt, wird davon ausgegangen, dass er diese \u00c4nderungen ausdr\u00fccklich akzeptiert hat. Vanini ersucht den Nutzer daher, diesen Abschnitt regelm\u00e4\u00dfig zu besuchen, um die neueste und aktualisierte Version der Datenschutzerkl\u00e4rung einzusehen, damit er in Bezug auf die erfassten Daten und die Verwendung dieser Daten durch Vanini auf dem letzten Stand bleibt.<\/p>\n<p>&nbsp;<\/p>\n<p>&nbsp;<\/p>\n<p style=\"text-align: right;\"><em>Letzte \u00c4nderung: 28.10.2021<\/em><\/p>\n<p>[\/vc_column_text][vc_empty_space height=&#8220;60px&#8220;][\/vc_column][\/vc_row]<\/p>\n<\/div>","protected":false},"excerpt":{"rendered":"<p>[vc_row css_animation=&#8220;&#8220; row_type=&#8220;row&#8220; use_row_as_full_screen_section=&#8220;no&#8220; type=&#8220;full_width&#8220; angled_section=&#8220;no&#8220; text_align=&#8220;left&#8220; background_image_as_pattern=&#8220;without_pattern&#8220; z_index=&#8220;&#8220;][vc_column][vc_single_image image=&#8220;32&#8243; img_size=&#8220;full&#8220; alignment=&#8220;center&#8220; qode_css_animation=&#8220;&#8220; css=&#8220;.vc_custom_1630050451964{margin-bottom: 64px !important;}&#8220;][vc_column_text] Datenschutzbestimmungen [\/vc_column_text][vc_empty_space height=&#8220;20px&#8220;][vc_column_text]Sandro Vanini SA (nachstehend \u201eSandro&#8230;<\/p>\n","protected":false},"author":1,"featured_media":0,"parent":0,"menu_order":0,"comment_status":"closed","ping_status":"open","template":"","meta":{"_acf_changed":false,"footnotes":""},"class_list":["post-3771","page","type-page","status-publish","hentry"],"acf":[],"yoast_head":"<!-- This site is optimized with the Yoast SEO plugin v27.3 - https:\/\/yoast.com\/product\/yoast-seo-wordpress\/ -->\n<title>Datenschutzbestimmungen - Sandro Vanini SA<\/title>\n<meta name=\"robots\" content=\"index, follow, max-snippet:-1, max-image-preview:large, max-video-preview:-1\" \/>\n<link rel=\"canonical\" href=\"https:\/\/sandrovanini.ch\/de\/datenschutzbestimmungen\/\" \/>\n<meta property=\"og:locale\" content=\"de_DE\" \/>\n<meta property=\"og:type\" content=\"article\" \/>\n<meta property=\"og:title\" content=\"Datenschutzbestimmungen - Sandro Vanini SA\" \/>\n<meta property=\"og:description\" content=\"[vc_row css_animation=&#8220;&#8220; row_type=&#8220;row&#8220; use_row_as_full_screen_section=&#8220;no&#8220; type=&#8220;full_width&#8220; angled_section=&#8220;no&#8220; text_align=&#8220;left&#8220; background_image_as_pattern=&#8220;without_pattern&#8220; z_index=&#8220;&#8220;][vc_column][vc_single_image image=&#8220;32&#8243; img_size=&#8220;full&#8220; alignment=&#8220;center&#8220; qode_css_animation=&#8220;&#8220; css=&#8220;.vc_custom_1630050451964{margin-bottom: 64px !important;}&#8220;][vc_column_text] Datenschutzbestimmungen [\/vc_column_text][vc_empty_space height=&#8220;20px&#8220;][vc_column_text]Sandro Vanini SA (nachstehend \u201eSandro...\" \/>\n<meta property=\"og:url\" content=\"https:\/\/sandrovanini.ch\/de\/datenschutzbestimmungen\/\" \/>\n<meta property=\"og:site_name\" content=\"Sandro Vanini SA\" \/>\n<meta property=\"article:modified_time\" content=\"2022-02-15T14:00:04+00:00\" \/>\n<meta name=\"twitter:card\" content=\"summary_large_image\" \/>\n<meta name=\"twitter:label1\" content=\"Gesch\u00e4tzte Lesezeit\" \/>\n\t<meta name=\"twitter:data1\" content=\"8\u00a0Minuten\" \/>\n<script type=\"application\/ld+json\" class=\"yoast-schema-graph\">{\"@context\":\"https:\\\/\\\/schema.org\",\"@graph\":[{\"@type\":\"WebPage\",\"@id\":\"https:\\\/\\\/sandrovanini.ch\\\/de\\\/datenschutzbestimmungen\\\/\",\"url\":\"https:\\\/\\\/sandrovanini.ch\\\/de\\\/datenschutzbestimmungen\\\/\",\"name\":\"Datenschutzbestimmungen - Sandro Vanini SA\",\"isPartOf\":{\"@id\":\"https:\\\/\\\/sandrovanini.ch\\\/#website\"},\"datePublished\":\"2021-07-02T09:52:28+00:00\",\"dateModified\":\"2022-02-15T14:00:04+00:00\",\"breadcrumb\":{\"@id\":\"https:\\\/\\\/sandrovanini.ch\\\/de\\\/datenschutzbestimmungen\\\/#breadcrumb\"},\"inLanguage\":\"de\",\"potentialAction\":[{\"@type\":\"ReadAction\",\"target\":[\"https:\\\/\\\/sandrovanini.ch\\\/de\\\/datenschutzbestimmungen\\\/\"]}]},{\"@type\":\"BreadcrumbList\",\"@id\":\"https:\\\/\\\/sandrovanini.ch\\\/de\\\/datenschutzbestimmungen\\\/#breadcrumb\",\"itemListElement\":[{\"@type\":\"ListItem\",\"position\":1,\"name\":\"Home\",\"item\":\"https:\\\/\\\/sandrovanini.ch\\\/de\\\/\"},{\"@type\":\"ListItem\",\"position\":2,\"name\":\"Datenschutzbestimmungen\"}]},{\"@type\":\"WebSite\",\"@id\":\"https:\\\/\\\/sandrovanini.ch\\\/#website\",\"url\":\"https:\\\/\\\/sandrovanini.ch\\\/\",\"name\":\"Sandro Vanini SA\",\"description\":\"Delizie da vivere\",\"publisher\":{\"@id\":\"https:\\\/\\\/sandrovanini.ch\\\/#organization\"},\"potentialAction\":[{\"@type\":\"SearchAction\",\"target\":{\"@type\":\"EntryPoint\",\"urlTemplate\":\"https:\\\/\\\/sandrovanini.ch\\\/?s={search_term_string}\"},\"query-input\":{\"@type\":\"PropertyValueSpecification\",\"valueRequired\":true,\"valueName\":\"search_term_string\"}}],\"inLanguage\":\"de\"},{\"@type\":\"Organization\",\"@id\":\"https:\\\/\\\/sandrovanini.ch\\\/#organization\",\"name\":\"Sandro Vanini SA\",\"url\":\"https:\\\/\\\/sandrovanini.ch\\\/\",\"logo\":{\"@type\":\"ImageObject\",\"inLanguage\":\"de\",\"@id\":\"https:\\\/\\\/sandrovanini.ch\\\/#\\\/schema\\\/logo\\\/image\\\/\",\"url\":\"https:\\\/\\\/sandrovanini.ch\\\/vaniniwpsite\\\/wp-content\\\/uploads\\\/SANDRO-VANINI-LOGO-2021.png\",\"contentUrl\":\"https:\\\/\\\/sandrovanini.ch\\\/vaniniwpsite\\\/wp-content\\\/uploads\\\/SANDRO-VANINI-LOGO-2021.png\",\"width\":300,\"height\":129,\"caption\":\"Sandro Vanini SA\"},\"image\":{\"@id\":\"https:\\\/\\\/sandrovanini.ch\\\/#\\\/schema\\\/logo\\\/image\\\/\"}}]}<\/script>\n<!-- \/ Yoast SEO plugin. -->","yoast_head_json":{"title":"Datenschutzbestimmungen - Sandro Vanini SA","robots":{"index":"index","follow":"follow","max-snippet":"max-snippet:-1","max-image-preview":"max-image-preview:large","max-video-preview":"max-video-preview:-1"},"canonical":"https:\/\/sandrovanini.ch\/de\/datenschutzbestimmungen\/","og_locale":"de_DE","og_type":"article","og_title":"Datenschutzbestimmungen - Sandro Vanini SA","og_description":"[vc_row css_animation=&#8220;&#8220; row_type=&#8220;row&#8220; use_row_as_full_screen_section=&#8220;no&#8220; type=&#8220;full_width&#8220; angled_section=&#8220;no&#8220; text_align=&#8220;left&#8220; background_image_as_pattern=&#8220;without_pattern&#8220; z_index=&#8220;&#8220;][vc_column][vc_single_image image=&#8220;32&#8243; img_size=&#8220;full&#8220; alignment=&#8220;center&#8220; qode_css_animation=&#8220;&#8220; css=&#8220;.vc_custom_1630050451964{margin-bottom: 64px !important;}&#8220;][vc_column_text] Datenschutzbestimmungen [\/vc_column_text][vc_empty_space height=&#8220;20px&#8220;][vc_column_text]Sandro Vanini SA (nachstehend \u201eSandro...","og_url":"https:\/\/sandrovanini.ch\/de\/datenschutzbestimmungen\/","og_site_name":"Sandro Vanini SA","article_modified_time":"2022-02-15T14:00:04+00:00","twitter_card":"summary_large_image","twitter_misc":{"Gesch\u00e4tzte Lesezeit":"8\u00a0Minuten"},"schema":{"@context":"https:\/\/schema.org","@graph":[{"@type":"WebPage","@id":"https:\/\/sandrovanini.ch\/de\/datenschutzbestimmungen\/","url":"https:\/\/sandrovanini.ch\/de\/datenschutzbestimmungen\/","name":"Datenschutzbestimmungen - Sandro Vanini SA","isPartOf":{"@id":"https:\/\/sandrovanini.ch\/#website"},"datePublished":"2021-07-02T09:52:28+00:00","dateModified":"2022-02-15T14:00:04+00:00","breadcrumb":{"@id":"https:\/\/sandrovanini.ch\/de\/datenschutzbestimmungen\/#breadcrumb"},"inLanguage":"de","potentialAction":[{"@type":"ReadAction","target":["https:\/\/sandrovanini.ch\/de\/datenschutzbestimmungen\/"]}]},{"@type":"BreadcrumbList","@id":"https:\/\/sandrovanini.ch\/de\/datenschutzbestimmungen\/#breadcrumb","itemListElement":[{"@type":"ListItem","position":1,"name":"Home","item":"https:\/\/sandrovanini.ch\/de\/"},{"@type":"ListItem","position":2,"name":"Datenschutzbestimmungen"}]},{"@type":"WebSite","@id":"https:\/\/sandrovanini.ch\/#website","url":"https:\/\/sandrovanini.ch\/","name":"Sandro Vanini SA","description":"Delizie da vivere","publisher":{"@id":"https:\/\/sandrovanini.ch\/#organization"},"potentialAction":[{"@type":"SearchAction","target":{"@type":"EntryPoint","urlTemplate":"https:\/\/sandrovanini.ch\/?s={search_term_string}"},"query-input":{"@type":"PropertyValueSpecification","valueRequired":true,"valueName":"search_term_string"}}],"inLanguage":"de"},{"@type":"Organization","@id":"https:\/\/sandrovanini.ch\/#organization","name":"Sandro Vanini SA","url":"https:\/\/sandrovanini.ch\/","logo":{"@type":"ImageObject","inLanguage":"de","@id":"https:\/\/sandrovanini.ch\/#\/schema\/logo\/image\/","url":"https:\/\/sandrovanini.ch\/vaniniwpsite\/wp-content\/uploads\/SANDRO-VANINI-LOGO-2021.png","contentUrl":"https:\/\/sandrovanini.ch\/vaniniwpsite\/wp-content\/uploads\/SANDRO-VANINI-LOGO-2021.png","width":300,"height":129,"caption":"Sandro Vanini SA"},"image":{"@id":"https:\/\/sandrovanini.ch\/#\/schema\/logo\/image\/"}}]}},"_links":{"self":[{"href":"https:\/\/sandrovanini.ch\/de\/wp-json\/wp\/v2\/pages\/3771","targetHints":{"allow":["GET"]}}],"collection":[{"href":"https:\/\/sandrovanini.ch\/de\/wp-json\/wp\/v2\/pages"}],"about":[{"href":"https:\/\/sandrovanini.ch\/de\/wp-json\/wp\/v2\/types\/page"}],"author":[{"embeddable":true,"href":"https:\/\/sandrovanini.ch\/de\/wp-json\/wp\/v2\/users\/1"}],"replies":[{"embeddable":true,"href":"https:\/\/sandrovanini.ch\/de\/wp-json\/wp\/v2\/comments?post=3771"}],"version-history":[{"count":7,"href":"https:\/\/sandrovanini.ch\/de\/wp-json\/wp\/v2\/pages\/3771\/revisions"}],"predecessor-version":[{"id":5707,"href":"https:\/\/sandrovanini.ch\/de\/wp-json\/wp\/v2\/pages\/3771\/revisions\/5707"}],"wp:attachment":[{"href":"https:\/\/sandrovanini.ch\/de\/wp-json\/wp\/v2\/media?parent=3771"}],"curies":[{"name":"wp","href":"https:\/\/api.w.org\/{rel}","templated":true}]}}