{"id":3706,"date":"2021-08-19T14:12:06","date_gmt":"2021-08-19T12:12:06","guid":{"rendered":"https:\/\/sandrovanini.ch\/vaniniwpsite\/termini-e-condizioni-di-vendita\/"},"modified":"2021-10-21T15:31:19","modified_gmt":"2021-10-21T13:31:19","slug":"allgemeine-verkaufsbedingungen","status":"publish","type":"page","link":"https:\/\/sandrovanini.ch\/de\/allgemeine-verkaufsbedingungen\/","title":{"rendered":"Allgemeine Verkaufsbedingungen"},"content":{"rendered":"<div class=\"wpb-content-wrapper\"><p>[vc_row css_animation=&#8220;&#8220; row_type=&#8220;row&#8220; use_row_as_full_screen_section=&#8220;no&#8220; type=&#8220;full_width&#8220; angled_section=&#8220;no&#8220; text_align=&#8220;left&#8220; background_image_as_pattern=&#8220;without_pattern&#8220; z_index=&#8220;&#8220;][vc_column][vc_single_image image=&#8220;32&#8243; img_size=&#8220;full&#8220; alignment=&#8220;center&#8220; qode_css_animation=&#8220;&#8220; css=&#8220;.vc_custom_1630050451964{margin-bottom: 64px !important;}&#8220;][vc_column_text]<\/p>\n<h1><strong>Allgemeine Verkaufsbedingungen<\/strong><\/h1>\n<p>[\/vc_column_text][vc_empty_space][vc_column_text]<\/p>\n<h2>Vertragsgegenstand<\/h2>\n<p>Die Allgemeinen Gesch\u00e4ftsbedingungen regeln den Abschluss und die Abwicklung von Kaufvertr\u00e4gen \u00fcber Produkte, die im Online-Shop der Sandro Vanini SA, Via Vignascia 21, CH-6802 Rivera (MwSt. Nr: CHE-102.413.589) angeboten werden. Mit Bestellung der Ware gelten diese Bedingungen als angenommen. Allgemeine Einkaufsbedingungen des Kunden werden hiermit widersprochen. Die Produktelieferung erfolgt nur innerhalb der Schweiz.<\/p>\n<p>&nbsp;<\/p>\n<h2>Vertragsabschluss \/ Mindestbestellwert<\/h2>\n<p>Durch das Anklicken des Bestell-Buttons auf dem Online-Shop gibt der Kunde eine verbindliche Bestellung der auf der Bestellseite aufgelisteten Produkte ab. Bestellungen sind f\u00fcr die Sandro Vanini SA erst nach schriftlicher Auftragsbest\u00e4tigung verbindlich. Der Mindestbestellwert betr\u00e4gt CHF 35.-, kostenlose Lieferung f\u00fcr Bestellungen ab CHF 50.- (exklusive Porto, Transport- und Verpackungskosten). F\u00fcr Lieferungen unter CHF 50.- wird der Transport nach Aufwand berechnet, mindestens jedoch CHF 9.- pro Lieferung (Details sind auf der Auftragsbest\u00e4tigung ersichtlich).<\/p>\n<p>F\u00fcr Selbstabholer wird kein Porto berechnet.<\/p>\n<p><strong>\u00a0<\/strong><\/p>\n<h2>Preise<\/h2>\n<p>Massgebend sind die in der Auftragsbest\u00e4tigung genannten Preise.\u00a0Die Preise verstehen sich jeweils inkl. Mehrwertsteuer.\u00a0Die aktuelle Deklaration und das Produkthandling sind der jeweiligen Produktetikette zu entnehmen. Fehler, Produkt-, Sortiments-, Verpackungsanpassungen bleiben vorbehalten.<\/p>\n<p>&nbsp;<\/p>\n<h2>Haftung<\/h2>\n<p>Die Sandro Vanini SA kann keine Gew\u00e4hrleistung daf\u00fcr \u00fcbernehmen, dass die Produkte in jedem Fall einwandfrei beim Empf\u00e4nger ankommen; die Sandro Vanini SA haftet nicht f\u00fcr Fehlleistungen Dritter (Transporteur, Kurier usw.) Weiter \u00fcbernimmt die Sandro Vanini SA keine Haftung bei Unzustellbarkeit oder versp\u00e4teter Auslieferung der Produkte durch falsch angegebenen Lieferadressen, Abwesenheit des Empf\u00e4ngers oder Ereignissen, die auf h\u00f6here Gewalt zur\u00fcckzuf\u00fchren sind.\u00a0Sch\u00e4den, die infolge Nichtbeachtung der Lagerungsvorschriften entstehen, kann die Sandro Vanini SA nicht haftbar gemacht werden.<\/p>\n<p>&nbsp;<\/p>\n<h2>Zahlungsbedingungen<\/h2>\n<p>10 Tage netto ab Rechnungsdatum. Wir behalten uns das Recht vor die Zahlungsbedingungen aufgrund der Ergebnisse der Bonit\u00e4tspr\u00fcfung anzupassen. F\u00fcr versp\u00e4tete Zahlungen behalten wir uns vor, einen Verzugszins von 5 % zu verrechnen. Allf\u00e4llige Mahn- und Inkassospesen werden bei Verzug f\u00e4llig. Gegen\u00fcber Forderungen der Sandro Vanini SA ist die Verrechnung von Gegenanspr\u00fcchen ausgeschlossen. Durch Erteilung einer Bestellung werden die Zahlungsbedingungen ausdr\u00fccklich anerkannt.<\/p>\n<p>&nbsp;<\/p>\n<h2>Copyright<\/h2>\n<p>Die Nutzung s\u00e4mtlicher in der Webseite und Online-Shop enthaltenen Bestandteile (Fotos, Logos, Beschreibungen usw.) sind ohne vorg\u00e4ngige schriftliche Genehmigung der Sandro Vanini SA untersagt.<\/p>\n<p>&nbsp;<\/p>\n<p>&nbsp;<\/p>\n<h2>Gerichtsstand<\/h2>\n<p>Lugano ist der ausschliessliche Gerichtsstand f\u00fcr alle sich aus dem Vertragsverh\u00e4ltnis unmittelbar oder mittelbar ergebenden Streitigkeiten.<\/p>\n<p>Das Rechtsverh\u00e4ltnis untersteht schweizerischem Recht.[\/vc_column_text][vc_empty_space][\/vc_column][\/vc_row]<\/p>\n<\/div>","protected":false},"excerpt":{"rendered":"<p>[vc_row css_animation=&#8220;&#8220; row_type=&#8220;row&#8220; use_row_as_full_screen_section=&#8220;no&#8220; type=&#8220;full_width&#8220; angled_section=&#8220;no&#8220; text_align=&#8220;left&#8220; background_image_as_pattern=&#8220;without_pattern&#8220; z_index=&#8220;&#8220;][vc_column][vc_single_image image=&#8220;32&#8243; img_size=&#8220;full&#8220; alignment=&#8220;center&#8220; qode_css_animation=&#8220;&#8220; css=&#8220;.vc_custom_1630050451964{margin-bottom: 64px !important;}&#8220;][vc_column_text] Allgemeine Verkaufsbedingungen [\/vc_column_text][vc_empty_space][vc_column_text] Vertragsgegenstand Die Allgemeinen Gesch\u00e4ftsbedingungen&#8230;<\/p>\n","protected":false},"author":1,"featured_media":0,"parent":0,"menu_order":0,"comment_status":"closed","ping_status":"closed","template":"","meta":{"_acf_changed":false,"footnotes":""},"class_list":["post-3706","page","type-page","status-publish","hentry"],"acf":[],"yoast_head":"<!-- This site is optimized with the Yoast SEO plugin v27.3 - https:\/\/yoast.com\/product\/yoast-seo-wordpress\/ -->\n<title>Allgemeine Verkaufsbedingungen - Sandro Vanini SA<\/title>\n<meta name=\"robots\" content=\"index, follow, max-snippet:-1, max-image-preview:large, max-video-preview:-1\" \/>\n<link rel=\"canonical\" href=\"https:\/\/sandrovanini.ch\/de\/allgemeine-verkaufsbedingungen\/\" \/>\n<meta property=\"og:locale\" content=\"de_DE\" \/>\n<meta property=\"og:type\" content=\"article\" \/>\n<meta property=\"og:title\" content=\"Allgemeine Verkaufsbedingungen - Sandro Vanini SA\" \/>\n<meta property=\"og:description\" content=\"[vc_row css_animation=&#8220;&#8220; row_type=&#8220;row&#8220; use_row_as_full_screen_section=&#8220;no&#8220; type=&#8220;full_width&#8220; angled_section=&#8220;no&#8220; text_align=&#8220;left&#8220; background_image_as_pattern=&#8220;without_pattern&#8220; z_index=&#8220;&#8220;][vc_column][vc_single_image image=&#8220;32&#8243; img_size=&#8220;full&#8220; alignment=&#8220;center&#8220; qode_css_animation=&#8220;&#8220; css=&#8220;.vc_custom_1630050451964{margin-bottom: 64px !important;}&#8220;][vc_column_text] Allgemeine Verkaufsbedingungen [\/vc_column_text][vc_empty_space][vc_column_text] Vertragsgegenstand Die Allgemeinen Gesch\u00e4ftsbedingungen...\" \/>\n<meta property=\"og:url\" content=\"https:\/\/sandrovanini.ch\/de\/allgemeine-verkaufsbedingungen\/\" \/>\n<meta property=\"og:site_name\" content=\"Sandro Vanini SA\" \/>\n<meta property=\"article:modified_time\" content=\"2021-10-21T13:31:19+00:00\" \/>\n<meta name=\"twitter:card\" content=\"summary_large_image\" \/>\n<meta name=\"twitter:label1\" content=\"Gesch\u00e4tzte Lesezeit\" \/>\n\t<meta name=\"twitter:data1\" content=\"2\u00a0Minuten\" \/>\n<script type=\"application\/ld+json\" class=\"yoast-schema-graph\">{\"@context\":\"https:\\\/\\\/schema.org\",\"@graph\":[{\"@type\":\"WebPage\",\"@id\":\"https:\\\/\\\/sandrovanini.ch\\\/de\\\/allgemeine-verkaufsbedingungen\\\/\",\"url\":\"https:\\\/\\\/sandrovanini.ch\\\/de\\\/allgemeine-verkaufsbedingungen\\\/\",\"name\":\"Allgemeine Verkaufsbedingungen - Sandro Vanini SA\",\"isPartOf\":{\"@id\":\"https:\\\/\\\/sandrovanini.ch\\\/#website\"},\"datePublished\":\"2021-08-19T12:12:06+00:00\",\"dateModified\":\"2021-10-21T13:31:19+00:00\",\"breadcrumb\":{\"@id\":\"https:\\\/\\\/sandrovanini.ch\\\/de\\\/allgemeine-verkaufsbedingungen\\\/#breadcrumb\"},\"inLanguage\":\"de\",\"potentialAction\":[{\"@type\":\"ReadAction\",\"target\":[\"https:\\\/\\\/sandrovanini.ch\\\/de\\\/allgemeine-verkaufsbedingungen\\\/\"]}]},{\"@type\":\"BreadcrumbList\",\"@id\":\"https:\\\/\\\/sandrovanini.ch\\\/de\\\/allgemeine-verkaufsbedingungen\\\/#breadcrumb\",\"itemListElement\":[{\"@type\":\"ListItem\",\"position\":1,\"name\":\"Home\",\"item\":\"https:\\\/\\\/sandrovanini.ch\\\/de\\\/\"},{\"@type\":\"ListItem\",\"position\":2,\"name\":\"Allgemeine Verkaufsbedingungen\"}]},{\"@type\":\"WebSite\",\"@id\":\"https:\\\/\\\/sandrovanini.ch\\\/#website\",\"url\":\"https:\\\/\\\/sandrovanini.ch\\\/\",\"name\":\"Sandro Vanini SA\",\"description\":\"Delizie da vivere\",\"publisher\":{\"@id\":\"https:\\\/\\\/sandrovanini.ch\\\/#organization\"},\"potentialAction\":[{\"@type\":\"SearchAction\",\"target\":{\"@type\":\"EntryPoint\",\"urlTemplate\":\"https:\\\/\\\/sandrovanini.ch\\\/?s={search_term_string}\"},\"query-input\":{\"@type\":\"PropertyValueSpecification\",\"valueRequired\":true,\"valueName\":\"search_term_string\"}}],\"inLanguage\":\"de\"},{\"@type\":\"Organization\",\"@id\":\"https:\\\/\\\/sandrovanini.ch\\\/#organization\",\"name\":\"Sandro Vanini SA\",\"url\":\"https:\\\/\\\/sandrovanini.ch\\\/\",\"logo\":{\"@type\":\"ImageObject\",\"inLanguage\":\"de\",\"@id\":\"https:\\\/\\\/sandrovanini.ch\\\/#\\\/schema\\\/logo\\\/image\\\/\",\"url\":\"https:\\\/\\\/sandrovanini.ch\\\/vaniniwpsite\\\/wp-content\\\/uploads\\\/SANDRO-VANINI-LOGO-2021.png\",\"contentUrl\":\"https:\\\/\\\/sandrovanini.ch\\\/vaniniwpsite\\\/wp-content\\\/uploads\\\/SANDRO-VANINI-LOGO-2021.png\",\"width\":300,\"height\":129,\"caption\":\"Sandro Vanini SA\"},\"image\":{\"@id\":\"https:\\\/\\\/sandrovanini.ch\\\/#\\\/schema\\\/logo\\\/image\\\/\"}}]}<\/script>\n<!-- \/ Yoast SEO plugin. -->","yoast_head_json":{"title":"Allgemeine Verkaufsbedingungen - Sandro Vanini SA","robots":{"index":"index","follow":"follow","max-snippet":"max-snippet:-1","max-image-preview":"max-image-preview:large","max-video-preview":"max-video-preview:-1"},"canonical":"https:\/\/sandrovanini.ch\/de\/allgemeine-verkaufsbedingungen\/","og_locale":"de_DE","og_type":"article","og_title":"Allgemeine Verkaufsbedingungen - Sandro Vanini SA","og_description":"[vc_row css_animation=&#8220;&#8220; row_type=&#8220;row&#8220; use_row_as_full_screen_section=&#8220;no&#8220; type=&#8220;full_width&#8220; angled_section=&#8220;no&#8220; text_align=&#8220;left&#8220; background_image_as_pattern=&#8220;without_pattern&#8220; z_index=&#8220;&#8220;][vc_column][vc_single_image image=&#8220;32&#8243; img_size=&#8220;full&#8220; alignment=&#8220;center&#8220; qode_css_animation=&#8220;&#8220; css=&#8220;.vc_custom_1630050451964{margin-bottom: 64px !important;}&#8220;][vc_column_text] Allgemeine Verkaufsbedingungen [\/vc_column_text][vc_empty_space][vc_column_text] Vertragsgegenstand Die Allgemeinen Gesch\u00e4ftsbedingungen...","og_url":"https:\/\/sandrovanini.ch\/de\/allgemeine-verkaufsbedingungen\/","og_site_name":"Sandro Vanini SA","article_modified_time":"2021-10-21T13:31:19+00:00","twitter_card":"summary_large_image","twitter_misc":{"Gesch\u00e4tzte Lesezeit":"2\u00a0Minuten"},"schema":{"@context":"https:\/\/schema.org","@graph":[{"@type":"WebPage","@id":"https:\/\/sandrovanini.ch\/de\/allgemeine-verkaufsbedingungen\/","url":"https:\/\/sandrovanini.ch\/de\/allgemeine-verkaufsbedingungen\/","name":"Allgemeine Verkaufsbedingungen - Sandro Vanini SA","isPartOf":{"@id":"https:\/\/sandrovanini.ch\/#website"},"datePublished":"2021-08-19T12:12:06+00:00","dateModified":"2021-10-21T13:31:19+00:00","breadcrumb":{"@id":"https:\/\/sandrovanini.ch\/de\/allgemeine-verkaufsbedingungen\/#breadcrumb"},"inLanguage":"de","potentialAction":[{"@type":"ReadAction","target":["https:\/\/sandrovanini.ch\/de\/allgemeine-verkaufsbedingungen\/"]}]},{"@type":"BreadcrumbList","@id":"https:\/\/sandrovanini.ch\/de\/allgemeine-verkaufsbedingungen\/#breadcrumb","itemListElement":[{"@type":"ListItem","position":1,"name":"Home","item":"https:\/\/sandrovanini.ch\/de\/"},{"@type":"ListItem","position":2,"name":"Allgemeine Verkaufsbedingungen"}]},{"@type":"WebSite","@id":"https:\/\/sandrovanini.ch\/#website","url":"https:\/\/sandrovanini.ch\/","name":"Sandro Vanini SA","description":"Delizie da vivere","publisher":{"@id":"https:\/\/sandrovanini.ch\/#organization"},"potentialAction":[{"@type":"SearchAction","target":{"@type":"EntryPoint","urlTemplate":"https:\/\/sandrovanini.ch\/?s={search_term_string}"},"query-input":{"@type":"PropertyValueSpecification","valueRequired":true,"valueName":"search_term_string"}}],"inLanguage":"de"},{"@type":"Organization","@id":"https:\/\/sandrovanini.ch\/#organization","name":"Sandro Vanini SA","url":"https:\/\/sandrovanini.ch\/","logo":{"@type":"ImageObject","inLanguage":"de","@id":"https:\/\/sandrovanini.ch\/#\/schema\/logo\/image\/","url":"https:\/\/sandrovanini.ch\/vaniniwpsite\/wp-content\/uploads\/SANDRO-VANINI-LOGO-2021.png","contentUrl":"https:\/\/sandrovanini.ch\/vaniniwpsite\/wp-content\/uploads\/SANDRO-VANINI-LOGO-2021.png","width":300,"height":129,"caption":"Sandro Vanini SA"},"image":{"@id":"https:\/\/sandrovanini.ch\/#\/schema\/logo\/image\/"}}]}},"_links":{"self":[{"href":"https:\/\/sandrovanini.ch\/de\/wp-json\/wp\/v2\/pages\/3706","targetHints":{"allow":["GET"]}}],"collection":[{"href":"https:\/\/sandrovanini.ch\/de\/wp-json\/wp\/v2\/pages"}],"about":[{"href":"https:\/\/sandrovanini.ch\/de\/wp-json\/wp\/v2\/types\/page"}],"author":[{"embeddable":true,"href":"https:\/\/sandrovanini.ch\/de\/wp-json\/wp\/v2\/users\/1"}],"replies":[{"embeddable":true,"href":"https:\/\/sandrovanini.ch\/de\/wp-json\/wp\/v2\/comments?post=3706"}],"version-history":[{"count":3,"href":"https:\/\/sandrovanini.ch\/de\/wp-json\/wp\/v2\/pages\/3706\/revisions"}],"predecessor-version":[{"id":3756,"href":"https:\/\/sandrovanini.ch\/de\/wp-json\/wp\/v2\/pages\/3706\/revisions\/3756"}],"wp:attachment":[{"href":"https:\/\/sandrovanini.ch\/de\/wp-json\/wp\/v2\/media?parent=3706"}],"curies":[{"name":"wp","href":"https:\/\/api.w.org\/{rel}","templated":true}]}}